{"id":3908,"date":"2026-03-18T13:24:18","date_gmt":"2026-03-18T13:24:18","guid":{"rendered":"https:\/\/www.mkreborns.com\/?post_type=product&#038;p=3908"},"modified":"2026-03-19T15:51:18","modified_gmt":"2026-03-19T15:51:18","slug":"18-inch-reborn-dolls-clothes-for-baby-doll-outfits","status":"publish","type":"product","link":"https:\/\/www.mkreborns.com\/hr\/product\/18-inch-reborn-dolls-clothes-for-baby-doll-outfits\/","title":{"rendered":"Odje\u0107a za Reborn lutke od 45 cm za bebe"},"content":{"rendered":"<h2>Elegantna odje\u0107a za Reborn lutke od 45 cm za svaku prigodu<\/h2>\n<div>Unesite \u0161arm i autenti\u010dnost u svoju kolekciju lutaka s na\u0161om odje\u0107om za reborn lutke od 45 cm. Svaka odje\u0107a je pa\u017eljivo dizajnirana kako bi savr\u0161eno pristajala reborn lutkama, a istovremeno nudi udobnost i realisti\u010dan izgled. Idealna za igru i izlaganje, ova odje\u0107a pretvara svaku lutku u modernog suputnika.<\/div>\n<h3>Detaljni dizajni i udobno pristajanje<\/h3>\n<div>Na\u0161a kolekcija predstavlja odje\u0107u za reborn lutke s pa\u017enjom posve\u0107enom platnenom tijelu reborn lutaka, osiguravaju\u0107i da svaki komad dobro pristaje, a istovremeno isti\u010de realisti\u010dne crte lica. Od razigranih kombinezona do elegantnih haljina, ovi odjevni predmeti pru\u017eaju svestranost i stil, \u010dine\u0107i da se va\u0161a lutka od 45 cm isti\u010de.<\/div>\n<ul>\n<li>To\u010dno odre\u0111ivanje veli\u010dine: Dizajnirano za lutke od 45 cm kako bi se osiguralo savr\u0161eno pristajanje i jednostavno obla\u010denje.<\/li>\n<li>Visokokvalitetne tkanine: Mekani, izdr\u017eljivi materijali pru\u017eaju udobnost i dugotrajnost.<\/li>\n<li>Realisti\u010dni detalji: Zamr\u0161eni \u0161avovi i uzorci odra\u017eavaju autenti\u010dnu dje\u010dju odje\u0107u.<\/li>\n<li>Raznolikost stilova: Uklju\u010duje le\u017eerne, formalne i sezonske odjevne kombinacije za sve prigode.<\/li>\n<li>Pobolj\u0161ani realizam lutke: Prilago\u0111eno kako bi nadopunilo platneno tijelo reborn lutke za realisti\u010dan \u0161arm.<\/li>\n<\/ul>\n<div>Nadogradite svoju garderobu za lutke ovom izvrsnom odje\u0107om za reborn lutke od 45 cm, koja spaja stil, udobnost i autenti\u010dnu privla\u010dnost.<\/div>\n<p style=\"text-align: center;\" align=\"center\"><img decoding=\"async\" src=\"https:\/\/www.mkreborns.com\/wp-content\/uploads\/2026\/03\/kf-S9d31fc2e9fcd434fafe9c0f471411531G.webp\" alt=\"\" title=\"\"><img decoding=\"async\" src=\"https:\/\/www.mkreborns.com\/wp-content\/uploads\/2026\/03\/kf-Sb94cdf6699bc46d3a5df6fd0f3b9305eP.webp\" alt=\"\" title=\"\"><img decoding=\"async\" src=\"https:\/\/www.mkreborns.com\/wp-content\/uploads\/2026\/03\/kf-S2c32be6ab85b4bc298e8b61239d41026x.webp\" alt=\"\" title=\"\"><img decoding=\"async\" src=\"https:\/\/www.mkreborns.com\/wp-content\/uploads\/2026\/03\/kf-S572f25d107b74315a31d1340abf1216fq.webp\" alt=\"\" title=\"\"><img decoding=\"async\" src=\"https:\/\/www.mkreborns.com\/wp-content\/uploads\/2026\/03\/kf-S5255329b890042289e03e8edbc8650fdh.webp\" alt=\"\" title=\"\"><\/p>","protected":false},"excerpt":{"rendered":"<p>Ukrasite svoju reborn lutku od 45 cm elegantnim, mekim i detaljnim odjevnim kombinacijama izra\u0111enim za realisti\u010dnu igru i trajnu eleganciju.<\/p>","protected":false},"featured_media":3909,"comment_status":"open","ping_status":"closed","template":"","meta":[],"product_brand":[],"product_cat":[159,148],"product_tag":[],"class_list":{"0":"post-3908","1":"product","2":"type-product","3":"status-publish","4":"has-post-thumbnail","6":"product_cat-clothes-for-reborn-dolls","7":"product_cat-reborn-doll-accessories","9":"first","10":"instock","11":"sale","12":"shipping-taxable","13":"purchasable","14":"product-type-simple"},"_links":{"self":[{"href":"https:\/\/www.mkreborns.com\/hr\/wp-json\/wp\/v2\/product\/3908","targetHints":{"allow":["GET"]}}],"collection":[{"href":"https:\/\/www.mkreborns.com\/hr\/wp-json\/wp\/v2\/product"}],"about":[{"href":"https:\/\/www.mkreborns.com\/hr\/wp-json\/wp\/v2\/types\/product"}],"replies":[{"embeddable":true,"href":"https:\/\/www.mkreborns.com\/hr\/wp-json\/wp\/v2\/comments?post=3908"}],"wp:featuredmedia":[{"embeddable":true,"href":"https:\/\/www.mkreborns.com\/hr\/wp-json\/wp\/v2\/media\/3909"}],"wp:attachment":[{"href":"https:\/\/www.mkreborns.com\/hr\/wp-json\/wp\/v2\/media?parent=3908"}],"wp:term":[{"taxonomy":"product_brand","embeddable":true,"href":"https:\/\/www.mkreborns.com\/hr\/wp-json\/wp\/v2\/product_brand?post=3908"},{"taxonomy":"product_cat","embeddable":true,"href":"https:\/\/www.mkreborns.com\/hr\/wp-json\/wp\/v2\/product_cat?post=3908"},{"taxonomy":"product_tag","embeddable":true,"href":"https:\/\/www.mkreborns.com\/hr\/wp-json\/wp\/v2\/product_tag?post=3908"}],"curies":[{"name":"radni list","href":"https:\/\/api.w.org\/{rel}","templated":true}]}}