{"id":3890,"date":"2026-03-18T13:08:27","date_gmt":"2026-03-18T13:08:27","guid":{"rendered":"https:\/\/www.mkreborns.com\/?post_type=product&#038;p=3890"},"modified":"2026-03-19T15:52:23","modified_gmt":"2026-03-19T15:52:23","slug":"baby-doll-clothes-17-18-inch-reborn-outfits-for-girls","status":"publish","type":"product","link":"https:\/\/www.mkreborns.com\/hr\/product\/baby-doll-clothes-17-18-inch-reborn-outfits-for-girls\/","title":{"rendered":"Odje\u0107a za lutke za bebe 17 18 in\u010da, Reborn kostimi za djevoj\u010dice"},"content":{"rendered":"<div class=\"detailmodule_html\">\n<div class=\"detail-desc-decorate-richtext\">\n<h2>\u0160armantni stilovi odje\u0107e za lutke Reborn 17 18 in\u010da<\/h2>\n<div>Pobolj\u0161ajte svoju Reborn kolekciju na\u0161om vrhunskom odje\u0107om za lutke Reborn 17 18 in\u010da. Svaka odje\u0107a je pomno dizajnirana kako bi nadopunila odje\u0107u za djevoj\u010dice Reborn lutke, kombiniraju\u0107i udobnost, izdr\u017eljivost i realisti\u010dne detalje. Bilo da se radi o igri ili izlo\u017ebi, ova odje\u0107a nudi savr\u0161eno pristajanje i \u017eivopisne, privla\u010dne dizajne.<\/div>\n<h3>Jedinstveni dizajni i uzorci detalja<\/h3>\n<div>Na\u0161 izbor sadr\u017ei zamr\u0161ene uzorke tkanine za tijelo reborn lutke, \u0161to svakoj lutki omogu\u0107uje da poka\u017ee osobnost i stil. Birajte izme\u0111u haljina, kombinezona i uskla\u0111enih setova prilago\u0111enih za reborn lutke od 45 cm i 46 cm. S mekim tkaninama i realisti\u010dnim zavr\u0161nim obradama, svaka odjevna kombinacija poja\u010dava realisti\u010dan \u0161arm va\u0161e lutke.<\/div>\n<ul>\n<li>Prilago\u0111eno pristajanje: To\u010dno dimenzionirano za reborn lutke od 17-18 in\u010da za bezbri\u017eno obla\u010denje.<\/li>\n<li>Visokokvalitetni materijali: Nje\u017ene, izdr\u017eljive tkanine koje zadr\u017eavaju oblik i boju.<\/li>\n<li>Raznolikost uzorka: Uzorak tijela platna Reborn lutke dodaje individualnost svakoj odjevnoj kombinaciji.<\/li>\n<li>Svestrana garderoba: Uklju\u010duje le\u017eernu odje\u0107u, sve\u010dane haljine i razigrane setove.<\/li>\n<li>Pobolj\u0161ani realizam: Detaljno \u0161ivanje i zavr\u0161na obrada daju autenti\u010dnost svakom komadu.<\/li>\n<\/ul>\n<div>Unesite radost i profinjenost u svaki izlo\u017ebeni prostor lutaka s ovom prekrasno izra\u0111enom odje\u0107om za lutke veli\u010dine 17 18 in\u010da (reborn) koja kombinira stil, udobnost i realisti\u010dnu eleganciju.<\/div>\n<div><\/div>\n<p style=\"text-align: center; margin: 0px;\" align=\"center\"><img decoding=\"async\" src=\"https:\/\/www.mkreborns.com\/wp-content\/uploads\/2026\/03\/kf-Sff4af0a0ce8d4485b7c09410cb094249I.webp\" alt=\"\" title=\"\"><img decoding=\"async\" src=\"https:\/\/www.mkreborns.com\/wp-content\/uploads\/2026\/03\/kf-S10d68fad596841c589219dc0c10319fbZ.webp\" alt=\"\" title=\"\"><img decoding=\"async\" src=\"https:\/\/www.mkreborns.com\/wp-content\/uploads\/2026\/03\/kf-S8dbdfa36fe014c8fa0765011983d82caD.webp\" alt=\"\" title=\"\"><img decoding=\"async\" src=\"https:\/\/www.mkreborns.com\/wp-content\/uploads\/2026\/03\/kf-S920d035ab985467b8517b1483d4f6bbaY.webp\" alt=\"\" title=\"\"><img decoding=\"async\" src=\"https:\/\/www.mkreborns.com\/wp-content\/uploads\/2026\/03\/kf-S4b96cea014a44b709b752532f6113fbfu.webp\" alt=\"\" title=\"\"><img decoding=\"async\" src=\"https:\/\/www.mkreborns.com\/wp-content\/uploads\/2026\/03\/kf-S44c92652455b47b98527b3aa131f6b1eT.webp\" alt=\"\" title=\"\"><img decoding=\"async\" src=\"https:\/\/www.mkreborns.com\/wp-content\/uploads\/2026\/03\/kf-S56de3d76be034bbfb5ae1261f59232a1O.webp\" alt=\"\" title=\"\"><img decoding=\"async\" src=\"https:\/\/www.mkreborns.com\/wp-content\/uploads\/2026\/03\/kf-S0590e45ab54740c38d581d7611ef244cS.webp\" alt=\"\" title=\"\"><img decoding=\"async\" src=\"https:\/\/www.mkreborns.com\/wp-content\/uploads\/2026\/03\/kf-S4d9af2659e454d8b87e97bd159ed9cdfz.webp\" alt=\"\" title=\"\"><img decoding=\"async\" src=\"https:\/\/www.mkreborns.com\/wp-content\/uploads\/2026\/03\/kf-Sb9c38680031e40f6b3db3e4e386af5c5l.webp\" alt=\"\" title=\"\"><\/p>\n<\/div>\n<\/div>","protected":false},"excerpt":{"rendered":"<p>Pretvorite svoju ponovno ro\u0111enu lutku u elegantnu suputnicu s mekom, detaljno izra\u0111enom odje\u0107om dizajniranom za realisti\u010dnu igru i beskrajni \u0161arm.<\/p>","protected":false},"featured_media":3891,"comment_status":"open","ping_status":"closed","template":"","meta":[],"product_brand":[],"product_cat":[159,148],"product_tag":[],"class_list":{"0":"post-3890","1":"product","2":"type-product","3":"status-publish","4":"has-post-thumbnail","6":"product_cat-clothes-for-reborn-dolls","7":"product_cat-reborn-doll-accessories","9":"first","10":"instock","11":"sale","12":"shipping-taxable","13":"purchasable","14":"product-type-variable","15":"has-default-attributes"},"_links":{"self":[{"href":"https:\/\/www.mkreborns.com\/hr\/wp-json\/wp\/v2\/product\/3890","targetHints":{"allow":["GET"]}}],"collection":[{"href":"https:\/\/www.mkreborns.com\/hr\/wp-json\/wp\/v2\/product"}],"about":[{"href":"https:\/\/www.mkreborns.com\/hr\/wp-json\/wp\/v2\/types\/product"}],"replies":[{"embeddable":true,"href":"https:\/\/www.mkreborns.com\/hr\/wp-json\/wp\/v2\/comments?post=3890"}],"wp:featuredmedia":[{"embeddable":true,"href":"https:\/\/www.mkreborns.com\/hr\/wp-json\/wp\/v2\/media\/3891"}],"wp:attachment":[{"href":"https:\/\/www.mkreborns.com\/hr\/wp-json\/wp\/v2\/media?parent=3890"}],"wp:term":[{"taxonomy":"product_brand","embeddable":true,"href":"https:\/\/www.mkreborns.com\/hr\/wp-json\/wp\/v2\/product_brand?post=3890"},{"taxonomy":"product_cat","embeddable":true,"href":"https:\/\/www.mkreborns.com\/hr\/wp-json\/wp\/v2\/product_cat?post=3890"},{"taxonomy":"product_tag","embeddable":true,"href":"https:\/\/www.mkreborns.com\/hr\/wp-json\/wp\/v2\/product_tag?post=3890"}],"curies":[{"name":"radni list","href":"https:\/\/api.w.org\/{rel}","templated":true}]}}