{"id":3868,"date":"2026-03-18T10:01:51","date_gmt":"2026-03-18T10:01:51","guid":{"rendered":"https:\/\/www.mkreborns.com\/?post_type=product&#038;p=3868"},"modified":"2026-03-19T15:52:36","modified_gmt":"2026-03-19T15:52:36","slug":"18-inch-reborn-doll-clothes-for-toddlers-and-girls","status":"publish","type":"product","link":"https:\/\/www.mkreborns.com\/hr\/product\/18-inch-reborn-doll-clothes-for-toddlers-and-girls\/","title":{"rendered":"Odje\u0107a za Reborn lutke od 45 cm za malu djecu i djevoj\u010dice"},"content":{"rendered":"<div class=\"product-specs-list-container\">\n<h2>Elegantne odjevne kombinacije za svaku Reborn lutku od 45 cm<\/h2>\n<div>Neka va\u0161a reborn lutka bude u sredi\u0161tu pozornosti s na\u0161om vrhunskom odje\u0107om za reborn lutke od 45 cm. Dizajnirana da savr\u0161eno pristaje reborn lutkama mali\u0161anima, svaka odje\u0107a uravnote\u017euje realisti\u010dne detalje s mekim, izdr\u017eljivim tkaninama. Od svakodnevnog no\u0161enja do posebnih prigoda, ova odje\u0107a osigurava da va\u0161a lutka uvijek izgleda savr\u0161eno.<\/div>\n<h3>Elegantna raznolikost i dodaci<\/h3>\n<div>Na\u0161a kolekcija uklju\u010duje odje\u0107u i dodatke za reborn silikonske lutke kako bi obogatila garderobu svake lutke. Birajte izme\u0111u jarkih ljubi\u010dastih odjevnih kombinacija za reborn lutke, nje\u017enih haljina za reborn lutke djevoj\u010dice i svestrane odje\u0107e za bebe prikladne za svaku situaciju. Svaki komad je krojen kako bi se omogu\u0107ilo jednostavno odijevanje, a istovremeno zadr\u017eao realisti\u010dan, ru\u010dno izra\u0111en osje\u0107aj.<\/div>\n<ul>\n<li>Premium Fit: Savr\u0161eno dimenzionirano za reborn lutke od 45 cm, osiguravaju\u0107i udobnost i eleganciju.<\/li>\n<li>Visokokvalitetne tkanine: Mekani, izdr\u017eljivi materijali koji opona\u0161aju teksture prave dje\u010dje odje\u0107e.<\/li>\n<li>Svestrani stilovi: Od razigrane le\u017eerne odje\u0107e do sofisticiranih ljubi\u010dastih odjevnih kombinacija.<\/li>\n<li>Mogu\u0107nosti dodatne opreme: Uklju\u010duje odgovaraju\u0107e \u0161e\u0161ire, cipele i deke za potpune ansamble.<\/li>\n<li>Realisti\u010dni detalji: Ru\u010dno dovr\u0161eni \u0161avovi i \u0161armantni ukrasi za realisti\u010dan izgled.<\/li>\n<\/ul>\n<div>Unesite \u0161arm, realizam i zabavu u svoju kolekciju s ovom prekrasno izra\u0111enom odje\u0107om za reborn lutke od 45 cm koja \u0107e uljep\u0161ati svaku avanturu tijekom igre.<\/div>\n<div><\/div>\n<\/div>\n<div class=\"detailmodule_html\">\n<div class=\"detail-desc-decorate-richtext\">\n<p style=\"text-align: center; margin: 0px;\" align=\"center\"><img decoding=\"async\" src=\"https:\/\/www.mkreborns.com\/wp-content\/uploads\/2026\/03\/kf-S7d8ebb1a885d44398f64514886946629E.webp\" alt=\"\" title=\"\"><img decoding=\"async\" src=\"https:\/\/www.mkreborns.com\/wp-content\/uploads\/2026\/03\/kf-S89a1ffaead92487d9a130af90b3d4fc5K.webp\" alt=\"\" title=\"\"><img decoding=\"async\" src=\"https:\/\/www.mkreborns.com\/wp-content\/uploads\/2026\/03\/kf-Sc34b80cf2d3a4c60b3a32babd9f3f5548.webp\" alt=\"\" title=\"\"><img decoding=\"async\" src=\"https:\/\/www.mkreborns.com\/wp-content\/uploads\/2026\/03\/kf-S160a0246ec60450ba40c67d32c0961672.webp\" alt=\"\" title=\"\"><img decoding=\"async\" src=\"https:\/\/www.mkreborns.com\/wp-content\/uploads\/2026\/03\/kf-S4d9f66438f1f42e0b260f4684f54fb0bW.webp\" alt=\"\" title=\"\"><img decoding=\"async\" src=\"https:\/\/ae01.alicdn.com\/kf\/S9f14fbaf63524021b86c7a946d713f30N.jpg\" alt=\"\" title=\"\"><img decoding=\"async\" src=\"https:\/\/ae01.alicdn.com\/kf\/Sf7fd6a137dba47e9aecbf4de66cb87df3.jpg\" alt=\"\" title=\"\"><img decoding=\"async\" src=\"https:\/\/ae01.alicdn.com\/kf\/S06ea55e7d37a45acb579364f3408aa76B.jpg\" alt=\"\" title=\"\"><img decoding=\"async\" src=\"https:\/\/ae01.alicdn.com\/kf\/S81d380c3ee694b8eafebd8a9c2653a1at.jpg\" alt=\"\" title=\"\"><img decoding=\"async\" src=\"https:\/\/ae01.alicdn.com\/kf\/S580e530ac6c84a7a82ce96a246202693U.jpg\" alt=\"\" title=\"\"><img decoding=\"async\" src=\"https:\/\/ae01.alicdn.com\/kf\/S4fce4907e8dd42a7b8679f2512ebba25I.jpg\" alt=\"\" title=\"\"><img decoding=\"async\" src=\"https:\/\/ae01.alicdn.com\/kf\/S0f517424cd3642999a0a881e47972c1du.jpg\" alt=\"\" title=\"\"><img decoding=\"async\" src=\"https:\/\/ae01.alicdn.com\/kf\/Sca06b8ff57b34251853a9fb540f747afw.jpg\" alt=\"\" title=\"\"><img decoding=\"async\" src=\"https:\/\/ae01.alicdn.com\/kf\/Sfd3631ab03ee426692991be15c6afe4ee.jpg\" alt=\"\" title=\"\"><\/p>\n<\/div>\n<\/div>","protected":false},"excerpt":{"rendered":"<p>Odjenite svoju reborn lutku sa stilom u udobne, visokokvalitetne odjevne kombinacije koje kombiniraju \u0161arm i udobnost za sate ma\u0161tovite igre.<\/p>","protected":false},"featured_media":3869,"comment_status":"open","ping_status":"closed","template":"","meta":[],"product_brand":[],"product_cat":[159,148],"product_tag":[],"class_list":{"0":"post-3868","1":"product","2":"type-product","3":"status-publish","4":"has-post-thumbnail","6":"product_cat-clothes-for-reborn-dolls","7":"product_cat-reborn-doll-accessories","9":"first","10":"instock","11":"sale","12":"shipping-taxable","13":"purchasable","14":"product-type-variable","15":"has-default-attributes"},"_links":{"self":[{"href":"https:\/\/www.mkreborns.com\/hr\/wp-json\/wp\/v2\/product\/3868","targetHints":{"allow":["GET"]}}],"collection":[{"href":"https:\/\/www.mkreborns.com\/hr\/wp-json\/wp\/v2\/product"}],"about":[{"href":"https:\/\/www.mkreborns.com\/hr\/wp-json\/wp\/v2\/types\/product"}],"replies":[{"embeddable":true,"href":"https:\/\/www.mkreborns.com\/hr\/wp-json\/wp\/v2\/comments?post=3868"}],"wp:featuredmedia":[{"embeddable":true,"href":"https:\/\/www.mkreborns.com\/hr\/wp-json\/wp\/v2\/media\/3869"}],"wp:attachment":[{"href":"https:\/\/www.mkreborns.com\/hr\/wp-json\/wp\/v2\/media?parent=3868"}],"wp:term":[{"taxonomy":"product_brand","embeddable":true,"href":"https:\/\/www.mkreborns.com\/hr\/wp-json\/wp\/v2\/product_brand?post=3868"},{"taxonomy":"product_cat","embeddable":true,"href":"https:\/\/www.mkreborns.com\/hr\/wp-json\/wp\/v2\/product_cat?post=3868"},{"taxonomy":"product_tag","embeddable":true,"href":"https:\/\/www.mkreborns.com\/hr\/wp-json\/wp\/v2\/product_tag?post=3868"}],"curies":[{"name":"radni list","href":"https:\/\/api.w.org\/{rel}","templated":true}]}}