{"id":3837,"date":"2026-03-09T03:19:58","date_gmt":"2026-03-09T03:19:58","guid":{"rendered":"https:\/\/www.mkreborns.com\/?post_type=product&#038;p=3837"},"modified":"2026-03-18T15:33:57","modified_gmt":"2026-03-18T15:33:57","slug":"shrek-silicone-toy-little-reborn-doll","status":"publish","type":"product","link":"https:\/\/www.mkreborns.com\/hr\/product\/shrek-silicone-toy-little-reborn-doll\/","title":{"rendered":"Shrek silikonska igra\u010dka mala reborn lutka"},"content":{"rendered":"<p>Mala ponovno ro\u0111ena lutka zauvijek \u0107e ostati u onoj dobi kada joj je najpotrebnija briga, zauvijek \u0107e paziti na tebe i svijet tim tihim o\u010dima. Ne\u0107e odrasti, ne\u0107e oti\u0107i, ne\u0107e se promijeniti. Kada ti najvi\u0161e treba utjeha, on \u0107e tiho biti tu, nje\u017eno ti govore\u0107i svojim pravim licem da nisi sam.<\/p>\n<p>Spol: Dje\u010dak<br \/>\nVisina: 30 cm<br \/>\nTe\u017eina: 0,8 kg<br \/>\nTe\u017eina pakiranja: 1,5 kg<br \/>\nDimenzije pakiranja: 36*17*11 cm<\/p>\n<p><img decoding=\"async\" class=\"aligncenter wp-image-3848 size-full\" src=\"https:\/\/www.mkreborns.com\/wp-content\/themes\/woodmart\/images\/lazy.svg\" data-src=\"https:\/\/www.mkreborns.com\/wp-content\/uploads\/2026\/03\/Shrek-reborn-doll11.jpg\" alt=\"\" width=\"1400\" height=\"933\" title=\"\" srcset=\"\" data-srcset=\"https:\/\/www.mkreborns.com\/wp-content\/uploads\/2026\/03\/Shrek-reborn-doll11.jpg 1400w, https:\/\/www.mkreborns.com\/wp-content\/uploads\/2026\/03\/Shrek-reborn-doll11-400x267.jpg 400w, https:\/\/www.mkreborns.com\/wp-content\/uploads\/2026\/03\/Shrek-reborn-doll11-1200x800.jpg 1200w, https:\/\/www.mkreborns.com\/wp-content\/uploads\/2026\/03\/Shrek-reborn-doll11-768x512.jpg 768w, https:\/\/www.mkreborns.com\/wp-content\/uploads\/2026\/03\/Shrek-reborn-doll11-18x12.jpg 18w, https:\/\/www.mkreborns.com\/wp-content\/uploads\/2026\/03\/Shrek-reborn-doll11-700x467.jpg 700w, https:\/\/www.mkreborns.com\/wp-content\/uploads\/2026\/03\/Shrek-reborn-doll11-150x100.jpg 150w\" sizes=\"(max-width: 1400px) 100vw, 1400px\" \/> <img decoding=\"async\" class=\"aligncenter wp-image-3838 size-full\" src=\"https:\/\/www.mkreborns.com\/wp-content\/themes\/woodmart\/images\/lazy.svg\" data-src=\"https:\/\/www.mkreborns.com\/wp-content\/uploads\/2026\/03\/Shrek-reborn-doll1.jpg\" alt=\"\" width=\"1400\" height=\"933\" title=\"\" srcset=\"\" data-srcset=\"https:\/\/www.mkreborns.com\/wp-content\/uploads\/2026\/03\/Shrek-reborn-doll1.jpg 1400w, https:\/\/www.mkreborns.com\/wp-content\/uploads\/2026\/03\/Shrek-reborn-doll1-400x267.jpg 400w, https:\/\/www.mkreborns.com\/wp-content\/uploads\/2026\/03\/Shrek-reborn-doll1-1200x800.jpg 1200w, https:\/\/www.mkreborns.com\/wp-content\/uploads\/2026\/03\/Shrek-reborn-doll1-768x512.jpg 768w, https:\/\/www.mkreborns.com\/wp-content\/uploads\/2026\/03\/Shrek-reborn-doll1-18x12.jpg 18w, https:\/\/www.mkreborns.com\/wp-content\/uploads\/2026\/03\/Shrek-reborn-doll1-700x467.jpg 700w, https:\/\/www.mkreborns.com\/wp-content\/uploads\/2026\/03\/Shrek-reborn-doll1-150x100.jpg 150w\" sizes=\"(max-width: 1400px) 100vw, 1400px\" \/><\/p>","protected":false},"excerpt":{"rendered":"<p>Reborn lutka visoka 30 cm, s tijelom veli\u010dine dlana, mo\u017ee vam donijeti mnoge duhovne koristi. Kada je zagrlite, otkrit \u0107ete da vam poma\u017ee smanjiti stres i negativne emocije koje vam \u017eivot donosi.<\/p>","protected":false},"featured_media":3840,"comment_status":"open","ping_status":"closed","template":"","meta":[],"product_brand":[],"product_cat":[158,145,155,146,154,153,157],"product_tag":[],"class_list":{"0":"post-3837","1":"product","2":"type-product","3":"status-publish","4":"has-post-thumbnail","6":"product_cat-15-inch-baby-dolls","7":"product_cat-baby-boy-reborn-dolls","8":"product_cat-cute-reborn-dolls","9":"product_cat-full-silicone-reborn-dolls","10":"product_cat-lifelike-reborn-dolls","11":"product_cat-newborn-reborn-dolls","12":"product_cat-real-life-baby-dolls","14":"first","15":"instock","16":"sale","17":"shipping-taxable","18":"purchasable","19":"product-type-simple"},"_links":{"self":[{"href":"https:\/\/www.mkreborns.com\/hr\/wp-json\/wp\/v2\/product\/3837","targetHints":{"allow":["GET"]}}],"collection":[{"href":"https:\/\/www.mkreborns.com\/hr\/wp-json\/wp\/v2\/product"}],"about":[{"href":"https:\/\/www.mkreborns.com\/hr\/wp-json\/wp\/v2\/types\/product"}],"replies":[{"embeddable":true,"href":"https:\/\/www.mkreborns.com\/hr\/wp-json\/wp\/v2\/comments?post=3837"}],"wp:featuredmedia":[{"embeddable":true,"href":"https:\/\/www.mkreborns.com\/hr\/wp-json\/wp\/v2\/media\/3840"}],"wp:attachment":[{"href":"https:\/\/www.mkreborns.com\/hr\/wp-json\/wp\/v2\/media?parent=3837"}],"wp:term":[{"taxonomy":"product_brand","embeddable":true,"href":"https:\/\/www.mkreborns.com\/hr\/wp-json\/wp\/v2\/product_brand?post=3837"},{"taxonomy":"product_cat","embeddable":true,"href":"https:\/\/www.mkreborns.com\/hr\/wp-json\/wp\/v2\/product_cat?post=3837"},{"taxonomy":"product_tag","embeddable":true,"href":"https:\/\/www.mkreborns.com\/hr\/wp-json\/wp\/v2\/product_tag?post=3837"}],"curies":[{"name":"radni list","href":"https:\/\/api.w.org\/{rel}","templated":true}]}}