{"id":3607,"date":"2026-02-04T15:11:13","date_gmt":"2026-02-04T15:11:13","guid":{"rendered":"https:\/\/www.mkreborns.com\/?post_type=product&#038;p=3607"},"modified":"2026-03-18T15:09:52","modified_gmt":"2026-03-18T15:09:52","slug":"pink-sleeping-pvc-real-reborn-doll","status":"publish","type":"product","link":"https:\/\/www.mkreborns.com\/hr\/product\/pink-sleeping-pvc-real-reborn-doll\/","title":{"rendered":"Ru\u017ei\u010dasta PVC lutka za spavanje"},"content":{"rendered":"<p>Ru\u017ei\u010dasta Reborn lutka izgleda preslatko i mirno dok spava, unose\u0107i da\u0161ak ljepote u va\u0161 \u017eivot. Izra\u0111ena od vinila, materijala otpornog na ulje i kiseline, zadr\u017eava svoju ljepotu \u010dak i nakon duljeg rukovanja i milovanja. Tako\u0111er se vrlo lako \u010disti; ako se zaprlja, jednostavno je nje\u017eno obri\u0161ite vla\u017enom krpom i blagim sapunom kako biste joj vratili sjaj. Ovo je vrlo prakti\u010dna prednost za one koji \u017eele Reborn lutku kao dugotrajnog suputnika ili brinu o njezinom odr\u017eavanju.<\/p>\n<p>&nbsp;<\/p>\n<p>Spol: Djevoj\u010dica<br \/>\nTe\u017eina: 1,3 kg<br \/>\nVisina: 18 in\u010da<br \/>\nMaterijal: PVC<\/p>\n<p>&nbsp;<\/p>\n<div style=\"width: 720px;\" class=\"wp-video\"><video class=\"wp-video-shortcode\" id=\"video-3607-1\" width=\"720\" height=\"960\" preload=\"metadata\" controls=\"controls\"><source type=\"video\/mp4\" src=\"https:\/\/www.mkreborns.com\/wp-content\/uploads\/2026\/02\/Pink-Sleeping-Reborn.mp4?_=1\" \/><a href=\"https:\/\/www.mkreborns.com\/wp-content\/uploads\/2026\/02\/Pink-Sleeping-Reborn.mp4\">https:\/\/www.mkreborns.com\/wp-content\/uploads\/2026\/02\/Pink-Sleeping-Reborn.mp4<\/a><\/video><\/div>\n<p><img decoding=\"async\" class=\"aligncenter wp-image-3616 size-full\" src=\"https:\/\/www.mkreborns.com\/wp-content\/themes\/woodmart\/images\/lazy.svg\" data-src=\"https:\/\/www.mkreborns.com\/wp-content\/uploads\/2026\/02\/Pink-Sleeping-Reborn-9.jpg\" alt=\"\" width=\"800\" height=\"800\" title=\"\" srcset=\"\" data-srcset=\"https:\/\/www.mkreborns.com\/wp-content\/uploads\/2026\/02\/Pink-Sleeping-Reborn-9.jpg 800w, https:\/\/www.mkreborns.com\/wp-content\/uploads\/2026\/02\/Pink-Sleeping-Reborn-9-150x150.jpg 150w, https:\/\/www.mkreborns.com\/wp-content\/uploads\/2026\/02\/Pink-Sleeping-Reborn-9-700x700.jpg 700w, https:\/\/www.mkreborns.com\/wp-content\/uploads\/2026\/02\/Pink-Sleeping-Reborn-9-300x300.jpg 300w, https:\/\/www.mkreborns.com\/wp-content\/uploads\/2026\/02\/Pink-Sleeping-Reborn-9-768x768.jpg 768w\" sizes=\"(max-width: 800px) 100vw, 800px\" \/> <img decoding=\"async\" class=\"aligncenter wp-image-3614 size-full\" src=\"https:\/\/www.mkreborns.com\/wp-content\/themes\/woodmart\/images\/lazy.svg\" data-src=\"https:\/\/www.mkreborns.com\/wp-content\/uploads\/2026\/02\/Pink-Sleeping-Reborn-7.jpg\" alt=\"Reborn lutka djevoj\u010dica u ru\u017ei\u010dastoj spava\u0107ici, mekani PVC, veli\u010dina 45 cm, idealna za kolekcionare i djecu.\" width=\"800\" height=\"800\" title=\"\" srcset=\"\" data-srcset=\"https:\/\/www.mkreborns.com\/wp-content\/uploads\/2026\/02\/Pink-Sleeping-Reborn-7.jpg 800w, https:\/\/www.mkreborns.com\/wp-content\/uploads\/2026\/02\/Pink-Sleeping-Reborn-7-150x150.jpg 150w, https:\/\/www.mkreborns.com\/wp-content\/uploads\/2026\/02\/Pink-Sleeping-Reborn-7-700x700.jpg 700w, https:\/\/www.mkreborns.com\/wp-content\/uploads\/2026\/02\/Pink-Sleeping-Reborn-7-300x300.jpg 300w, https:\/\/www.mkreborns.com\/wp-content\/uploads\/2026\/02\/Pink-Sleeping-Reborn-7-768x768.jpg 768w\" sizes=\"(max-width: 800px) 100vw, 800px\" \/><\/p>","protected":false},"excerpt":{"rendered":"<p>Prizor novoro\u0111ene lutke bebe koja spava zatvorenih o\u010diju i zadovoljno si\u0161e dudu vrlo je umiruju\u0107i za tjeskoban um.<\/p>\n<p>Usta Reborn lutke su magnetska, \u0161to vam omogu\u0107uje kori\u0161tenje magnetske dude.<\/p>","protected":false},"featured_media":3615,"comment_status":"open","ping_status":"closed","template":"","meta":[],"product_brand":[],"product_cat":[144,151,155,156,152],"product_tag":[],"class_list":{"0":"post-3607","1":"product","2":"type-product","3":"status-publish","4":"has-post-thumbnail","6":"product_cat-baby-girl-reborn-dolls","7":"product_cat-18-inch-reborn-dolls","8":"product_cat-cute-reborn-dolls","9":"product_cat-life-sized-dolls","10":"product_cat-vinyl-reborn-dolls","12":"first","13":"instock","14":"sale","15":"shipping-taxable","16":"purchasable","17":"product-type-simple"},"_links":{"self":[{"href":"https:\/\/www.mkreborns.com\/hr\/wp-json\/wp\/v2\/product\/3607","targetHints":{"allow":["GET"]}}],"collection":[{"href":"https:\/\/www.mkreborns.com\/hr\/wp-json\/wp\/v2\/product"}],"about":[{"href":"https:\/\/www.mkreborns.com\/hr\/wp-json\/wp\/v2\/types\/product"}],"replies":[{"embeddable":true,"href":"https:\/\/www.mkreborns.com\/hr\/wp-json\/wp\/v2\/comments?post=3607"}],"wp:featuredmedia":[{"embeddable":true,"href":"https:\/\/www.mkreborns.com\/hr\/wp-json\/wp\/v2\/media\/3615"}],"wp:attachment":[{"href":"https:\/\/www.mkreborns.com\/hr\/wp-json\/wp\/v2\/media?parent=3607"}],"wp:term":[{"taxonomy":"product_brand","embeddable":true,"href":"https:\/\/www.mkreborns.com\/hr\/wp-json\/wp\/v2\/product_brand?post=3607"},{"taxonomy":"product_cat","embeddable":true,"href":"https:\/\/www.mkreborns.com\/hr\/wp-json\/wp\/v2\/product_cat?post=3607"},{"taxonomy":"product_tag","embeddable":true,"href":"https:\/\/www.mkreborns.com\/hr\/wp-json\/wp\/v2\/product_tag?post=3607"}],"curies":[{"name":"radni list","href":"https:\/\/api.w.org\/{rel}","templated":true}]}}