{"id":3487,"date":"2026-01-23T12:43:43","date_gmt":"2026-01-23T12:43:43","guid":{"rendered":"https:\/\/www.mkreborns.com\/?post_type=product&#038;p=3487"},"modified":"2026-03-17T14:00:22","modified_gmt":"2026-03-17T14:00:22","slug":"evan-mini-full-silicone-reborn-doll","status":"publish","type":"product","link":"https:\/\/www.mkreborns.com\/hr\/product\/evan-mini-full-silicone-reborn-doll\/","title":{"rendered":"Evan Mini potpuno silikonska reborn lutka"},"content":{"rendered":"<p>Reborn lutke nisu obi\u010dne igra\u010dke, ve\u0107 umjetni\u010dka forma, na\u010din izra\u017eavanja emocija. Svaka mini reborn lutka jedinstveno je umjetni\u010dko djelo; osim emocionalnog aspekta, svaka lutka utjelovljuje umjetnikovu predanost i vrijedna je va\u0161e kolekcije i divljenja. Realisti\u010dan osje\u0107aj kada u naru\u010dju dr\u017eite visokokvalitetnu silikonsku reborn lutku je neopisiv.<\/p>\n<p>Spol: Dje\u010dak<br \/>\nTe\u017eina: 1,52 kg<br \/>\nVisina: 15,7 in\u010da<br \/>\nMaterijal: Silikon<\/p>\n<div style=\"width: 1920px;\" class=\"wp-video\"><video class=\"wp-video-shortcode\" id=\"video-3487-1\" width=\"1920\" height=\"1080\" preload=\"metadata\" controls=\"controls\"><source type=\"video\/mp4\" src=\"https:\/\/www.mkreborns.com\/wp-content\/uploads\/2026\/01\/sophie-reborn.mp4?_=1\" \/><a href=\"https:\/\/www.mkreborns.com\/wp-content\/uploads\/2026\/01\/sophie-reborn.mp4\">https:\/\/www.mkreborns.com\/wp-content\/uploads\/2026\/01\/sophie-reborn.mp4<\/a><\/video><\/div>\n<p><img decoding=\"async\" class=\"aligncenter wp-image-3509 size-full\" src=\"https:\/\/www.mkreborns.com\/wp-content\/themes\/woodmart\/images\/lazy.svg\" data-src=\"https:\/\/www.mkreborns.com\/wp-content\/uploads\/2026\/01\/sophie-reborn1-1.jpg\" alt=\"Reborn silikonska lutka, Evan mini, realisti\u010dna beba lutka za kolekcionare i djecu.\" width=\"1464\" height=\"600\" title=\"\" srcset=\"\" data-srcset=\"https:\/\/www.mkreborns.com\/wp-content\/uploads\/2026\/01\/sophie-reborn1-1.jpg 1464w, https:\/\/www.mkreborns.com\/wp-content\/uploads\/2026\/01\/sophie-reborn1-1-150x61.jpg 150w, https:\/\/www.mkreborns.com\/wp-content\/uploads\/2026\/01\/sophie-reborn1-1-700x287.jpg 700w, https:\/\/www.mkreborns.com\/wp-content\/uploads\/2026\/01\/sophie-reborn1-1-400x164.jpg 400w, https:\/\/www.mkreborns.com\/wp-content\/uploads\/2026\/01\/sophie-reborn1-1-1300x533.jpg 1300w, https:\/\/www.mkreborns.com\/wp-content\/uploads\/2026\/01\/sophie-reborn1-1-768x315.jpg 768w\" sizes=\"(max-width: 1464px) 100vw, 1464px\" \/> <img decoding=\"async\" class=\"aligncenter wp-image-3510 size-full\" src=\"https:\/\/www.mkreborns.com\/wp-content\/themes\/woodmart\/images\/lazy.svg\" data-src=\"https:\/\/www.mkreborns.com\/wp-content\/uploads\/2026\/01\/sophie-reborn2-1.jpg\" alt=\"Reborn Doll Evan Mini silikonska, realisti\u010dna lutka beba za kolekcionare.\" width=\"1464\" height=\"600\" title=\"\" srcset=\"\" data-srcset=\"https:\/\/www.mkreborns.com\/wp-content\/uploads\/2026\/01\/sophie-reborn2-1.jpg 1464w, https:\/\/www.mkreborns.com\/wp-content\/uploads\/2026\/01\/sophie-reborn2-1-150x61.jpg 150w, https:\/\/www.mkreborns.com\/wp-content\/uploads\/2026\/01\/sophie-reborn2-1-700x287.jpg 700w, https:\/\/www.mkreborns.com\/wp-content\/uploads\/2026\/01\/sophie-reborn2-1-400x164.jpg 400w, https:\/\/www.mkreborns.com\/wp-content\/uploads\/2026\/01\/sophie-reborn2-1-1300x533.jpg 1300w, https:\/\/www.mkreborns.com\/wp-content\/uploads\/2026\/01\/sophie-reborn2-1-768x315.jpg 768w\" sizes=\"(max-width: 1464px) 100vw, 1464px\" \/> <img decoding=\"async\" class=\"aligncenter wp-image-3511 size-full\" src=\"https:\/\/www.mkreborns.com\/wp-content\/themes\/woodmart\/images\/lazy.svg\" data-src=\"https:\/\/www.mkreborns.com\/wp-content\/uploads\/2026\/01\/sophie-reborn3-1.jpg\" alt=\"Silikonska reborn lutka beba za kolekcionare i djecu.\" width=\"1464\" height=\"600\" title=\"\" srcset=\"\" data-srcset=\"https:\/\/www.mkreborns.com\/wp-content\/uploads\/2026\/01\/sophie-reborn3-1.jpg 1464w, https:\/\/www.mkreborns.com\/wp-content\/uploads\/2026\/01\/sophie-reborn3-1-150x61.jpg 150w, https:\/\/www.mkreborns.com\/wp-content\/uploads\/2026\/01\/sophie-reborn3-1-700x287.jpg 700w, https:\/\/www.mkreborns.com\/wp-content\/uploads\/2026\/01\/sophie-reborn3-1-400x164.jpg 400w, https:\/\/www.mkreborns.com\/wp-content\/uploads\/2026\/01\/sophie-reborn3-1-1300x533.jpg 1300w, https:\/\/www.mkreborns.com\/wp-content\/uploads\/2026\/01\/sophie-reborn3-1-768x315.jpg 768w\" sizes=\"(max-width: 1464px) 100vw, 1464px\" \/> <img decoding=\"async\" class=\"aligncenter wp-image-3512 size-full\" src=\"https:\/\/www.mkreborns.com\/wp-content\/themes\/woodmart\/images\/lazy.svg\" data-src=\"https:\/\/www.mkreborns.com\/wp-content\/uploads\/2026\/01\/sophie-reborn4-1.jpg\" alt=\"Mini silikonska reborn lutka za kolekcionare i darivanje.\" width=\"1464\" height=\"600\" title=\"\" srcset=\"\" data-srcset=\"https:\/\/www.mkreborns.com\/wp-content\/uploads\/2026\/01\/sophie-reborn4-1.jpg 1464w, https:\/\/www.mkreborns.com\/wp-content\/uploads\/2026\/01\/sophie-reborn4-1-150x61.jpg 150w, https:\/\/www.mkreborns.com\/wp-content\/uploads\/2026\/01\/sophie-reborn4-1-700x287.jpg 700w, https:\/\/www.mkreborns.com\/wp-content\/uploads\/2026\/01\/sophie-reborn4-1-400x164.jpg 400w, https:\/\/www.mkreborns.com\/wp-content\/uploads\/2026\/01\/sophie-reborn4-1-1300x533.jpg 1300w, https:\/\/www.mkreborns.com\/wp-content\/uploads\/2026\/01\/sophie-reborn4-1-768x315.jpg 768w\" sizes=\"(max-width: 1464px) 100vw, 1464px\" \/> <img decoding=\"async\" class=\"aligncenter wp-image-3513 size-full\" src=\"https:\/\/www.mkreborns.com\/wp-content\/themes\/woodmart\/images\/lazy.svg\" data-src=\"https:\/\/www.mkreborns.com\/wp-content\/uploads\/2026\/01\/sophie-reborn5-1.jpg\" alt=\"Reborn lutka Evan Mini silikonska beba za kolekcionare i djecu.\" width=\"1464\" height=\"600\" title=\"\" srcset=\"\" data-srcset=\"https:\/\/www.mkreborns.com\/wp-content\/uploads\/2026\/01\/sophie-reborn5-1.jpg 1464w, https:\/\/www.mkreborns.com\/wp-content\/uploads\/2026\/01\/sophie-reborn5-1-150x61.jpg 150w, https:\/\/www.mkreborns.com\/wp-content\/uploads\/2026\/01\/sophie-reborn5-1-700x287.jpg 700w, https:\/\/www.mkreborns.com\/wp-content\/uploads\/2026\/01\/sophie-reborn5-1-400x164.jpg 400w, https:\/\/www.mkreborns.com\/wp-content\/uploads\/2026\/01\/sophie-reborn5-1-1300x533.jpg 1300w, https:\/\/www.mkreborns.com\/wp-content\/uploads\/2026\/01\/sophie-reborn5-1-768x315.jpg 768w\" sizes=\"(max-width: 1464px) 100vw, 1464px\" \/><\/p>","protected":false},"excerpt":{"rendered":"<p>Reborn lutka je slatka poput bebe i mo\u017ee donijeti osje\u0107aj jedinstva va\u0161oj obitelji, gdje svi \u017eele sudjelovati u brizi za nju.<\/p>","protected":false},"featured_media":3497,"comment_status":"open","ping_status":"closed","template":"","meta":[],"product_brand":[],"product_cat":[145,158,146,153],"product_tag":[],"class_list":{"0":"post-3487","1":"product","2":"type-product","3":"status-publish","4":"has-post-thumbnail","6":"product_cat-baby-boy-reborn-dolls","7":"product_cat-15-inch-baby-dolls","8":"product_cat-full-silicone-reborn-dolls","9":"product_cat-newborn-reborn-dolls","11":"first","12":"instock","13":"sale","14":"shipping-taxable","15":"purchasable","16":"product-type-simple"},"_links":{"self":[{"href":"https:\/\/www.mkreborns.com\/hr\/wp-json\/wp\/v2\/product\/3487","targetHints":{"allow":["GET"]}}],"collection":[{"href":"https:\/\/www.mkreborns.com\/hr\/wp-json\/wp\/v2\/product"}],"about":[{"href":"https:\/\/www.mkreborns.com\/hr\/wp-json\/wp\/v2\/types\/product"}],"replies":[{"embeddable":true,"href":"https:\/\/www.mkreborns.com\/hr\/wp-json\/wp\/v2\/comments?post=3487"}],"wp:featuredmedia":[{"embeddable":true,"href":"https:\/\/www.mkreborns.com\/hr\/wp-json\/wp\/v2\/media\/3497"}],"wp:attachment":[{"href":"https:\/\/www.mkreborns.com\/hr\/wp-json\/wp\/v2\/media?parent=3487"}],"wp:term":[{"taxonomy":"product_brand","embeddable":true,"href":"https:\/\/www.mkreborns.com\/hr\/wp-json\/wp\/v2\/product_brand?post=3487"},{"taxonomy":"product_cat","embeddable":true,"href":"https:\/\/www.mkreborns.com\/hr\/wp-json\/wp\/v2\/product_cat?post=3487"},{"taxonomy":"product_tag","embeddable":true,"href":"https:\/\/www.mkreborns.com\/hr\/wp-json\/wp\/v2\/product_tag?post=3487"}],"curies":[{"name":"radni list","href":"https:\/\/api.w.org\/{rel}","templated":true}]}}