{"id":3150,"date":"2026-01-10T16:58:17","date_gmt":"2026-01-10T16:58:17","guid":{"rendered":"https:\/\/www.mkreborns.com\/?post_type=product&#038;p=3150"},"modified":"2026-03-15T15:36:13","modified_gmt":"2026-03-15T15:36:13","slug":"berenguer-new-reborn-silicone-baby-doll","status":"publish","type":"product","link":"https:\/\/www.mkreborns.com\/hr\/product\/berenguer-new-reborn-silicone-baby-doll\/","title":{"rendered":"Berenguer nova reborn silikonska lutka za bebe"},"content":{"rendered":"<p>Ova reborn lutka je djevoj\u010dica. Zatvorenih o\u010diju nalikuje usnuloj novoro\u0111en\u010dadi. Izra\u0111ena od silikona, ova realisti\u010dna reborn lutka visoka je samo 38 centimetara, a sitna je poput novoro\u0111enog cvijeta, puna slatko\u0107e i nade. Reborn lutka predstavlja va\u0161u naj\u010di\u0161\u0107u ljubav i i\u0161\u010dekivanje novog \u017eivota. \u010cak i bez tuge, netko tko voli djecu mo\u017ee ispuniti svoje roditeljske \u017eelje brinu\u0107i se za lutku. Mo\u017eete u\u017eivati u sre\u0107i oslanjanja na vas i davanja. To je sigurna i bezstresna emocionalna podr\u0161ka koja \u0107e va\u0161 \u017eivot u\u010diniti ugodnijim.<\/p>\n<p>&nbsp;<\/p>\n<div style=\"width: 1920px;\" class=\"wp-video\"><video class=\"wp-video-shortcode\" id=\"video-3150-1\" width=\"1920\" height=\"1080\" preload=\"metadata\" controls=\"controls\"><source type=\"video\/mp4\" src=\"https:\/\/www.mkreborns.com\/wp-content\/uploads\/2026\/01\/berenguer-reborn-doll.mp4?_=1\" \/><a href=\"https:\/\/www.mkreborns.com\/wp-content\/uploads\/2026\/01\/berenguer-reborn-doll.mp4\">https:\/\/www.mkreborns.com\/wp-content\/uploads\/2026\/01\/berenguer-reborn-doll.mp4<\/a><\/video><\/div>\n<p><img decoding=\"async\" class=\"aligncenter wp-image-3176 size-full\" src=\"https:\/\/www.mkreborns.com\/wp-content\/themes\/woodmart\/images\/lazy.svg\" data-src=\"https:\/\/www.mkreborns.com\/wp-content\/uploads\/2026\/01\/berenguer-reborn-doll-Details-1.jpg\" alt=\"Silikonska ponovno ro\u0111ena lutka beba s realisti\u010dnim crtama lica i mekim dodirom, savr\u0161ena za kolekcionare i emotivne igra\u010dke.\" width=\"1464\" height=\"600\" title=\"\" srcset=\"\" data-srcset=\"https:\/\/www.mkreborns.com\/wp-content\/uploads\/2026\/01\/berenguer-reborn-doll-Details-1.jpg 1464w, https:\/\/www.mkreborns.com\/wp-content\/uploads\/2026\/01\/berenguer-reborn-doll-Details-1-150x61.jpg 150w, https:\/\/www.mkreborns.com\/wp-content\/uploads\/2026\/01\/berenguer-reborn-doll-Details-1-700x287.jpg 700w, https:\/\/www.mkreborns.com\/wp-content\/uploads\/2026\/01\/berenguer-reborn-doll-Details-1-400x164.jpg 400w, https:\/\/www.mkreborns.com\/wp-content\/uploads\/2026\/01\/berenguer-reborn-doll-Details-1-1300x533.jpg 1300w, https:\/\/www.mkreborns.com\/wp-content\/uploads\/2026\/01\/berenguer-reborn-doll-Details-1-768x315.jpg 768w\" sizes=\"(max-width: 1464px) 100vw, 1464px\" \/> <img decoding=\"async\" class=\"aligncenter wp-image-3177 size-full\" src=\"https:\/\/www.mkreborns.com\/wp-content\/themes\/woodmart\/images\/lazy.svg\" data-src=\"https:\/\/www.mkreborns.com\/wp-content\/uploads\/2026\/01\/berenguer-reborn-doll-Details-2.jpg\" alt=\"Realisti\u010dna silikonska lutka beba Berenguer s detaljnim crtama lica i mekom ko\u017eom. Savr\u0161ena za kolekcionare.\" width=\"1464\" height=\"600\" title=\"\" srcset=\"\" data-srcset=\"https:\/\/www.mkreborns.com\/wp-content\/uploads\/2026\/01\/berenguer-reborn-doll-Details-2.jpg 1464w, https:\/\/www.mkreborns.com\/wp-content\/uploads\/2026\/01\/berenguer-reborn-doll-Details-2-150x61.jpg 150w, https:\/\/www.mkreborns.com\/wp-content\/uploads\/2026\/01\/berenguer-reborn-doll-Details-2-700x287.jpg 700w, https:\/\/www.mkreborns.com\/wp-content\/uploads\/2026\/01\/berenguer-reborn-doll-Details-2-400x164.jpg 400w, https:\/\/www.mkreborns.com\/wp-content\/uploads\/2026\/01\/berenguer-reborn-doll-Details-2-1300x533.jpg 1300w, https:\/\/www.mkreborns.com\/wp-content\/uploads\/2026\/01\/berenguer-reborn-doll-Details-2-768x315.jpg 768w\" sizes=\"(max-width: 1464px) 100vw, 1464px\" \/> <img decoding=\"async\" class=\"aligncenter wp-image-3178 size-full\" src=\"https:\/\/www.mkreborns.com\/wp-content\/themes\/woodmart\/images\/lazy.svg\" data-src=\"https:\/\/www.mkreborns.com\/wp-content\/uploads\/2026\/01\/berenguer-reborn-doll-Details-3.jpg\" alt=\"Silikonska ponovno ro\u0111ena lutka djevoj\u010dica sa zatvorenim o\u010dima, realisti\u010dnim crtama lica, savr\u0161ena za kolekcionare i lutke.\" width=\"1464\" height=\"600\" title=\"\" srcset=\"\" data-srcset=\"https:\/\/www.mkreborns.com\/wp-content\/uploads\/2026\/01\/berenguer-reborn-doll-Details-3.jpg 1464w, https:\/\/www.mkreborns.com\/wp-content\/uploads\/2026\/01\/berenguer-reborn-doll-Details-3-150x61.jpg 150w, https:\/\/www.mkreborns.com\/wp-content\/uploads\/2026\/01\/berenguer-reborn-doll-Details-3-700x287.jpg 700w, https:\/\/www.mkreborns.com\/wp-content\/uploads\/2026\/01\/berenguer-reborn-doll-Details-3-400x164.jpg 400w, https:\/\/www.mkreborns.com\/wp-content\/uploads\/2026\/01\/berenguer-reborn-doll-Details-3-1300x533.jpg 1300w, https:\/\/www.mkreborns.com\/wp-content\/uploads\/2026\/01\/berenguer-reborn-doll-Details-3-768x315.jpg 768w\" sizes=\"(max-width: 1464px) 100vw, 1464px\" \/> <img decoding=\"async\" class=\"aligncenter wp-image-3179 size-full\" src=\"https:\/\/www.mkreborns.com\/wp-content\/themes\/woodmart\/images\/lazy.svg\" data-src=\"https:\/\/www.mkreborns.com\/wp-content\/uploads\/2026\/01\/berenguer-reborn-doll-Details-4.jpg\" alt=\"Realisti\u010dna Berenguer silikonska reborn lutka za kolekcionare i entuzijaste. Ru\u010dno izra\u0111ena s puno detalja.\" width=\"1464\" height=\"600\" title=\"\" srcset=\"\" data-srcset=\"https:\/\/www.mkreborns.com\/wp-content\/uploads\/2026\/01\/berenguer-reborn-doll-Details-4.jpg 1464w, https:\/\/www.mkreborns.com\/wp-content\/uploads\/2026\/01\/berenguer-reborn-doll-Details-4-150x61.jpg 150w, https:\/\/www.mkreborns.com\/wp-content\/uploads\/2026\/01\/berenguer-reborn-doll-Details-4-700x287.jpg 700w, https:\/\/www.mkreborns.com\/wp-content\/uploads\/2026\/01\/berenguer-reborn-doll-Details-4-400x164.jpg 400w, https:\/\/www.mkreborns.com\/wp-content\/uploads\/2026\/01\/berenguer-reborn-doll-Details-4-1300x533.jpg 1300w, https:\/\/www.mkreborns.com\/wp-content\/uploads\/2026\/01\/berenguer-reborn-doll-Details-4-768x315.jpg 768w\" sizes=\"(max-width: 1464px) 100vw, 1464px\" \/> <img decoding=\"async\" class=\"aligncenter wp-image-3180 size-full\" src=\"https:\/\/www.mkreborns.com\/wp-content\/themes\/woodmart\/images\/lazy.svg\" data-src=\"https:\/\/www.mkreborns.com\/wp-content\/uploads\/2026\/01\/berenguer-reborn-doll-Details-5.jpg\" alt=\"Reborn silikonska lutka beba za kolekcionare i djecu, realisti\u010dna i visokokvalitetna izrada.\" width=\"1464\" height=\"600\" title=\"\" srcset=\"\" data-srcset=\"https:\/\/www.mkreborns.com\/wp-content\/uploads\/2026\/01\/berenguer-reborn-doll-Details-5.jpg 1464w, https:\/\/www.mkreborns.com\/wp-content\/uploads\/2026\/01\/berenguer-reborn-doll-Details-5-150x61.jpg 150w, https:\/\/www.mkreborns.com\/wp-content\/uploads\/2026\/01\/berenguer-reborn-doll-Details-5-700x287.jpg 700w, https:\/\/www.mkreborns.com\/wp-content\/uploads\/2026\/01\/berenguer-reborn-doll-Details-5-400x164.jpg 400w, https:\/\/www.mkreborns.com\/wp-content\/uploads\/2026\/01\/berenguer-reborn-doll-Details-5-1300x533.jpg 1300w, https:\/\/www.mkreborns.com\/wp-content\/uploads\/2026\/01\/berenguer-reborn-doll-Details-5-768x315.jpg 768w\" sizes=\"(max-width: 1464px) 100vw, 1464px\" \/><\/p>","protected":false},"excerpt":{"rendered":"<p>Kada se osje\u0107ate usamljeno u svakodnevnom \u017eivotu, mo\u017eete odabrati kupnju lutke ponovnog ro\u0111enja koja \u0107e vam praviti dru\u0161tvo.<\/p>","protected":false},"featured_media":3163,"comment_status":"open","ping_status":"closed","template":"","meta":[],"product_brand":[],"product_cat":[144,158,155,146,154],"product_tag":[],"class_list":{"0":"post-3150","1":"product","2":"type-product","3":"status-publish","4":"has-post-thumbnail","6":"product_cat-baby-girl-reborn-dolls","7":"product_cat-15-inch-baby-dolls","8":"product_cat-cute-reborn-dolls","9":"product_cat-full-silicone-reborn-dolls","10":"product_cat-lifelike-reborn-dolls","12":"first","13":"instock","14":"sale","15":"shipping-taxable","16":"purchasable","17":"product-type-simple"},"_links":{"self":[{"href":"https:\/\/www.mkreborns.com\/hr\/wp-json\/wp\/v2\/product\/3150","targetHints":{"allow":["GET"]}}],"collection":[{"href":"https:\/\/www.mkreborns.com\/hr\/wp-json\/wp\/v2\/product"}],"about":[{"href":"https:\/\/www.mkreborns.com\/hr\/wp-json\/wp\/v2\/types\/product"}],"replies":[{"embeddable":true,"href":"https:\/\/www.mkreborns.com\/hr\/wp-json\/wp\/v2\/comments?post=3150"}],"wp:featuredmedia":[{"embeddable":true,"href":"https:\/\/www.mkreborns.com\/hr\/wp-json\/wp\/v2\/media\/3163"}],"wp:attachment":[{"href":"https:\/\/www.mkreborns.com\/hr\/wp-json\/wp\/v2\/media?parent=3150"}],"wp:term":[{"taxonomy":"product_brand","embeddable":true,"href":"https:\/\/www.mkreborns.com\/hr\/wp-json\/wp\/v2\/product_brand?post=3150"},{"taxonomy":"product_cat","embeddable":true,"href":"https:\/\/www.mkreborns.com\/hr\/wp-json\/wp\/v2\/product_cat?post=3150"},{"taxonomy":"product_tag","embeddable":true,"href":"https:\/\/www.mkreborns.com\/hr\/wp-json\/wp\/v2\/product_tag?post=3150"}],"curies":[{"name":"radni list","href":"https:\/\/api.w.org\/{rel}","templated":true}]}}