{"id":3458,"date":"2026-01-21T15:19:57","date_gmt":"2026-01-21T15:19:57","guid":{"rendered":"https:\/\/www.mkreborns.com\/?page_id=3458"},"modified":"2026-01-22T14:02:09","modified_gmt":"2026-01-22T14:02:09","slug":"payment-methods","status":"publish","type":"page","link":"https:\/\/www.mkreborns.com\/hr\/payment-methods\/","title":{"rendered":"Na\u010dini pla\u0107anja"},"content":{"rendered":"<div>Na <strong>Mk Reborns<\/strong>, dajemo prioritet sigurnosti transakcija, diskreciji i prakti\u010dnosti.<br \/>\nKako bismo osigurali besprijekorno iskustvo pla\u0107anja, podr\u017eavamo vi\u0161e globalno priznatih rje\u0161enja za pla\u0107anje, a sva se obra\u0111uju putem \u0161ifriranih i uskla\u0111enih platnih sustava.<\/div>\n<hr \/>\n<h2>PayPal<\/h2>\n<div>PayPal je me\u0111u najpouzdanijim i najpouzdanijim digitalnim platnim ekosustavima na svijetu.<\/div>\n<div>Putem PayPala prihva\u0107amo \u0161irok raspon izvora financiranja, uklju\u010duju\u0107i:<\/div>\n<ul>\n<li>Visa<\/li>\n<li>MasterCard<\/li>\n<li>American Express<\/li>\n<li>Otkriti<\/li>\n<li>Povezani bankovni ra\u010duni<\/li>\n<\/ul>\n<div>Ako imate aktivan PayPal ra\u010dun, kupnju mo\u017eete dovr\u0161iti koriste\u0107i svoj PayPal saldo, pohranjene kreditne ili debitne kartice ili povezani bankovni ra\u010dun - bez ponovnog unosa osjetljivih financijskih podataka.<\/div>\n<h3>Mogu li koristiti PayPal bez kreiranja ra\u010duna?<\/h3>\n<div>Da.<br \/>\nNakon \u0161to naru\u010dite, bit \u0107ete preusmjereni na sigurno su\u010delje za pla\u0107anje PayPala.<br \/>\nAko ne \u017eelite registrirati PayPal ra\u010dun, jednostavno odaberite opciju \u201cPlati debitnom ili kreditnom karticom\u201d (ili \u201cNemam PayPal ra\u010dun\u201d) i nastavite kao gost izravnim unosom podataka o kartici.<\/div>\n<div>Za odjavu gosta nije potreban PayPal ra\u010dun.<\/div>\n<hr \/>\n<h2>Kreditne i debitne kartice<\/h2>\n<div>Primamo sve glavne me\u0111unarodne kreditne i debitne kartice, uklju\u010duju\u0107i:<\/div>\n<ul>\n<li>Visa<\/li>\n<li>MasterCard<\/li>\n<li>American Express<\/li>\n<li>Otkriti<\/li>\n<\/ul>\n<div>Sva pla\u0107anja karticama obra\u0111uju se putem industrijski certificiranih platnih sustava i za\u0161ti\u0107ena su 256-bitnom SSL enkripcijom, u kombinaciji s 3D Secure autentifikacijom gdje je to primjenjivo.<\/div>\n<div>Podaci o va\u0161oj kartici nikada se ne pohranjuju na na\u0161im poslu\u017eiteljima.<\/div>\n<h2>Za\u0161to je moja uplata karticom odbijena?<\/h2>\n<div>Odbijena transakcija mo\u017ee se dogoditi iz nekoliko razloga, uklju\u010duju\u0107i, ali ne ograni\u010davaju\u0107i se na:<\/div>\n<ul>\n<li>Neto\u010dan broj kartice, datum isteka ili CVV kod<\/li>\n<li>Nedovoljan raspolo\u017eivi saldo<\/li>\n<li>Prekora\u010deni dnevni ili transakcijski limiti koje je postavila va\u0161a banka izdavatelj<\/li>\n<li>Va\u0161a banka ograni\u010dava online ili me\u0111unarodne transakcije<\/li>\n<\/ul>\n<h3>Kako rije\u0161iti probleme s pla\u0107anjem karticama<\/h3>\n<ul>\n<li><strong>Potvrdite podatke svoje kartice<\/strong><br \/>\nDvaput provjerite broj kartice, datum isteka, CVV i adresu za naplatu.<\/li>\n<li><strong>Obratite se svojoj banci<\/strong><br \/>\nZatra\u017eite autorizaciju za transakciju ili uklanjanje ograni\u010denja za online\/prekograni\u010dno pla\u0107anje.<\/li>\n<li><strong>Isprobajte alternativnu karticu<\/strong><br \/>\nKori\u0161tenje druge kreditne ili debitne kartice \u010desto odmah rje\u0161ava problem.<\/li>\n<\/ul>\n<hr \/>\n<h2>Sigurnosna garancija<\/h2>\n<div>\ud83d\udd12 Obavijest o sigurnosti pla\u0107anja<\/div>\n<div>Sve transakcije na Mk Reborns su \u0161ifrirane od po\u010detka do kraja i obra\u0111uju se putem sigurnih, PCI-kompatibilnih platnih infrastruktura.<\/div>\n<div>Ne zadr\u017eavamo niti imamo pristup va\u0161im punim podacima za pla\u0107anje ni u jednoj fazi transakcije, osiguravaju\u0107i da va\u0161i osobni i financijski podaci ostanu povjerljivi i za\u0161ti\u0107eni u svakom trenutku.<\/div>","protected":false},"excerpt":{"rendered":"<p>U Mk Rebornsu dajemo prioritet sigurnosti transakcija, diskreciji i prakti\u010dnosti. Kako bismo osigurali besprijekorno iskustvo pla\u0107anja, podr\u017eavamo vi\u0161e tvrtki diljem svijeta.<\/p>","protected":false},"author":1,"featured_media":0,"parent":0,"menu_order":0,"comment_status":"closed","ping_status":"closed","template":"","meta":{"footnotes":""},"class_list":["post-3458","page","type-page","status-publish","hentry"],"_links":{"self":[{"href":"https:\/\/www.mkreborns.com\/hr\/wp-json\/wp\/v2\/pages\/3458","targetHints":{"allow":["GET"]}}],"collection":[{"href":"https:\/\/www.mkreborns.com\/hr\/wp-json\/wp\/v2\/pages"}],"about":[{"href":"https:\/\/www.mkreborns.com\/hr\/wp-json\/wp\/v2\/types\/page"}],"author":[{"embeddable":true,"href":"https:\/\/www.mkreborns.com\/hr\/wp-json\/wp\/v2\/users\/1"}],"replies":[{"embeddable":true,"href":"https:\/\/www.mkreborns.com\/hr\/wp-json\/wp\/v2\/comments?post=3458"}],"version-history":[{"count":0,"href":"https:\/\/www.mkreborns.com\/hr\/wp-json\/wp\/v2\/pages\/3458\/revisions"}],"wp:attachment":[{"href":"https:\/\/www.mkreborns.com\/hr\/wp-json\/wp\/v2\/media?parent=3458"}],"curies":[{"name":"radni list","href":"https:\/\/api.w.org\/{rel}","templated":true}]}}