{"id":3455,"date":"2026-01-21T15:17:36","date_gmt":"2026-01-21T15:17:36","guid":{"rendered":"https:\/\/www.mkreborns.com\/?page_id=3455"},"modified":"2026-01-21T15:17:36","modified_gmt":"2026-01-21T15:17:36","slug":"help-faqs","status":"publish","type":"page","link":"https:\/\/www.mkreborns.com\/hr\/help-faqs\/","title":{"rendered":"Pomo\u0107 i \u010desto postavljana pitanja"},"content":{"rendered":"<h3>Kako se trebam kupati i brinuti za svoju reborn lutku?<\/h3>\n<div>Potpuno silikonske lutke mogu se nje\u017eno kupati. Lutke s platnenim tijelom treba \u010distiti samo lagano navla\u017eenom krpom, a zatim su\u0161iti na zraku u dobro prozra\u010denom prostoru.<br \/>\nKada se ne koristi, preporu\u010dujemo da lutku sigurno pohranite u kutiju i dr\u017eite je podalje od dugotrajne sun\u010deve svjetlosti.<\/div>\n<hr \/>\n<h3>Mogu li se va\u0161e bebe pozirati?<\/h3>\n<div>Da. Sve Mk Reborns bebe imaju odre\u0111eni stupanj artikulacije. Me\u0111utim, ba\u0161 kao i prava dojen\u010dad, mogu zahtijevati nje\u017enu potporu ili ljuljanje kako bi odr\u017eale odre\u0111ene polo\u017eaje.<\/div>\n<hr \/>\n<h3>Dolaze li reborn lutke s dodacima?<\/h3>\n<div>Apsolutno. Svaka Mk Reborn beba dolazi potpuno odjevena, s dudom i pelenom. Va\u0161a lutka je spremna za ma\u017eenje \u010dim je izvadite iz kutije.<\/div>\n<hr \/>\n<h3>Jesu li tamnocrveni nabori na ko\u017ei nedostaci ili ogrebotine?<\/h3>\n<div>Nimalo. Ovi dublji crveni nabori su prepoznatljiva i namjerna karakteristika, a ne nedostaci. Prirodno se pojavljuju oko udova, posebno na lutkama veli\u010dine 55-61 cm, i poja\u010davaju realizam.<\/div>\n<hr \/>\n<h3>Koje veli\u010dine odje\u0107e odgovaraju razli\u010ditim veli\u010dinama reborn lutaka?<\/h3>\n<div>Na\u0161e lutke su veli\u010dine od 5 do 24 in\u010da:<\/div>\n<ul>\n<li>5 in\u010da: Potrebna je odje\u0107a \u0161ivana po mjeri<\/li>\n<li>30\u201351 cm: Odgovara odje\u0107i za novoro\u0111en\u010dad \/ bebe od 0 do 3 mjeseca<\/li>\n<li>22 in\u010da: Odgovara odje\u0107i za bebe od 3 do 6 mjeseci<\/li>\n<li>24 in\u010da: Odgovara odje\u0107i za bebe od 6 do 9 mjeseci<\/li>\n<\/ul>\n<hr \/>\n<h3>Sadr\u017ee li va\u0161e reborn lutke magnete?<\/h3>\n<div>Da. Mnoge na\u0161e lutke uklju\u010duju male magnete (za dude ili pribor). Ove lutke se ne preporu\u010duju osobama s pacemakerima, slu\u0161nim aparatima ili osjetljivo\u0161\u0107u na magnetska polja.<\/div>\n<hr \/>\n<h3>Jesu li va\u0161e lutke prikladne za djecu mla\u0111u od 14 godina?<\/h3>\n<div>Sve Mk Reborns lutke su testirane na sigurnost i prikladne su za djecu od 3 godine i vi\u0161e, iako ih odrasli kolekcionari posebno cijene.<br \/>\nNa\u0161e mini lutke od 12 cm prikladne su za mla\u0111u djecu samo pod strogim nadzorom odrasle osobe.<\/div>\n<hr \/>\n<h3>Koje na\u010dine pla\u0107anja prihva\u0107ate?<\/h3>\n<div>Narud\u017ebe se mogu izvr\u0161iti izravno na na\u0161oj web stranici putem glavnih kreditnih kartica, debitnih kartica ili PayPala.<\/div>\n<hr \/>\n<h3>Kako mogu pratiti svoju narud\u017ebu i vrijeme isporuke?<\/h3>\n<div>Nakon \u0161to va\u0161a narud\u017eba bude poslana, primit \u0107ete e-poruku s potvrdom koja sadr\u017ei broj za pra\u0107enje.<br \/>\nZa na\u010dine dostave i procijenjeno vrijeme dostave, molimo pogledajte na\u0161u stranicu s informacijama o dostavi.<\/div>\n<hr \/>\n<h3>Dostavljate li u moju zemlju?<\/h3>\n<div>Da. Imamo lokalne zalihe u Sjedinjenim Ameri\u010dkim Dr\u017eavama, EU, Kanadi, Australiji i Ujedinjenom Kraljevstvu.<br \/>\nNarud\u017ebe se dostavljaju u roku od 3 do 7 radnih dana, a besplatna dostava vrijedi za sve kupnje reborn lutaka.<\/div>\n<hr \/>\n<h3>Jo\u0161 uvijek trebate pomo\u0107?<\/h3>\n<div>Uvijek nam je drago pomo\u0107i.<\/div>\n<div>\ud83d\udce7 E-po\u0161ta: <a href=\"mailto:support@mkreborns.com\">support@mkreborns.com<\/a><\/div>","protected":false},"excerpt":{"rendered":"<p>Kako trebam kupati i brinuti se za svoju reborn lutku? Potpuno silikonske lutke mogu se nje\u017eno kupati. Lutke s platnenim tijelom trebale bi<\/p>","protected":false},"author":1,"featured_media":0,"parent":0,"menu_order":0,"comment_status":"closed","ping_status":"closed","template":"","meta":{"footnotes":""},"class_list":["post-3455","page","type-page","status-publish","hentry"],"_links":{"self":[{"href":"https:\/\/www.mkreborns.com\/hr\/wp-json\/wp\/v2\/pages\/3455","targetHints":{"allow":["GET"]}}],"collection":[{"href":"https:\/\/www.mkreborns.com\/hr\/wp-json\/wp\/v2\/pages"}],"about":[{"href":"https:\/\/www.mkreborns.com\/hr\/wp-json\/wp\/v2\/types\/page"}],"author":[{"embeddable":true,"href":"https:\/\/www.mkreborns.com\/hr\/wp-json\/wp\/v2\/users\/1"}],"replies":[{"embeddable":true,"href":"https:\/\/www.mkreborns.com\/hr\/wp-json\/wp\/v2\/comments?post=3455"}],"version-history":[{"count":0,"href":"https:\/\/www.mkreborns.com\/hr\/wp-json\/wp\/v2\/pages\/3455\/revisions"}],"wp:attachment":[{"href":"https:\/\/www.mkreborns.com\/hr\/wp-json\/wp\/v2\/media?parent=3455"}],"curies":[{"name":"radni list","href":"https:\/\/api.w.org\/{rel}","templated":true}]}}