{"id":3454,"date":"2026-01-21T15:16:46","date_gmt":"2026-01-21T15:16:46","guid":{"rendered":"https:\/\/www.mkreborns.com\/?page_id=3454"},"modified":"2026-01-28T02:26:13","modified_gmt":"2026-01-28T02:26:13","slug":"shipping-policy","status":"publish","type":"page","link":"https:\/\/www.mkreborns.com\/hr\/shipping-policy\/","title":{"rendered":"Pravila dostave"},"content":{"rendered":"<div>Hvala vam \u0161to ste odabrali Mk Reborns. Va\u0161a je narud\u017eba pa\u017eljivo pripremljena i poslana u\u010dinkovito i diskretno.<\/div>\n<hr \/>\n<h2>Besplatna dostava diljem svijeta<\/h2>\n<div>Nudimo besplatnu dostavu iz strate\u0161ki smje\u0161tenih inozemnih skladi\u0161ta u Sjedinjenim Dr\u017eavama, Europi, Kanadi, Ujedinjenom Kraljevstvu i Australiji.<br \/>\nKada su dostupne lokalne zalihe, artikli se \u0161alju iz najbli\u017eeg objekta kako bi se osigurala br\u017ea dostava.<\/div>\n<hr \/>\n<h2>Procijenjeno vrijeme isporuke (stavke na zalihi)<\/h2>\n<div>\n<table border=\"1\" data-coda-grid-id=\"grid-O7-V0P1M6p\" data-coda-display-column-id=\"c-gzvnCsHVXd\" data-coda-view-config-inheritsdefaultformat=\"false\" data-coda-view-config-tablesearch=\"&quot;AlwaysShow&quot;\" data-coda-grid-configuration-set=\"SimpleTable\">\n<tbody>\n<tr>\n<td>Los Angeles, SAD<\/td>\n<td>\n<div>Sjedinjene Ameri\u010dke Dr\u017eave (Aljaska i Havaji zahtijevaju dodatnu naknadu od otprilike 100 USD)<\/div>\n<\/td>\n<td>3\u20135 radnih dana<\/td>\n<\/tr>\n<tr>\n<td>Skladi\u0161ta EU (Njema\u010dka \/ Poljska)<\/td>\n<td>Ve\u0107ina zemalja EU-a i odabranih zemalja EGP-a<\/td>\n<td>3\u201310 radnih dana<\/td>\n<\/tr>\n<tr>\n<td>Vancouver<\/td>\n<td>Kanada<\/td>\n<td>3\u20135 radnih dana<\/td>\n<\/tr>\n<tr>\n<td>Sydney<\/td>\n<td>Australija<\/td>\n<td>3\u20137 radnih dana<\/td>\n<\/tr>\n<tr>\n<td>Ujedinjeno Kraljevstvo<\/td>\n<td>Ujedinjeno Kraljevstvo<\/td>\n<td>3\u20137 radnih dana<\/td>\n<\/tr>\n<\/tbody>\n<\/table>\n<\/div>\n<div>Napomena: Ve\u0107ina narud\u017ebi obra\u0111uje se i \u0161alje u roku od 48 sati. Prosje\u010dno vrijeme isporuke je 3-5 radnih dana, osim u iznimnim okolnostima.<\/div>\n<hr \/>\n<h2>Carine i carine<\/h2>\n<div>Ako lokalne zalihe nisu dostupne, artikli se mogu poslati iz druge zemlje.<br \/>\nU ograni\u010denim slu\u010dajevima, od primatelja se mo\u017ee tra\u017eiti da pomognu s carinjenjem ili pla\u0107anjem uvoznih da\u017ebina.<\/div>\n<div>Za Norve\u0161ku, \u0160vicarsku, Island i Meksiko, carinjenje i primjenjivi porezi isklju\u010diva su odgovornost primatelja.<\/div>\n<hr \/>\n<h2>Pra\u0107enje narud\u017ebe<\/h2>\n<div>Nakon slanja, poslat \u0107e se e-poruka s potvrdom i detaljima za pra\u0107enje.<br \/>\nA\u017euriranje podataka o pra\u0107enju mo\u017ee trajati do 48 sati.<\/div>\n<hr \/>\n<h2>Podijeljene po\u0161iljke<\/h2>\n<div>Narud\u017ebe koje sadr\u017ee vi\u0161e artikala mogu sti\u0107i u odvojenim paketima.<br \/>\nAko dio va\u0161e narud\u017ebe stigne prvi, preostale stavke su jo\u0161 uvijek u tranzitu.<\/div>\n<hr \/>\n<h2>Problemi s dostavom<\/h2>\n<ul>\n<li>Ozna\u010deno kao dostavljeno, ali nije primljeno: Odmah kontaktirajte kurirske slu\u017ebe i po\u0161aljite e-po\u0161tu <a href=\"http:\/\/\">support@mkreborns.com<\/a>.<\/li>\n<li>O\u0161te\u0107eni predmeti: Dokumentirajte \u0161tetu jasnim fotografijama ili videozapisima, a zatim podnesite zahtjev kurirskoj slu\u017ebi.<\/li>\n<li>Neto\u010dni artikli: Molimo vas da dostavite fotografske i video dokaze, a na\u0161 tim za korisni\u010dku podr\u0161ku rije\u0161it \u0107e problem u najkra\u0107em mogu\u0107em roku.<\/li>\n<\/ul>\n<hr \/>\n<h2>Povrat i zamjena<\/h2>\n<div>Molimo kontaktirajte <a href=\"http:\/\/\">support@mkreborns.com<\/a> prije po\u010detka bilo kakvog povrata.<br \/>\nNeovla\u0161teni povrati ili odbijene isporuke ne\u0107e biti prihva\u0107eni.<\/div>\n<div>Predmeti moraju ostati nekori\u0161teni i s neotvorenom unutarnjom za\u0161titnom ambala\u017eom.<br \/>\nZa detaljne uvjete pogledajte na\u0161u cjelovitu Politiku povrata.<\/div>","protected":false},"excerpt":{"rendered":"<p>Hvala vam \u0161to ste odabrali Mk Reborns. Va\u0161a je narud\u017eba pa\u017eljivo pripremljena i poslana u\u010dinkovito i diskretno. Besplatna dostava diljem svijeta.<\/p>","protected":false},"author":1,"featured_media":0,"parent":0,"menu_order":0,"comment_status":"closed","ping_status":"closed","template":"","meta":{"footnotes":""},"class_list":["post-3454","page","type-page","status-publish","hentry"],"_links":{"self":[{"href":"https:\/\/www.mkreborns.com\/hr\/wp-json\/wp\/v2\/pages\/3454","targetHints":{"allow":["GET"]}}],"collection":[{"href":"https:\/\/www.mkreborns.com\/hr\/wp-json\/wp\/v2\/pages"}],"about":[{"href":"https:\/\/www.mkreborns.com\/hr\/wp-json\/wp\/v2\/types\/page"}],"author":[{"embeddable":true,"href":"https:\/\/www.mkreborns.com\/hr\/wp-json\/wp\/v2\/users\/1"}],"replies":[{"embeddable":true,"href":"https:\/\/www.mkreborns.com\/hr\/wp-json\/wp\/v2\/comments?post=3454"}],"version-history":[{"count":0,"href":"https:\/\/www.mkreborns.com\/hr\/wp-json\/wp\/v2\/pages\/3454\/revisions"}],"wp:attachment":[{"href":"https:\/\/www.mkreborns.com\/hr\/wp-json\/wp\/v2\/media?parent=3454"}],"curies":[{"name":"radni list","href":"https:\/\/api.w.org\/{rel}","templated":true}]}}