{"id":3449,"date":"2026-01-20T14:40:52","date_gmt":"2026-01-20T14:40:52","guid":{"rendered":"https:\/\/www.mkreborns.com\/?page_id=3449"},"modified":"2026-01-28T02:03:34","modified_gmt":"2026-01-28T02:03:34","slug":"terms-conditions","status":"publish","type":"page","link":"https:\/\/www.mkreborns.com\/hr\/terms-conditions\/","title":{"rendered":"Uvjeti i odredbe"},"content":{"rendered":"<h2 class=\"wp-block-heading\">1. Uvod<\/h2>\r\n\r\n\r\n\r\n<p>Ovi Uvjeti i odredbe (\u201cUvjeti\u201d) ure\u0111uju va\u0161 pristup i kori\u0161tenje <strong>mkreborns.com<\/strong> (\u201cWeb stranica\u201d), digitalno vlasni\u0161tvo kojim upravlja <strong>Mk Reborns<\/strong> (\u201cmi\u201d, \u201cnas\u201d, \u201cna\u0161\u201d).<\/p>\r\n\r\n\r\n\r\n<p>Radi izbjegavanja sumnje, svaka referenca ovdje na \u201cvi\u201d, \u201cva\u0161\u201d ili \u201ckupac\u201d odnosi se na bilo koju osobu ili subjekt koji kupuje proizvode od Mk Reborns putem ove web stranice.<\/p>\r\n\r\n\r\n\r\n<p>Va\u0161a zakonska potro\u0161a\u010dka prava ostaju nepromijenjena.<\/p>\r\n\r\n\r\n\r\n<p>Pristupom, pregledavanjem ili narud\u017ebom putem ove web stranice, potvr\u0111ujete da ste pro\u010ditali, razumjeli i pristali na pravne obveze prema ovim Uvjetima, zajedno s na\u0161im <strong>Pravila o privatnosti<\/strong>, <strong>Pravila povrata<\/strong>, i <strong>Pravila dostave<\/strong>, koji zajedno \u010dine cjelokupni ugovor izme\u0111u vas i Mk Rebornsa.<\/p>\r\n\r\n\r\n\r\n<p>Ako ne prihva\u0107ate ove Uvjete u cijelosti, ne smijete naru\u010diti putem ove web stranice.<\/p>\r\n\r\n\r\n<hr class=\"wp-block-separator has-alpha-channel-opacity\" \/>\r\n\r\n\r\n<h2 class=\"wp-block-heading\">2. Izmjene i dopune ovih Uvjeta<\/h2>\r\n\r\n\r\n\r\n<p>Mk Reborns zadr\u017eava pravo izmjene, izmjene ili zamjene ovih Uvjeta u bilo kojem trenutku bez prethodne najave.<br \/>Na tu transakciju primjenjuju se Uvjeti koji su na snazi u trenutku podno\u0161enja narud\u017ebe.<\/p>\r\n\r\n\r\n\r\n<p>Preporu\u010duje se da prije svake kupnje pregledate ove Uvjete.<\/p>\r\n\r\n\r\n<hr class=\"wp-block-separator has-alpha-channel-opacity\" \/>\r\n\r\n\r\n<h2 class=\"wp-block-heading\">3. Zahtjev za punoljetnost<\/h2>\r\n\r\n\r\n\r\n<p>Narud\u017ebom na ovoj web stranici izjavljujete i jam\u010dite da ste punoljetni za kupnju ponu\u0111enih proizvoda.<\/p>\r\n\r\n\r\n\r\n<p>Ako imamo opravdano povjerenje da je narud\u017ebu izvr\u0161ila osoba koja ne ispunjava zakonski propisani uvjet punoljetnosti, zadr\u017eavamo pravo otkazati takvu narud\u017ebu bez ikakve odgovornosti.<\/p>\r\n\r\n\r\n<hr class=\"wp-block-separator has-alpha-channel-opacity\" \/>\r\n\r\n\r\n<h2 class=\"wp-block-heading\">4. Sklapanje ugovora<\/h2>\r\n\r\n\r\n\r\n<p>Sve narud\u017ebe poslane putem ove web stranice podlo\u017ene su odobrenju od strane Mk Reborns i dostupnosti proizvoda.<\/p>\r\n\r\n\r\n\r\n<p>Pridr\u017eavamo apsolutno pravo odbiti ili otkazati bilo koju narud\u017ebu iz bilo kojeg razloga, uklju\u010duju\u0107i, ali ne ograni\u010davaju\u0107i se na ograni\u010denja zaliha, neto\u010dnosti cijena ili sumnju na prijevarnu aktivnost.<\/p>\r\n\r\n\r\n\r\n<p>Obvezuju\u0107i ugovor smatrat \u0107e se sklopljenim tek kada Mk Reborns otpremi naru\u010denu robu i po\u0161alje e-poruku s potvrdom dostave.<\/p>\r\n\r\n\r\n<hr class=\"wp-block-separator has-alpha-channel-opacity\" \/>\r\n\r\n\r\n<h2 class=\"wp-block-heading\">5. Cijene i to\u010dnost<\/h2>\r\n\r\n\r\n\r\n<p>Iako se trudimo osigurati da su sve prikazane cijene to\u010dne u trenutku objave, zadr\u017eavamo pravo izmjene cijena u bilo kojem trenutku.<\/p>\r\n\r\n\r\n\r\n<p>Ukoliko promjena cijene zna\u010dajno utje\u010de na va\u0161u narud\u017ebu, bit \u0107ete obavije\u0161teni prije slanja.<\/p>\r\n\r\n\r\n<hr class=\"wp-block-separator has-alpha-channel-opacity\" \/>\r\n\r\n\r\n<h2 class=\"wp-block-heading\">6. Pravo na otkazivanje (potro\u0161a\u010di u EU i Ujedinjenom Kraljevstvu)<\/h2>\r\n\r\n\r\n\r\n<p>Ako ste potro\u0161a\u010d s prebivali\u0161tem u Europskoj uniji ili Ujedinjenom Kraljevstvu, imate pravo otkazati narud\u017ebu u roku od \u010detrnaest (14) radnih dana od primitka robe, u skladu s va\u017ee\u0107im zakonodavstvom o za\u0161titi potro\u0161a\u010da.<\/p>\r\n\r\n\r\n\r\n<p>Povrat novca nakon otkazivanja bit \u0107e obra\u0111en u skladu s va\u0161im zakonskim pravima.<\/p>\r\n\r\n\r\n\r\n<p>Pravo na povrat i postupci mogu se razlikovati ovisno o regiji. Molimo pogledajte na\u0161e <strong>Pravila povrata<\/strong> za detalje.<\/p>\r\n\r\n\r\n<hr class=\"wp-block-separator has-alpha-channel-opacity\" \/>\r\n\r\n\r\n<h2 class=\"wp-block-heading\">7. Marketin\u0161ke komunikacije<\/h2>\r\n\r\n\r\n\r\n<p>Informacije o komunikaciji putem e-po\u0161te i promotivnim porukama detaljno su navedene u na\u0161em <strong>Pravila o privatnosti<\/strong>.<\/p>\r\n\r\n\r\n\r\n<p>Davanjem svojih kontaktnih podataka pristajete na komunikaciju u skladu s tom politikom.<\/p>\r\n\r\n\r\n<hr class=\"wp-block-separator has-alpha-channel-opacity\" \/>\r\n\r\n\r\n<h2 class=\"wp-block-heading\">8. Privatnost i za\u0161tita podataka<\/h2>\r\n\r\n\r\n\r\n<p>Na\u0161e <strong>Pravila o privatnosti<\/strong> obja\u0161njava kako se osobni podaci prikupljaju, obra\u0111uju, pohranjuju, dijele i zadr\u017eavaju.<\/p>\r\n\r\n\r\n\r\n<p>Primjenjujemo komercijalno razumne za\u0161titne mjere kako bismo osigurali sigurnost podataka i uskla\u0111enost s va\u017ee\u0107im zakonima o za\u0161titi podataka u va\u0161oj jurisdikciji.<\/p>\r\n\r\n\r\n\r\n<p>Kola\u010di\u0107i i sli\u010dne tehnologije koriste se za pobolj\u0161anje funkcionalnosti web stranice. Vi\u0161e detalja dostupno je u na\u0161im <strong>Pravila o kola\u010di\u0107ima<\/strong>.<\/p>\r\n\r\n\r\n<hr class=\"wp-block-separator has-alpha-channel-opacity\" \/>\r\n\r\n\r\n<h2 class=\"wp-block-heading\">9. Sprje\u010davanje prijevara<\/h2>\r\n\r\n\r\n\r\n<p>Mk Reborns provodi rigorozne mjere za sprje\u010davanje prijevara i koristi usluge provjere i pra\u0107enja tre\u0107ih strana.<\/p>\r\n\r\n\r\n\r\n<p>Svaki poku\u0161aj davanja la\u017enih, obmanjuju\u0107ih ili neto\u010dnih informacija u svrhu prijevare mo\u017ee se prijaviti nadle\u017enim tijelima za borbu protiv prijevara.<\/p>\r\n\r\n\r\n\r\n<p>Pridr\u017eavamo pravo suspendirati ili ukinuti ra\u010dune povezane s sumnjom na prijevarno pona\u0161anje.<\/p>\r\n\r\n\r\n<hr class=\"wp-block-separator has-alpha-channel-opacity\" \/>\r\n\r\n\r\n<h2 class=\"wp-block-heading\">10. Automatizirani pristup i web roboti<\/h2>\r\n\r\n\r\n\r\n<p>Samo automatizirane softverske aplikacije koje je izri\u010dito odobrio Mk Reborns i koje su u skladu s na\u0161im pravilima o kori\u0161tenju robota (\u201cDopu\u0161teni botovi\u201d) mogu pristupiti ovoj web stranici.<\/p>\r\n\r\n\r\n\r\n<p>Neovla\u0161teni botovi uklju\u010duju, bez ograni\u010denja, skripte koje preoptere\u0107uju poslu\u017eitelje, automatiziraju aktivnosti ko\u0161arice, kradu sadr\u017eaj ili ometaju korisni\u010dko iskustvo.<\/p>\r\n\r\n\r\n\r\n<p>Pridr\u017eavamo pravo blokirati takav pristup i odmah suspendirati povezane ra\u010dune.<\/p>\r\n\r\n\r\n\r\n<p>Sla\u017eete se obe\u0161tetiti Mk Reborns od svih gubitaka, tro\u0161kova i izdataka koji proizlaze iz neovla\u0161tenog automatiziranog pristupa.<\/p>\r\n\r\n\r\n<hr class=\"wp-block-separator has-alpha-channel-opacity\" \/>\r\n\r\n\r\n<h2 class=\"wp-block-heading\">11. Intelektualno vlasni\u0161tvo<\/h2>\r\n\r\n\r\n\r\n<p>Sav sadr\u017eaj web stranice, uklju\u010duju\u0107i tekst, slike, grafiku i raspored, isklju\u010divo je vlasni\u0161tvo tvrtke Mk Reborns, osim ako nije druga\u010dije navedeno.<\/p>\r\n\r\n\r\n\r\n<p>Nije dozvoljeno reproduciranje, redistribuiranje, mijenjanje ili iskori\u0161tavanje sadr\u017eaja u komercijalne svrhe bez prethodnog pismenog pristanka, osim za osobnu, nekomercijalnu upotrebu.<\/p>\r\n\r\n\r\n\r\n<p>Sla\u017eete se da ne\u0107ete stvarati izvedena djela iz sadr\u017eaja web-stranice.<\/p>\r\n\r\n\r\n<hr class=\"wp-block-separator has-alpha-channel-opacity\" \/>\r\n\r\n\r\n<h2 class=\"wp-block-heading\">12. Odricanje od jamstava<\/h2>\r\n\r\n\r\n\r\n<p>Ova web stranica pru\u017ea se \u201ckakva jest\u201d i \u201ckakva je dostupna\u201d.<\/p>\r\n\r\n\r\n\r\n<p>Ne dajemo nikakva jamstva, izri\u010dita ili implicitna, u vezi s neprekidnim pristupom, to\u010dno\u0161\u0107u, radom bez gre\u0161aka ili odsutno\u0161\u0107u \u0161tetnih komponenti.<\/p>\r\n\r\n\r\n\r\n<p>Ni\u0161ta u ovoj izjavi o odricanju odgovornosti ne ograni\u010dava va\u0161a zakonska prava u vezi s kupljenom robom.<\/p>\r\n\r\n\r\n<hr class=\"wp-block-separator has-alpha-channel-opacity\" \/>\r\n\r\n\r\n<h2 class=\"wp-block-heading\">13. Ograni\u010denje odgovornosti<\/h2>\r\n\r\n\r\n\r\n<p>U najve\u0107oj mogu\u0107oj mjeri dopu\u0161tenoj zakonom, Mk Reborns ne\u0107e biti odgovoran za:<\/p>\r\n\r\n\r\n\r\n<ul class=\"wp-block-list\">\r\n<li>gubici koji nisu razumno predvidljivi u vrijeme sklapanja ugovora;<\/li>\r\n\r\n\r\n\r\n<li>gubici koji nisu uzrokovani na\u0161im kr\u0161enjem;<\/li>\r\n\r\n\r\n\r\n<li>poslovni gubici ili gubici koji nisu povezani s potro\u0161a\u010dima.<\/li>\r\n<\/ul>\r\n\r\n\r\n\r\n<p>Ne isklju\u010dujemo niti ograni\u010davamo odgovornost za:<\/p>\r\n\r\n\r\n\r\n<p>(a) smrt ili tjelesna ozljeda uzrokovana nemarom;<br \/>(b) prijevara ili la\u017eno predstavljanje;<br \/>(c) kr\u0161enje zakonskih implicitnih uvjeta koji se odnose na naslov, opis, kvalitetu ili prikladnost;<br \/>(d) odgovornost prema va\u017ee\u0107im zakonima o za\u0161titi potro\u0161a\u010da.<\/p>\r\n\r\n\r\n<hr class=\"wp-block-separator has-alpha-channel-opacity\" \/>\r\n\r\n\r\n<h2 class=\"wp-block-heading\">14. Prihvatljiva upotreba<\/h2>\r\n\r\n\r\n\r\n<p>Sla\u017eete se da \u0107ete koristiti ovu web stranicu isklju\u010divo u zakonite svrhe i na na\u010din koji ne kr\u0161i prava drugih niti ograni\u010dava njihovo u\u017eivanje u web stranici.<\/p>\r\n\r\n\r\n\r\n<p>Zabranjeno pona\u0161anje uklju\u010duje, ali nije ograni\u010deno na, uznemiravanje, \u0161irenje uvredljivog materijala ili ometanje normalnog rada web stranice.<\/p>\r\n\r\n\r\n<hr class=\"wp-block-separator has-alpha-channel-opacity\" \/>\r\n\r\n\r\n<h2 class=\"wp-block-heading\">15. Sadr\u017eaj koji generiraju korisnici (recenzije, slike, doprinosi)<\/h2>\r\n\r\n\r\n\r\n<p>Slanjem recenzija, ocjena, slika ili drugog sadr\u017eaja izjavljujete i jam\u010dite da:<\/p>\r\n\r\n\r\n\r\n<ul class=\"wp-block-list\">\r\n<li>Posjedujete sva prava intelektualnog vlasni\u0161tva u vezi s tim;<\/li>\r\n\r\n\r\n\r\n<li>Odrekli ste se svih moralnih prava.<\/li>\r\n\r\n\r\n\r\n<li>Sadr\u017eaj je istinit i zakonit.<\/li>\r\n\r\n\r\n\r\n<li>Imate najmanje osamnaest (18) godina.<\/li>\r\n<\/ul>\r\n\r\n\r\n\r\n<p>Dajete Mk Reborns trajnu, neopozivu, besplatnu, svjetsku licencu za kori\u0161tenje, reprodukciju, mijenjanje, objavljivanje, prevo\u0111enje, distribuciju i na drugi na\u010din iskori\u0161tavanje takvog sadr\u017eaja bez naknade.<\/p>\r\n\r\n\r\n\r\n<p>Pridr\u017eavamo pravo ure\u0111ivanja, uklanjanja ili odbijanja objave bilo kojeg sadr\u017eaja prema vlastitom naho\u0111enju.<\/p>\r\n\r\n\r\n\r\n<p>Isklju\u010divo ste odgovorni za sadr\u017eaj koji \u0161aljete.<\/p>\r\n\r\n\r\n<hr class=\"wp-block-separator has-alpha-channel-opacity\" \/>\r\n\r\n\r\n<h2 class=\"wp-block-heading\">16. Program vjernosti<\/h2>\r\n\r\n\r\n\r\n<p>Restrukturiramo na\u0161 program vjernosti.<br \/>Postoje\u0107i sustavi bodova mogu se ukinuti bez daljnjeg obra\u010dunavanja ili iskori\u0161tavanja.<\/p>\r\n\r\n\r\n<hr class=\"wp-block-separator has-alpha-channel-opacity\" \/>\r\n\r\n\r\n<h2 class=\"wp-block-heading\">17. Porez na promet (Sjedinjene Ameri\u010dke Dr\u017eave)<\/h2>\r\n\r\n\r\n\r\n<p>Primjenjivi porez na promet ili kori\u0161tenje bit \u0107e izra\u010dunat na temelju va\u0161e adrese za dostavu i prikazan prilikom pla\u0107anja.<\/p>\r\n\r\n\r\n\r\n<p>Prikazani iznosi poreza su procjene; kona\u010dni porez bit \u0107e potvr\u0111en nakon dovr\u0161etka narud\u017ebe.<\/p>\r\n\r\n\r\n<hr class=\"wp-block-separator has-alpha-channel-opacity\" \/>\r\n\r\n\r\n<h2 class=\"wp-block-heading\">18. Vanjske poveznice<\/h2>\r\n\r\n\r\n\r\n<p>Ova web stranica mo\u017ee sadr\u017eavati poveznice na web-stranice tre\u0107ih strana.<br \/>Ne kontroliramo niti podr\u017eavamo takve stranice i ne preuzimamo nikakvu odgovornost za njihov sadr\u017eaj.<\/p>\r\n\r\n\r\n<hr class=\"wp-block-separator has-alpha-channel-opacity\" \/>\r\n\r\n\r\n<h2 class=\"wp-block-heading\">19. Mjerodavno pravo i nadle\u017enost<\/h2>\r\n<div>Ovi Uvjeti i svaki spor ili zahtjev koji proizlazi iz njih ili je s njima povezan (uklju\u010duju\u0107i izvanugovorne sporove ili zahtjeve) podlije\u017eu i tuma\u010de se u skladu sa zakonima Posebne administrativne regije Hong Kong (HKSAR), bez obzira na na\u010dela o koliziji zakona.<\/div>\r\n<div>Neopozivo se sla\u017eete da \u0107e sudovi Hong Konga imati isklju\u010divu nadle\u017enost za rje\u0161avanje bilo kakvog spora ili zahtjeva koji proizlaze iz ili su u vezi s ovim Uvjetima ili va\u0161im kori\u0161tenjem Mre\u017ene stranice.<\/div>\r\n\r\n\r\n<hr class=\"wp-block-separator has-alpha-channel-opacity\" \/>\r\n\r\n\r\n<h2 class=\"wp-block-heading\">20. Vi\u0161a sila<\/h2>\r\n\r\n\r\n\r\n<p>Ne\u0107emo biti odgovorni za neuspjeh ili ka\u0161njenje u izvr\u0161enju uzrokovano doga\u0111ajima izvan na\u0161e razumne kontrole, uklju\u010duju\u0107i, ali ne ograni\u010davaju\u0107i se na prirodne katastrofe, pandemije, vladine akcije ili gra\u0111anske nemire.<\/p>\r\n\r\n\r\n\r\n<p>Pogo\u0111ene obveze bit \u0107e obustavljene za vrijeme trajanja takvog doga\u0111aja.<\/p>\r\n\r\n\r\n<hr class=\"wp-block-separator has-alpha-channel-opacity\" \/>\r\n\r\n\r\n<h2 class=\"wp-block-heading\">21. Dodjela i odvojivost<\/h2>\r\n\r\n\r\n\r\n<p>Mo\u017eemo ustupiti na\u0161a prava i obveze prema ovim Uvjetima bez utjecaja na va\u0161a prava.<\/p>\r\n\r\n\r\n\r\n<p>Ne mo\u017eete ustupiti svoja prava bez na\u0161eg pismenog pristanka.<\/p>\r\n\r\n\r\n\r\n<p>Ako se bilo koja odredba smatra neprovedivom, preostale odredbe ostat \u0107e na snazi u cijelosti.<\/p>\r\n\r\n\r\n<hr class=\"wp-block-separator has-alpha-channel-opacity\" \/>\r\n\r\n\r\n<h2 class=\"wp-block-heading\">22. Odricanje<\/h2>\r\n\r\n\r\n\r\n<p>Neprovo\u0111enje bilo koje odredbe od strane Mk Rebornsa ne predstavlja odricanje od budu\u0107eg provo\u0111enja.<\/p>","protected":false},"excerpt":{"rendered":"<p>1. Uvod Ovi Uvjeti i odredbe (\u201cUvjeti\u201d) ure\u0111uju va\u0161 pristup i kori\u0161tenje mkreborns.com (\u201cWeb stranica\u201d), digitalnog<\/p>","protected":false},"author":1,"featured_media":0,"parent":0,"menu_order":0,"comment_status":"closed","ping_status":"closed","template":"","meta":{"footnotes":""},"class_list":["post-3449","page","type-page","status-publish","hentry"],"_links":{"self":[{"href":"https:\/\/www.mkreborns.com\/hr\/wp-json\/wp\/v2\/pages\/3449","targetHints":{"allow":["GET"]}}],"collection":[{"href":"https:\/\/www.mkreborns.com\/hr\/wp-json\/wp\/v2\/pages"}],"about":[{"href":"https:\/\/www.mkreborns.com\/hr\/wp-json\/wp\/v2\/types\/page"}],"author":[{"embeddable":true,"href":"https:\/\/www.mkreborns.com\/hr\/wp-json\/wp\/v2\/users\/1"}],"replies":[{"embeddable":true,"href":"https:\/\/www.mkreborns.com\/hr\/wp-json\/wp\/v2\/comments?post=3449"}],"version-history":[{"count":0,"href":"https:\/\/www.mkreborns.com\/hr\/wp-json\/wp\/v2\/pages\/3449\/revisions"}],"wp:attachment":[{"href":"https:\/\/www.mkreborns.com\/hr\/wp-json\/wp\/v2\/media?parent=3449"}],"curies":[{"name":"radni list","href":"https:\/\/api.w.org\/{rel}","templated":true}]}}