{"id":3,"date":"2025-12-24T14:18:41","date_gmt":"2025-12-24T14:18:41","guid":{"rendered":"https:\/\/www.mkreborns.com\/?page_id=3"},"modified":"2026-01-20T10:07:36","modified_gmt":"2026-01-20T10:07:36","slug":"privacy-policy","status":"publish","type":"page","link":"https:\/\/www.mkreborns.com\/hr\/privacy-policy\/","title":{"rendered":"Pravila o privatnosti"},"content":{"rendered":"<p>Na <strong>Mk Reborns<\/strong>, pridajemo veliku va\u017enost povjerljivosti, integritetu i odgovornom rukovanju osobnim podacima. Ova Pravila o privatnosti obja\u0161njavaju kako se podaci prikupljaju, obra\u0111uju, pohranjuju i \u0161tite kada pristupate na\u0161oj web stranici ili komunicirate s njom.<\/p>\n\n\n\n<hr class=\"wp-block-separator has-alpha-channel-opacity\"\/>\n\n\n\n<h2 class=\"wp-block-heading\">1. Tko smo mi<\/h2>\n\n\n\n<p>Web-stranica <strong><a href=\"https:\/\/www.mkreborns.com\/hr\/\">https:\/\/www.mkreborns.com<\/a><\/strong> u vlasni\u0161tvu je i pod upravom <strong>Mk Reborns<\/strong>.<br>U cijeloj ovoj politici, reference na \u201cmi\u201d, \u201cna\u0161\u201d ili \u201cnas\u201d odnose se isklju\u010divo na Mk Reborns.<\/p>\n\n\n\n<hr class=\"wp-block-separator has-alpha-channel-opacity\"\/>\n\n\n\n<h2 class=\"wp-block-heading\">2. Komentari i korisni\u010dki prilozi<\/h2>\n\n\n\n<p>Kada posjetitelji odlu\u010de ostaviti komentare na na\u0161oj web stranici, prikupljamo podatke prikazane u obrascu za slanje komentara, zajedno s posjetiteljevim <strong>IP adresa<\/strong> i <strong>niz korisni\u010dkog agenta preglednika<\/strong>. Ove se informacije prikupljaju isklju\u010divo u svrhu odr\u017eavanja sigurnosti platforme i sprje\u010davanja ne\u017eeljenog ili uvredljivog sadr\u017eaja.<\/p>\n\n\n\n<p>Anonimizirani identifikator generiran iz va\u0161e adrese e-po\u0161te (obi\u010dno se naziva <em>hash<\/em>) mo\u017ee se prenijeti na <strong>Gravatar<\/strong> usluga za utvr\u0111ivanje postoji li povezani profil.<br>Gravatar usluga djeluje u skladu s vlastitim okvirom za privatnost, koji se mo\u017ee pregledati na:<br><a href=\"https:\/\/automattic.com\/privacy\/\" target=\"_blank\" rel=\"noopener\">https:\/\/automattic.com\/privacy\/<\/a><\/p>\n\n\n\n<p>Nakon \u0161to je komentar odobren, svaka povezana slika profila postaje javno vidljiva uz komentar.<\/p>\n\n\n\n<hr class=\"wp-block-separator has-alpha-channel-opacity\"\/>\n\n\n\n<h2 class=\"wp-block-heading\">3. Prijenosi medija<\/h2>\n\n\n\n<p>Ako prenosite slike na web stranicu, toplo preporu\u010dujemo da ih ne uklju\u010dujete <strong>ugra\u0111eni metapodaci lokacije (EXIF GPS)<\/strong>.<br>Posjetitelji stranice mogu preuzeti slike i izdvojiti sve podatke o lokaciji sadr\u017eane u njima. Mk Reborns ne preuzima nikakvu odgovornost za metapodatke dobrovoljno uklju\u010dene u prenesene medije.<\/p>\n\n\n\n<hr class=\"wp-block-separator has-alpha-channel-opacity\"\/>\n\n\n\n<h2 class=\"wp-block-heading\">4. Kola\u010di\u0107i i sli\u010dne tehnologije<\/h2>\n\n\n\n<p>Kako bismo pobolj\u0161ali prakti\u010dnost i funkcionalnost za korisnike, na\u0161a web stranica koristi kola\u010di\u0107e u sljede\u0107im okolnostima:<\/p>\n\n\n\n<ul class=\"wp-block-list\">\n<li>Kada po\u0161aljete komentar, mo\u017eete odabrati pohranjivanje svog imena, adrese e-po\u0161te i podataka o web stranici u kola\u010di\u0107ima. Ovi kola\u010di\u0107i se \u010duvaju <strong>jedna godina<\/strong> kako bi se uklonila potreba za ponovljenim unosom podataka.<\/li>\n\n\n\n<li>Nakon posjeta stranice za prijavu, generira se privremeni kola\u010di\u0107 kako bi se provjerilo prihva\u0107a li va\u0161 preglednik kola\u010di\u0107e. Ovaj kola\u010di\u0107 ne sadr\u017ei osobne podatke i odbacuje se kada se preglednik zatvori.<\/li>\n\n\n\n<li>Kada se prijavite, stvara se nekoliko kola\u010di\u0107a kako bi se sa\u010duvao va\u0161 status autentifikacije i postavke prikaza.\n<ul class=\"wp-block-list\">\n<li>Kola\u010di\u0107i za prijavu ostaju aktivni <strong>dva dana<\/strong><\/li>\n\n\n\n<li>Kola\u010di\u0107i postavki prikaza traju <strong>jedna godina<\/strong><\/li>\n\n\n\n<li>Ako je odabrana opcija \u201cZapamti me\u201d, pristupni podaci se \u010duvaju <strong>dva tjedna<\/strong><\/li>\n<\/ul>\n<\/li>\n\n\n\n<li>Kada se odjavite, kola\u010di\u0107i povezani s prijavom se uklanjaju.<\/li>\n\n\n\n<li>Ako ure\u0111ujete ili objavljujete sadr\u017eaj, u va\u0161em pregledniku pohranjuje se dodatni kola\u010di\u0107. Ovaj kola\u010di\u0107 ne sadr\u017ei osobne podatke i slu\u017ei isklju\u010divo za identifikaciju ure\u0111ene objave. Istje\u010de nakon <strong>24 sata<\/strong>.<\/li>\n<\/ul>\n\n\n\n<hr class=\"wp-block-separator has-alpha-channel-opacity\"\/>\n\n\n\n<h2 class=\"wp-block-heading\">5. Ugra\u0111eni sadr\u017eaj s web-stranica tre\u0107ih strana<\/h2>\n\n\n\n<p>Stranice na ovoj web stranici mogu sadr\u017eavati ugra\u0111eni sadr\u017eaj (uklju\u010duju\u0107i, ali ne ograni\u010davaju\u0107i se na videozapise, slike ili \u010dlanke).<br>Ugra\u0111eni sadr\u017eaj s vanjskih web-mjesta pona\u0161a se na isti na\u010din kao da ste izravno posjetili izvorno web-mjesto.<\/p>\n\n\n\n<p>Takve web stranice tre\u0107ih strana mogu:<\/p>\n\n\n\n<ul class=\"wp-block-list\">\n<li>Prikupljajte podatke o vama<\/li>\n\n\n\n<li>Koristi kola\u010di\u0107e<\/li>\n\n\n\n<li>Koristite dodatne alate za pra\u0107enje tre\u0107ih strana<\/li>\n\n\n\n<li>Pratite svoju interakciju s ugra\u0111enim sadr\u017eajem<\/li>\n<\/ul>\n\n\n\n<p>To mo\u017ee uklju\u010divati pra\u0107enje interakcija ako imate ra\u010dun na vanjskoj platformi i prijavljeni ste na nju.<\/p>\n\n\n\n<hr class=\"wp-block-separator has-alpha-channel-opacity\"\/>\n\n\n\n<h2 class=\"wp-block-heading\">6. Dijeljenje podataka<\/h2>\n\n\n\n<p>Ako zatra\u017eite resetiranje lozinke, va\u0161a <strong>IP adresa<\/strong> bit \u0107e uklju\u010den u komunikaciju o resetiranju lozinke u svrhu sigurnosne provjere.<\/p>\n\n\n\n<p>Mk Reborns ne prodaje, iznajmljuje niti trguje osobnim podacima neovla\u0161tenim tre\u0107im stranama.<\/p>\n\n\n\n<hr class=\"wp-block-separator has-alpha-channel-opacity\"\/>\n\n\n\n<h2 class=\"wp-block-heading\">7. \u010cuvanje podataka<\/h2>\n\n\n\n<p>Komentari i njihovi povezani metapodaci se zadr\u017eavaju <strong>neodre\u0111eno<\/strong>. To nam omogu\u0107uje automatsko prepoznavanje i odobravanje naknadnih komentara bez njihovog moderiranja.<\/p>\n\n\n\n<p>Za korisnike koji se registriraju na na\u0161oj web stranici (ako je primjenjivo), pohranjujemo osobne podatke navedene u njihovim korisni\u010dkim profilima.<br>Registrirani korisnici mogu pregledavati, mijenjati ili brisati svoje osobne podatke u bilo kojem trenutku, s izuzetkom korisni\u010dkih imena. Administratori web stranice zadr\u017eavaju mogu\u0107nost pristupa i ure\u0111ivanja ovih podataka kada je to potrebno.<\/p>\n\n\n\n<hr class=\"wp-block-separator has-alpha-channel-opacity\"\/>\n\n\n\n<h2 class=\"wp-block-heading\">8. Va\u0161a prava nad va\u0161im podacima<\/h2>\n\n\n\n<p>Ako imate ra\u010dun na ovoj web stranici ili ste prethodno poslali komentare, mo\u017eete zatra\u017eiti:<\/p>\n\n\n\n<ul class=\"wp-block-list\">\n<li>Izvezena datoteka koja sadr\u017ei osobne podatke koje imamo o vama<\/li>\n\n\n\n<li>Brisanje osobnih podataka povezanih s vama<\/li>\n<\/ul>\n\n\n\n<p>Zahtjevi za brisanje podataka ne odnose se na informacije koje smo zakonski ili administrativno obvezni zadr\u017eati radi uskla\u0111enosti, sigurnosti ili operativnih razloga.<\/p>\n\n\n\n<hr class=\"wp-block-separator has-alpha-channel-opacity\"\/>\n\n\n\n<h2 class=\"wp-block-heading\">9. Gdje se va\u0161i podaci obra\u0111uju<\/h2>\n\n\n\n<p>Komentari posjetitelja mogu se pregledati putem automatiziranih usluga za otkrivanje ne\u017eeljene po\u0161te kako bi se osigurala sigurnost i integritet web stranice.<\/p>\n\n\n\n<hr class=\"wp-block-separator has-alpha-channel-opacity\"\/>\n\n\n\n<h2 class=\"wp-block-heading\">10. Kontaktni podaci<\/h2>\n\n\n\n<p>Ako imate bilo kakvih pitanja u vezi s ovom Politikom privatnosti ili rukovanjem va\u0161im osobnim podacima, molimo da nas kontaktirate na:<\/p>\n\n\n\n<p>\ud83d\udce7 <strong><a href=\"mailto:support@mkreborns.com\">support@mkreborns.com<\/a><\/strong><\/p>\n\n\n\n<p><\/p>","protected":false},"excerpt":{"rendered":"<p>U Mk Rebornsu pridajemo veliku va\u017enost povjerljivosti, integritetu i odgovornom rukovanju osobnim podacima. Ova Pravila o privatnosti<\/p>","protected":false},"author":1,"featured_media":0,"parent":0,"menu_order":0,"comment_status":"closed","ping_status":"closed","template":"","meta":{"footnotes":""},"class_list":["post-3","page","type-page","status-publish","hentry"],"_links":{"self":[{"href":"https:\/\/www.mkreborns.com\/hr\/wp-json\/wp\/v2\/pages\/3","targetHints":{"allow":["GET"]}}],"collection":[{"href":"https:\/\/www.mkreborns.com\/hr\/wp-json\/wp\/v2\/pages"}],"about":[{"href":"https:\/\/www.mkreborns.com\/hr\/wp-json\/wp\/v2\/types\/page"}],"author":[{"embeddable":true,"href":"https:\/\/www.mkreborns.com\/hr\/wp-json\/wp\/v2\/users\/1"}],"replies":[{"embeddable":true,"href":"https:\/\/www.mkreborns.com\/hr\/wp-json\/wp\/v2\/comments?post=3"}],"version-history":[{"count":0,"href":"https:\/\/www.mkreborns.com\/hr\/wp-json\/wp\/v2\/pages\/3\/revisions"}],"wp:attachment":[{"href":"https:\/\/www.mkreborns.com\/hr\/wp-json\/wp\/v2\/media?parent=3"}],"curies":[{"name":"radni list","href":"https:\/\/api.w.org\/{rel}","templated":true}]}}