{"id":4602,"date":"2026-05-07T01:53:54","date_gmt":"2026-05-07T01:53:54","guid":{"rendered":"https:\/\/www.mkreborns.com\/?post_type=product&#038;p=4602"},"modified":"2026-05-13T14:41:14","modified_gmt":"2026-05-13T14:41:14","slug":"12-inch-full-silicone-children-gifts-reborn-baby-doll","status":"publish","type":"product","link":"https:\/\/www.mkreborns.com\/fr\/product\/12-inch-full-silicone-children-gifts-reborn-baby-doll\/","title":{"rendered":"Poup\u00e9e reborn de 30 cm en silicone, cadeau pour enfants"},"content":{"rendered":"<div class=\"product-specs-list-container\"><\/div>\n<div class=\"detailmodule_text\">\n<p class=\"detail-desc-decorate-content\" style=\"font-family: OpenSans; font-size: 14px; font-weight: 300; line-height: 20px; white-space: pre-wrap; margin-bottom: 12px;\"><span style=\"color: #000000;\">Hauteur : 12 pouces<\/span><br \/>\n<span style=\"color: #000000;\">Poids : 1,1 kg<\/span><br \/>\n<span style=\"color: #000000;\">Sexe : Gar\u00e7on<\/span><br \/>\n<span style=\"color: #000000;\">Mati\u00e8re : Silicone<\/span><br \/>\n<span style=\"color: #000000;\">Cette poup\u00e9e reborn est livr\u00e9e sans v\u00eatements. Si vous souhaitez des tenues, veuillez consulter notre section Accessoires pour poup\u00e9es reborn afin de choisir les v\u00eatements qui vous conviennent.<\/span><br \/>\n<span style=\"color: #000000;\">La poup\u00e9e reborn poss\u00e8de des membres flexibles, lui permettant de s&#039;asseoir, de s&#039;allonger ou d&#039;adopter diff\u00e9rentes positions de sommeil. D\u00e9pourvue de composants \u00e9lectroniques, elle n\u00e9cessite un entretien minimal. Offrir une poup\u00e9e reborn est un cadeau id\u00e9al pour un anniversaire, No\u00ebl, ou comme jouet pour enfant ou pi\u00e8ce de collection.<\/span><\/p>\n<p>&nbsp;<\/p>\n<\/div>\n<div class=\"detailmodule_image\"><img decoding=\"async\" class=\"detail-desc-decorate-image\" src=\"https:\/\/www.mkreborns.com\/wp-content\/uploads\/2026\/05\/kf-Sa2b8d47ad684458b990351e19f5d1a2bs-1.webp\" alt=\"\" title=\"\"><img decoding=\"async\" class=\"detail-desc-decorate-image\" src=\"https:\/\/www.mkreborns.com\/wp-content\/uploads\/2026\/05\/kf-S39ce9a8a554f438a96fcf130a132d83aa-1.webp\" alt=\"\" title=\"\"><img decoding=\"async\" class=\"detail-desc-decorate-image\" src=\"https:\/\/www.mkreborns.com\/wp-content\/uploads\/2026\/05\/kf-S3d4515f2deb64d17aeee4f89277607772-1.webp\" alt=\"Poup\u00e9e reborn en silicone avec membres articul\u00e9s, id\u00e9ale pour les enfants et les collectionneurs. Douce et r\u00e9aliste.\" title=\"\"> <img decoding=\"async\" class=\"detail-desc-decorate-image\" src=\"https:\/\/www.mkreborns.com\/wp-content\/uploads\/2026\/05\/kf-S83d31e6e6fb847929a053f66ca75cd2dp-1.webp\" alt=\"Poup\u00e9e reborn r\u00e9aliste, 31 cm, enti\u00e8rement en silicone, id\u00e9ale pour les enfants et les cadeaux, tr\u00e8s d\u00e9taill\u00e9e.\" title=\"\"> <img decoding=\"async\" class=\"detail-desc-decorate-image\" src=\"https:\/\/www.mkreborns.com\/wp-content\/uploads\/2026\/05\/kf-S1d7c4a92f2da488182c621f78f77ba35K-1.webp\" alt=\"\" title=\"\"><\/div>","protected":false},"excerpt":{"rendered":"<p>Cette poup\u00e9e reborn nouveau-n\u00e9 est un cadeau id\u00e9al pour les enfants, les amis ou les membres de la famille, et deviendra une merveilleuse compagne. Ses membres sont articul\u00e9s, ce qui permet de lui faire prendre diff\u00e9rentes positions de sommeil et ajoute une touche de r\u00e9alisme suppl\u00e9mentaire \u00e0 son r\u00f4le de compagnon.<\/p>","protected":false},"featured_media":4603,"comment_status":"open","ping_status":"closed","template":"","meta":[],"product_brand":[],"product_cat":[240,145,155,154,153],"product_tag":[],"class_list":{"0":"post-4602","1":"product","2":"type-product","3":"status-publish","4":"has-post-thumbnail","6":"product_cat-12-inch-reborn-dolls","7":"product_cat-baby-boy-reborn-dolls","8":"product_cat-cute-reborn-dolls","9":"product_cat-lifelike-reborn-dolls","10":"product_cat-newborn-reborn-dolls","12":"first","13":"instock","14":"sale","15":"shipping-taxable","16":"purchasable","17":"product-type-simple"},"_links":{"self":[{"href":"https:\/\/www.mkreborns.com\/fr\/wp-json\/wp\/v2\/product\/4602","targetHints":{"allow":["GET"]}}],"collection":[{"href":"https:\/\/www.mkreborns.com\/fr\/wp-json\/wp\/v2\/product"}],"about":[{"href":"https:\/\/www.mkreborns.com\/fr\/wp-json\/wp\/v2\/types\/product"}],"replies":[{"embeddable":true,"href":"https:\/\/www.mkreborns.com\/fr\/wp-json\/wp\/v2\/comments?post=4602"}],"wp:featuredmedia":[{"embeddable":true,"href":"https:\/\/www.mkreborns.com\/fr\/wp-json\/wp\/v2\/media\/4603"}],"wp:attachment":[{"href":"https:\/\/www.mkreborns.com\/fr\/wp-json\/wp\/v2\/media?parent=4602"}],"wp:term":[{"taxonomy":"product_brand","embeddable":true,"href":"https:\/\/www.mkreborns.com\/fr\/wp-json\/wp\/v2\/product_brand?post=4602"},{"taxonomy":"product_cat","embeddable":true,"href":"https:\/\/www.mkreborns.com\/fr\/wp-json\/wp\/v2\/product_cat?post=4602"},{"taxonomy":"product_tag","embeddable":true,"href":"https:\/\/www.mkreborns.com\/fr\/wp-json\/wp\/v2\/product_tag?post=4602"}],"curies":[{"name":"wp","href":"https:\/\/api.w.org\/{rel}","templated":true}]}}