{"id":4594,"date":"2026-05-07T01:52:24","date_gmt":"2026-05-07T01:52:24","guid":{"rendered":"https:\/\/www.mkreborns.com\/?post_type=product&#038;p=4594"},"modified":"2026-05-13T15:23:59","modified_gmt":"2026-05-13T15:23:59","slug":"19-inches-solid-silicone-cute-reborn-doll","status":"publish","type":"product","link":"https:\/\/www.mkreborns.com\/fr\/product\/19-inches-solid-silicone-cute-reborn-doll\/","title":{"rendered":"Poup\u00e9e reborn mignonne en silicone solide de 48 cm (19 pouces)"},"content":{"rendered":"<div class=\"product-specs-list-container\"><\/div>\n<div class=\"detailmodule_text\">\n<p>Hauteur : 18,9 pouces<br \/>\nSexe : B\u00e9b\u00e9 gar\u00e7on<br \/>\nPoids : 3,1 kg<br \/>\nMati\u00e8re : Silicone<br \/>\nUne tenue choisie au hasard sera offerte en cadeau \u00e0 l&#039;achat de cette poup\u00e9e reborn.<\/p>\n<p>Cette poup\u00e9e reborn est fabriqu\u00e9e en silicone et se nettoie \u00e0 l&#039;eau ti\u00e8de. Il est cependant imp\u00e9ratif de bien la s\u00e9cher imm\u00e9diatement apr\u00e8s le lavage. En silicone solide, elle offre un toucher remarquablement proche de celui de la peau d&#039;un vrai b\u00e9b\u00e9. Mesurant 48 cm, cette poup\u00e9e reborn reproduit fid\u00e8lement les dimensions d&#039;un nouveau-n\u00e9, ce qui la rend id\u00e9ale pour les c\u00e2lins ou la d\u00e9coration. D&#039;un poids mod\u00e9r\u00e9, elle est facile \u00e0 manipuler tout en conservant le poids r\u00e9aliste d&#039;un nourrisson.<br \/>\nPour le rangement, il est recommand\u00e9 de coucher la poup\u00e9e reborn \u00e0 plat ou de la placer debout afin d&#039;\u00e9viter toute d\u00e9formation due \u00e0 des objets lourds ou \u00e0 une compression prolong\u00e9e. Pour assurer sa long\u00e9vit\u00e9, veuillez la tenir \u00e0 l&#039;abri de la lumi\u00e8re directe et de la poussi\u00e8re, et la prot\u00e9ger des objets pointus et des animaux domestiques afin de ne pas endommager le silicone.<\/p>\n<p>&nbsp;<\/p>\n<\/div>\n<div class=\"detailmodule_image\"><img decoding=\"async\" class=\"detail-desc-decorate-image\" src=\"https:\/\/www.mkreborns.com\/wp-content\/uploads\/2026\/05\/kf-Sd449c2299cac4582b03493bccbd5ba86G.webp\" alt=\"Poup\u00e9e reborn en silicone de 48 cm (18,9 pouces) tr\u00e8s d\u00e9taill\u00e9e, douce au toucher, lavable, parfaite pour la collection ou comme cadeau.\" title=\"\"><\/div>","protected":false},"excerpt":{"rendered":"<p>Les poup\u00e9es reborn imitent la douceur et l&#039;\u00e9lasticit\u00e9 de la peau d&#039;un vrai b\u00e9b\u00e9, offrant un toucher chaud, doux et agr\u00e9able. Fabriqu\u00e9es en silicone solide, elles poss\u00e8dent une r\u00e9sistance exceptionnelle \u00e0 l&#039;oxydation, ce qui leur permet de ne pas jaunir ni se fissurer, m\u00eame apr\u00e8s une utilisation prolong\u00e9e.<\/p>","protected":false},"featured_media":4595,"comment_status":"open","ping_status":"closed","template":"","meta":[],"product_brand":[],"product_cat":[241,145,243,155,146,154,153,157],"product_tag":[],"class_list":{"0":"post-4594","1":"product","2":"type-product","3":"status-publish","4":"has-post-thumbnail","6":"product_cat-19-inch-reborn-dolls","7":"product_cat-baby-boy-reborn-dolls","8":"product_cat-black-reborn-dolls","9":"product_cat-cute-reborn-dolls","10":"product_cat-full-silicone-reborn-dolls","11":"product_cat-lifelike-reborn-dolls","12":"product_cat-newborn-reborn-dolls","13":"product_cat-real-life-baby-dolls","15":"first","16":"instock","17":"sale","18":"shipping-taxable","19":"purchasable","20":"product-type-simple"},"_links":{"self":[{"href":"https:\/\/www.mkreborns.com\/fr\/wp-json\/wp\/v2\/product\/4594","targetHints":{"allow":["GET"]}}],"collection":[{"href":"https:\/\/www.mkreborns.com\/fr\/wp-json\/wp\/v2\/product"}],"about":[{"href":"https:\/\/www.mkreborns.com\/fr\/wp-json\/wp\/v2\/types\/product"}],"replies":[{"embeddable":true,"href":"https:\/\/www.mkreborns.com\/fr\/wp-json\/wp\/v2\/comments?post=4594"}],"wp:featuredmedia":[{"embeddable":true,"href":"https:\/\/www.mkreborns.com\/fr\/wp-json\/wp\/v2\/media\/4595"}],"wp:attachment":[{"href":"https:\/\/www.mkreborns.com\/fr\/wp-json\/wp\/v2\/media?parent=4594"}],"wp:term":[{"taxonomy":"product_brand","embeddable":true,"href":"https:\/\/www.mkreborns.com\/fr\/wp-json\/wp\/v2\/product_brand?post=4594"},{"taxonomy":"product_cat","embeddable":true,"href":"https:\/\/www.mkreborns.com\/fr\/wp-json\/wp\/v2\/product_cat?post=4594"},{"taxonomy":"product_tag","embeddable":true,"href":"https:\/\/www.mkreborns.com\/fr\/wp-json\/wp\/v2\/product_tag?post=4594"}],"curies":[{"name":"wp","href":"https:\/\/api.w.org\/{rel}","templated":true}]}}