{"id":4536,"date":"2026-04-29T14:41:57","date_gmt":"2026-04-29T14:41:57","guid":{"rendered":"https:\/\/www.mkreborns.com\/product\/%e6%b5%b7%e5%a4%96%e4%bb%93%e5%8f%af%e4%bb%a3%e5%8f%91%e5%b7%a5%e5%8e%82%e7%9b%b4%e9%94%8033cm%e7%a1%85%e8%83%b6%e9%87%8d%e7%94%9f%e5%a8%83%e5%a8%83%e4%bb%bf%e7%9c%9f%e5%a9%b4%e5%84%bf%e5%8f%af\/"},"modified":"2026-05-16T03:25:58","modified_gmt":"2026-05-16T03:25:58","slug":"33cm-portable-silicone-reborn-doll-toy","status":"publish","type":"product","link":"https:\/\/www.mkreborns.com\/fr\/product\/33cm-portable-silicone-reborn-doll-toy\/","title":{"rendered":"Poup\u00e9e reborn portable en silicone de 33 cm"},"content":{"rendered":"<p>Un jouet cr\u00e9atif peut procurer une agr\u00e9able surprise. Cette poup\u00e9e reborn de 33 cm poss\u00e8de une peau souple et \u00e9lastique\u00a0; avec un peu d&#039;habillage, elle prend une apparence remarquablement r\u00e9aliste. Sa taille compacte la rend facile \u00e0 d\u00e9placer et \u00e0 transporter\u00a0; m\u00eame un jeune enfant peut la prendre et la transporter sans effort.<\/p>\n<p>Mati\u00e8re : Silicone<br \/>\nGenre : Fille<br \/>\nHauteur : 13 pouces<br \/>\nPoids : 1,4 kg<br \/>\nPoids de l&#039;emballage : 1,8 kg<\/p>\n<p>Le forfait complet comprend : des v\u00eatements et une bouteille.<\/p>\n<p>Veuillez pr\u00e9voir une tol\u00e9rance manuelle de 0,5 \u00e0 1 pouce, car le produit a \u00e9t\u00e9 mesur\u00e9 manuellement.<\/p>\n<p>&nbsp;<\/p>\n<p><img decoding=\"async\" src=\"https:\/\/www.mkreborns.com\/wp-content\/uploads\/2026\/04\/O1CN01rK6OAL1jfP7Qjj75E_2220331144575-0-cib.jpg\" alt=\"\" title=\"\"><\/p>\n<p><img decoding=\"async\" src=\"https:\/\/www.mkreborns.com\/wp-content\/uploads\/2026\/04\/O1CN015L1xRt1jfP7PcSVWO_2220331144575-0-cib.jpg\" alt=\"\" title=\"\"><\/p>\n<p><img decoding=\"async\" src=\"https:\/\/www.mkreborns.com\/wp-content\/uploads\/2026\/04\/O1CN01jzEZ1w1jfP7QeiqhF_2220331144575-0-cib.jpg\" alt=\"\" title=\"\"><\/p>\n<p><img decoding=\"async\" src=\"https:\/\/www.mkreborns.com\/wp-content\/uploads\/2026\/04\/O1CN01fTR5SE1jfP7R3hmhO_2220331144575-0-cib.jpg\" alt=\"\" title=\"\"><\/p>\n<p><img decoding=\"async\" src=\"https:\/\/www.mkreborns.com\/wp-content\/uploads\/2026\/04\/O1CN01r9No6E1jfP7R3kKgP_2220331144575-0-cib.jpg\" alt=\"\" title=\"\"><\/p>\n<p><img decoding=\"async\" src=\"https:\/\/www.mkreborns.com\/wp-content\/uploads\/2026\/04\/O1CN01ehxfZi1jfP7QxSLXJ_2220331144575-0-cib.jpg\" alt=\"Poup\u00e9e b\u00e9b\u00e9 reborn en silicone aux traits r\u00e9alistes, v\u00eatue de v\u00eatements jaune vif, tenant un objet violet.\" title=\"\"><\/p>\n<p><img decoding=\"async\" src=\"https:\/\/www.mkreborns.com\/wp-content\/uploads\/2026\/04\/O1CN01qjIvNl1jfP7RcdYle_2220331144575-0-cib.jpg\" alt=\"\" title=\"\"><\/p>\n<p><img decoding=\"async\" src=\"https:\/\/www.mkreborns.com\/wp-content\/uploads\/2026\/04\/O1CN01nuNaaS1jfP7QTQ0dW_2220331144575-0-cib.jpg\" alt=\"Poup\u00e9e reborn r\u00e9aliste en silicone, v\u00eatue de v\u00eatements et d&#039;un chapeau jaunes, aux traits r\u00e9alistes.\" title=\"\"><\/p>\n<p><img decoding=\"async\" src=\"https:\/\/www.mkreborns.com\/wp-content\/uploads\/2026\/04\/O1CN01vgMwM61jfP7QSNqXV_2220331144575-0-cib.jpg\" alt=\"\" title=\"\"><\/p>\n<p><img decoding=\"async\" src=\"https:\/\/www.mkreborns.com\/wp-content\/uploads\/2026\/04\/O1CN01A5x5TL1jfP7Psk5LM_2220331144575-0-cib.jpg\" alt=\"Poup\u00e9e reborn aux traits r\u00e9alistes, portant un bonnet jaune tricot\u00e9 et un pull assorti, parfaite pour\u2026.\" title=\"\"><\/p>\n<p><img decoding=\"async\" src=\"https:\/\/www.mkreborns.com\/wp-content\/uploads\/2026\/04\/O1CN01CIPvGu1jfP7Qei2sF_2220331144575-0-cib.jpg\" alt=\"Poup\u00e9e b\u00e9b\u00e9 reborn en silicone aux traits r\u00e9alistes, v\u00eatue d&#039;un tricot jaune, parfaite pour les collectionneurs.\" title=\"\"><\/p>\n<p><img decoding=\"async\" src=\"https:\/\/www.mkreborns.com\/wp-content\/uploads\/2026\/04\/O1CN01r6RAcu1jfP7QALRMk_2220331144575-0-cib.jpg\" alt=\"Poup\u00e9e reborn en silicone aux traits r\u00e9alistes et \u00e0 la texture douce, parfaite pour les collectionneurs et les enfants.\" title=\"\"><\/p>\n<p><img decoding=\"async\" src=\"https:\/\/www.mkreborns.com\/wp-content\/uploads\/2026\/04\/O1CN01WDXtoK1jfP7QK3xqa_2220331144575-0-cib.jpg\" alt=\"\" title=\"\"><\/p>\n<p><img decoding=\"async\" src=\"https:\/\/www.mkreborns.com\/wp-content\/uploads\/2026\/04\/O1CN01NAz7Bu1jfP7QSOicW_2220331144575-0-cib.jpg\" alt=\"\" title=\"\"><\/p>","protected":false},"excerpt":{"rendered":"<p>Une poup\u00e9e reborn portable peut offrir une compagnie silencieuse, restant discr\u00e8tement \u00e0 vos c\u00f4t\u00e9s et vous donnant le sentiment que la vie est plus int\u00e9ressante.<\/p>","protected":false},"featured_media":4555,"comment_status":"open","ping_status":"closed","template":"","meta":[],"product_brand":[],"product_cat":[156],"product_tag":[],"class_list":{"0":"post-4536","1":"product","2":"type-product","3":"status-publish","4":"has-post-thumbnail","6":"product_cat-life-sized-dolls","8":"first","9":"instock","10":"sale","11":"shipping-taxable","12":"purchasable","13":"product-type-simple"},"_links":{"self":[{"href":"https:\/\/www.mkreborns.com\/fr\/wp-json\/wp\/v2\/product\/4536","targetHints":{"allow":["GET"]}}],"collection":[{"href":"https:\/\/www.mkreborns.com\/fr\/wp-json\/wp\/v2\/product"}],"about":[{"href":"https:\/\/www.mkreborns.com\/fr\/wp-json\/wp\/v2\/types\/product"}],"replies":[{"embeddable":true,"href":"https:\/\/www.mkreborns.com\/fr\/wp-json\/wp\/v2\/comments?post=4536"}],"wp:featuredmedia":[{"embeddable":true,"href":"https:\/\/www.mkreborns.com\/fr\/wp-json\/wp\/v2\/media\/4555"}],"wp:attachment":[{"href":"https:\/\/www.mkreborns.com\/fr\/wp-json\/wp\/v2\/media?parent=4536"}],"wp:term":[{"taxonomy":"product_brand","embeddable":true,"href":"https:\/\/www.mkreborns.com\/fr\/wp-json\/wp\/v2\/product_brand?post=4536"},{"taxonomy":"product_cat","embeddable":true,"href":"https:\/\/www.mkreborns.com\/fr\/wp-json\/wp\/v2\/product_cat?post=4536"},{"taxonomy":"product_tag","embeddable":true,"href":"https:\/\/www.mkreborns.com\/fr\/wp-json\/wp\/v2\/product_tag?post=4536"}],"curies":[{"name":"wp","href":"https:\/\/api.w.org\/{rel}","templated":true}]}}