{"id":4295,"date":"2026-03-25T13:09:05","date_gmt":"2026-03-25T13:09:05","guid":{"rendered":"https:\/\/www.mkreborns.com\/?post_type=product&#038;p=4295"},"modified":"2026-03-25T15:42:20","modified_gmt":"2026-03-25T15:42:20","slug":"shyann-18-inch-african-american-reborn-baby-doll-girl","status":"publish","type":"product","link":"https:\/\/www.mkreborns.com\/fr\/product\/shyann-18-inch-african-american-reborn-baby-doll-girl\/","title":{"rendered":"Poup\u00e9e reborn Shyann de 45 cm (18 pouces), fille afro-am\u00e9ricaine"},"content":{"rendered":"<h2>Shyann \u2013 Une poup\u00e9e reborn Shyann afro-am\u00e9ricaine sereine<\/h2>\n<div>Shyann est une douce incarnation de l&#039;art des poup\u00e9es reborn afro-am\u00e9ricaines, confectionn\u00e9e avec les yeux clos et une expression paisible de sommeil. Son corps en vinyle souple et ses cheveux implant\u00e9s \u00e0 la main lui conf\u00e8rent un r\u00e9alisme saisissant qui s\u00e9duira les collectionneurs de poup\u00e9es reborn afro-am\u00e9ricaines. Avec un poids \u00e9quilibr\u00e9 et des proportions naturelles, elle est agr\u00e9able \u00e0 tenir et \u00e0 exposer.<\/div>\n<h3>D\u00e9tails r\u00e9alistes pour les poup\u00e9es reborn afro-am\u00e9ricaines<\/h3>\n<div>Chaque d\u00e9tail de Shyann t\u00e9moigne d&#039;une grande pr\u00e9cision, de ses cils fins \u00e0 la texture subtile de sa peau. Con\u00e7ue comme une poup\u00e9e reborn afro-am\u00e9ricaine abordable, elle offre une qualit\u00e9 irr\u00e9prochable. Son regard paisible et sa morphologie souple en font un ajout pr\u00e9cieux aux collections de poup\u00e9es reborn afro-am\u00e9ricaines.<\/div>\n<div>Caract\u00e9ristiques et avantages du produit<\/div>\n<ol>\n<li>Cheveux implant\u00e9s \u00e0 la main pour un r\u00e9alisme naturel<\/li>\n<li>Yeux ferm\u00e9s avec des cils d\u00e9licatement d\u00e9taill\u00e9s<\/li>\n<li>Corps en vinyle souple avec une l\u00e9g\u00e8re flexibilit\u00e9<\/li>\n<li>Taille id\u00e9ale pour la d\u00e9coration ou l&#039;am\u00e9nagement d&#039;une chambre d&#039;enfant<\/li>\n<\/ol>\n<hr \/>\n<h3>Sp\u00e9cifications du produit<\/h3>\n<ul>\n<li>Substance chimique pr\u00e9occupante\u00a0: Aucune<\/li>\n<li>Taille : Environ 45 cm (18 pouces) de la t\u00eate aux pieds<\/li>\n<li>Poids : environ 1,1 kg<\/li>\n<li>Mati\u00e8re : La t\u00eate, les bras, les jambes et le corps sont en vinyle.<\/li>\n<li>Genre de la poup\u00e9e : Fille<\/li>\n<li>Yeux : Ferm\u00e9s, cils implant\u00e9s \u00e0 la main<\/li>\n<li>Cheveux : Cheveux implant\u00e9s \u00e0 la main<\/li>\n<li>V\u00eatements : Convient aux v\u00eatements pour b\u00e9b\u00e9s de 0 \u00e0 3 mois (1 ensemble inclus)<\/li>\n<\/ul>\n<div>Le forfait comprend<\/div>\n<ul>\n<li>1 x Poup\u00e9e Reborn<\/li>\n<li>1 x Ensemble de v\u00eatements<\/li>\n<li>1 x Sucette magn\u00e9tique<\/li>\n<li>1 biberon<\/li>\n<li>1 x Couche<\/li>\n<li>1 x Certificat de naissance<\/li>\n<\/ul>\n<div>Shyann d\u00e9gage une pr\u00e9sence apaisante et un savoir-faire raffin\u00e9, ce qui en fait un choix judicieux pour les collectionneurs qui appr\u00e9cient les poup\u00e9es reborn Shyann afro-am\u00e9ricaines.<\/div>\n<p><img decoding=\"async\" class=\"detail-desc-decorate-image\" src=\"https:\/\/www.mkreborns.com\/wp-content\/uploads\/2026\/03\/kf-Sd6ba1d42f8404419a91182edf0b66b3fk.webp\" alt=\"\" title=\"\"><img decoding=\"async\" class=\"detail-desc-decorate-image\" src=\"https:\/\/www.mkreborns.com\/wp-content\/uploads\/2026\/03\/kf-S88d5262bfa234b1ebaa4b92ab3b9f7f3m.webp\" alt=\"\" title=\"\"><img decoding=\"async\" class=\"detail-desc-decorate-image\" src=\"https:\/\/www.mkreborns.com\/wp-content\/uploads\/2026\/03\/kf-Saf2022f3fada484d81cedfaf5eb79192v.webp\" alt=\"\" title=\"\"><img decoding=\"async\" class=\"detail-desc-decorate-image\" src=\"https:\/\/www.mkreborns.com\/wp-content\/uploads\/2026\/03\/kf-Saa9554c74c8e441396ebdecdf32e3f7a7.webp\" alt=\"\" title=\"\"><img decoding=\"async\" class=\"detail-desc-decorate-image\" src=\"https:\/\/www.mkreborns.com\/wp-content\/uploads\/2026\/03\/kf-S663e7c12050045f385018c20eb450a6dQ.webp\" alt=\"\" title=\"\"><img decoding=\"async\" class=\"detail-desc-decorate-image\" src=\"https:\/\/www.mkreborns.com\/wp-content\/uploads\/2026\/03\/kf-S01587d6a9f8142bab36a73df4ddbdb35Y.webp\" alt=\"\" title=\"\"><img decoding=\"async\" class=\"detail-desc-decorate-image\" src=\"https:\/\/www.mkreborns.com\/wp-content\/uploads\/2026\/03\/kf-S4c0dd0bcb0ac49779c6218306d13ce69k.webp\" alt=\"\" title=\"\"><img decoding=\"async\" class=\"detail-desc-decorate-image\" src=\"https:\/\/www.mkreborns.com\/wp-content\/uploads\/2026\/03\/kf-Se651a7a160954ab6adc2b5e3a53b2bc8q.webp\" alt=\"\" title=\"\"><\/p>","protected":false},"excerpt":{"rendered":"<p>Une paisible Belle au Bois Dormant aux traits d\u00e9licats, con\u00e7ue pour apporter chaleur et r\u00e9alisme \u00e0 chaque collection reborn.<\/p>","protected":false},"featured_media":4296,"comment_status":"open","ping_status":"closed","template":"","meta":[],"product_brand":[],"product_cat":[242,151,144,243,155,156,152],"product_tag":[],"class_list":{"0":"post-4295","1":"product","2":"type-product","3":"status-publish","4":"has-post-thumbnail","6":"product_cat-african-american-reborn-dolls","7":"product_cat-18-inch-reborn-dolls","8":"product_cat-baby-girl-reborn-dolls","9":"product_cat-black-reborn-dolls","10":"product_cat-cute-reborn-dolls","11":"product_cat-life-sized-dolls","12":"product_cat-vinyl-reborn-dolls","14":"first","15":"instock","16":"sale","17":"shipping-taxable","18":"purchasable","19":"product-type-simple"},"_links":{"self":[{"href":"https:\/\/www.mkreborns.com\/fr\/wp-json\/wp\/v2\/product\/4295","targetHints":{"allow":["GET"]}}],"collection":[{"href":"https:\/\/www.mkreborns.com\/fr\/wp-json\/wp\/v2\/product"}],"about":[{"href":"https:\/\/www.mkreborns.com\/fr\/wp-json\/wp\/v2\/types\/product"}],"replies":[{"embeddable":true,"href":"https:\/\/www.mkreborns.com\/fr\/wp-json\/wp\/v2\/comments?post=4295"}],"wp:featuredmedia":[{"embeddable":true,"href":"https:\/\/www.mkreborns.com\/fr\/wp-json\/wp\/v2\/media\/4296"}],"wp:attachment":[{"href":"https:\/\/www.mkreborns.com\/fr\/wp-json\/wp\/v2\/media?parent=4295"}],"wp:term":[{"taxonomy":"product_brand","embeddable":true,"href":"https:\/\/www.mkreborns.com\/fr\/wp-json\/wp\/v2\/product_brand?post=4295"},{"taxonomy":"product_cat","embeddable":true,"href":"https:\/\/www.mkreborns.com\/fr\/wp-json\/wp\/v2\/product_cat?post=4295"},{"taxonomy":"product_tag","embeddable":true,"href":"https:\/\/www.mkreborns.com\/fr\/wp-json\/wp\/v2\/product_tag?post=4295"}],"curies":[{"name":"wp","href":"https:\/\/api.w.org\/{rel}","templated":true}]}}