{"id":4213,"date":"2026-03-25T02:10:39","date_gmt":"2026-03-25T02:10:39","guid":{"rendered":"https:\/\/www.mkreborns.com\/?post_type=product&#038;p=4213"},"modified":"2026-03-25T02:18:24","modified_gmt":"2026-03-25T02:18:24","slug":"kiri-avatar-baby-doll-reborn-girl-20-inch-vinyl-baby","status":"publish","type":"product","link":"https:\/\/www.mkreborns.com\/fr\/product\/kiri-avatar-baby-doll-reborn-girl-20-inch-vinyl-baby\/","title":{"rendered":"Poup\u00e9e b\u00e9b\u00e9 Kiri Avatar Reborn fille de 50 cm en vinyle"},"content":{"rendered":"<h3>Sp\u00e9cifications du produit<\/h3>\n<ul>\n<li>Substance chimique pr\u00e9occupante\u00a0: Aucune<\/li>\n<li>Genre : Filles<\/li>\n<li>Dimensions : 20 pouces<\/li>\n<li>Mati\u00e8re : Vinyle<\/li>\n<\/ul>\n<h2>Poup\u00e9e b\u00e9b\u00e9 avatar reborn avec pr\u00e9cision nouveau-n\u00e9<\/h2>\n<div>Cette poup\u00e9e reborn avatar t\u00e9moigne d&#039;un savoir-faire exceptionnel, notamment gr\u00e2ce \u00e0 ses contours doux, ses d\u00e9grad\u00e9s de peau subtils et sa pose paisible. Con\u00e7ue comme une petite fille reborn avatar, elle d\u00e9gage une douceur qui en fait un cadeau id\u00e9al pour les collectionneurs. Pour ceux qui recherchent des poup\u00e9es reborn avatar, ce mod\u00e8le allie robustesse et d\u00e9tails raffin\u00e9s, ce qui en fait une pi\u00e8ce remarquable.<\/div>\n<h3>Construction en vinyle r\u00e9aliste et d\u00e9tails fins<\/h3>\n<div>La structure enti\u00e8rement en vinyle de 50 cm offre une surface douce au toucher tout en pr\u00e9servant un r\u00e9alisme anatomique subtil. Des m\u00e8ches de cheveux peintes \u00e0 la main aux l\u00e8vres et aux ongles aux teintes naturelles, chaque d\u00e9tail contribue \u00e0 l&#039;authenticit\u00e9 de la figurine. Son corps articul\u00e9 permet une grande flexibilit\u00e9 de positionnement sans alt\u00e9rer sa forme.<\/div>\n<h3>Principales caract\u00e9ristiques et avantages<\/h3>\n<ol>\n<li>Taille 20 pouces avec des proportions \u00e9quilibr\u00e9es pour nouveau-n\u00e9<\/li>\n<li>Mat\u00e9riau vinyle de qualit\u00e9 sup\u00e9rieure avec une finition mate douce<\/li>\n<li>Des d\u00e9tails minutieux peints \u00e0 la main pour un r\u00e9alisme accru<\/li>\n<li>Membres flexibles pour faciliter la mise en sc\u00e8ne et l&#039;exposition<\/li>\n<\/ol>\n<div>Cr\u00e9\u00e9e sans produits chimiques pr\u00e9occupants et con\u00e7ue pour \u00eatre expos\u00e9e ou offerte en cadeau sur le long terme, cette pi\u00e8ce de collection reste un choix raffin\u00e9 pour tout amateur de poup\u00e9es reborn \u00e0 l&#039;effigie d&#039;avatars.<\/div>","protected":false},"excerpt":{"rendered":"<p>Une poup\u00e9e reborn avatar sereine, avec une sculpture faciale d\u00e9licate, une texture en vinyle doux et un r\u00e9alisme de nouveau-n\u00e9 raffin\u00e9 qui attire instantan\u00e9ment l&#039;attention.<\/p>","protected":false},"featured_media":4214,"comment_status":"open","ping_status":"closed","template":"","meta":[],"product_brand":[],"product_cat":[237,239,144,156,153,152],"product_tag":[],"class_list":{"0":"post-4213","1":"product","2":"type-product","3":"status-publish","4":"has-post-thumbnail","6":"product_cat-20-inch-reborn-dolls","7":"product_cat-avatar-reborn-dolls","8":"product_cat-baby-girl-reborn-dolls","9":"product_cat-life-sized-dolls","10":"product_cat-newborn-reborn-dolls","11":"product_cat-vinyl-reborn-dolls","13":"first","14":"instock","15":"sale","16":"shipping-taxable","17":"purchasable","18":"product-type-simple"},"_links":{"self":[{"href":"https:\/\/www.mkreborns.com\/fr\/wp-json\/wp\/v2\/product\/4213","targetHints":{"allow":["GET"]}}],"collection":[{"href":"https:\/\/www.mkreborns.com\/fr\/wp-json\/wp\/v2\/product"}],"about":[{"href":"https:\/\/www.mkreborns.com\/fr\/wp-json\/wp\/v2\/types\/product"}],"replies":[{"embeddable":true,"href":"https:\/\/www.mkreborns.com\/fr\/wp-json\/wp\/v2\/comments?post=4213"}],"wp:featuredmedia":[{"embeddable":true,"href":"https:\/\/www.mkreborns.com\/fr\/wp-json\/wp\/v2\/media\/4214"}],"wp:attachment":[{"href":"https:\/\/www.mkreborns.com\/fr\/wp-json\/wp\/v2\/media?parent=4213"}],"wp:term":[{"taxonomy":"product_brand","embeddable":true,"href":"https:\/\/www.mkreborns.com\/fr\/wp-json\/wp\/v2\/product_brand?post=4213"},{"taxonomy":"product_cat","embeddable":true,"href":"https:\/\/www.mkreborns.com\/fr\/wp-json\/wp\/v2\/product_cat?post=4213"},{"taxonomy":"product_tag","embeddable":true,"href":"https:\/\/www.mkreborns.com\/fr\/wp-json\/wp\/v2\/product_tag?post=4213"}],"curies":[{"name":"wp","href":"https:\/\/api.w.org\/{rel}","templated":true}]}}