{"id":4195,"date":"2026-03-24T08:06:41","date_gmt":"2026-03-24T08:06:41","guid":{"rendered":"https:\/\/www.mkreborns.com\/?post_type=product&#038;p=4195"},"modified":"2026-03-24T08:33:50","modified_gmt":"2026-03-24T08:33:50","slug":"realistic-bonnie-brown-20-inch-vinyl-boy-twin-reborn-doll","status":"publish","type":"product","link":"https:\/\/www.mkreborns.com\/fr\/product\/realistic-bonnie-brown-20-inch-vinyl-boy-twin-reborn-doll\/","title":{"rendered":"Poup\u00e9e reborn r\u00e9aliste Bonnie Brown de 50 cm en vinyle, gar\u00e7on jumeau"},"content":{"rendered":"<h2>Le talent artistique magistral des jumelles Bonnie Brown<\/h2>\n<div>Mk Reborns pr\u00e9sente une reproduction exquise des embl\u00e9matiques jumelles de Bonnie Brown, une sculpture qui capture l&#039;innocence \u00e9th\u00e9r\u00e9e de l&#039;enfance. Chaque poup\u00e9e de 50 cm en vinyle est orn\u00e9e de marbrures de peau peintes \u00e0 la main et de membres doux au toucher qui imitent la souplesse de la peau humaine. Abordables, ces poup\u00e9es reborn jumelles, d&#039;une qualit\u00e9 de fabrication exceptionnelle, trouveront assur\u00e9ment leur place dans votre collection.<\/div>\n<h3>Caract\u00e9ristiques authentiques des poup\u00e9es Reborn Twins<\/h3>\n<div>Ces poup\u00e9es reborn repr\u00e9sentant des jumeaux sont livr\u00e9es avec des v\u00eatements confectionn\u00e9s sur mesure et leur pr\u00e9sence tactile invite \u00e0 la d\u00e9licatesse. Leur pr\u00e9cision anatomique et leurs expressions sereines offrent un point de concentration apaisant pour ceux qui recherchent une simulation r\u00e9aliste de soins maternels.<\/div>\n<ul>\n<li>Fabriqu\u00e9 \u00e0 partir de vinyle de qualit\u00e9 sup\u00e9rieure et non toxique pour une int\u00e9grit\u00e9 structurelle durable.<\/li>\n<li>Mesurant 50 cm, elle offre un poids cons\u00e9quent et r\u00e9aliste lorsqu&#039;on la tient dans ses bras.<\/li>\n<li>Des d\u00e9tails en micro-veines et des lits d&#039;ongles translucides donnent une impression de profondeur visuelle.<\/li>\n<\/ul>\n<div>Les propri\u00e9taires appr\u00e9cient la double complicit\u00e9 qu&#039;offrent ces adorables jumeaux reborn, qui capturent \u00e0 la perfection le charme synchronis\u00e9 des fr\u00e8res et s\u0153urs. Chaque d\u00e9tail esth\u00e9tique renforce l&#039;attrait ind\u00e9niable de ces jumeaux reborn Bonnie Brown, de grande fid\u00e9lit\u00e9.<\/div>","protected":false},"excerpt":{"rendered":"<div>Adopter ces d\u00e9licats pensionnaires de pouponni\u00e8re apporte une profonde s\u00e9r\u00e9nit\u00e9 \u00e0 tout collectionneur. Ces compagnons, au poids minutieux, refl\u00e8tent les subtiles nuances de l&#039;anatomie n\u00e9onatale, tissant un lien \u00e9motionnel imm\u00e9diat qui d\u00e9passe le simple passe-temps.<\/div>","protected":false},"featured_media":4196,"comment_status":"open","ping_status":"closed","template":"","meta":[],"product_brand":[],"product_cat":[237,145,236,152],"product_tag":[],"class_list":{"0":"post-4195","1":"product","2":"type-product","3":"status-publish","4":"has-post-thumbnail","6":"product_cat-20-inch-reborn-dolls","7":"product_cat-baby-boy-reborn-dolls","8":"product_cat-twin-reborn-dolls","9":"product_cat-vinyl-reborn-dolls","11":"first","12":"instock","13":"sale","14":"shipping-taxable","15":"purchasable","16":"product-type-simple"},"_links":{"self":[{"href":"https:\/\/www.mkreborns.com\/fr\/wp-json\/wp\/v2\/product\/4195","targetHints":{"allow":["GET"]}}],"collection":[{"href":"https:\/\/www.mkreborns.com\/fr\/wp-json\/wp\/v2\/product"}],"about":[{"href":"https:\/\/www.mkreborns.com\/fr\/wp-json\/wp\/v2\/types\/product"}],"replies":[{"embeddable":true,"href":"https:\/\/www.mkreborns.com\/fr\/wp-json\/wp\/v2\/comments?post=4195"}],"wp:featuredmedia":[{"embeddable":true,"href":"https:\/\/www.mkreborns.com\/fr\/wp-json\/wp\/v2\/media\/4196"}],"wp:attachment":[{"href":"https:\/\/www.mkreborns.com\/fr\/wp-json\/wp\/v2\/media?parent=4195"}],"wp:term":[{"taxonomy":"product_brand","embeddable":true,"href":"https:\/\/www.mkreborns.com\/fr\/wp-json\/wp\/v2\/product_brand?post=4195"},{"taxonomy":"product_cat","embeddable":true,"href":"https:\/\/www.mkreborns.com\/fr\/wp-json\/wp\/v2\/product_cat?post=4195"},{"taxonomy":"product_tag","embeddable":true,"href":"https:\/\/www.mkreborns.com\/fr\/wp-json\/wp\/v2\/product_tag?post=4195"}],"curies":[{"name":"wp","href":"https:\/\/api.w.org\/{rel}","templated":true}]}}