{"id":4165,"date":"2026-03-22T14:35:28","date_gmt":"2026-03-22T14:35:28","guid":{"rendered":"https:\/\/www.mkreborns.com\/product\/18-inch-soft-vinyl-open-eye-reborn-baby-doll\/"},"modified":"2026-03-22T15:34:35","modified_gmt":"2026-03-22T15:34:35","slug":"18-inch-soft-vinyl-open-eye-reborn-baby-doll","status":"publish","type":"product","link":"https:\/\/www.mkreborns.com\/fr\/product\/18-inch-soft-vinyl-open-eye-reborn-baby-doll\/","title":{"rendered":"Poup\u00e9e reborn de 45 cm en vinyle souple, yeux ouverts"},"content":{"rendered":"<p>Cette poup\u00e9e reborn, aux veines bien visibles, est d&#039;un r\u00e9alisme saisissant. Elle peut s&#039;asseoir ou s&#039;allonger, ne parle pas et ne cligne pas des yeux. D\u00e9pourvue de composants \u00e9lectroniques complexes, elle est facile d&#039;entretien et id\u00e9ale pour les collectionneurs. Lors du nettoyage, manipulez-la avec pr\u00e9caution et \u00e9vitez de frotter vigoureusement les sourcils afin de pr\u00e9server leur couleur.<\/p>\n<p>&nbsp;<\/p>\n<p>Mati\u00e8re : PVC int\u00e9gral<br \/>\nGenre : Choisissez entre gar\u00e7on ou fille<br \/>\nHauteur : 18 pouces<br \/>\nPoids : 1,1 kg<br \/>\nFaux cils : Faux cils adh\u00e9sifs<br \/>\nPoids de l&#039;emballage : 1,6 kg<br \/>\nDimensions de l&#039;emballage : 46 x 20 x 13 cm<br \/>\nLe forfait complet comprend : v\u00eatements, couche, t\u00e9tine magn\u00e9tique, biberon et certificat de naissance.<\/p>\n<p>&nbsp;<\/p>\n<p><img decoding=\"async\" src=\"https:\/\/www.mkreborns.com\/wp-content\/uploads\/2026\/03\/O1CN01PhbSDV1lsnmHX7b7l_2831564875-0-cib.jpg\" alt=\"\" title=\"\"><\/p>\n<p><img decoding=\"async\" src=\"https:\/\/www.mkreborns.com\/wp-content\/uploads\/2026\/03\/O1CN01Fqa8AT1lsnmKDSTq1_2831564875-0-cib.jpg\" alt=\"\" title=\"\"><\/p>\n<p>Veuillez pr\u00e9voir une tol\u00e9rance manuelle de 0,5 \u00e0 1 pouce, car le produit a \u00e9t\u00e9 mesur\u00e9 manuellement.<\/p>","protected":false},"excerpt":{"rendered":"<p>En tant que personne responsable de la poup\u00e9e reborn, vous pouvez acheter diff\u00e9rents styles de v\u00eatements pour la poup\u00e9e, adapt\u00e9s \u00e0 diff\u00e9rentes occasions.<\/p>","protected":false},"featured_media":4167,"comment_status":"open","ping_status":"closed","template":"","meta":[],"product_brand":[],"product_cat":[151,145,144,155,156,154,157,152],"product_tag":[],"class_list":{"0":"post-4165","1":"product","2":"type-product","3":"status-publish","4":"has-post-thumbnail","6":"product_cat-18-inch-reborn-dolls","7":"product_cat-baby-boy-reborn-dolls","8":"product_cat-baby-girl-reborn-dolls","9":"product_cat-cute-reborn-dolls","10":"product_cat-life-sized-dolls","11":"product_cat-lifelike-reborn-dolls","12":"product_cat-real-life-baby-dolls","13":"product_cat-vinyl-reborn-dolls","15":"first","16":"instock","17":"sale","18":"shipping-taxable","19":"purchasable","20":"product-type-variable","21":"has-default-attributes"},"_links":{"self":[{"href":"https:\/\/www.mkreborns.com\/fr\/wp-json\/wp\/v2\/product\/4165","targetHints":{"allow":["GET"]}}],"collection":[{"href":"https:\/\/www.mkreborns.com\/fr\/wp-json\/wp\/v2\/product"}],"about":[{"href":"https:\/\/www.mkreborns.com\/fr\/wp-json\/wp\/v2\/types\/product"}],"replies":[{"embeddable":true,"href":"https:\/\/www.mkreborns.com\/fr\/wp-json\/wp\/v2\/comments?post=4165"}],"wp:featuredmedia":[{"embeddable":true,"href":"https:\/\/www.mkreborns.com\/fr\/wp-json\/wp\/v2\/media\/4167"}],"wp:attachment":[{"href":"https:\/\/www.mkreborns.com\/fr\/wp-json\/wp\/v2\/media?parent=4165"}],"wp:term":[{"taxonomy":"product_brand","embeddable":true,"href":"https:\/\/www.mkreborns.com\/fr\/wp-json\/wp\/v2\/product_brand?post=4165"},{"taxonomy":"product_cat","embeddable":true,"href":"https:\/\/www.mkreborns.com\/fr\/wp-json\/wp\/v2\/product_cat?post=4165"},{"taxonomy":"product_tag","embeddable":true,"href":"https:\/\/www.mkreborns.com\/fr\/wp-json\/wp\/v2\/product_tag?post=4165"}],"curies":[{"name":"wp","href":"https:\/\/api.w.org\/{rel}","templated":true}]}}