{"id":4094,"date":"2026-03-19T02:43:43","date_gmt":"2026-03-19T02:43:43","guid":{"rendered":"https:\/\/www.mkreborns.com\/?post_type=product&#038;p=4094"},"modified":"2026-03-19T15:52:52","modified_gmt":"2026-03-19T15:52:52","slug":"reborn-baby-doll-magnetic-pacifier-realistic-fit","status":"publish","type":"product","link":"https:\/\/www.mkreborns.com\/fr\/product\/reborn-baby-doll-magnetic-pacifier-realistic-fit\/","title":{"rendered":"Sucette magn\u00e9tique pour poup\u00e9e reborn, taille r\u00e9aliste"},"content":{"rendered":"<h2>Sucette magn\u00e9tique pour poup\u00e9e reborn<\/h2>\n<div>La t\u00e9tine magn\u00e9tique pour poup\u00e9e reborn est con\u00e7ue pour cr\u00e9er une interaction r\u00e9aliste et naturelle entre la poup\u00e9e et ses accessoires. Compatible avec les poup\u00e9es reborn nouveau-n\u00e9es dot\u00e9es d&#039;une t\u00e9tine magn\u00e9tique, elle se fixe facilement sur les poup\u00e9es \u00e9quip\u00e9es d&#039;aimants internes. Sa structure \u00e9quilibr\u00e9e assure un alignement parfait et une pr\u00e9sentation plus vraie que nature.<\/div>\n<h3>Fixation s\u00e9curis\u00e9e et d\u00e9tails r\u00e9alistes<\/h3>\n<div>Cette t\u00e9tine est dot\u00e9e d&#039;un aimant int\u00e9gr\u00e9 qui permet de la mettre et de la retirer facilement tout en assurant une bonne stabilit\u00e9. Elle est particuli\u00e8rement adapt\u00e9e aux poup\u00e9es reborn r\u00e9alistes qui peuvent utiliser de vraies t\u00e9tines, offrant une pose r\u00e9aliste pour nourrir ou apaiser l&#039;enfant. Sa surface ext\u00e9rieure lisse garantit une manipulation en toute s\u00e9curit\u00e9 et une finition soign\u00e9e.<\/div>\n<h3>Principales caract\u00e9ristiques et avantages<\/h3>\n<ul>\n<li>Aimant interne puissant pour une position stable<\/li>\n<li>Con\u00e7u pour les poup\u00e9es reborn nouveau-n\u00e9es avec t\u00e9tine magn\u00e9tique<\/li>\n<li>Compatible avec les poup\u00e9es reborn r\u00e9alistes qui peuvent prendre de vraies t\u00e9tines<\/li>\n<li>Construction l\u00e9g\u00e8re pour un placement naturel<\/li>\n<li>Mat\u00e9riau durable pour une utilisation r\u00e9p\u00e9t\u00e9e<\/li>\n<\/ul>\n<div>Cet accessoire rehausse le r\u00e9alisme de votre collection, ce qui en fait un ajout essentiel pour les collectionneurs \u00e0 la recherche d&#039;une t\u00e9tine magn\u00e9tique de haute qualit\u00e9 pour une poup\u00e9e reborn.<\/div>\n<div>Sucette magn\u00e9tique, indispensable pour b\u00e9b\u00e9 reborn ! Gr\u00e2ce \u00e0 elle, la poup\u00e9e (bouche ferm\u00e9e) peut sucer une sucette ! Mais avant tout, il faut un aimant dans la bouche de la poup\u00e9e.<\/div>\n<div>Taille : voir photos<\/div>\n<div>Contenu de l&#039;emballage\u00a0: 1 pi\u00e8ce<\/div>\n<div class=\"detailmodule_image\"><img decoding=\"async\" class=\"detail-desc-decorate-image\" src=\"https:\/\/www.mkreborns.com\/wp-content\/uploads\/2026\/03\/kf-S57fdc27edc6e45fd90840739bcbc10bdK.webp\" alt=\"\" title=\"\"><img decoding=\"async\" class=\"detail-desc-decorate-image\" src=\"https:\/\/www.mkreborns.com\/wp-content\/uploads\/2026\/03\/kf-Scd0b0263191840aca2c6d9d9092853bb8.webp\" alt=\"\" title=\"\"><img decoding=\"async\" class=\"detail-desc-decorate-image\" src=\"https:\/\/www.mkreborns.com\/wp-content\/uploads\/2026\/03\/kf-Sad85ad6e0e2e4333b9ffe757ec183004e.webp\" alt=\"\" title=\"\"><img decoding=\"async\" class=\"detail-desc-decorate-image\" src=\"https:\/\/www.mkreborns.com\/wp-content\/uploads\/2026\/03\/kf-Sca74611577a2480781484c8c07bd4ff2F.webp\" alt=\"\" title=\"\"><img decoding=\"async\" class=\"detail-desc-decorate-image\" src=\"https:\/\/www.mkreborns.com\/wp-content\/uploads\/2026\/03\/kf-Sa13d45d1c7c54ba29181db819686fb23X.webp\" alt=\"\" title=\"\"><img decoding=\"async\" class=\"detail-desc-decorate-image\" src=\"https:\/\/www.mkreborns.com\/wp-content\/uploads\/2026\/03\/kf-S5499cdc26d4a40e9903777a859be4f1eP.webp\" alt=\"\" title=\"\"><img decoding=\"async\" class=\"detail-desc-decorate-image\" src=\"https:\/\/www.mkreborns.com\/wp-content\/uploads\/2026\/03\/kf-S11408845c0cb4f4193474b5608f40c9fI.webp\" alt=\"\" title=\"\"><img decoding=\"async\" class=\"detail-desc-decorate-image\" src=\"https:\/\/www.mkreborns.com\/wp-content\/uploads\/2026\/03\/kf-S0113e3dd80594293b07c453364e8fb07i.webp\" alt=\"\" title=\"\"><\/div>","protected":false},"excerpt":{"rendered":"<p>Une t\u00e9tine magn\u00e9tique de conception pr\u00e9cise, pens\u00e9e pour renforcer le r\u00e9alisme et offrant un maintien s\u00fbr et naturel pour les poup\u00e9es reborn compatibles.<\/p>","protected":false},"featured_media":4095,"comment_status":"open","ping_status":"closed","template":"","meta":[],"product_brand":[],"product_cat":[162,148],"product_tag":[],"class_list":{"0":"post-4094","1":"product","2":"type-product","3":"status-publish","4":"has-post-thumbnail","6":"product_cat-reborn-pacifier","7":"product_cat-reborn-doll-accessories","9":"first","10":"instock","11":"sale","12":"shipping-taxable","13":"purchasable","14":"product-type-variable"},"_links":{"self":[{"href":"https:\/\/www.mkreborns.com\/fr\/wp-json\/wp\/v2\/product\/4094","targetHints":{"allow":["GET"]}}],"collection":[{"href":"https:\/\/www.mkreborns.com\/fr\/wp-json\/wp\/v2\/product"}],"about":[{"href":"https:\/\/www.mkreborns.com\/fr\/wp-json\/wp\/v2\/types\/product"}],"replies":[{"embeddable":true,"href":"https:\/\/www.mkreborns.com\/fr\/wp-json\/wp\/v2\/comments?post=4094"}],"wp:featuredmedia":[{"embeddable":true,"href":"https:\/\/www.mkreborns.com\/fr\/wp-json\/wp\/v2\/media\/4095"}],"wp:attachment":[{"href":"https:\/\/www.mkreborns.com\/fr\/wp-json\/wp\/v2\/media?parent=4094"}],"wp:term":[{"taxonomy":"product_brand","embeddable":true,"href":"https:\/\/www.mkreborns.com\/fr\/wp-json\/wp\/v2\/product_brand?post=4094"},{"taxonomy":"product_cat","embeddable":true,"href":"https:\/\/www.mkreborns.com\/fr\/wp-json\/wp\/v2\/product_cat?post=4094"},{"taxonomy":"product_tag","embeddable":true,"href":"https:\/\/www.mkreborns.com\/fr\/wp-json\/wp\/v2\/product_tag?post=4094"}],"curies":[{"name":"wp","href":"https:\/\/api.w.org\/{rel}","templated":true}]}}