{"id":4043,"date":"2026-03-18T15:39:40","date_gmt":"2026-03-18T15:39:40","guid":{"rendered":"https:\/\/www.mkreborns.com\/?post_type=product&#038;p=4043"},"modified":"2026-04-03T16:02:07","modified_gmt":"2026-04-03T16:02:07","slug":"complete-reborn-doll-kit-starter-sets-accessories","status":"publish","type":"product","link":"https:\/\/www.mkreborns.com\/fr\/product\/complete-reborn-doll-kit-starter-sets-accessories\/","title":{"rendered":"Kit complet de poup\u00e9e reborn, accessoires inclus"},"content":{"rendered":"<div class=\"product-specs-list-container\">\n<h2>Kits de d\u00e9marrage complets pour poup\u00e9es reborn<\/h2>\n<div>Les kits de d\u00e9marrage complets pour poup\u00e9es reborn offrent une base pratique aux collectionneurs souhaitant un univers harmonieux et r\u00e9aliste. Ce coffret soigneusement s\u00e9lectionn\u00e9 comprend des accessoires essentiels pour poup\u00e9es reborn, tels que biberons, t\u00e9tines et articles de soin miniatures, tous adapt\u00e9s aux poup\u00e9es de 45 cm. Chaque \u00e9l\u00e9ment contribue \u00e0 une esth\u00e9tique coh\u00e9rente tout en restant facile \u00e0 utiliser pour l&#039;exposition et la manipulation.<\/div>\n<h3>Design fonctionnel et style harmonieux<\/h3>\n<div>Con\u00e7us pour une compatibilit\u00e9 optimale, ces accessoires en silicone pour poup\u00e9es reborn s&#039;adaptent parfaitement \u00e0 diff\u00e9rents types de poup\u00e9es, notamment celles en vinyle et en silicone. Les mat\u00e9riaux sont l\u00e9gers et r\u00e9sistants, garantissant une utilisation durable. Ce kit d&#039;accessoires pour poup\u00e9es reborn, disponible \u00e0 la vente, allie prix abordable et grande fid\u00e9lit\u00e9 des d\u00e9tails, ce qui le rend id\u00e9al pour les collectionneurs de tous niveaux.<\/div>\n<h3>Principales caract\u00e9ristiques et avantages<\/h3>\n<ul>\n<li>Comprend plusieurs ensembles d&#039;accessoires pour poup\u00e9es reborn dans un seul emballage<\/li>\n<li>Con\u00e7u pour les poup\u00e9es reborn de 43 cm \/ 18 pouces<\/li>\n<li>Plastique durable et composants souples pour une utilisation r\u00e9p\u00e9t\u00e9e<\/li>\n<li>Option \u00e9conomique parmi les accessoires bon march\u00e9 pour poup\u00e9es reborn<\/li>\n<li>Compatible avec les accessoires pour poup\u00e9es reborn en silicone<\/li>\n<\/ul>\n<div>Ce kit polyvalent simplifie l&#039;installation tout en renfor\u00e7ant le r\u00e9alisme, ce qui en fait un ajout essentiel pour les collectionneurs \u00e0 la recherche de kits de d\u00e9marrage complets pour poup\u00e9es reborn.<\/div>\n<\/div>\n<p><img decoding=\"async\" src=\"https:\/\/ae01.alicdn.com\/kf\/S2ac0c07b28bc4ac8bbc8ec1493f5eca1O.jpg\" alt=\"\" title=\"\"><img decoding=\"async\" src=\"https:\/\/ae01.alicdn.com\/kf\/S6441869820c0453aba5911026275c27ep.jpg\" alt=\"\" title=\"\"><img decoding=\"async\" src=\"https:\/\/ae01.alicdn.com\/kf\/S5ab5abe146bb48fa9a94c8997f2c7ee4Q.jpg\" alt=\"\" title=\"\"><img decoding=\"async\" src=\"https:\/\/ae01.alicdn.com\/kf\/S3be2280f24a34965835a8ce1a38fd957R.jpg\" alt=\"\" title=\"\"><img decoding=\"async\" src=\"https:\/\/ae01.alicdn.com\/kf\/S6fe7d906696141b0ab07dde1e6e5908aw.jpg\" alt=\"\" title=\"\"><img decoding=\"async\" src=\"https:\/\/ae01.alicdn.com\/kf\/S3c5d9ee971ad4bd78e12de7dc8cd6ea2u.jpg\" alt=\"\" title=\"\"><img decoding=\"async\" src=\"https:\/\/ae01.alicdn.com\/kf\/Sebfcb2540dcf40888a721f47209f1862r.jpg\" alt=\"\" title=\"\"><img decoding=\"async\" src=\"https:\/\/ae01.alicdn.com\/kf\/S11f70586ef5d40829a72c2d3c3839908x.jpg\" alt=\"\" title=\"\"><img decoding=\"async\" src=\"https:\/\/ae01.alicdn.com\/kf\/Sa441d5ba97b64c05b54233527ce711d4p.jpg\" alt=\"\" title=\"\"><img decoding=\"async\" src=\"https:\/\/ae01.alicdn.com\/kf\/S33ea08f4b52549eaba6ec4b300eb133en.jpg\" alt=\"\" title=\"\"><img decoding=\"async\" src=\"https:\/\/ae01.alicdn.com\/kf\/Sfe1a1140e2f84221af639b7f50630a7e8.jpg\" alt=\"\" title=\"\"><img decoding=\"async\" src=\"https:\/\/ae01.alicdn.com\/kf\/S81d555bccfea4f4a85ffddd12ce9000aE.jpg\" alt=\"\" title=\"\"><img decoding=\"async\" src=\"https:\/\/ae01.alicdn.com\/kf\/S486e610f959b4b88b28666d56447564f4.jpg\" alt=\"\" title=\"\"><img decoding=\"async\" src=\"https:\/\/ae01.alicdn.com\/kf\/Sfa43f26ea86e4e08913ebcf4b01e20202.jpg\" alt=\"\" title=\"\"><img decoding=\"async\" src=\"https:\/\/ae01.alicdn.com\/kf\/S2382dce1c04247f0b0299b7f841cce3dk.jpg\" alt=\"\" title=\"\"><\/p>","protected":false},"excerpt":{"rendered":"<p>Un kit de d\u00e9marrage tout-en-un con\u00e7u pour \u00e9quiper votre poup\u00e9e reborn d&#039;accessoires essentiels, am\u00e9liorant ainsi le r\u00e9alisme et le style d&#039;exposition au quotidien.<\/p>","protected":false},"featured_media":4044,"comment_status":"open","ping_status":"closed","template":"","meta":[],"product_brand":[],"product_cat":[148],"product_tag":[],"class_list":{"0":"post-4043","1":"product","2":"type-product","3":"status-publish","4":"has-post-thumbnail","6":"product_cat-reborn-doll-accessories","8":"first","9":"instock","10":"sale","11":"shipping-taxable","12":"purchasable","13":"product-type-variable","14":"has-default-attributes"},"_links":{"self":[{"href":"https:\/\/www.mkreborns.com\/fr\/wp-json\/wp\/v2\/product\/4043","targetHints":{"allow":["GET"]}}],"collection":[{"href":"https:\/\/www.mkreborns.com\/fr\/wp-json\/wp\/v2\/product"}],"about":[{"href":"https:\/\/www.mkreborns.com\/fr\/wp-json\/wp\/v2\/types\/product"}],"replies":[{"embeddable":true,"href":"https:\/\/www.mkreborns.com\/fr\/wp-json\/wp\/v2\/comments?post=4043"}],"wp:featuredmedia":[{"embeddable":true,"href":"https:\/\/www.mkreborns.com\/fr\/wp-json\/wp\/v2\/media\/4044"}],"wp:attachment":[{"href":"https:\/\/www.mkreborns.com\/fr\/wp-json\/wp\/v2\/media?parent=4043"}],"wp:term":[{"taxonomy":"product_brand","embeddable":true,"href":"https:\/\/www.mkreborns.com\/fr\/wp-json\/wp\/v2\/product_brand?post=4043"},{"taxonomy":"product_cat","embeddable":true,"href":"https:\/\/www.mkreborns.com\/fr\/wp-json\/wp\/v2\/product_cat?post=4043"},{"taxonomy":"product_tag","embeddable":true,"href":"https:\/\/www.mkreborns.com\/fr\/wp-json\/wp\/v2\/product_tag?post=4043"}],"curies":[{"name":"wp","href":"https:\/\/api.w.org\/{rel}","templated":true}]}}