{"id":4029,"date":"2026-03-18T15:28:55","date_gmt":"2026-03-18T15:28:55","guid":{"rendered":"https:\/\/www.mkreborns.com\/?post_type=product&#038;p=4029"},"modified":"2026-03-19T15:51:56","modified_gmt":"2026-03-19T15:51:56","slug":"17-18-inch-reborn-doll-feeding-pacifier-accessories","status":"publish","type":"product","link":"https:\/\/www.mkreborns.com\/fr\/product\/17-18-inch-reborn-doll-feeding-pacifier-accessories\/","title":{"rendered":"Accessoires pour l&#039;alimentation des poup\u00e9es reborn de 17 \u00e0 18 pouces (43 \u00e0 46 cm)\u00a0: t\u00e9tine"},"content":{"rendered":"<div class=\"product-specs-list-container\"><\/div>\n<div class=\"detailmodule_html\">\n<div class=\"detail-desc-decorate-richtext\">\n<h2>Accessoires pour poup\u00e9es reborn : t\u00e9tines sans trou<\/h2>\n<div>Les t\u00e9tines sans trou pour biberons de poup\u00e9es reborn sont con\u00e7ues pour reproduire fid\u00e8lement les gestes d&#039;allaitement d&#039;un nourrisson, tout en pr\u00e9servant l&#039;int\u00e9grit\u00e9 de la poup\u00e9e. Cet ensemble comprend des biberons moul\u00e9s avec pr\u00e9cision, des embouts en silicone souple et des accessoires assortis qui compl\u00e8tent le style des sucettes pour poup\u00e9es reborn. Destin\u00e9s aux collectionneurs soucieux de r\u00e9alisme, ces accessoires cr\u00e9ent une impression de soin authentique sans n\u00e9cessiter de modification de la poup\u00e9e.<\/div>\n<h3>Conception en silicone s\u00fbr et d\u00e9tails r\u00e9alistes<\/h3>\n<div>Les t\u00e9tines en silicone sans orifice incluses pour les poup\u00e9es reborn pr\u00e9matur\u00e9es sont con\u00e7ues avec une extr\u00e9mit\u00e9 ferm\u00e9e, emp\u00eachant tout \u00e9coulement de liquide tout en pr\u00e9servant un aspect r\u00e9aliste. Chaque \u00e9l\u00e9ment est dimensionn\u00e9 pour s&#039;adapter aux poup\u00e9es de 43 \u00e0 46 cm, assurant un rendu naturel lors des sc\u00e8nes d&#039;allaitement ou de pr\u00e9sentation.<\/div>\n<h3>Principales caract\u00e9ristiques et avantages<\/h3>\n<ul>\n<li>Comprend des biberons et un ensemble de sucettes pour poup\u00e9e reborn<\/li>\n<li>Conception \u00e0 extr\u00e9mit\u00e9 ferm\u00e9e pour une simulation d&#039;alimentation s\u00fbre et non fonctionnelle<\/li>\n<li>Fabriqu\u00e9 en silicone souple pour une texture r\u00e9aliste<\/li>\n<li>Compatible avec les poup\u00e9es reborn de 17 \u00e0 18 pouces<\/li>\n<li>Id\u00e9al pour une utilisation avec des t\u00e9tines en silicone sans trou pour b\u00e9b\u00e9s pr\u00e9matur\u00e9s et poup\u00e9es reborn.<\/li>\n<\/ul>\n<div>Ce kit soigneusement con\u00e7u enrichit la narration visuelle et la valeur de collection, ce qui en fait un choix fiable pour tous ceux qui recherchent des accessoires pour poup\u00e9es reborn, notamment des t\u00e9tines de biberon sans trou.<\/div>\n<p><img decoding=\"async\" src=\"https:\/\/www.mkreborns.com\/wp-content\/uploads\/2026\/03\/kf-S821bc0c09e4b42a393cbbc2780b410d4P.webp\" alt=\"\" title=\"\"><img decoding=\"async\" src=\"https:\/\/www.mkreborns.com\/wp-content\/uploads\/2026\/03\/kf-S3ddca035184249b39a97908487b4d497n.webp\" alt=\"\" title=\"\"><img decoding=\"async\" src=\"https:\/\/www.mkreborns.com\/wp-content\/uploads\/2026\/03\/kf-Se4f5ae05ae6f4ec4a8ef9889288959d4L.webp\" alt=\"\" title=\"\"><img decoding=\"async\" src=\"https:\/\/www.mkreborns.com\/wp-content\/uploads\/2026\/03\/kf-S63a5bb887a674b8ab8ce2a3c3e8dc6den.webp\" alt=\"\" title=\"\"><span style=\"font-size: 18px;\"><strong>Rose petite taille :<\/strong><\/span><img decoding=\"async\" src=\"https:\/\/www.mkreborns.com\/wp-content\/uploads\/2026\/03\/kf-S5937a950d18c457d9632bc051f5569f9r.webp\" alt=\"\" title=\"\"><\/p>\n<p><span style=\"font-size: 18px;\"><strong>Petit format bleu :<\/strong><\/span><img decoding=\"async\" src=\"https:\/\/www.mkreborns.com\/wp-content\/uploads\/2026\/03\/kf-Scbcae8c5f5a14ec8ac5007fdc863b93cg.webp\" alt=\"\" title=\"\"><img decoding=\"async\" src=\"https:\/\/www.mkreborns.com\/wp-content\/uploads\/2026\/03\/kf-S5e160258b8954f42a85e81b8690efd27l.webp\" alt=\"\" title=\"\"><img decoding=\"async\" src=\"https:\/\/www.mkreborns.com\/wp-content\/uploads\/2026\/03\/kf-Sb8e5eb1c653f4d77bd66c73376d647894.webp\" alt=\"\" title=\"\"><img decoding=\"async\" src=\"https:\/\/www.mkreborns.com\/wp-content\/uploads\/2026\/03\/kf-S42bdf04560824f58a60c86c965c4d3f5Q.webp\" alt=\"\" title=\"\"><img decoding=\"async\" src=\"https:\/\/www.mkreborns.com\/wp-content\/uploads\/2026\/03\/kf-Sf8bed42865e04064a00206620943d9dfR.webp\" alt=\"\" title=\"\"><img decoding=\"async\" src=\"https:\/\/www.mkreborns.com\/wp-content\/uploads\/2026\/03\/kf-S419dce937a6049f997aa62428da2071dR.webp\" alt=\"Accessoires pour l&#039;alimentation des poup\u00e9es reborn, comprenant biberon, t\u00e9tine et outils d&#039;alimentation.\" title=\"\"><\/p>\n<\/div>\n<\/div>","protected":false},"excerpt":{"rendered":"<div>Un ensemble complet d&#039;accessoires d&#039;alimentation con\u00e7u pour les poup\u00e9es reborn de 17 \u00e0 18 pouces, alliant r\u00e9alisme, s\u00e9curit\u00e9 et d\u00e9tails d\u00e9licats dans un kit compact.<\/div>","protected":false},"featured_media":4030,"comment_status":"open","ping_status":"closed","template":"","meta":[],"product_brand":[],"product_cat":[148,162],"product_tag":[],"class_list":{"0":"post-4029","1":"product","2":"type-product","3":"status-publish","4":"has-post-thumbnail","6":"product_cat-reborn-doll-accessories","7":"product_cat-reborn-pacifier","9":"first","10":"instock","11":"sale","12":"shipping-taxable","13":"purchasable","14":"product-type-variable","15":"has-default-attributes"},"_links":{"self":[{"href":"https:\/\/www.mkreborns.com\/fr\/wp-json\/wp\/v2\/product\/4029","targetHints":{"allow":["GET"]}}],"collection":[{"href":"https:\/\/www.mkreborns.com\/fr\/wp-json\/wp\/v2\/product"}],"about":[{"href":"https:\/\/www.mkreborns.com\/fr\/wp-json\/wp\/v2\/types\/product"}],"replies":[{"embeddable":true,"href":"https:\/\/www.mkreborns.com\/fr\/wp-json\/wp\/v2\/comments?post=4029"}],"wp:featuredmedia":[{"embeddable":true,"href":"https:\/\/www.mkreborns.com\/fr\/wp-json\/wp\/v2\/media\/4030"}],"wp:attachment":[{"href":"https:\/\/www.mkreborns.com\/fr\/wp-json\/wp\/v2\/media?parent=4029"}],"wp:term":[{"taxonomy":"product_brand","embeddable":true,"href":"https:\/\/www.mkreborns.com\/fr\/wp-json\/wp\/v2\/product_brand?post=4029"},{"taxonomy":"product_cat","embeddable":true,"href":"https:\/\/www.mkreborns.com\/fr\/wp-json\/wp\/v2\/product_cat?post=4029"},{"taxonomy":"product_tag","embeddable":true,"href":"https:\/\/www.mkreborns.com\/fr\/wp-json\/wp\/v2\/product_tag?post=4029"}],"curies":[{"name":"wp","href":"https:\/\/api.w.org\/{rel}","templated":true}]}}