{"id":4000,"date":"2026-03-18T14:46:48","date_gmt":"2026-03-18T14:46:48","guid":{"rendered":"https:\/\/www.mkreborns.com\/?post_type=product&#038;p=4000"},"modified":"2026-03-19T15:52:09","modified_gmt":"2026-03-19T15:52:09","slug":"american-girl-doll-clothes-fit-18-inch-reborns-set","status":"publish","type":"product","link":"https:\/\/www.mkreborns.com\/fr\/product\/american-girl-doll-clothes-fit-18-inch-reborns-set\/","title":{"rendered":"Ensemble de v\u00eatements pour poup\u00e9e American Girl de 45 cm (18 pouces)"},"content":{"rendered":"<div class=\"product-specs-list-container\">\n<h2>V\u00eatements pour poup\u00e9es American Girl compatibles avec les poup\u00e9es reborn<\/h2>\n<div>Les v\u00eatements pour poup\u00e9es American Girl s&#039;adaptent aux poup\u00e9es reborn avec une pr\u00e9cision remarquable, garantissant une compatibilit\u00e9 parfaite avec les poup\u00e9es de 45 cm aux proportions r\u00e9alistes. Ces tenues sont con\u00e7ues pour s&#039;harmoniser avec les nouveaux corps de poup\u00e9es reborn en tissu, offrant une silhouette \u00e9quilibr\u00e9e qui renforce l&#039;authenticit\u00e9. Qu&#039;elles soient destin\u00e9es \u00e0 l&#039;exposition ou \u00e0 \u00eatre manipul\u00e9es avec d\u00e9licatesse, chaque pi\u00e8ce t\u00e9moigne d&#039;un savoir-faire exceptionnel.<\/div>\n<h3>Conception sur mesure et int\u00e9grit\u00e9 des mat\u00e9riaux<\/h3>\n<div>Confectionn\u00e9s dans un tissu doux et r\u00e9sistant, ces v\u00eatements faits main pour poup\u00e9es reborn conservent leur forme sans \u00eatre rigides. Les coutures \u00e9pousent les contours anatomiques, permettant au v\u00eatement de tomber naturellement sur la morphologie de la poup\u00e9e. Ceci garantit \u00e0 la fois un rendu visuel fid\u00e8le et une grande durabilit\u00e9.<\/div>\n<h3>Principales caract\u00e9ristiques et avantages<\/h3>\n<ul>\n<li>Con\u00e7u pour s&#039;adapter avec pr\u00e9cision aux poup\u00e9es reborn de 43 cm \/ 18 pouces<\/li>\n<li>Convient aussi bien aux v\u00eatements de poup\u00e9e reborn pour b\u00e9b\u00e9 gar\u00e7on qu&#039;aux styles neutres<\/li>\n<li>Coutures renforc\u00e9es pour une durabilit\u00e9 accrue<\/li>\n<li>Textile l\u00e9ger pour une manipulation confortable<\/li>\n<li>Compatible avec les nouveaux mod\u00e8les de corps de poup\u00e9es reborn en tissu<\/li>\n<\/ul>\n<div>Avec un \u00e9quilibre parfait entre structure et douceur, cet ensemble de v\u00eatements ajoute de la profondeur et du r\u00e9alisme \u00e0 toute collection, ce qui en fait un choix fiable pour les collectionneurs \u00e0 la recherche de v\u00eatements pour poup\u00e9es American Girl adapt\u00e9s aux poup\u00e9es reborn.<\/div>\n<div><\/div>\n<\/div>\n<div class=\"detailmodule_html\">\n<div class=\"detail-desc-decorate-richtext\">\n<p style=\"text-align: center; margin: 0px;\" align=\"center\"><img decoding=\"async\" src=\"https:\/\/www.mkreborns.com\/wp-content\/uploads\/2026\/03\/kf-Sbb815d83d55a42c6b75a953932f9eec9r.webp\" alt=\"\" title=\"\"><img decoding=\"async\" src=\"https:\/\/www.mkreborns.com\/wp-content\/uploads\/2026\/03\/kf-Sc2b352c412684bd7acc6bb9bcdf0c927X.webp\" alt=\"\" title=\"\"><img decoding=\"async\" src=\"https:\/\/www.mkreborns.com\/wp-content\/uploads\/2026\/03\/kf-S359e5961003a4ef683ca7929699e081fB.webp\" alt=\"\" title=\"\"><img decoding=\"async\" src=\"https:\/\/www.mkreborns.com\/wp-content\/uploads\/2026\/03\/kf-Scc518a1bba6e434daac8f2dece7ee61fs.webp\" alt=\"\" title=\"\"><img decoding=\"async\" src=\"https:\/\/www.mkreborns.com\/wp-content\/uploads\/2026\/03\/kf-S5c9fd673d94b407495c1b13241048299B.webp\" alt=\"\" title=\"\"><img decoding=\"async\" src=\"https:\/\/www.mkreborns.com\/wp-content\/uploads\/2026\/03\/kf-S4b118a05358c496d84bb2426874d92c8u.webp\" alt=\"\" title=\"\"><img decoding=\"async\" src=\"https:\/\/www.mkreborns.com\/wp-content\/uploads\/2026\/03\/kf-S41958fdfe8b14b4481003fedf9275197D.webp\" alt=\"\" title=\"\"><img decoding=\"async\" src=\"https:\/\/www.mkreborns.com\/wp-content\/uploads\/2026\/03\/kf-Sb7de3410d1f5466194271c86cc3b11047.webp\" alt=\"\" title=\"\"><img decoding=\"async\" src=\"https:\/\/www.mkreborns.com\/wp-content\/uploads\/2026\/03\/kf-Sf2d8e29dcfbb4426a9b5e0f048bc41bbl.webp\" alt=\"\" title=\"\"><img decoding=\"async\" src=\"https:\/\/www.mkreborns.com\/wp-content\/uploads\/2026\/03\/kf-S87f2002a343949f78d65c595eb6297c7W.webp\" alt=\"\" title=\"\"><img decoding=\"async\" src=\"https:\/\/www.mkreborns.com\/wp-content\/uploads\/2026\/03\/kf-Se889b72926b445a58aea59fc7b6b49b5L.webp\" alt=\"\" title=\"\"><\/p>\n<\/div>\n<\/div>","protected":false},"excerpt":{"rendered":"<div>Des tenues soigneusement confectionn\u00e9es pour les poup\u00e9es reborn de 45 cm, alliant style classique et mati\u00e8res douces pour une apparence raffin\u00e9e et r\u00e9aliste.<\/div>","protected":false},"featured_media":4001,"comment_status":"open","ping_status":"closed","template":"","meta":[],"product_brand":[],"product_cat":[159,148],"product_tag":[],"class_list":{"0":"post-4000","1":"product","2":"type-product","3":"status-publish","4":"has-post-thumbnail","6":"product_cat-clothes-for-reborn-dolls","7":"product_cat-reborn-doll-accessories","9":"first","10":"instock","11":"sale","12":"shipping-taxable","13":"purchasable","14":"product-type-variable","15":"has-default-attributes"},"_links":{"self":[{"href":"https:\/\/www.mkreborns.com\/fr\/wp-json\/wp\/v2\/product\/4000","targetHints":{"allow":["GET"]}}],"collection":[{"href":"https:\/\/www.mkreborns.com\/fr\/wp-json\/wp\/v2\/product"}],"about":[{"href":"https:\/\/www.mkreborns.com\/fr\/wp-json\/wp\/v2\/types\/product"}],"replies":[{"embeddable":true,"href":"https:\/\/www.mkreborns.com\/fr\/wp-json\/wp\/v2\/comments?post=4000"}],"wp:featuredmedia":[{"embeddable":true,"href":"https:\/\/www.mkreborns.com\/fr\/wp-json\/wp\/v2\/media\/4001"}],"wp:attachment":[{"href":"https:\/\/www.mkreborns.com\/fr\/wp-json\/wp\/v2\/media?parent=4000"}],"wp:term":[{"taxonomy":"product_brand","embeddable":true,"href":"https:\/\/www.mkreborns.com\/fr\/wp-json\/wp\/v2\/product_brand?post=4000"},{"taxonomy":"product_cat","embeddable":true,"href":"https:\/\/www.mkreborns.com\/fr\/wp-json\/wp\/v2\/product_cat?post=4000"},{"taxonomy":"product_tag","embeddable":true,"href":"https:\/\/www.mkreborns.com\/fr\/wp-json\/wp\/v2\/product_tag?post=4000"}],"curies":[{"name":"wp","href":"https:\/\/api.w.org\/{rel}","templated":true}]}}