{"id":3908,"date":"2026-03-18T13:24:18","date_gmt":"2026-03-18T13:24:18","guid":{"rendered":"https:\/\/www.mkreborns.com\/?post_type=product&#038;p=3908"},"modified":"2026-03-19T15:51:18","modified_gmt":"2026-03-19T15:51:18","slug":"18-inch-reborn-dolls-clothes-for-baby-doll-outfits","status":"publish","type":"product","link":"https:\/\/www.mkreborns.com\/fr\/product\/18-inch-reborn-dolls-clothes-for-baby-doll-outfits\/","title":{"rendered":"V\u00eatements pour poup\u00e9es reborn de 45 cm (18 pouces) - Tenues pour poup\u00e9es b\u00e9b\u00e9"},"content":{"rendered":"<h2>V\u00eatements \u00e9l\u00e9gants pour poup\u00e9es reborn de 45 cm (18 pouces) pour toutes les occasions<\/h2>\n<div>Apportez charme et authenticit\u00e9 \u00e0 votre collection de poup\u00e9es avec nos v\u00eatements pour poup\u00e9es reborn de 45 cm. Chaque tenue est soigneusement con\u00e7ue pour s&#039;adapter parfaitement aux poup\u00e9es reborn, tout en leur offrant confort et un aspect r\u00e9aliste. Id\u00e9aux pour jouer et exposer, ces v\u00eatements transforment chaque poup\u00e9e en une compagne \u00e9l\u00e9gante.<\/div>\n<h3>Conception d\u00e9taill\u00e9e et coupe confortable<\/h3>\n<div>Notre collection propose des v\u00eatements pour poup\u00e9es reborn, con\u00e7us sp\u00e9cialement pour le corps en tissu de ces poup\u00e9es. Chaque pi\u00e8ce est parfaitement ajust\u00e9e et met en valeur les traits r\u00e9alistes de votre poup\u00e9e. Des barboteuses ludiques aux robes \u00e9l\u00e9gantes, ces tenues allient style et polyvalence pour faire de votre poup\u00e9e de 45 cm un v\u00e9ritable bijou.<\/div>\n<ul>\n<li>Tailles pr\u00e9cises : Con\u00e7u pour les poup\u00e9es de 45 cm (18 pouces) afin d&#039;assurer un ajustement parfait et un habillage facile.<\/li>\n<li>Tissus de haute qualit\u00e9 : des mat\u00e9riaux doux et r\u00e9sistants offrent confort et durabilit\u00e9.<\/li>\n<li>D\u00e9tails r\u00e9alistes\u00a0: les coutures et les motifs complexes refl\u00e8tent l\u2019authenticit\u00e9 des v\u00eatements pour b\u00e9b\u00e9s.<\/li>\n<li>Vari\u00e9t\u00e9 de styles : Comprend des tenues d\u00e9contract\u00e9es, habill\u00e9es et de saison pour toutes les occasions.<\/li>\n<li>R\u00e9alisme accru pour les poup\u00e9es : Con\u00e7ues sur mesure pour compl\u00e9ter le corps en tissu des poup\u00e9es reborn et leur donner un charme plus vrai que nature.<\/li>\n<\/ul>\n<div>Sublimez la garde-robe de votre poup\u00e9e avec ces v\u00eatements exquis pour poup\u00e9es reborn de 45 cm, alliant style, confort et authenticit\u00e9.<\/div>\n<p style=\"text-align: center;\" align=\"center\"><img decoding=\"async\" src=\"https:\/\/www.mkreborns.com\/wp-content\/uploads\/2026\/03\/kf-S9d31fc2e9fcd434fafe9c0f471411531G.webp\" alt=\"\" title=\"\"><img decoding=\"async\" src=\"https:\/\/www.mkreborns.com\/wp-content\/uploads\/2026\/03\/kf-Sb94cdf6699bc46d3a5df6fd0f3b9305eP.webp\" alt=\"\" title=\"\"><img decoding=\"async\" src=\"https:\/\/www.mkreborns.com\/wp-content\/uploads\/2026\/03\/kf-S2c32be6ab85b4bc298e8b61239d41026x.webp\" alt=\"\" title=\"\"><img decoding=\"async\" src=\"https:\/\/www.mkreborns.com\/wp-content\/uploads\/2026\/03\/kf-S572f25d107b74315a31d1340abf1216fq.webp\" alt=\"\" title=\"\"><img decoding=\"async\" src=\"https:\/\/www.mkreborns.com\/wp-content\/uploads\/2026\/03\/kf-S5255329b890042289e03e8edbc8650fdh.webp\" alt=\"\" title=\"\"><\/p>","protected":false},"excerpt":{"rendered":"<p>Habillez votre poup\u00e9e reborn de 45 cm avec des tenues \u00e9l\u00e9gantes, douces et d\u00e9taill\u00e9es, con\u00e7ues pour un jeu r\u00e9aliste et une \u00e9l\u00e9gance durable.<\/p>","protected":false},"featured_media":3909,"comment_status":"open","ping_status":"closed","template":"","meta":[],"product_brand":[],"product_cat":[159,148],"product_tag":[],"class_list":{"0":"post-3908","1":"product","2":"type-product","3":"status-publish","4":"has-post-thumbnail","6":"product_cat-clothes-for-reborn-dolls","7":"product_cat-reborn-doll-accessories","9":"first","10":"instock","11":"sale","12":"shipping-taxable","13":"purchasable","14":"product-type-simple"},"_links":{"self":[{"href":"https:\/\/www.mkreborns.com\/fr\/wp-json\/wp\/v2\/product\/3908","targetHints":{"allow":["GET"]}}],"collection":[{"href":"https:\/\/www.mkreborns.com\/fr\/wp-json\/wp\/v2\/product"}],"about":[{"href":"https:\/\/www.mkreborns.com\/fr\/wp-json\/wp\/v2\/types\/product"}],"replies":[{"embeddable":true,"href":"https:\/\/www.mkreborns.com\/fr\/wp-json\/wp\/v2\/comments?post=3908"}],"wp:featuredmedia":[{"embeddable":true,"href":"https:\/\/www.mkreborns.com\/fr\/wp-json\/wp\/v2\/media\/3909"}],"wp:attachment":[{"href":"https:\/\/www.mkreborns.com\/fr\/wp-json\/wp\/v2\/media?parent=3908"}],"wp:term":[{"taxonomy":"product_brand","embeddable":true,"href":"https:\/\/www.mkreborns.com\/fr\/wp-json\/wp\/v2\/product_brand?post=3908"},{"taxonomy":"product_cat","embeddable":true,"href":"https:\/\/www.mkreborns.com\/fr\/wp-json\/wp\/v2\/product_cat?post=3908"},{"taxonomy":"product_tag","embeddable":true,"href":"https:\/\/www.mkreborns.com\/fr\/wp-json\/wp\/v2\/product_tag?post=3908"}],"curies":[{"name":"wp","href":"https:\/\/api.w.org\/{rel}","templated":true}]}}