{"id":3890,"date":"2026-03-18T13:08:27","date_gmt":"2026-03-18T13:08:27","guid":{"rendered":"https:\/\/www.mkreborns.com\/?post_type=product&#038;p=3890"},"modified":"2026-03-19T15:52:23","modified_gmt":"2026-03-19T15:52:23","slug":"baby-doll-clothes-17-18-inch-reborn-outfits-for-girls","status":"publish","type":"product","link":"https:\/\/www.mkreborns.com\/fr\/product\/baby-doll-clothes-17-18-inch-reborn-outfits-for-girls\/","title":{"rendered":"V\u00eatements pour poup\u00e9es reborn de 17 \u00e0 18 pouces (43 \u00e0 46 cm) pour petites filles"},"content":{"rendered":"<div class=\"detailmodule_html\">\n<div class=\"detail-desc-decorate-richtext\">\n<h2>Styles charmants pour v\u00eatements de poup\u00e9e reborn de 43 \u00e0 46 cm<\/h2>\n<div>Sublimez votre collection de poup\u00e9es reborn avec nos v\u00eatements haut de gamme pour poup\u00e9es reborn de 43 \u00e0 46 cm. Chaque tenue est con\u00e7ue avec soin pour s&#039;harmoniser parfaitement avec les poup\u00e9es reborn, alliant confort, durabilit\u00e9 et d\u00e9tails r\u00e9alistes. Que ce soit pour jouer ou pour exposer, ces v\u00eatements offrent une coupe impeccable et des motifs \u00e9clatants et attrayants.<\/div>\n<h3>Des motifs uniques et des d\u00e9tails travaill\u00e9s<\/h3>\n<div>Notre s\u00e9lection propose des motifs complexes pour le corps en tissu des poup\u00e9es reborn, permettant \u00e0 chaque poup\u00e9e d&#039;exprimer sa personnalit\u00e9 et son style. Choisissez parmi des robes, des barboteuses et des ensembles coordonn\u00e9s con\u00e7us pour les poup\u00e9es reborn de 43 et 46 cm. Gr\u00e2ce \u00e0 des tissus doux et des finitions r\u00e9alistes, chaque tenue sublime le charme plus vrai que nature de votre poup\u00e9e.<\/div>\n<ul>\n<li>Ajustement sur mesure : Con\u00e7u avec pr\u00e9cision pour les poup\u00e9es reborn de 17 \u00e0 18 pouces, pour un habillage facile.<\/li>\n<li>Mat\u00e9riaux de haute qualit\u00e9 : Tissus doux et r\u00e9sistants qui conservent leur forme et leur couleur.<\/li>\n<li>Vari\u00e9t\u00e9 de motifs : Les motifs du corps en tissu des poup\u00e9es Reborn ajoutent une touche d&#039;originalit\u00e9 \u00e0 chaque tenue.<\/li>\n<li>Garde-robe polyvalente : comprend des v\u00eatements d\u00e9contract\u00e9s, des robes de soir\u00e9e et des ensembles ludiques.<\/li>\n<li>R\u00e9alisme accru\u00a0: des coutures et des finitions soign\u00e9es conf\u00e8rent une authenticit\u00e9 \u00e0 chaque pi\u00e8ce.<\/li>\n<\/ul>\n<div>Apportez joie et raffinement \u00e0 chaque collection de poup\u00e9es gr\u00e2ce \u00e0 ces v\u00eatements pour poup\u00e9es reborn de 17 \u00e0 18 pouces, magnifiquement confectionn\u00e9s, qui allient style, confort et \u00e9l\u00e9gance r\u00e9aliste.<\/div>\n<div><\/div>\n<p style=\"text-align: center; margin: 0px;\" align=\"center\"><img decoding=\"async\" src=\"https:\/\/www.mkreborns.com\/wp-content\/uploads\/2026\/03\/kf-Sff4af0a0ce8d4485b7c09410cb094249I.webp\" alt=\"\" title=\"\"><img decoding=\"async\" src=\"https:\/\/www.mkreborns.com\/wp-content\/uploads\/2026\/03\/kf-S10d68fad596841c589219dc0c10319fbZ.webp\" alt=\"\" title=\"\"><img decoding=\"async\" src=\"https:\/\/www.mkreborns.com\/wp-content\/uploads\/2026\/03\/kf-S8dbdfa36fe014c8fa0765011983d82caD.webp\" alt=\"\" title=\"\"><img decoding=\"async\" src=\"https:\/\/www.mkreborns.com\/wp-content\/uploads\/2026\/03\/kf-S920d035ab985467b8517b1483d4f6bbaY.webp\" alt=\"\" title=\"\"><img decoding=\"async\" src=\"https:\/\/www.mkreborns.com\/wp-content\/uploads\/2026\/03\/kf-S4b96cea014a44b709b752532f6113fbfu.webp\" alt=\"\" title=\"\"><img decoding=\"async\" src=\"https:\/\/www.mkreborns.com\/wp-content\/uploads\/2026\/03\/kf-S44c92652455b47b98527b3aa131f6b1eT.webp\" alt=\"\" title=\"\"><img decoding=\"async\" src=\"https:\/\/www.mkreborns.com\/wp-content\/uploads\/2026\/03\/kf-S56de3d76be034bbfb5ae1261f59232a1O.webp\" alt=\"\" title=\"\"><img decoding=\"async\" src=\"https:\/\/www.mkreborns.com\/wp-content\/uploads\/2026\/03\/kf-S0590e45ab54740c38d581d7611ef244cS.webp\" alt=\"\" title=\"\"><img decoding=\"async\" src=\"https:\/\/www.mkreborns.com\/wp-content\/uploads\/2026\/03\/kf-S4d9af2659e454d8b87e97bd159ed9cdfz.webp\" alt=\"\" title=\"\"><img decoding=\"async\" src=\"https:\/\/www.mkreborns.com\/wp-content\/uploads\/2026\/03\/kf-Sb9c38680031e40f6b3db3e4e386af5c5l.webp\" alt=\"\" title=\"\"><\/p>\n<\/div>\n<\/div>","protected":false},"excerpt":{"rendered":"<p>Transformez votre poup\u00e9e reborn en une compagne \u00e9l\u00e9gante gr\u00e2ce \u00e0 des v\u00eatements doux et d\u00e9taill\u00e9s, con\u00e7us pour un jeu r\u00e9aliste et un charme infini.<\/p>","protected":false},"featured_media":3891,"comment_status":"open","ping_status":"closed","template":"","meta":[],"product_brand":[],"product_cat":[159,148],"product_tag":[],"class_list":{"0":"post-3890","1":"product","2":"type-product","3":"status-publish","4":"has-post-thumbnail","6":"product_cat-clothes-for-reborn-dolls","7":"product_cat-reborn-doll-accessories","9":"first","10":"instock","11":"sale","12":"shipping-taxable","13":"purchasable","14":"product-type-variable","15":"has-default-attributes"},"_links":{"self":[{"href":"https:\/\/www.mkreborns.com\/fr\/wp-json\/wp\/v2\/product\/3890","targetHints":{"allow":["GET"]}}],"collection":[{"href":"https:\/\/www.mkreborns.com\/fr\/wp-json\/wp\/v2\/product"}],"about":[{"href":"https:\/\/www.mkreborns.com\/fr\/wp-json\/wp\/v2\/types\/product"}],"replies":[{"embeddable":true,"href":"https:\/\/www.mkreborns.com\/fr\/wp-json\/wp\/v2\/comments?post=3890"}],"wp:featuredmedia":[{"embeddable":true,"href":"https:\/\/www.mkreborns.com\/fr\/wp-json\/wp\/v2\/media\/3891"}],"wp:attachment":[{"href":"https:\/\/www.mkreborns.com\/fr\/wp-json\/wp\/v2\/media?parent=3890"}],"wp:term":[{"taxonomy":"product_brand","embeddable":true,"href":"https:\/\/www.mkreborns.com\/fr\/wp-json\/wp\/v2\/product_brand?post=3890"},{"taxonomy":"product_cat","embeddable":true,"href":"https:\/\/www.mkreborns.com\/fr\/wp-json\/wp\/v2\/product_cat?post=3890"},{"taxonomy":"product_tag","embeddable":true,"href":"https:\/\/www.mkreborns.com\/fr\/wp-json\/wp\/v2\/product_tag?post=3890"}],"curies":[{"name":"wp","href":"https:\/\/api.w.org\/{rel}","templated":true}]}}