{"id":3868,"date":"2026-03-18T10:01:51","date_gmt":"2026-03-18T10:01:51","guid":{"rendered":"https:\/\/www.mkreborns.com\/?post_type=product&#038;p=3868"},"modified":"2026-03-19T15:52:36","modified_gmt":"2026-03-19T15:52:36","slug":"18-inch-reborn-doll-clothes-for-toddlers-and-girls","status":"publish","type":"product","link":"https:\/\/www.mkreborns.com\/fr\/product\/18-inch-reborn-doll-clothes-for-toddlers-and-girls\/","title":{"rendered":"V\u00eatements pour poup\u00e9e reborn de 45 cm (18 pouces) pour petites filles et b\u00e9b\u00e9s"},"content":{"rendered":"<div class=\"product-specs-list-container\">\n<h2>Tenues \u00e9l\u00e9gantes pour chaque poup\u00e9e reborn de 45 cm<\/h2>\n<div>Mettez votre poup\u00e9e reborn au centre de l&#039;attention gr\u00e2ce \u00e0 nos v\u00eatements haut de gamme de 45 cm. Con\u00e7us pour s&#039;adapter parfaitement aux poup\u00e9es reborn, chaque ensemble allie des d\u00e9tails r\u00e9alistes \u00e0 des tissus doux et r\u00e9sistants. Pour le quotidien comme pour les grandes occasions, ces v\u00eatements garantissent \u00e0 votre poup\u00e9e une allure toujours impeccable.<\/div>\n<h3>Un choix \u00e9l\u00e9gant et vari\u00e9 d&#039;accessoires<\/h3>\n<div>Notre collection comprend des v\u00eatements et accessoires pour poup\u00e9es reborn en silicone, pour enrichir la garde-robe de chaque poup\u00e9e. Choisissez parmi de ravissantes tenues violettes pour poup\u00e9es reborn, de d\u00e9licates robes pour poup\u00e9es reborn filles et des v\u00eatements pour b\u00e9b\u00e9s polyvalents, adapt\u00e9s \u00e0 toutes les occasions. Chaque pi\u00e8ce est con\u00e7ue pour faciliter l&#039;habillage tout en conservant un aspect r\u00e9aliste et artisanal.<\/div>\n<ul>\n<li>Coupe premium : Con\u00e7ue parfaitement pour les poup\u00e9es reborn de 45 cm (18 pouces), elle assure confort et \u00e9l\u00e9gance.<\/li>\n<li>Tissus de haute qualit\u00e9\u00a0: mati\u00e8res douces et r\u00e9sistantes qui imitent les textures des v\u00eatements pour b\u00e9b\u00e9s.<\/li>\n<li>Styles polyvalents\u00a0: des tenues d\u00e9contract\u00e9es et ludiques aux ensembles violets sophistiqu\u00e9s.<\/li>\n<li>Accessoires disponibles : Comprend des chapeaux, des chaussures et des couvertures assortis pour des ensembles complets.<\/li>\n<li>D\u00e9tails r\u00e9alistes\u00a0: Coutures finies \u00e0 la main et embellissements charmants pour un aspect plus vrai que nature.<\/li>\n<\/ul>\n<div>Apportez charme, r\u00e9alisme et amusement \u00e0 votre collection avec ces v\u00eatements de poup\u00e9e reborn de 45 cm (18 pouces) magnifiquement confectionn\u00e9s, qui agr\u00e9menteront chaque aventure de jeu.<\/div>\n<div><\/div>\n<\/div>\n<div class=\"detailmodule_html\">\n<div class=\"detail-desc-decorate-richtext\">\n<p style=\"text-align: center; margin: 0px;\" align=\"center\"><img decoding=\"async\" src=\"https:\/\/www.mkreborns.com\/wp-content\/uploads\/2026\/03\/kf-S7d8ebb1a885d44398f64514886946629E.webp\" alt=\"\" title=\"\"><img decoding=\"async\" src=\"https:\/\/www.mkreborns.com\/wp-content\/uploads\/2026\/03\/kf-S89a1ffaead92487d9a130af90b3d4fc5K.webp\" alt=\"\" title=\"\"><img decoding=\"async\" src=\"https:\/\/www.mkreborns.com\/wp-content\/uploads\/2026\/03\/kf-Sc34b80cf2d3a4c60b3a32babd9f3f5548.webp\" alt=\"\" title=\"\"><img decoding=\"async\" src=\"https:\/\/www.mkreborns.com\/wp-content\/uploads\/2026\/03\/kf-S160a0246ec60450ba40c67d32c0961672.webp\" alt=\"\" title=\"\"><img decoding=\"async\" src=\"https:\/\/www.mkreborns.com\/wp-content\/uploads\/2026\/03\/kf-S4d9f66438f1f42e0b260f4684f54fb0bW.webp\" alt=\"\" title=\"\"><img decoding=\"async\" src=\"https:\/\/ae01.alicdn.com\/kf\/S9f14fbaf63524021b86c7a946d713f30N.jpg\" alt=\"\" title=\"\"><img decoding=\"async\" src=\"https:\/\/ae01.alicdn.com\/kf\/Sf7fd6a137dba47e9aecbf4de66cb87df3.jpg\" alt=\"\" title=\"\"><img decoding=\"async\" src=\"https:\/\/ae01.alicdn.com\/kf\/S06ea55e7d37a45acb579364f3408aa76B.jpg\" alt=\"\" title=\"\"><img decoding=\"async\" src=\"https:\/\/ae01.alicdn.com\/kf\/S81d380c3ee694b8eafebd8a9c2653a1at.jpg\" alt=\"\" title=\"\"><img decoding=\"async\" src=\"https:\/\/ae01.alicdn.com\/kf\/S580e530ac6c84a7a82ce96a246202693U.jpg\" alt=\"\" title=\"\"><img decoding=\"async\" src=\"https:\/\/ae01.alicdn.com\/kf\/S4fce4907e8dd42a7b8679f2512ebba25I.jpg\" alt=\"\" title=\"\"><img decoding=\"async\" src=\"https:\/\/ae01.alicdn.com\/kf\/S0f517424cd3642999a0a881e47972c1du.jpg\" alt=\"\" title=\"\"><img decoding=\"async\" src=\"https:\/\/ae01.alicdn.com\/kf\/Sca06b8ff57b34251853a9fb540f747afw.jpg\" alt=\"\" title=\"\"><img decoding=\"async\" src=\"https:\/\/ae01.alicdn.com\/kf\/Sfd3631ab03ee426692991be15c6afe4ee.jpg\" alt=\"\" title=\"\"><\/p>\n<\/div>\n<\/div>","protected":false},"excerpt":{"rendered":"<p>Habillez votre poup\u00e9e reborn avec style gr\u00e2ce \u00e0 des tenues confortables et de haute qualit\u00e9 qui allient charme et confort pour des heures de jeu imaginatif.<\/p>","protected":false},"featured_media":3869,"comment_status":"open","ping_status":"closed","template":"","meta":[],"product_brand":[],"product_cat":[159,148],"product_tag":[],"class_list":{"0":"post-3868","1":"product","2":"type-product","3":"status-publish","4":"has-post-thumbnail","6":"product_cat-clothes-for-reborn-dolls","7":"product_cat-reborn-doll-accessories","9":"first","10":"instock","11":"sale","12":"shipping-taxable","13":"purchasable","14":"product-type-variable","15":"has-default-attributes"},"_links":{"self":[{"href":"https:\/\/www.mkreborns.com\/fr\/wp-json\/wp\/v2\/product\/3868","targetHints":{"allow":["GET"]}}],"collection":[{"href":"https:\/\/www.mkreborns.com\/fr\/wp-json\/wp\/v2\/product"}],"about":[{"href":"https:\/\/www.mkreborns.com\/fr\/wp-json\/wp\/v2\/types\/product"}],"replies":[{"embeddable":true,"href":"https:\/\/www.mkreborns.com\/fr\/wp-json\/wp\/v2\/comments?post=3868"}],"wp:featuredmedia":[{"embeddable":true,"href":"https:\/\/www.mkreborns.com\/fr\/wp-json\/wp\/v2\/media\/3869"}],"wp:attachment":[{"href":"https:\/\/www.mkreborns.com\/fr\/wp-json\/wp\/v2\/media?parent=3868"}],"wp:term":[{"taxonomy":"product_brand","embeddable":true,"href":"https:\/\/www.mkreborns.com\/fr\/wp-json\/wp\/v2\/product_brand?post=3868"},{"taxonomy":"product_cat","embeddable":true,"href":"https:\/\/www.mkreborns.com\/fr\/wp-json\/wp\/v2\/product_cat?post=3868"},{"taxonomy":"product_tag","embeddable":true,"href":"https:\/\/www.mkreborns.com\/fr\/wp-json\/wp\/v2\/product_tag?post=3868"}],"curies":[{"name":"wp","href":"https:\/\/api.w.org\/{rel}","templated":true}]}}