{"id":3782,"date":"2026-03-08T15:57:12","date_gmt":"2026-03-08T15:57:12","guid":{"rendered":"https:\/\/www.mkreborns.com\/?post_type=product&#038;p=3782"},"modified":"2026-03-18T15:02:57","modified_gmt":"2026-03-18T15:02:57","slug":"ashley-silicone-lifelike-baby-reborn-doll","status":"publish","type":"product","link":"https:\/\/www.mkreborns.com\/fr\/product\/ashley-silicone-lifelike-baby-reborn-doll\/","title":{"rendered":"Poup\u00e9e reborn r\u00e9aliste en silicone Ashley"},"content":{"rendered":"<p>Ce poupon reborn plus vrai que nature est de taille id\u00e9ale\u00a0; suffisamment petit pour ne prendre que peu de place, il se pose facilement sur une table de chevet ou dans un coin du canap\u00e9, cr\u00e9ant une pr\u00e9sence douce et apaisante dans la pi\u00e8ce. Rentrer chez soi apr\u00e8s une longue journ\u00e9e et serrer ce poupon reborn dans ses bras suffit \u00e0 vous d\u00e9tendre instantan\u00e9ment.<\/p>\n<p>Genre : Fille<br \/>\nHauteur : 40 cm<br \/>\nPoids : 1,7 kg<br \/>\nPoids de l&#039;emballage : 2,5 kg<br \/>\nDimensions de l&#039;emballage : 46 x 21 x 15 cm<\/p>\n<p><img decoding=\"async\" class=\"aligncenter wp-image-3798 size-full\" src=\"https:\/\/www.mkreborns.com\/wp-content\/themes\/woodmart\/images\/lazy.svg\" data-src=\"https:\/\/www.mkreborns.com\/wp-content\/uploads\/2026\/03\/ashley-reborn-doll16.jpg\" alt=\"Poup\u00e9e reborn pr\u00e9matur\u00e9e en silicone, poup\u00e9e b\u00e9b\u00e9 r\u00e9aliste pour collectionneurs et enfants, douce et r\u00e9aliste.\" width=\"1400\" height=\"933\" title=\"\" srcset=\"\" data-srcset=\"https:\/\/www.mkreborns.com\/wp-content\/uploads\/2026\/03\/ashley-reborn-doll16.jpg 1400w, https:\/\/www.mkreborns.com\/wp-content\/uploads\/2026\/03\/ashley-reborn-doll16-400x267.jpg 400w, https:\/\/www.mkreborns.com\/wp-content\/uploads\/2026\/03\/ashley-reborn-doll16-1200x800.jpg 1200w, https:\/\/www.mkreborns.com\/wp-content\/uploads\/2026\/03\/ashley-reborn-doll16-768x512.jpg 768w, https:\/\/www.mkreborns.com\/wp-content\/uploads\/2026\/03\/ashley-reborn-doll16-18x12.jpg 18w, https:\/\/www.mkreborns.com\/wp-content\/uploads\/2026\/03\/ashley-reborn-doll16-700x467.jpg 700w, https:\/\/www.mkreborns.com\/wp-content\/uploads\/2026\/03\/ashley-reborn-doll16-150x100.jpg 150w\" sizes=\"(max-width: 1400px) 100vw, 1400px\" \/> <img decoding=\"async\" class=\"aligncenter wp-image-3799 size-full\" src=\"https:\/\/www.mkreborns.com\/wp-content\/themes\/woodmart\/images\/lazy.svg\" data-src=\"https:\/\/www.mkreborns.com\/wp-content\/uploads\/2026\/03\/ashley-reborn-doll17.jpg\" alt=\"Poup\u00e9e reborn pr\u00e9matur\u00e9e r\u00e9aliste de 40 cm en silicone, id\u00e9ale pour les collectionneurs et les cr\u00e8ches.\" width=\"1400\" height=\"933\" title=\"\" srcset=\"\" data-srcset=\"https:\/\/www.mkreborns.com\/wp-content\/uploads\/2026\/03\/ashley-reborn-doll17.jpg 1400w, https:\/\/www.mkreborns.com\/wp-content\/uploads\/2026\/03\/ashley-reborn-doll17-400x267.jpg 400w, https:\/\/www.mkreborns.com\/wp-content\/uploads\/2026\/03\/ashley-reborn-doll17-1200x800.jpg 1200w, https:\/\/www.mkreborns.com\/wp-content\/uploads\/2026\/03\/ashley-reborn-doll17-768x512.jpg 768w, https:\/\/www.mkreborns.com\/wp-content\/uploads\/2026\/03\/ashley-reborn-doll17-18x12.jpg 18w, https:\/\/www.mkreborns.com\/wp-content\/uploads\/2026\/03\/ashley-reborn-doll17-700x467.jpg 700w, https:\/\/www.mkreborns.com\/wp-content\/uploads\/2026\/03\/ashley-reborn-doll17-150x100.jpg 150w\" sizes=\"(max-width: 1400px) 100vw, 1400px\" \/> <img decoding=\"async\" class=\"aligncenter wp-image-3796 size-full\" src=\"https:\/\/www.mkreborns.com\/wp-content\/themes\/woodmart\/images\/lazy.svg\" data-src=\"https:\/\/www.mkreborns.com\/wp-content\/uploads\/2026\/03\/ashley-reborn-doll14.jpg\" alt=\"Poup\u00e9e reborn pr\u00e9matur\u00e9e r\u00e9aliste de 40 cm en silicone, parfaite pour les collectionneurs et les enfants.\" width=\"1400\" height=\"933\" title=\"\" srcset=\"\" data-srcset=\"https:\/\/www.mkreborns.com\/wp-content\/uploads\/2026\/03\/ashley-reborn-doll14.jpg 1400w, https:\/\/www.mkreborns.com\/wp-content\/uploads\/2026\/03\/ashley-reborn-doll14-400x267.jpg 400w, https:\/\/www.mkreborns.com\/wp-content\/uploads\/2026\/03\/ashley-reborn-doll14-1200x800.jpg 1200w, https:\/\/www.mkreborns.com\/wp-content\/uploads\/2026\/03\/ashley-reborn-doll14-768x512.jpg 768w, https:\/\/www.mkreborns.com\/wp-content\/uploads\/2026\/03\/ashley-reborn-doll14-18x12.jpg 18w, https:\/\/www.mkreborns.com\/wp-content\/uploads\/2026\/03\/ashley-reborn-doll14-700x467.jpg 700w, https:\/\/www.mkreborns.com\/wp-content\/uploads\/2026\/03\/ashley-reborn-doll14-150x100.jpg 150w\" sizes=\"(max-width: 1400px) 100vw, 1400px\" \/><\/p>","protected":false},"excerpt":{"rendered":"<p>Cette adorable poup\u00e9e reborn est toute rose et d&#039;une douceur infinie, avec ses petites mains et ses petits pieds craquants. Les yeux doucement clos, elle semble plong\u00e9e dans un doux r\u00eave.<\/p>","protected":false},"featured_media":3785,"comment_status":"open","ping_status":"closed","template":"","meta":[],"product_brand":[],"product_cat":[158,144,155,146,153],"product_tag":[],"class_list":{"0":"post-3782","1":"product","2":"type-product","3":"status-publish","4":"has-post-thumbnail","6":"product_cat-15-inch-baby-dolls","7":"product_cat-baby-girl-reborn-dolls","8":"product_cat-cute-reborn-dolls","9":"product_cat-full-silicone-reborn-dolls","10":"product_cat-newborn-reborn-dolls","12":"first","13":"instock","14":"sale","15":"shipping-taxable","16":"purchasable","17":"product-type-simple"},"_links":{"self":[{"href":"https:\/\/www.mkreborns.com\/fr\/wp-json\/wp\/v2\/product\/3782","targetHints":{"allow":["GET"]}}],"collection":[{"href":"https:\/\/www.mkreborns.com\/fr\/wp-json\/wp\/v2\/product"}],"about":[{"href":"https:\/\/www.mkreborns.com\/fr\/wp-json\/wp\/v2\/types\/product"}],"replies":[{"embeddable":true,"href":"https:\/\/www.mkreborns.com\/fr\/wp-json\/wp\/v2\/comments?post=3782"}],"wp:featuredmedia":[{"embeddable":true,"href":"https:\/\/www.mkreborns.com\/fr\/wp-json\/wp\/v2\/media\/3785"}],"wp:attachment":[{"href":"https:\/\/www.mkreborns.com\/fr\/wp-json\/wp\/v2\/media?parent=3782"}],"wp:term":[{"taxonomy":"product_brand","embeddable":true,"href":"https:\/\/www.mkreborns.com\/fr\/wp-json\/wp\/v2\/product_brand?post=3782"},{"taxonomy":"product_cat","embeddable":true,"href":"https:\/\/www.mkreborns.com\/fr\/wp-json\/wp\/v2\/product_cat?post=3782"},{"taxonomy":"product_tag","embeddable":true,"href":"https:\/\/www.mkreborns.com\/fr\/wp-json\/wp\/v2\/product_tag?post=3782"}],"curies":[{"name":"wp","href":"https:\/\/api.w.org\/{rel}","templated":true}]}}