{"id":3763,"date":"2026-03-08T14:20:28","date_gmt":"2026-03-08T14:20:28","guid":{"rendered":"https:\/\/www.mkreborns.com\/?post_type=product&#038;p=3763"},"modified":"2026-03-18T14:53:37","modified_gmt":"2026-03-18T14:53:37","slug":"kay-40-cm-silicone-preemie-reborn-doll","status":"publish","type":"product","link":"https:\/\/www.mkreborns.com\/fr\/product\/kay-40-cm-silicone-preemie-reborn-doll\/","title":{"rendered":"Poup\u00e9e reborn pr\u00e9matur\u00e9e en silicone Kay de 40 cm"},"content":{"rendered":"<p>Dans l&#039;univers des poup\u00e9es reborn, une poup\u00e9e de 40 cm repr\u00e9sente la taille id\u00e9ale, la plus douce, \u00e9voquant un b\u00e9b\u00e9 pr\u00e9matur\u00e9 encore emmaillot\u00e9. Lorsqu&#039;une poup\u00e9e reborn de 40 cm est enti\u00e8rement en silicone et sculpt\u00e9e \u00e0 l&#039;image d&#039;un petit gar\u00e7on, elle devient bien plus qu&#039;une simple poup\u00e9e\u00a0: un compagnon \u00e0 c\u00e2liner, une \u0153uvre d&#039;art empreinte d&#039;\u00e9motion. Des \u00e9tudes montrent que les c\u00e2lins lib\u00e8rent des endorphines, qui peuvent apaiser l&#039;anxi\u00e9t\u00e9 et la d\u00e9pression, et ainsi favoriser un sentiment de bien-\u00eatre.<\/p>\n<p>Sexe : Gar\u00e7on<br \/>\nHauteur : 40 cm<br \/>\nPoids : 1,4 kg<br \/>\nPoids de l&#039;emballage : 2,3 kg<br \/>\nDimensions de l&#039;emballage : 46 x 21 x 15 cm<\/p>\n<p><img decoding=\"async\" class=\"aligncenter wp-image-3781 size-full\" src=\"https:\/\/www.mkreborns.com\/wp-content\/themes\/woodmart\/images\/lazy.svg\" data-src=\"https:\/\/www.mkreborns.com\/wp-content\/uploads\/2026\/03\/Kay-Preemie-Reborn-Doll18.jpg\" alt=\"\" width=\"1400\" height=\"933\" title=\"\" srcset=\"\" data-srcset=\"https:\/\/www.mkreborns.com\/wp-content\/uploads\/2026\/03\/Kay-Preemie-Reborn-Doll18.jpg 1400w, https:\/\/www.mkreborns.com\/wp-content\/uploads\/2026\/03\/Kay-Preemie-Reborn-Doll18-400x267.jpg 400w, https:\/\/www.mkreborns.com\/wp-content\/uploads\/2026\/03\/Kay-Preemie-Reborn-Doll18-1200x800.jpg 1200w, https:\/\/www.mkreborns.com\/wp-content\/uploads\/2026\/03\/Kay-Preemie-Reborn-Doll18-768x512.jpg 768w, https:\/\/www.mkreborns.com\/wp-content\/uploads\/2026\/03\/Kay-Preemie-Reborn-Doll18-18x12.jpg 18w, https:\/\/www.mkreborns.com\/wp-content\/uploads\/2026\/03\/Kay-Preemie-Reborn-Doll18-700x467.jpg 700w, https:\/\/www.mkreborns.com\/wp-content\/uploads\/2026\/03\/Kay-Preemie-Reborn-Doll18-150x100.jpg 150w\" sizes=\"(max-width: 1400px) 100vw, 1400px\" \/> <img decoding=\"async\" class=\"aligncenter wp-image-3780 size-full\" src=\"https:\/\/www.mkreborns.com\/wp-content\/themes\/woodmart\/images\/lazy.svg\" data-src=\"https:\/\/www.mkreborns.com\/wp-content\/uploads\/2026\/03\/Kay-Preemie-Reborn-Doll17.jpg\" alt=\"\" width=\"1400\" height=\"933\" title=\"\" srcset=\"\" data-srcset=\"https:\/\/www.mkreborns.com\/wp-content\/uploads\/2026\/03\/Kay-Preemie-Reborn-Doll17.jpg 1400w, https:\/\/www.mkreborns.com\/wp-content\/uploads\/2026\/03\/Kay-Preemie-Reborn-Doll17-400x267.jpg 400w, https:\/\/www.mkreborns.com\/wp-content\/uploads\/2026\/03\/Kay-Preemie-Reborn-Doll17-1200x800.jpg 1200w, https:\/\/www.mkreborns.com\/wp-content\/uploads\/2026\/03\/Kay-Preemie-Reborn-Doll17-768x512.jpg 768w, https:\/\/www.mkreborns.com\/wp-content\/uploads\/2026\/03\/Kay-Preemie-Reborn-Doll17-18x12.jpg 18w, https:\/\/www.mkreborns.com\/wp-content\/uploads\/2026\/03\/Kay-Preemie-Reborn-Doll17-700x467.jpg 700w, https:\/\/www.mkreborns.com\/wp-content\/uploads\/2026\/03\/Kay-Preemie-Reborn-Doll17-150x100.jpg 150w\" sizes=\"(max-width: 1400px) 100vw, 1400px\" \/><\/p>","protected":false},"excerpt":{"rendered":"<p>Une poup\u00e9e reborn pr\u00e9matur\u00e9e de 40 cm p\u00e8se environ 1,5 kg, soit exactement le poids d&#039;un b\u00e9b\u00e9 pr\u00e9matur\u00e9. Tenir dans ses bras cette poup\u00e9e reborn gar\u00e7on donne l&#039;impression de tenir v\u00e9ritablement une vie de nouveau-n\u00e9.<\/p>","protected":false},"featured_media":3775,"comment_status":"open","ping_status":"closed","template":"","meta":[],"product_brand":[],"product_cat":[145,158,155,146,153],"product_tag":[],"class_list":{"0":"post-3763","1":"product","2":"type-product","3":"status-publish","4":"has-post-thumbnail","6":"product_cat-baby-boy-reborn-dolls","7":"product_cat-15-inch-baby-dolls","8":"product_cat-cute-reborn-dolls","9":"product_cat-full-silicone-reborn-dolls","10":"product_cat-newborn-reborn-dolls","12":"first","13":"instock","14":"sale","15":"shipping-taxable","16":"purchasable","17":"product-type-simple"},"_links":{"self":[{"href":"https:\/\/www.mkreborns.com\/fr\/wp-json\/wp\/v2\/product\/3763","targetHints":{"allow":["GET"]}}],"collection":[{"href":"https:\/\/www.mkreborns.com\/fr\/wp-json\/wp\/v2\/product"}],"about":[{"href":"https:\/\/www.mkreborns.com\/fr\/wp-json\/wp\/v2\/types\/product"}],"replies":[{"embeddable":true,"href":"https:\/\/www.mkreborns.com\/fr\/wp-json\/wp\/v2\/comments?post=3763"}],"wp:featuredmedia":[{"embeddable":true,"href":"https:\/\/www.mkreborns.com\/fr\/wp-json\/wp\/v2\/media\/3775"}],"wp:attachment":[{"href":"https:\/\/www.mkreborns.com\/fr\/wp-json\/wp\/v2\/media?parent=3763"}],"wp:term":[{"taxonomy":"product_brand","embeddable":true,"href":"https:\/\/www.mkreborns.com\/fr\/wp-json\/wp\/v2\/product_brand?post=3763"},{"taxonomy":"product_cat","embeddable":true,"href":"https:\/\/www.mkreborns.com\/fr\/wp-json\/wp\/v2\/product_cat?post=3763"},{"taxonomy":"product_tag","embeddable":true,"href":"https:\/\/www.mkreborns.com\/fr\/wp-json\/wp\/v2\/product_tag?post=3763"}],"curies":[{"name":"wp","href":"https:\/\/api.w.org\/{rel}","templated":true}]}}