{"id":3622,"date":"2026-02-04T15:19:37","date_gmt":"2026-02-04T15:19:37","guid":{"rendered":"https:\/\/www.mkreborns.com\/?post_type=product&#038;p=3622"},"modified":"2026-03-18T15:10:13","modified_gmt":"2026-03-18T15:10:13","slug":"bagot-miniature-cuddle-fake-reborn-dolls","status":"publish","type":"product","link":"https:\/\/www.mkreborns.com\/fr\/product\/bagot-miniature-cuddle-fake-reborn-dolls\/","title":{"rendered":"Poup\u00e9es reborn miniatures Bagot \u00e0 c\u00e2liner"},"content":{"rendered":"<p>Les poup\u00e9es reborn ont une apparence r\u00e9aliste et peuvent servir de jouets \u00e9ducatifs pour les enfants. L\u00e9g\u00e8res et de petite taille, elles sont faciles \u00e0 manipuler. Leur r\u00e9alisme favorise le d\u00e9veloppement de l&#039;empathie et du sens des responsabilit\u00e9s chez l&#039;enfant gr\u00e2ce au jeu de r\u00f4le, et l&#039;incite \u00e0 prendre soin des autres.<\/p>\n<p>&nbsp;<\/p>\n<p>Sexe : Gar\u00e7on<br \/>\nPoids : 1,5 kg<br \/>\nHauteur : 18 pouces<br \/>\nMati\u00e8re : PVC<\/p>\n<p>&nbsp;<\/p>\n<div style=\"width: 720px;\" class=\"wp-video\"><video class=\"wp-video-shortcode\" id=\"video-3622-1\" width=\"720\" height=\"960\" preload=\"metadata\" controls=\"controls\"><source type=\"video\/mp4\" src=\"https:\/\/www.mkreborns.com\/wp-content\/uploads\/2026\/02\/Bagot-Cuddle-Reborn.mp4?_=1\" \/><a href=\"https:\/\/www.mkreborns.com\/wp-content\/uploads\/2026\/02\/Bagot-Cuddle-Reborn.mp4\">https:\/\/www.mkreborns.com\/wp-content\/uploads\/2026\/02\/Bagot-Cuddle-Reborn.mp4<\/a><\/video><\/div>\n<p><img decoding=\"async\" class=\"aligncenter wp-image-3631 size-full\" src=\"https:\/\/www.mkreborns.com\/wp-content\/themes\/woodmart\/images\/lazy.svg\" data-src=\"https:\/\/www.mkreborns.com\/wp-content\/uploads\/2026\/02\/Bagot-Cuddle-Reborn9.jpg\" alt=\"Authentique poup\u00e9e reborn miniature Bagot avec des mains douces et un visage souple.\" width=\"800\" height=\"800\" title=\"\" srcset=\"\" data-srcset=\"https:\/\/www.mkreborns.com\/wp-content\/uploads\/2026\/02\/Bagot-Cuddle-Reborn9.jpg 800w, https:\/\/www.mkreborns.com\/wp-content\/uploads\/2026\/02\/Bagot-Cuddle-Reborn9-150x150.jpg 150w, https:\/\/www.mkreborns.com\/wp-content\/uploads\/2026\/02\/Bagot-Cuddle-Reborn9-700x700.jpg 700w, https:\/\/www.mkreborns.com\/wp-content\/uploads\/2026\/02\/Bagot-Cuddle-Reborn9-300x300.jpg 300w, https:\/\/www.mkreborns.com\/wp-content\/uploads\/2026\/02\/Bagot-Cuddle-Reborn9-768x768.jpg 768w\" sizes=\"(max-width: 800px) 100vw, 800px\" \/> <img decoding=\"async\" class=\"aligncenter wp-image-3629 size-full\" src=\"https:\/\/www.mkreborns.com\/wp-content\/themes\/woodmart\/images\/lazy.svg\" data-src=\"https:\/\/www.mkreborns.com\/wp-content\/uploads\/2026\/02\/Bagot-Cuddle-Reborn7.jpg\" alt=\"Adorable poup\u00e9e reborn miniature de gar\u00e7on avec tenue, chapeau et accessoires pour collectionneurs.\" width=\"800\" height=\"800\" title=\"\" srcset=\"\" data-srcset=\"https:\/\/www.mkreborns.com\/wp-content\/uploads\/2026\/02\/Bagot-Cuddle-Reborn7.jpg 800w, https:\/\/www.mkreborns.com\/wp-content\/uploads\/2026\/02\/Bagot-Cuddle-Reborn7-150x150.jpg 150w, https:\/\/www.mkreborns.com\/wp-content\/uploads\/2026\/02\/Bagot-Cuddle-Reborn7-700x700.jpg 700w, https:\/\/www.mkreborns.com\/wp-content\/uploads\/2026\/02\/Bagot-Cuddle-Reborn7-300x300.jpg 300w, https:\/\/www.mkreborns.com\/wp-content\/uploads\/2026\/02\/Bagot-Cuddle-Reborn7-768x768.jpg 768w\" sizes=\"(max-width: 800px) 100vw, 800px\" \/><\/p>","protected":false},"excerpt":{"rendered":"<p>Les poup\u00e9es reborn miniatures peuvent \u00eatre utilis\u00e9es comme jouets pour aider les personnes ayant perdu un enfant \u00e0 surmonter leur chagrin et \u00e0 att\u00e9nuer leur deuil.<\/p>\n<p>La bouche de la poup\u00e9e Reborn est magn\u00e9tique, ce qui vous permet d&#039;utiliser une t\u00e9tine magn\u00e9tique.<\/p>","protected":false},"featured_media":3630,"comment_status":"open","ping_status":"closed","template":"","meta":[],"product_brand":[],"product_cat":[151,145,154,153,152],"product_tag":[],"class_list":{"0":"post-3622","1":"product","2":"type-product","3":"status-publish","4":"has-post-thumbnail","6":"product_cat-18-inch-reborn-dolls","7":"product_cat-baby-boy-reborn-dolls","8":"product_cat-lifelike-reborn-dolls","9":"product_cat-newborn-reborn-dolls","10":"product_cat-vinyl-reborn-dolls","12":"first","13":"instock","14":"sale","15":"shipping-taxable","16":"purchasable","17":"product-type-simple"},"_links":{"self":[{"href":"https:\/\/www.mkreborns.com\/fr\/wp-json\/wp\/v2\/product\/3622","targetHints":{"allow":["GET"]}}],"collection":[{"href":"https:\/\/www.mkreborns.com\/fr\/wp-json\/wp\/v2\/product"}],"about":[{"href":"https:\/\/www.mkreborns.com\/fr\/wp-json\/wp\/v2\/types\/product"}],"replies":[{"embeddable":true,"href":"https:\/\/www.mkreborns.com\/fr\/wp-json\/wp\/v2\/comments?post=3622"}],"wp:featuredmedia":[{"embeddable":true,"href":"https:\/\/www.mkreborns.com\/fr\/wp-json\/wp\/v2\/media\/3630"}],"wp:attachment":[{"href":"https:\/\/www.mkreborns.com\/fr\/wp-json\/wp\/v2\/media?parent=3622"}],"wp:term":[{"taxonomy":"product_brand","embeddable":true,"href":"https:\/\/www.mkreborns.com\/fr\/wp-json\/wp\/v2\/product_brand?post=3622"},{"taxonomy":"product_cat","embeddable":true,"href":"https:\/\/www.mkreborns.com\/fr\/wp-json\/wp\/v2\/product_cat?post=3622"},{"taxonomy":"product_tag","embeddable":true,"href":"https:\/\/www.mkreborns.com\/fr\/wp-json\/wp\/v2\/product_tag?post=3622"}],"curies":[{"name":"wp","href":"https:\/\/api.w.org\/{rel}","templated":true}]}}