{"id":3266,"date":"2026-01-18T16:20:06","date_gmt":"2026-01-18T16:20:06","guid":{"rendered":"https:\/\/www.mkreborns.com\/?post_type=product&#038;p=3266"},"modified":"2026-03-15T15:29:17","modified_gmt":"2026-03-15T15:29:17","slug":"ivita-full-silicone-tiny-reborn-doll","status":"publish","type":"product","link":"https:\/\/www.mkreborns.com\/fr\/product\/ivita-full-silicone-tiny-reborn-doll\/","title":{"rendered":"Poup\u00e9e reborn miniature en silicone Ivita"},"content":{"rendered":"<p>&nbsp;<\/p>\n<p>Le charme de cette poup\u00e9e reborn en silicone ne provient pas d&#039;images caricaturales exag\u00e9r\u00e9es, mais d&#039;un r\u00e9alisme saisissant, d&#039;une v\u00e9ritable impression de vie. De plus, cette petite poup\u00e9e regorge de d\u00e9tails incroyablement r\u00e9alistes\u00a0; son charme r\u00e9side dans chacun d&#039;eux. Son poids est comparable \u00e0 celui d&#039;un vrai b\u00e9b\u00e9 qu&#039;on berce. Sa peau douce en silicone, ses cils d\u00e9licats \u2013 tout en elle \u00e9voque un nouveau-n\u00e9 qui s&#039;endort. Ce r\u00e9alisme vous invite inconsciemment \u00e0 des gestes plus doux, suscitant une profonde tendresse.<\/p>\n<p>&nbsp;<\/p>\n<p>Genre : Fille<br \/>\nPoids : 1,7 kg<br \/>\nHauteur : 15,7 pouces<br \/>\nMati\u00e8re : Silicone<\/p>\n<p>&nbsp;<\/p>\n<div style=\"width: 1920px;\" class=\"wp-video\"><video class=\"wp-video-shortcode\" id=\"video-3266-1\" width=\"1920\" height=\"1080\" preload=\"metadata\" controls=\"controls\"><source type=\"video\/mp4\" src=\"https:\/\/www.mkreborns.com\/wp-content\/uploads\/2026\/01\/Ivita-Reborn-Baby.mp4?_=1\" \/><a href=\"https:\/\/www.mkreborns.com\/wp-content\/uploads\/2026\/01\/Ivita-Reborn-Baby.mp4\">https:\/\/www.mkreborns.com\/wp-content\/uploads\/2026\/01\/Ivita-Reborn-Baby.mp4<\/a><\/video><\/div>\n<p><img decoding=\"async\" class=\"aligncenter wp-image-3267 size-full\" src=\"https:\/\/www.mkreborns.com\/wp-content\/themes\/woodmart\/images\/lazy.svg\" data-src=\"https:\/\/www.mkreborns.com\/wp-content\/uploads\/2026\/01\/Ivita-Reborn-Baby1.jpg\" alt=\"Poup\u00e9e reborn en silicone pour collectionneurs et enfants.\" width=\"1464\" height=\"600\" title=\"\" srcset=\"\" data-srcset=\"https:\/\/www.mkreborns.com\/wp-content\/uploads\/2026\/01\/Ivita-Reborn-Baby1.jpg 1464w, https:\/\/www.mkreborns.com\/wp-content\/uploads\/2026\/01\/Ivita-Reborn-Baby1-150x61.jpg 150w, https:\/\/www.mkreborns.com\/wp-content\/uploads\/2026\/01\/Ivita-Reborn-Baby1-700x287.jpg 700w, https:\/\/www.mkreborns.com\/wp-content\/uploads\/2026\/01\/Ivita-Reborn-Baby1-400x164.jpg 400w, https:\/\/www.mkreborns.com\/wp-content\/uploads\/2026\/01\/Ivita-Reborn-Baby1-1300x533.jpg 1300w, https:\/\/www.mkreborns.com\/wp-content\/uploads\/2026\/01\/Ivita-Reborn-Baby1-768x315.jpg 768w\" sizes=\"(max-width: 1464px) 100vw, 1464px\" \/> <img decoding=\"async\" class=\"aligncenter wp-image-3268 size-full\" src=\"https:\/\/www.mkreborns.com\/wp-content\/themes\/woodmart\/images\/lazy.svg\" data-src=\"https:\/\/www.mkreborns.com\/wp-content\/uploads\/2026\/01\/Ivita-Reborn-Baby2.jpg\" alt=\"Poup\u00e9e b\u00e9b\u00e9 r\u00e9aliste en silicone pour collectionneurs et enfants.\" width=\"1464\" height=\"600\" title=\"\" srcset=\"\" data-srcset=\"https:\/\/www.mkreborns.com\/wp-content\/uploads\/2026\/01\/Ivita-Reborn-Baby2.jpg 1464w, https:\/\/www.mkreborns.com\/wp-content\/uploads\/2026\/01\/Ivita-Reborn-Baby2-150x61.jpg 150w, https:\/\/www.mkreborns.com\/wp-content\/uploads\/2026\/01\/Ivita-Reborn-Baby2-700x287.jpg 700w, https:\/\/www.mkreborns.com\/wp-content\/uploads\/2026\/01\/Ivita-Reborn-Baby2-400x164.jpg 400w, https:\/\/www.mkreborns.com\/wp-content\/uploads\/2026\/01\/Ivita-Reborn-Baby2-1300x533.jpg 1300w, https:\/\/www.mkreborns.com\/wp-content\/uploads\/2026\/01\/Ivita-Reborn-Baby2-768x315.jpg 768w\" sizes=\"(max-width: 1464px) 100vw, 1464px\" \/> <img decoding=\"async\" class=\"aligncenter wp-image-3269 size-full\" src=\"https:\/\/www.mkreborns.com\/wp-content\/themes\/woodmart\/images\/lazy.svg\" data-src=\"https:\/\/www.mkreborns.com\/wp-content\/uploads\/2026\/01\/Ivita-Reborn-Baby3.jpg\" alt=\"Adorable poup\u00e9e reborn miniature en silicone Ivita aux traits r\u00e9alistes, id\u00e9ale pour les collectionneurs.\" width=\"1464\" height=\"600\" title=\"\" srcset=\"\" data-srcset=\"https:\/\/www.mkreborns.com\/wp-content\/uploads\/2026\/01\/Ivita-Reborn-Baby3.jpg 1464w, https:\/\/www.mkreborns.com\/wp-content\/uploads\/2026\/01\/Ivita-Reborn-Baby3-150x61.jpg 150w, https:\/\/www.mkreborns.com\/wp-content\/uploads\/2026\/01\/Ivita-Reborn-Baby3-700x287.jpg 700w, https:\/\/www.mkreborns.com\/wp-content\/uploads\/2026\/01\/Ivita-Reborn-Baby3-400x164.jpg 400w, https:\/\/www.mkreborns.com\/wp-content\/uploads\/2026\/01\/Ivita-Reborn-Baby3-1300x533.jpg 1300w, https:\/\/www.mkreborns.com\/wp-content\/uploads\/2026\/01\/Ivita-Reborn-Baby3-768x315.jpg 768w\" sizes=\"(max-width: 1464px) 100vw, 1464px\" \/> <img decoding=\"async\" class=\"aligncenter wp-image-3270 size-full\" src=\"https:\/\/www.mkreborns.com\/wp-content\/themes\/woodmart\/images\/lazy.svg\" data-src=\"https:\/\/www.mkreborns.com\/wp-content\/uploads\/2026\/01\/Ivita-Reborn-Baby4.jpg\" alt=\"Poup\u00e9e reborn miniature en silicone - Ivita, b\u00e9b\u00e9 miniature r\u00e9aliste pour collectionneurs.\" width=\"1464\" height=\"600\" title=\"\" srcset=\"\" data-srcset=\"https:\/\/www.mkreborns.com\/wp-content\/uploads\/2026\/01\/Ivita-Reborn-Baby4.jpg 1464w, https:\/\/www.mkreborns.com\/wp-content\/uploads\/2026\/01\/Ivita-Reborn-Baby4-150x61.jpg 150w, https:\/\/www.mkreborns.com\/wp-content\/uploads\/2026\/01\/Ivita-Reborn-Baby4-700x287.jpg 700w, https:\/\/www.mkreborns.com\/wp-content\/uploads\/2026\/01\/Ivita-Reborn-Baby4-400x164.jpg 400w, https:\/\/www.mkreborns.com\/wp-content\/uploads\/2026\/01\/Ivita-Reborn-Baby4-1300x533.jpg 1300w, https:\/\/www.mkreborns.com\/wp-content\/uploads\/2026\/01\/Ivita-Reborn-Baby4-768x315.jpg 768w\" sizes=\"(max-width: 1464px) 100vw, 1464px\" \/> <img decoding=\"async\" class=\"aligncenter wp-image-3271 size-full\" src=\"https:\/\/www.mkreborns.com\/wp-content\/themes\/woodmart\/images\/lazy.svg\" data-src=\"https:\/\/www.mkreborns.com\/wp-content\/uploads\/2026\/01\/Ivita-Reborn-Baby5.jpg\" alt=\"Poup\u00e9e reborn Ivita enti\u00e8rement en silicone, miniature, pour collectionneurs et enfants.\" width=\"1464\" height=\"600\" title=\"\" srcset=\"\" data-srcset=\"https:\/\/www.mkreborns.com\/wp-content\/uploads\/2026\/01\/Ivita-Reborn-Baby5.jpg 1464w, https:\/\/www.mkreborns.com\/wp-content\/uploads\/2026\/01\/Ivita-Reborn-Baby5-150x61.jpg 150w, https:\/\/www.mkreborns.com\/wp-content\/uploads\/2026\/01\/Ivita-Reborn-Baby5-700x287.jpg 700w, https:\/\/www.mkreborns.com\/wp-content\/uploads\/2026\/01\/Ivita-Reborn-Baby5-400x164.jpg 400w, https:\/\/www.mkreborns.com\/wp-content\/uploads\/2026\/01\/Ivita-Reborn-Baby5-1300x533.jpg 1300w, https:\/\/www.mkreborns.com\/wp-content\/uploads\/2026\/01\/Ivita-Reborn-Baby5-768x315.jpg 768w\" sizes=\"(max-width: 1464px) 100vw, 1464px\" \/><\/p>","protected":false},"excerpt":{"rendered":"<p>Ce nouveau-n\u00e9 dort paisiblement, totalement inconscient du monde qui l&#039;entoure. Contempler une poup\u00e9e reborn procure un sentiment de douceur et apaise incroyablement vos angoisses.<\/p>","protected":false},"featured_media":3290,"comment_status":"open","ping_status":"closed","template":"","meta":[],"product_brand":[],"product_cat":[144,158,146,156,153],"product_tag":[],"class_list":{"0":"post-3266","1":"product","2":"type-product","3":"status-publish","4":"has-post-thumbnail","6":"product_cat-baby-girl-reborn-dolls","7":"product_cat-15-inch-baby-dolls","8":"product_cat-full-silicone-reborn-dolls","9":"product_cat-life-sized-dolls","10":"product_cat-newborn-reborn-dolls","12":"first","13":"instock","14":"sale","15":"shipping-taxable","16":"purchasable","17":"product-type-simple"},"_links":{"self":[{"href":"https:\/\/www.mkreborns.com\/fr\/wp-json\/wp\/v2\/product\/3266","targetHints":{"allow":["GET"]}}],"collection":[{"href":"https:\/\/www.mkreborns.com\/fr\/wp-json\/wp\/v2\/product"}],"about":[{"href":"https:\/\/www.mkreborns.com\/fr\/wp-json\/wp\/v2\/types\/product"}],"replies":[{"embeddable":true,"href":"https:\/\/www.mkreborns.com\/fr\/wp-json\/wp\/v2\/comments?post=3266"}],"wp:featuredmedia":[{"embeddable":true,"href":"https:\/\/www.mkreborns.com\/fr\/wp-json\/wp\/v2\/media\/3290"}],"wp:attachment":[{"href":"https:\/\/www.mkreborns.com\/fr\/wp-json\/wp\/v2\/media?parent=3266"}],"wp:term":[{"taxonomy":"product_brand","embeddable":true,"href":"https:\/\/www.mkreborns.com\/fr\/wp-json\/wp\/v2\/product_brand?post=3266"},{"taxonomy":"product_cat","embeddable":true,"href":"https:\/\/www.mkreborns.com\/fr\/wp-json\/wp\/v2\/product_cat?post=3266"},{"taxonomy":"product_tag","embeddable":true,"href":"https:\/\/www.mkreborns.com\/fr\/wp-json\/wp\/v2\/product_tag?post=3266"}],"curies":[{"name":"wp","href":"https:\/\/api.w.org\/{rel}","templated":true}]}}