{"id":3449,"date":"2026-01-20T14:40:52","date_gmt":"2026-01-20T14:40:52","guid":{"rendered":"https:\/\/www.mkreborns.com\/?page_id=3449"},"modified":"2026-01-28T02:03:34","modified_gmt":"2026-01-28T02:03:34","slug":"terms-conditions","status":"publish","type":"page","link":"https:\/\/www.mkreborns.com\/fr\/terms-conditions\/","title":{"rendered":"Conditions g\u00e9n\u00e9rales"},"content":{"rendered":"<h2 class=\"wp-block-heading\">1. Introduction<\/h2>\r\n\r\n\r\n\r\n<p>Les pr\u00e9sentes conditions g\u00e9n\u00e9rales (les \u201c\u00a0Conditions\u00a0\u201d) r\u00e9gissent votre acc\u00e8s et votre utilisation de <strong>mkreborns.com<\/strong> (le \u201c\u00a0Site Web\u00a0\u201d), une propri\u00e9t\u00e9 num\u00e9rique exploit\u00e9e par <strong>MK Reborns<\/strong> (\u201c nous \u201d, \u201c notre \u201d, \u201c nos \u201d).<\/p>\r\n\r\n\r\n\r\n<p>Afin d\u2019\u00e9viter toute ambigu\u00eft\u00e9, toute r\u00e9f\u00e9rence dans le pr\u00e9sent document \u00e0 \u201c vous \u201d, \u201c votre \u201d ou \u201c client \u201d d\u00e9signera toute personne physique ou morale achetant des produits aupr\u00e8s de Mk Reborns par le biais de ce site Web.<\/p>\r\n\r\n\r\n\r\n<p>Vos droits l\u00e9gaux en tant que consommateur restent inchang\u00e9s.<\/p>\r\n\r\n\r\n\r\n<p>En acc\u00e9dant \u00e0 ce site Web, en le consultant ou en y passant une commande, vous reconnaissez avoir lu, compris et accept\u00e9 d&#039;\u00eatre l\u00e9galement li\u00e9 par les pr\u00e9sentes Conditions g\u00e9n\u00e9rales, ainsi que par notre Politique de confidentialit\u00e9. <strong>politique de confidentialit\u00e9<\/strong>, <strong>Politique de retour<\/strong>, et <strong>Politique d&#039;exp\u00e9dition<\/strong>, qui constituent collectivement l&#039;int\u00e9gralit\u00e9 de l&#039;accord entre vous et Mk Reborns.<\/p>\r\n\r\n\r\n\r\n<p>Si vous n&#039;acceptez pas int\u00e9gralement les pr\u00e9sentes conditions g\u00e9n\u00e9rales, vous ne devez pas passer de commande via ce site Web.<\/p>\r\n\r\n\r\n<hr class=\"wp-block-separator has-alpha-channel-opacity\" \/>\r\n\r\n\r\n<h2 class=\"wp-block-heading\">2. Modifications des pr\u00e9sentes conditions<\/h2>\r\n\r\n\r\n\r\n<p>Mk Reborns se r\u00e9serve le droit de r\u00e9viser, modifier ou remplacer les pr\u00e9sentes conditions g\u00e9n\u00e9rales \u00e0 tout moment et sans pr\u00e9avis.<br \/>Les conditions g\u00e9n\u00e9rales en vigueur au moment de la passation de votre commande s&#039;appliqueront \u00e0 cette transaction.<\/p>\r\n\r\n\r\n\r\n<p>Il est conseill\u00e9 de consulter ces conditions g\u00e9n\u00e9rales avant chaque achat.<\/p>\r\n\r\n\r\n<hr class=\"wp-block-separator has-alpha-channel-opacity\" \/>\r\n\r\n\r\n<h2 class=\"wp-block-heading\">3. \u00c2ge l\u00e9gal requis<\/h2>\r\n\r\n\r\n\r\n<p>En passant commande sur ce site Web, vous d\u00e9clarez et garantissez avoir l&#039;\u00e2ge l\u00e9gal pour acheter les produits propos\u00e9s.<\/p>\r\n\r\n\r\n\r\n<p>Si nous avons des raisons de croire qu&#039;une commande a \u00e9t\u00e9 pass\u00e9e par une personne ne remplissant pas les conditions d&#039;\u00e2ge l\u00e9gal, nous nous r\u00e9servons le droit d&#039;annuler cette commande sans engager notre responsabilit\u00e9.<\/p>\r\n\r\n\r\n<hr class=\"wp-block-separator has-alpha-channel-opacity\" \/>\r\n\r\n\r\n<h2 class=\"wp-block-heading\">4. Formation du contrat<\/h2>\r\n\r\n\r\n\r\n<p>Toutes les commandes pass\u00e9es via ce site Web sont soumises \u00e0 l&#039;acceptation de Mk Reborns et \u00e0 la disponibilit\u00e9 des produits.<\/p>\r\n\r\n\r\n\r\n<p>Nous nous r\u00e9servons le droit absolu de refuser ou d&#039;annuler toute commande pour quelque raison que ce soit, y compris, mais sans s&#039;y limiter, les limitations de stock, les inexactitudes de prix ou les activit\u00e9s frauduleuses pr\u00e9sum\u00e9es.<\/p>\r\n\r\n\r\n\r\n<p>Un contrat contraignant ne sera consid\u00e9r\u00e9 comme form\u00e9 que lorsque Mk Reborns exp\u00e9die les marchandises command\u00e9es et \u00e9met un courriel de confirmation d&#039;exp\u00e9dition.<\/p>\r\n\r\n\r\n<hr class=\"wp-block-separator has-alpha-channel-opacity\" \/>\r\n\r\n\r\n<h2 class=\"wp-block-heading\">5. Tarification et exactitude<\/h2>\r\n\r\n\r\n\r\n<p>Bien que nous nous efforcions de garantir l&#039;exactitude des prix affich\u00e9s au moment de la publication, nous nous r\u00e9servons le droit de les modifier \u00e0 tout moment.<\/p>\r\n\r\n\r\n\r\n<p>Si une modification de prix a une incidence importante sur votre commande, vous en serez inform\u00e9 avant l&#039;exp\u00e9dition.<\/p>\r\n\r\n\r\n<hr class=\"wp-block-separator has-alpha-channel-opacity\" \/>\r\n\r\n\r\n<h2 class=\"wp-block-heading\">6. Droit de r\u00e9tractation (Consommateurs de l&#039;UE et du Royaume-Uni)<\/h2>\r\n\r\n\r\n\r\n<p>Si vous \u00eates un consommateur situ\u00e9 dans l&#039;Union europ\u00e9enne ou au Royaume-Uni, vous pouvez avoir le droit d&#039;annuler votre commande dans un d\u00e9lai de quatorze (14) jours ouvrables \u00e0 compter de la r\u00e9ception des marchandises, conform\u00e9ment \u00e0 la l\u00e9gislation applicable en mati\u00e8re de protection des consommateurs.<\/p>\r\n\r\n\r\n\r\n<p>Les remboursements suite \u00e0 une annulation seront trait\u00e9s conform\u00e9ment \u00e0 vos droits l\u00e9gaux.<\/p>\r\n\r\n\r\n\r\n<p>Les conditions et les modalit\u00e9s de retour peuvent varier selon la r\u00e9gion. Veuillez consulter notre politique de retour. <strong>Politique de retour<\/strong> pour plus de d\u00e9tails.<\/p>\r\n\r\n\r\n<hr class=\"wp-block-separator has-alpha-channel-opacity\" \/>\r\n\r\n\r\n<h2 class=\"wp-block-heading\">7. Communications marketing<\/h2>\r\n\r\n\r\n\r\n<p>Vous trouverez des informations d\u00e9taill\u00e9es concernant les communications par courriel et les messages promotionnels dans notre <strong>politique de confidentialit\u00e9<\/strong>.<\/p>\r\n\r\n\r\n\r\n<p>En fournissant vos coordonn\u00e9es, vous consentez \u00e0 recevoir des communications conformes \u00e0 cette politique.<\/p>\r\n\r\n\r\n<hr class=\"wp-block-separator has-alpha-channel-opacity\" \/>\r\n\r\n\r\n<h2 class=\"wp-block-heading\">8. Confidentialit\u00e9 et protection des donn\u00e9es<\/h2>\r\n\r\n\r\n\r\n<p>Notre <strong>politique de confidentialit\u00e9<\/strong> explique comment les donn\u00e9es personnelles sont collect\u00e9es, trait\u00e9es, stock\u00e9es, partag\u00e9es et conserv\u00e9es.<\/p>\r\n\r\n\r\n\r\n<p>Nous mettons en \u0153uvre des mesures de s\u00e9curit\u00e9 commercialement raisonnables pour assurer la s\u00e9curit\u00e9 des donn\u00e9es et la conformit\u00e9 aux lois applicables en mati\u00e8re de protection des donn\u00e9es dans votre juridiction.<\/p>\r\n\r\n\r\n\r\n<p>Des cookies et des technologies similaires sont utilis\u00e9s pour am\u00e9liorer le fonctionnement du site web. Pour plus d&#039;informations, veuillez consulter notre politique de confidentialit\u00e9. <strong>Politique relative aux cookies<\/strong>.<\/p>\r\n\r\n\r\n<hr class=\"wp-block-separator has-alpha-channel-opacity\" \/>\r\n\r\n\r\n<h2 class=\"wp-block-heading\">9. Pr\u00e9vention de la fraude<\/h2>\r\n\r\n\r\n\r\n<p>Mk Reborns met en \u0153uvre des mesures rigoureuses de pr\u00e9vention de la fraude et utilise des services de v\u00e9rification et de surveillance tiers.<\/p>\r\n\r\n\r\n\r\n<p>Toute tentative de fournir des informations fausses, trompeuses ou inexactes \u00e0 des fins frauduleuses peut \u00eatre signal\u00e9e aux autorit\u00e9s antifraude comp\u00e9tentes.<\/p>\r\n\r\n\r\n\r\n<p>Nous nous r\u00e9servons le droit de suspendre ou de cl\u00f4turer les comptes associ\u00e9s \u00e0 des comportements frauduleux pr\u00e9sum\u00e9s.<\/p>\r\n\r\n\r\n<hr class=\"wp-block-separator has-alpha-channel-opacity\" \/>\r\n\r\n\r\n<h2 class=\"wp-block-heading\">10. Acc\u00e8s automatis\u00e9 et robots Web<\/h2>\r\n\r\n\r\n\r\n<p>Seuls les logiciels automatis\u00e9s express\u00e9ment autoris\u00e9s par Mk Reborns et conformes \u00e0 nos politiques d&#039;utilisation des robots (\u201c\u00a0Robots autoris\u00e9s\u00a0\u201d) peuvent acc\u00e9der \u00e0 ce site Web.<\/p>\r\n\r\n\r\n\r\n<p>Les robots non autoris\u00e9s comprennent, entre autres, les scripts qui surchargent les serveurs, automatisent l&#039;activit\u00e9 du panier, extraient du contenu ou perturbent l&#039;exp\u00e9rience client.<\/p>\r\n\r\n\r\n\r\n<p>Nous nous r\u00e9servons le droit de bloquer cet acc\u00e8s et de suspendre imm\u00e9diatement les comptes associ\u00e9s.<\/p>\r\n\r\n\r\n\r\n<p>Vous acceptez d&#039;indemniser Mk Reborns pour toutes les pertes, tous les co\u00fbts et toutes les d\u00e9penses d\u00e9coulant d&#039;un acc\u00e8s automatis\u00e9 non autoris\u00e9.<\/p>\r\n\r\n\r\n<hr class=\"wp-block-separator has-alpha-channel-opacity\" \/>\r\n\r\n\r\n<h2 class=\"wp-block-heading\">11. Propri\u00e9t\u00e9 intellectuelle<\/h2>\r\n\r\n\r\n\r\n<p>Sauf indication contraire, l&#039;ensemble du contenu du site Web, y compris les textes, les images, les graphismes et la mise en page, est la propri\u00e9t\u00e9 exclusive de Mk Reborns.<\/p>\r\n\r\n\r\n\r\n<p>Aucun contenu ne peut \u00eatre reproduit, redistribu\u00e9, modifi\u00e9 ou exploit\u00e9 \u00e0 des fins commerciales sans autorisation \u00e9crite pr\u00e9alable, sauf pour un usage personnel et non commercial.<\/p>\r\n\r\n\r\n\r\n<p>Vous acceptez de ne pas cr\u00e9er d&#039;\u0153uvres d\u00e9riv\u00e9es \u00e0 partir du contenu du site Web.<\/p>\r\n\r\n\r\n<hr class=\"wp-block-separator has-alpha-channel-opacity\" \/>\r\n\r\n\r\n<h2 class=\"wp-block-heading\">12. Exclusion de garanties<\/h2>\r\n\r\n\r\n\r\n<p>Ce site Web est fourni \u201c tel quel \u201d et \u201c selon disponibilit\u00e9 \u201d.<\/p>\r\n\r\n\r\n\r\n<p>Nous n&#039;offrons aucune garantie, expresse ou implicite, concernant l&#039;acc\u00e8s ininterrompu, l&#039;exactitude, le fonctionnement sans erreur ou l&#039;absence de composants nuisibles.<\/p>\r\n\r\n\r\n\r\n<p>Rien dans cette clause de non-responsabilit\u00e9 ne limite vos droits l\u00e9gaux relatifs aux biens achet\u00e9s.<\/p>\r\n\r\n\r\n<hr class=\"wp-block-separator has-alpha-channel-opacity\" \/>\r\n\r\n\r\n<h2 class=\"wp-block-heading\">13. Limitation de responsabilit\u00e9<\/h2>\r\n\r\n\r\n\r\n<p>Dans toute la mesure permise par la loi, Mk Reborns ne sera pas responsable de\u00a0:<\/p>\r\n\r\n\r\n\r\n<ul class=\"wp-block-list\">\r\n<li>pertes qui n&#039;\u00e9taient pas raisonnablement pr\u00e9visibles au moment de la formation du contrat\u00a0;<\/li>\r\n\r\n\r\n\r\n<li>pertes non caus\u00e9es par notre manquement\u00a0;<\/li>\r\n\r\n\r\n\r\n<li>pertes commerciales ou pertes non li\u00e9es \u00e0 la consommation.<\/li>\r\n<\/ul>\r\n\r\n\r\n\r\n<p>Nous n&#039;excluons ni ne limitons notre responsabilit\u00e9 pour\u00a0:<\/p>\r\n\r\n\r\n\r\n<p>(a) d\u00e9c\u00e8s ou blessure corporelle caus\u00e9s par n\u00e9gligence;<br \/>b) fraude ou fausse d\u00e9claration frauduleuse;<br \/>(c) violation des conditions implicites l\u00e9gales relatives au titre, \u00e0 la description, \u00e0 la qualit\u00e9 ou \u00e0 l\u2019aptitude;<br \/>d) responsabilit\u00e9 en vertu de la l\u00e9gislation applicable en mati\u00e8re de protection des consommateurs.<\/p>\r\n\r\n\r\n<hr class=\"wp-block-separator has-alpha-channel-opacity\" \/>\r\n\r\n\r\n<h2 class=\"wp-block-heading\">14. Utilisation acceptable<\/h2>\r\n\r\n\r\n\r\n<p>Vous acceptez d&#039;utiliser ce site Web uniquement \u00e0 des fins licites et d&#039;une mani\u00e8re qui ne porte pas atteinte aux droits d&#039;autrui ni ne restreint leur utilisation du site Web.<\/p>\r\n\r\n\r\n\r\n<p>Les comportements interdits incluent, sans toutefois s&#039;y limiter, le harc\u00e8lement, la diffusion de contenu offensant ou la perturbation du fonctionnement normal du site Web.<\/p>\r\n\r\n\r\n<hr class=\"wp-block-separator has-alpha-channel-opacity\" \/>\r\n\r\n\r\n<h2 class=\"wp-block-heading\">15. Contenu g\u00e9n\u00e9r\u00e9 par l&#039;utilisateur (avis, images, contributions)<\/h2>\r\n\r\n\r\n\r\n<p>En soumettant des avis, des \u00e9valuations, des images ou tout autre contenu, vous d\u00e9clarez et garantissez que\u00a0:<\/p>\r\n\r\n\r\n\r\n<ul class=\"wp-block-list\">\r\n<li>Vous d\u00e9tenez tous les droits de propri\u00e9t\u00e9 intellectuelle y aff\u00e9rents ;<\/li>\r\n\r\n\r\n\r\n<li>Vous avez renonc\u00e9 \u00e0 tous vos droits moraux.<\/li>\r\n\r\n\r\n\r\n<li>Le contenu est v\u00e9ridique et l\u00e9gal.<\/li>\r\n\r\n\r\n\r\n<li>Vous avez au moins dix-huit (18) ans.<\/li>\r\n<\/ul>\r\n\r\n\r\n\r\n<p>Vous accordez \u00e0 Mk Reborns une licence perp\u00e9tuelle, irr\u00e9vocable, gratuite et mondiale pour utiliser, reproduire, modifier, publier, traduire, distribuer et exploiter de toute autre mani\u00e8re ce contenu sans compensation.<\/p>\r\n\r\n\r\n\r\n<p>Nous nous r\u00e9servons le droit de modifier, de supprimer ou de refuser la publication de tout contenu, \u00e0 notre enti\u00e8re discr\u00e9tion.<\/p>\r\n\r\n\r\n\r\n<p>Vous restez seul responsable du contenu que vous soumettez.<\/p>\r\n\r\n\r\n<hr class=\"wp-block-separator has-alpha-channel-opacity\" \/>\r\n\r\n\r\n<h2 class=\"wp-block-heading\">16. Programme de fid\u00e9lit\u00e9<\/h2>\r\n\r\n\r\n\r\n<p>Nous restructurons notre programme de fid\u00e9lit\u00e9.<br \/>Les syst\u00e8mes de points existants peuvent \u00eatre supprim\u00e9s sans possibilit\u00e9 de cumul ou d&#039;\u00e9change suppl\u00e9mentaires.<\/p>\r\n\r\n\r\n<hr class=\"wp-block-separator has-alpha-channel-opacity\" \/>\r\n\r\n\r\n<h2 class=\"wp-block-heading\">17. Taxe de vente (\u00c9tats-Unis)<\/h2>\r\n\r\n\r\n\r\n<p>La taxe de vente ou d&#039;utilisation applicable sera calcul\u00e9e en fonction de votre adresse de livraison et affich\u00e9e lors du paiement.<\/p>\r\n\r\n\r\n\r\n<p>Les montants de taxes affich\u00e9s sont des estimations ; le montant final des taxes sera confirm\u00e9 une fois la commande finalis\u00e9e.<\/p>\r\n\r\n\r\n<hr class=\"wp-block-separator has-alpha-channel-opacity\" \/>\r\n\r\n\r\n<h2 class=\"wp-block-heading\">18. Liens externes<\/h2>\r\n\r\n\r\n\r\n<p>Ce site Web peut contenir des liens vers des sites tiers.<br \/>Nous ne contr\u00f4lons ni n&#039;approuvons ces sites et d\u00e9clinons toute responsabilit\u00e9 quant \u00e0 leur contenu.<\/p>\r\n\r\n\r\n<hr class=\"wp-block-separator has-alpha-channel-opacity\" \/>\r\n\r\n\r\n<h2 class=\"wp-block-heading\">19. Droit applicable et juridiction<\/h2>\r\n<div>Les pr\u00e9sentes conditions g\u00e9n\u00e9rales et tout litige ou r\u00e9clamation en d\u00e9coulant ou s&#039;y rapportant (y compris les litiges ou r\u00e9clamations non contractuels) seront r\u00e9gis et interpr\u00e9t\u00e9s conform\u00e9ment aux lois de la R\u00e9gion administrative sp\u00e9ciale de Hong Kong (RAS de Hong Kong), sans \u00e9gard \u00e0 ses principes de conflit de lois.<\/div>\r\n<div>Vous acceptez irr\u00e9vocablement que les tribunaux de Hong Kong soient exclusivement comp\u00e9tents pour r\u00e9gler tout litige ou r\u00e9clamation d\u00e9coulant des pr\u00e9sentes Conditions ou de votre utilisation du Site Web.<\/div>\r\n\r\n\r\n<hr class=\"wp-block-separator has-alpha-channel-opacity\" \/>\r\n\r\n\r\n<h2 class=\"wp-block-heading\">20. Force majeure<\/h2>\r\n\r\n\r\n\r\n<p>Nous ne serons pas responsables des manquements ou des retards d&#039;ex\u00e9cution caus\u00e9s par des \u00e9v\u00e9nements ind\u00e9pendants de notre volont\u00e9, y compris, mais sans s&#039;y limiter, les catastrophes naturelles, les pand\u00e9mies, les actions gouvernementales ou les troubles civils.<\/p>\r\n\r\n\r\n\r\n<p>Les obligations concern\u00e9es seront suspendues pendant toute la dur\u00e9e de cet \u00e9v\u00e9nement.<\/p>\r\n\r\n\r\n<hr class=\"wp-block-separator has-alpha-channel-opacity\" \/>\r\n\r\n\r\n<h2 class=\"wp-block-heading\">21. Cession et divisibilit\u00e9<\/h2>\r\n\r\n\r\n\r\n<p>Nous pouvons c\u00e9der nos droits et obligations en vertu des pr\u00e9sentes conditions g\u00e9n\u00e9rales sans que cela n&#039;affecte vos droits.<\/p>\r\n\r\n\r\n\r\n<p>Vous ne pouvez c\u00e9der vos droits sans notre consentement \u00e9crit.<\/p>\r\n\r\n\r\n\r\n<p>Si une disposition quelconque est jug\u00e9e inapplicable, les autres dispositions demeurent pleinement en vigueur.<\/p>\r\n\r\n\r\n<hr class=\"wp-block-separator has-alpha-channel-opacity\" \/>\r\n\r\n\r\n<h2 class=\"wp-block-heading\">22. Renonciation<\/h2>\r\n\r\n\r\n\r\n<p>Le fait que Mk Reborns n&#039;applique pas une disposition quelconque ne constitue pas une renonciation \u00e0 son application future.<\/p>","protected":false},"excerpt":{"rendered":"<p>1. Introduction Les pr\u00e9sentes conditions g\u00e9n\u00e9rales (les \u201c\u00a0Conditions\u00a0\u201d) r\u00e9gissent votre acc\u00e8s et votre utilisation du site web mkreborns.com (le \u201c\u00a0Site web\u00a0\u201d), un site num\u00e9rique<\/p>","protected":false},"author":1,"featured_media":0,"parent":0,"menu_order":0,"comment_status":"closed","ping_status":"closed","template":"","meta":{"footnotes":""},"class_list":["post-3449","page","type-page","status-publish","hentry"],"_links":{"self":[{"href":"https:\/\/www.mkreborns.com\/fr\/wp-json\/wp\/v2\/pages\/3449","targetHints":{"allow":["GET"]}}],"collection":[{"href":"https:\/\/www.mkreborns.com\/fr\/wp-json\/wp\/v2\/pages"}],"about":[{"href":"https:\/\/www.mkreborns.com\/fr\/wp-json\/wp\/v2\/types\/page"}],"author":[{"embeddable":true,"href":"https:\/\/www.mkreborns.com\/fr\/wp-json\/wp\/v2\/users\/1"}],"replies":[{"embeddable":true,"href":"https:\/\/www.mkreborns.com\/fr\/wp-json\/wp\/v2\/comments?post=3449"}],"version-history":[{"count":0,"href":"https:\/\/www.mkreborns.com\/fr\/wp-json\/wp\/v2\/pages\/3449\/revisions"}],"wp:attachment":[{"href":"https:\/\/www.mkreborns.com\/fr\/wp-json\/wp\/v2\/media?parent=3449"}],"curies":[{"name":"wp","href":"https:\/\/api.w.org\/{rel}","templated":true}]}}