{"id":3,"date":"2025-12-24T14:18:41","date_gmt":"2025-12-24T14:18:41","guid":{"rendered":"https:\/\/www.mkreborns.com\/?page_id=3"},"modified":"2026-01-20T10:07:36","modified_gmt":"2026-01-20T10:07:36","slug":"privacy-policy","status":"publish","type":"page","link":"https:\/\/www.mkreborns.com\/fr\/privacy-policy\/","title":{"rendered":"politique de confidentialit\u00e9"},"content":{"rendered":"<p>\u00c0 <strong>MK Reborns<\/strong>, Nous accordons une grande importance \u00e0 la confidentialit\u00e9, \u00e0 l&#039;int\u00e9grit\u00e9 et au traitement responsable des informations personnelles. La pr\u00e9sente politique de confidentialit\u00e9 explique comment les donn\u00e9es sont collect\u00e9es, trait\u00e9es, stock\u00e9es et prot\u00e9g\u00e9es lorsque vous acc\u00e9dez \u00e0 notre site web ou interagissez avec lui.<\/p>\n\n\n\n<hr class=\"wp-block-separator has-alpha-channel-opacity\"\/>\n\n\n\n<h2 class=\"wp-block-heading\">1. Qui sommes-nous ?<\/h2>\n\n\n\n<p>Le site web <strong><a href=\"https:\/\/www.mkreborns.com\/fr\/\">https:\/\/www.mkreborns.com<\/a><\/strong> est d\u00e9tenu et exploit\u00e9 par <strong>MK Reborns<\/strong>.<br>Dans la pr\u00e9sente politique, les termes \u201c nous \u201d, \u201c notre \u201d ou \u201c nos \u201d font exclusivement r\u00e9f\u00e9rence \u00e0 Mk Reborns.<\/p>\n\n\n\n<hr class=\"wp-block-separator has-alpha-channel-opacity\"\/>\n\n\n\n<h2 class=\"wp-block-heading\">2. Commentaires et contributions des utilisateurs<\/h2>\n\n\n\n<p>Lorsque les visiteurs choisissent de laisser des commentaires sur notre site web, nous recueillons les informations affich\u00e9es dans le formulaire de soumission de commentaires, ainsi que les informations du visiteur. <strong>Adresse IP<\/strong> et <strong>cha\u00eene d&#039;agent utilisateur du navigateur<\/strong>. Ces informations sont collect\u00e9es exclusivement dans le but de maintenir la s\u00e9curit\u00e9 de la plateforme et de pr\u00e9venir la diffusion de contenus non sollicit\u00e9s ou abusifs.<\/p>\n\n\n\n<p>Un identifiant anonymis\u00e9 g\u00e9n\u00e9r\u00e9 \u00e0 partir de votre adresse e-mail (commun\u00e9ment appel\u00e9 un <em>hacher<\/em>) peut \u00eatre transmis au <strong>Gravatar<\/strong> service permettant de d\u00e9terminer si un profil associ\u00e9 existe.<br>Le service Gravatar fonctionne selon son propre cadre de confidentialit\u00e9, qui peut \u00eatre consult\u00e9 \u00e0 l&#039;adresse suivante\u00a0:<br><a href=\"https:\/\/automattic.com\/privacy\/\" target=\"_blank\" rel=\"noopener\">https:\/\/automattic.com\/privacy\/<\/a><\/p>\n\n\n\n<p>Une fois qu&#039;un commentaire est approuv\u00e9, toute image de profil associ\u00e9e devient visible publiquement \u00e0 c\u00f4t\u00e9 du commentaire.<\/p>\n\n\n\n<hr class=\"wp-block-separator has-alpha-channel-opacity\"\/>\n\n\n\n<h2 class=\"wp-block-heading\">3. T\u00e9l\u00e9chargements de m\u00e9dias<\/h2>\n\n\n\n<p>Si vous t\u00e9l\u00e9chargez des images sur le site web, nous vous d\u00e9conseillons fortement de les inclure. <strong>M\u00e9tadonn\u00e9es de localisation int\u00e9gr\u00e9es (EXIF GPS)<\/strong>.<br>Les visiteurs du site peuvent t\u00e9l\u00e9charger les images et extraire les donn\u00e9es de g\u00e9olocalisation qu&#039;elles contiennent. Mk Reborns d\u00e9cline toute responsabilit\u00e9 quant aux m\u00e9tadonn\u00e9es incluses volontairement dans les m\u00e9dias t\u00e9l\u00e9charg\u00e9s.<\/p>\n\n\n\n<hr class=\"wp-block-separator has-alpha-channel-opacity\"\/>\n\n\n\n<h2 class=\"wp-block-heading\">4. Cookies et technologies similaires<\/h2>\n\n\n\n<p>Pour am\u00e9liorer le confort et les fonctionnalit\u00e9s de notre site web, celui-ci utilise des cookies dans les circonstances suivantes\u00a0:<\/p>\n\n\n\n<ul class=\"wp-block-list\">\n<li>Lorsque vous soumettez un commentaire, vous pouvez choisir d&#039;enregistrer votre nom, votre adresse courriel et les d\u00e9tails de votre site Web dans des t\u00e9moins (cookies). Ces t\u00e9moins sont conserv\u00e9s pendant <strong>un an<\/strong> pour \u00e9liminer la n\u00e9cessit\u00e9 de saisir les donn\u00e9es \u00e0 plusieurs reprises.<\/li>\n\n\n\n<li>Lors de votre visite sur la page de connexion, un cookie temporaire est g\u00e9n\u00e9r\u00e9 afin de v\u00e9rifier si votre navigateur accepte les cookies. Ce cookie ne contient aucune information personnelle et est supprim\u00e9 \u00e0 la fermeture du navigateur.<\/li>\n\n\n\n<li>Lorsque vous vous connectez, plusieurs cookies sont cr\u00e9\u00e9s afin de conserver votre statut d&#039;authentification et vos pr\u00e9f\u00e9rences d&#039;affichage.\n<ul class=\"wp-block-list\">\n<li>Les cookies de connexion restent actifs pour <strong>deux jours<\/strong><\/li>\n\n\n\n<li>Les cookies de pr\u00e9f\u00e9rences d&#039;affichage persistent pour <strong>un an<\/strong><\/li>\n\n\n\n<li>Si l\u2019option \u201c Se souvenir de moi \u201d est s\u00e9lectionn\u00e9e, les identifiants de connexion sont conserv\u00e9s pour <strong>quinze jours<\/strong><\/li>\n<\/ul>\n<\/li>\n\n\n\n<li>Lorsque vous vous d\u00e9connectez, les cookies li\u00e9s \u00e0 la connexion sont supprim\u00e9s.<\/li>\n\n\n\n<li>Si vous modifiez ou publiez du contenu, un cookie suppl\u00e9mentaire est enregistr\u00e9 dans votre navigateur. Ce cookie ne contient aucune donn\u00e9e personnelle et sert uniquement \u00e0 identifier la publication modifi\u00e9e. Il expire apr\u00e8s <strong>24 heures<\/strong>.<\/li>\n<\/ul>\n\n\n\n<hr class=\"wp-block-separator has-alpha-channel-opacity\"\/>\n\n\n\n<h2 class=\"wp-block-heading\">5. Contenu int\u00e9gr\u00e9 provenant de sites Web tiers<\/h2>\n\n\n\n<p>Les pages de ce site Web peuvent contenir du contenu int\u00e9gr\u00e9 (y compris, mais sans s&#039;y limiter, des vid\u00e9os, des images ou des articles).<br>Le contenu int\u00e9gr\u00e9 provenant de sites web externes se comporte de la m\u00eame mani\u00e8re que si vous aviez visit\u00e9 directement le site web d&#039;origine.<\/p>\n\n\n\n<p>Ces sites web tiers peuvent\u00a0:<\/p>\n\n\n\n<ul class=\"wp-block-list\">\n<li>Collecter des donn\u00e9es vous concernant<\/li>\n\n\n\n<li>Utiliser des cookies<\/li>\n\n\n\n<li>Utiliser des outils de suivi tiers suppl\u00e9mentaires<\/li>\n\n\n\n<li>Surveillez votre interaction avec le contenu int\u00e9gr\u00e9<\/li>\n<\/ul>\n\n\n\n<p>Cela peut inclure le suivi des interactions si vous poss\u00e9dez un compte sur la plateforme externe et que vous y \u00eates connect\u00e9.<\/p>\n\n\n\n<hr class=\"wp-block-separator has-alpha-channel-opacity\"\/>\n\n\n\n<h2 class=\"wp-block-heading\">6. Partage de donn\u00e9es<\/h2>\n\n\n\n<p>Si vous demandez une r\u00e9initialisation de votre mot de passe, votre <strong>Adresse IP<\/strong> sera inclus dans la communication de r\u00e9initialisation du mot de passe \u00e0 des fins de v\u00e9rification de s\u00e9curit\u00e9.<\/p>\n\n\n\n<p>Mk Reborns ne vend, ne loue ni n&#039;\u00e9change de donn\u00e9es personnelles avec des tiers non autoris\u00e9s.<\/p>\n\n\n\n<hr class=\"wp-block-separator has-alpha-channel-opacity\"\/>\n\n\n\n<h2 class=\"wp-block-heading\">7. Conservation des donn\u00e9es<\/h2>\n\n\n\n<p>Les commentaires et leurs m\u00e9tadonn\u00e9es associ\u00e9es sont conserv\u00e9s <strong>ind\u00e9finiment<\/strong>. Cela nous permet de reconna\u00eetre et d&#039;approuver automatiquement les commentaires suivants, sans avoir \u00e0 les mod\u00e9rer.<\/p>\n\n\n\n<p>Pour les utilisateurs qui s&#039;inscrivent sur notre site web (le cas \u00e9ch\u00e9ant), nous stockons les informations personnelles fournies dans leurs profils d&#039;utilisateur.<br>Les utilisateurs inscrits peuvent consulter, modifier ou supprimer leurs informations personnelles \u00e0 tout moment, \u00e0 l&#039;exception de leur nom d&#039;utilisateur. Les administrateurs du site web conservent la possibilit\u00e9 d&#039;acc\u00e9der \u00e0 ces informations et de les modifier si n\u00e9cessaire.<\/p>\n\n\n\n<hr class=\"wp-block-separator has-alpha-channel-opacity\"\/>\n\n\n\n<h2 class=\"wp-block-heading\">8. Vos droits sur vos donn\u00e9es<\/h2>\n\n\n\n<p>Si vous poss\u00e9dez un compte sur ce site web ou si vous avez d\u00e9j\u00e0 soumis des commentaires, vous pouvez demander\u00a0:<\/p>\n\n\n\n<ul class=\"wp-block-list\">\n<li>Un fichier export\u00e9 contenant les donn\u00e9es personnelles que nous d\u00e9tenons \u00e0 votre sujet<\/li>\n\n\n\n<li>La suppression des donn\u00e9es personnelles qui vous sont associ\u00e9es<\/li>\n<\/ul>\n\n\n\n<p>Les demandes de suppression de donn\u00e9es ne s&#039;appliquent pas aux informations que nous sommes l\u00e9galement ou administrativement tenus de conserver \u00e0 des fins de conformit\u00e9, de s\u00e9curit\u00e9 ou op\u00e9rationnelles.<\/p>\n\n\n\n<hr class=\"wp-block-separator has-alpha-channel-opacity\"\/>\n\n\n\n<h2 class=\"wp-block-heading\">9. O\u00f9 vos donn\u00e9es sont trait\u00e9es<\/h2>\n\n\n\n<p>Les commentaires des visiteurs peuvent \u00eatre examin\u00e9s par des services automatis\u00e9s de d\u00e9tection de spam afin de garantir la s\u00e9curit\u00e9 et l&#039;int\u00e9grit\u00e9 du site web.<\/p>\n\n\n\n<hr class=\"wp-block-separator has-alpha-channel-opacity\"\/>\n\n\n\n<h2 class=\"wp-block-heading\">10. Coordonn\u00e9es<\/h2>\n\n\n\n<p>Si vous avez des questions concernant cette politique de confidentialit\u00e9 ou le traitement de vos donn\u00e9es personnelles, veuillez nous contacter \u00e0 l&#039;adresse suivante\u00a0:<\/p>\n\n\n\n<p>\ud83d\udce7 <strong><a href=\"mailto:support@mkreborns.com\">support@mkreborns.com<\/a><\/strong><\/p>\n\n\n\n<p><\/p>","protected":false},"excerpt":{"rendered":"<p>Chez Mk Reborns, nous accordons une grande importance \u00e0 la confidentialit\u00e9, \u00e0 l&#039;int\u00e9grit\u00e9 et au traitement responsable des renseignements personnels. Cette politique de confidentialit\u00e9<\/p>","protected":false},"author":1,"featured_media":0,"parent":0,"menu_order":0,"comment_status":"closed","ping_status":"closed","template":"","meta":{"footnotes":""},"class_list":["post-3","page","type-page","status-publish","hentry"],"_links":{"self":[{"href":"https:\/\/www.mkreborns.com\/fr\/wp-json\/wp\/v2\/pages\/3","targetHints":{"allow":["GET"]}}],"collection":[{"href":"https:\/\/www.mkreborns.com\/fr\/wp-json\/wp\/v2\/pages"}],"about":[{"href":"https:\/\/www.mkreborns.com\/fr\/wp-json\/wp\/v2\/types\/page"}],"author":[{"embeddable":true,"href":"https:\/\/www.mkreborns.com\/fr\/wp-json\/wp\/v2\/users\/1"}],"replies":[{"embeddable":true,"href":"https:\/\/www.mkreborns.com\/fr\/wp-json\/wp\/v2\/comments?post=3"}],"version-history":[{"count":0,"href":"https:\/\/www.mkreborns.com\/fr\/wp-json\/wp\/v2\/pages\/3\/revisions"}],"wp:attachment":[{"href":"https:\/\/www.mkreborns.com\/fr\/wp-json\/wp\/v2\/media?parent=3"}],"curies":[{"name":"wp","href":"https:\/\/api.w.org\/{rel}","templated":true}]}}