{"id":4614,"date":"2026-05-07T01:55:32","date_gmt":"2026-05-07T01:55:32","guid":{"rendered":"https:\/\/www.mkreborns.com\/?post_type=product&#038;p=4614"},"modified":"2026-05-07T03:27:22","modified_gmt":"2026-05-07T03:27:22","slug":"potato-7-inch-mini-reborn-dolls-smiling-baby-toy","status":"publish","type":"product","link":"https:\/\/www.mkreborns.com\/fi\/product\/potato-7-inch-mini-reborn-dolls-smiling-baby-toy\/","title":{"rendered":"Peruna 7-tuumainen mini uudestisyntynyt nukke hymyilev\u00e4 vauvalelu"},"content":{"rendered":"<h2>Perunaminireborn-nuket suloisilla hymyilevill\u00e4 yksityiskohdilla<\/h2>\n<div>Potato on yksi syd\u00e4nt\u00e4 l\u00e4mmitt\u00e4vimmist\u00e4 mini-uudestisyntyneist\u00e4 nukeista, jotka on luotu ker\u00e4ilij\u00f6ille, jotka ihailevat pieni\u00e4 realistisia kumppaneita. Iloisen ilmeens\u00e4, herk\u00e4n muotoilunsa ja kirkkaansinisten akryylisilmiens\u00e4 ansiosta Potato kantaa rauhallisen vastasyntyneen lep\u00e4\u00e4v\u00e4n k\u00e4siss\u00e4si vieh\u00e4tyst\u00e4. Kompakti 18 cm:n kokonsa ansiosta se sopii erinomaisesti hyllyille, matkakumppaniksi, valokuvausrekvisiittaan ja harkittuihin lahjojen antamishetkiin.<\/div>\n<h3>Pieni hymyilev\u00e4, uudestisyntynyt nukke, t\u00e4ynn\u00e4 persoonallisuutta<\/h3>\n<div>Toisin kuin tavalliset leluhahmot, Potato on valmistettu pehme\u00e4st\u00e4 vinyylist\u00e4, mik\u00e4 antaa nukelle notkean ja lempe\u00e4n rakenteen. Sen liikkuvat raajat ja joustava p\u00e4\u00e4 mahdollistavat luonnollisen asennon, kun taas sen hymyilev\u00e4 uudestisyntynyt nukke luo mukavan tunnelman miss\u00e4 tahansa lastenhuoneessa tai uudestisyntyneiden kokoelmassa. Miniatyyri-uudestisyntyneit\u00e4 nukkeja etsiv\u00e4t ker\u00e4ilij\u00e4t arvostavat usein erottuvaa kasvojen muotoilua ja realistisia mittasuhteita, ja Potato tarjoaa molemmat kompaktissa muodossa ja mieleenpainuvalla luonteella.<\/div>\n<h2>Tuotteen tekniset tiedot<\/h2>\n<ul>\n<li>Nuken nimi: Peruna<\/li>\n<li>Koko: 7 tuumaa \/ 17 cm<\/li>\n<li>Materiaali: Pehme\u00e4 vinyyli<\/li>\n<li>Sukupuoli: Unisex<\/li>\n<li>Silm\u00e4t: Siniset akryylisilm\u00e4t<\/li>\n<li>Asento: Liikkuva p\u00e4\u00e4 ja raajat<\/li>\n<li>Vesiyst\u00e4v\u00e4llinen: Sopii kylpyleikkeihin<\/li>\n<li>Huolenaihe: Ei mit\u00e4\u00e4n<\/li>\n<\/ul>\n<div>Potato yhdist\u00e4\u00e4 realismin, pehmeyden ja ker\u00e4ilyesineisiin liittyv\u00e4n taiteellisuuden yhteen pieneen luomukseen, mik\u00e4 tekee h\u00e4nest\u00e4 ihastuttavan valinnan kaikille, jotka etsiv\u00e4t miniatyyri-reborn-nukkeja.<\/div>\n<p><img decoding=\"async\" src=\"https:\/\/www.mkreborns.com\/wp-content\/uploads\/2026\/05\/kf-Se154f858f6a849349cdcd76bbf1872d0W.webp\" alt=\"\" title=\"\"><img decoding=\"async\" src=\"https:\/\/www.mkreborns.com\/wp-content\/uploads\/2026\/05\/kf-S410aa67aa548435698fbd27a3fb64c19p.webp\" alt=\"\" title=\"\"><img decoding=\"async\" src=\"https:\/\/www.mkreborns.com\/wp-content\/uploads\/2026\/05\/kf-S4125dbf4d532429b9571597763eb7d3eI-1.webp\" alt=\"\" title=\"\"><img decoding=\"async\" src=\"https:\/\/www.mkreborns.com\/wp-content\/uploads\/2026\/05\/kf-Sf180e3a8185c4ab5a05c6659d3876e49U-1.webp\" alt=\"\" title=\"\"><img decoding=\"async\" src=\"https:\/\/www.mkreborns.com\/wp-content\/uploads\/2026\/05\/kf-S23d6d7b83f794931857b73f6bd85a9a9c-1.webp\" alt=\"\" title=\"\"><img decoding=\"async\" src=\"https:\/\/www.mkreborns.com\/wp-content\/uploads\/2026\/05\/kf-S9684c1e9c66040cfa84f6ae70eb82a03a-1.webp\" alt=\"\" title=\"\"><img decoding=\"async\" src=\"https:\/\/www.mkreborns.com\/wp-content\/uploads\/2026\/05\/kf-S2371c35111914378822505f3c2dd234bx-1.webp\" alt=\"\" title=\"\"><img decoding=\"async\" src=\"https:\/\/www.mkreborns.com\/wp-content\/uploads\/2026\/05\/kf-S213e1f76af814b5398bc23eda5fded5et.webp\" alt=\"\" title=\"\"><img decoding=\"async\" src=\"https:\/\/www.mkreborns.com\/wp-content\/uploads\/2026\/05\/kf-Sc2a2e60655264e8abb4ad94432039d95L.webp\" alt=\"\" title=\"\"><img decoding=\"async\" src=\"https:\/\/www.mkreborns.com\/wp-content\/uploads\/2026\/05\/kf-S6b0ee659018143f6ba8f9ba3cf98f50fd.webp\" alt=\"\" title=\"\"><\/p>","protected":false},"excerpt":{"rendered":"<div>Peruna on pieni hymyilev\u00e4 seuralainen, jolla on kirkkaansiniset silm\u00e4t ja pehme\u00e4 vinyylirunko, joka sopii t\u00e4ydellisesti k\u00e4mmenellesi. T\u00e4m\u00e4 ihastuttava pikkuvauva tuo l\u00e4mp\u00f6\u00e4, mukavuutta ja aitoja yksityiskohtia jokaiseen mallistoon.<\/div>","protected":false},"featured_media":4615,"comment_status":"open","ping_status":"closed","template":"","meta":[],"product_brand":[],"product_cat":[250,145,144,155,152],"product_tag":[],"class_list":{"0":"post-4614","1":"product","2":"type-product","3":"status-publish","4":"has-post-thumbnail","6":"product_cat-7-inch-reborn-dolls","7":"product_cat-baby-boy-reborn-dolls","8":"product_cat-baby-girl-reborn-dolls","9":"product_cat-cute-reborn-dolls","10":"product_cat-vinyl-reborn-dolls","12":"first","13":"instock","14":"sale","15":"shipping-taxable","16":"purchasable","17":"product-type-simple"},"_links":{"self":[{"href":"https:\/\/www.mkreborns.com\/fi\/wp-json\/wp\/v2\/product\/4614","targetHints":{"allow":["GET"]}}],"collection":[{"href":"https:\/\/www.mkreborns.com\/fi\/wp-json\/wp\/v2\/product"}],"about":[{"href":"https:\/\/www.mkreborns.com\/fi\/wp-json\/wp\/v2\/types\/product"}],"replies":[{"embeddable":true,"href":"https:\/\/www.mkreborns.com\/fi\/wp-json\/wp\/v2\/comments?post=4614"}],"wp:featuredmedia":[{"embeddable":true,"href":"https:\/\/www.mkreborns.com\/fi\/wp-json\/wp\/v2\/media\/4615"}],"wp:attachment":[{"href":"https:\/\/www.mkreborns.com\/fi\/wp-json\/wp\/v2\/media?parent=4614"}],"wp:term":[{"taxonomy":"product_brand","embeddable":true,"href":"https:\/\/www.mkreborns.com\/fi\/wp-json\/wp\/v2\/product_brand?post=4614"},{"taxonomy":"product_cat","embeddable":true,"href":"https:\/\/www.mkreborns.com\/fi\/wp-json\/wp\/v2\/product_cat?post=4614"},{"taxonomy":"product_tag","embeddable":true,"href":"https:\/\/www.mkreborns.com\/fi\/wp-json\/wp\/v2\/product_tag?post=4614"}],"curies":[{"name":"wp","href":"https:\/\/api.w.org\/{rel}","templated":true}]}}