{"id":4602,"date":"2026-05-07T01:53:54","date_gmt":"2026-05-07T01:53:54","guid":{"rendered":"https:\/\/www.mkreborns.com\/?post_type=product&#038;p=4602"},"modified":"2026-05-13T14:41:14","modified_gmt":"2026-05-13T14:41:14","slug":"12-inch-full-silicone-children-gifts-reborn-baby-doll","status":"publish","type":"product","link":"https:\/\/www.mkreborns.com\/fi\/product\/12-inch-full-silicone-children-gifts-reborn-baby-doll\/","title":{"rendered":"12 tuuman t\u00e4yssilikoni-lasten lahjat uudestisyntynyt vauvanukke"},"content":{"rendered":"<div class=\"product-specs-list-container\"><\/div>\n<div class=\"detailmodule_text\">\n<p class=\"detail-desc-decorate-content\" style=\"font-family: OpenSans; font-size: 14px; font-weight: 300; line-height: 20px; white-space: pre-wrap; margin-bottom: 12px;\"><span style=\"color: #000000;\">Korkeus: 12 tuumaa<\/span><br \/>\n<span style=\"color: #000000;\">Paino: 1,1 kg<\/span><br \/>\n<span style=\"color: #000000;\">Sukupuoli: Poika<\/span><br \/>\n<span style=\"color: #000000;\">Materiaali: Silikoni<\/span><br \/>\n<span style=\"color: #000000;\">T\u00e4m\u00e4 uudestisyntynyt nukke toimitetaan alasti; vaatteet eiv\u00e4t sis\u00e4lly toimitukseen. Jos tarvitset asuja, selaa uudestisyntyneiden nukkejen asusteet -osiota valitaksesi mieltymyksiisi sopivat vaatteet.<\/span><br \/>\n<span style=\"color: #000000;\">Reborn-nukke on varustettu taipuisilla raajoilla, joiden ansiosta se voi helposti istua, maata tai ottaa erilaisia nukkumisasentoja. Se ei sis\u00e4ll\u00e4 ylim\u00e4\u00e4r\u00e4isi\u00e4 elektronisia komponentteja, mik\u00e4 v\u00e4hent\u00e4\u00e4 merkitt\u00e4v\u00e4sti huoltotarvetta. Reborn-nukkeja voi antaa rakkaimmille ihmisille syntym\u00e4p\u00e4iv\u00e4lahjaksi, joululahjaksi, lasten leluiksi tai nukkekokoelman osiksi.<\/span><\/p>\n<p>&nbsp;<\/p>\n<\/div>\n<div class=\"detailmodule_image\"><img decoding=\"async\" class=\"detail-desc-decorate-image\" src=\"https:\/\/www.mkreborns.com\/wp-content\/uploads\/2026\/05\/kf-Sa2b8d47ad684458b990351e19f5d1a2bs-1.webp\" alt=\"\" title=\"\"><img decoding=\"async\" class=\"detail-desc-decorate-image\" src=\"https:\/\/www.mkreborns.com\/wp-content\/uploads\/2026\/05\/kf-S39ce9a8a554f438a96fcf130a132d83aa-1.webp\" alt=\"\" title=\"\"><img decoding=\"async\" class=\"detail-desc-decorate-image\" src=\"https:\/\/www.mkreborns.com\/wp-content\/uploads\/2026\/05\/kf-S3d4515f2deb64d17aeee4f89277607772-1.webp\" alt=\"Uudestisyntynyt silikoninen vauvanukke, jossa on asentoa muuttavat raajat, t\u00e4ydellinen lapsille ja ker\u00e4ilij\u00f6ille. Pehme\u00e4 ja aidontuntuinen.\" title=\"\"> <img decoding=\"async\" class=\"detail-desc-decorate-image\" src=\"https:\/\/www.mkreborns.com\/wp-content\/uploads\/2026\/05\/kf-S83d31e6e6fb847929a053f66ca75cd2dp-1.webp\" alt=\"Realistinen uudestisyntynyt vauvanukke, 12,2 tuumaa, t\u00e4yssilikonia, sopii lapsille ja lahjoiksi, yksityiskohdilla.\" title=\"\"> <img decoding=\"async\" class=\"detail-desc-decorate-image\" src=\"https:\/\/www.mkreborns.com\/wp-content\/uploads\/2026\/05\/kf-S1d7c4a92f2da488182c621f78f77ba35K-1.webp\" alt=\"\" title=\"\"><\/div>","protected":false},"excerpt":{"rendered":"<p>T\u00e4m\u00e4 vastasyntynyt uudestisyntynyt nukke on ihanteellinen lahja lapsille, yst\u00e4ville tai perheenj\u00e4senille, sill\u00e4 se toimii ihanana kumppanina. Uudelleensyntyneen nuken raajat ovat asennoittavissa, joten se voidaan asettaa useisiin eri nukkumisasentoihin \u2013 mik\u00e4 lis\u00e4\u00e4 sen rooliin kumppanina erityisen el\u00e4v\u00e4n realismin tuntua.<\/p>","protected":false},"featured_media":4603,"comment_status":"open","ping_status":"closed","template":"","meta":[],"product_brand":[],"product_cat":[240,145,155,154,153],"product_tag":[],"class_list":{"0":"post-4602","1":"product","2":"type-product","3":"status-publish","4":"has-post-thumbnail","6":"product_cat-12-inch-reborn-dolls","7":"product_cat-baby-boy-reborn-dolls","8":"product_cat-cute-reborn-dolls","9":"product_cat-lifelike-reborn-dolls","10":"product_cat-newborn-reborn-dolls","12":"first","13":"instock","14":"sale","15":"shipping-taxable","16":"purchasable","17":"product-type-simple"},"_links":{"self":[{"href":"https:\/\/www.mkreborns.com\/fi\/wp-json\/wp\/v2\/product\/4602","targetHints":{"allow":["GET"]}}],"collection":[{"href":"https:\/\/www.mkreborns.com\/fi\/wp-json\/wp\/v2\/product"}],"about":[{"href":"https:\/\/www.mkreborns.com\/fi\/wp-json\/wp\/v2\/types\/product"}],"replies":[{"embeddable":true,"href":"https:\/\/www.mkreborns.com\/fi\/wp-json\/wp\/v2\/comments?post=4602"}],"wp:featuredmedia":[{"embeddable":true,"href":"https:\/\/www.mkreborns.com\/fi\/wp-json\/wp\/v2\/media\/4603"}],"wp:attachment":[{"href":"https:\/\/www.mkreborns.com\/fi\/wp-json\/wp\/v2\/media?parent=4602"}],"wp:term":[{"taxonomy":"product_brand","embeddable":true,"href":"https:\/\/www.mkreborns.com\/fi\/wp-json\/wp\/v2\/product_brand?post=4602"},{"taxonomy":"product_cat","embeddable":true,"href":"https:\/\/www.mkreborns.com\/fi\/wp-json\/wp\/v2\/product_cat?post=4602"},{"taxonomy":"product_tag","embeddable":true,"href":"https:\/\/www.mkreborns.com\/fi\/wp-json\/wp\/v2\/product_tag?post=4602"}],"curies":[{"name":"wp","href":"https:\/\/api.w.org\/{rel}","templated":true}]}}