{"id":4594,"date":"2026-05-07T01:52:24","date_gmt":"2026-05-07T01:52:24","guid":{"rendered":"https:\/\/www.mkreborns.com\/?post_type=product&#038;p=4594"},"modified":"2026-05-13T15:23:59","modified_gmt":"2026-05-13T15:23:59","slug":"19-inches-solid-silicone-cute-reborn-doll","status":"publish","type":"product","link":"https:\/\/www.mkreborns.com\/fi\/product\/19-inches-solid-silicone-cute-reborn-doll\/","title":{"rendered":"19 tuuman kiinte\u00e4 silikoninen s\u00f6p\u00f6 uudestisyntynyt nukke"},"content":{"rendered":"<div class=\"product-specs-list-container\"><\/div>\n<div class=\"detailmodule_text\">\n<p>Korkeus: 18,9 tuumaa<br \/>\nSukupuoli: Poikavauva<br \/>\nPaino: 3,1 kg<br \/>\nMateriaali: Silikoni<br \/>\nSatunnaisesti valittu asu sis\u00e4ltyy ilmaisena lahjana t\u00e4m\u00e4n uudestisyntyneen nuken oston yhteydess\u00e4.<\/p>\n<p>T\u00e4m\u00e4 uudestisyntynyt nukke on valmistettu silikonimateriaalista ja se voidaan puhdistaa l\u00e4mpim\u00e4ll\u00e4 vedell\u00e4. Se on kuitenkin kuivattava huolellisesti heti pesun j\u00e4lkeen. T\u00e4ysin silikonisena uudestisyntyneen\u00e4 nukkena se tuntuu tuntoaistimukselta, joka on huomattavan samanlainen kuin oikean vauvan iho. 48 cm korkeana t\u00e4m\u00e4 uudestisyntynyt nukke vastaa tarkasti aidon vastasyntyneen fyysisi\u00e4 mittoja, joten se sopii erinomaisesti halattavaksi tai esillepanoon. T\u00e4m\u00e4 suloinen uudestisyntynyt nukke on kohtalaisen painoinen, mink\u00e4 ansiosta sit\u00e4 on helppo kantaa s\u00e4ilytt\u00e4en samalla oikean vauvan aidon ja el\u00e4v\u00e4n painon.<br \/>\nS\u00e4ilytyst\u00e4 varten on suositeltavaa asettaa Reborn-nukke vaakasuoraan tai pystyasentoon, jotta se ei muodonmuutu raskaiden esineiden tai pitk\u00e4aikaisen puristuksen vuoksi. Reborn-nuken pitk\u00e4n k\u00e4ytt\u00f6i\u00e4n varmistamiseksi pid\u00e4 se poissa suorasta valosta ja p\u00f6lyst\u00e4 ja suojaa sit\u00e4 ter\u00e4vilt\u00e4 esineilt\u00e4 ja lemmikkiel\u00e4imilt\u00e4, jotta silikonimateriaali ei vahingoitu.<\/p>\n<p>&nbsp;<\/p>\n<\/div>\n<div class=\"detailmodule_image\"><img decoding=\"async\" class=\"detail-desc-decorate-image\" src=\"https:\/\/www.mkreborns.com\/wp-content\/uploads\/2026\/05\/kf-Sd449c2299cac4582b03493bccbd5ba86G.webp\" alt=\"Eritt\u00e4in yksityiskohtainen 18,9-tuumainen silikonista valmistettu uudestisyntynyt nukke, pehme\u00e4, pest\u00e4v\u00e4, t\u00e4ydellinen ker\u00e4ilyyn tai lahjaksi.\" title=\"\"><\/div>","protected":false},"excerpt":{"rendered":"<p>Reborn-nuket j\u00e4ljittelev\u00e4t oikean vauvan ihon pehmeytt\u00e4 ja kimmoisuutta tarjoten l\u00e4mpim\u00e4n, hell\u00e4varaisen ja ihoyst\u00e4v\u00e4llisen kosketuksen. N\u00e4m\u00e4 Reborn-nuket on valmistettu kiinte\u00e4st\u00e4 silikonista, ja niill\u00e4 on poikkeuksellinen hapettumisenkest\u00e4vyys, mik\u00e4 varmistaa, etteiv\u00e4t ne kellastu tai halkeile helposti edes pitk\u00e4aikaisen k\u00e4yt\u00f6n j\u00e4lkeen.<\/p>","protected":false},"featured_media":4595,"comment_status":"open","ping_status":"closed","template":"","meta":[],"product_brand":[],"product_cat":[241,145,243,155,146,154,153,157],"product_tag":[],"class_list":{"0":"post-4594","1":"product","2":"type-product","3":"status-publish","4":"has-post-thumbnail","6":"product_cat-19-inch-reborn-dolls","7":"product_cat-baby-boy-reborn-dolls","8":"product_cat-black-reborn-dolls","9":"product_cat-cute-reborn-dolls","10":"product_cat-full-silicone-reborn-dolls","11":"product_cat-lifelike-reborn-dolls","12":"product_cat-newborn-reborn-dolls","13":"product_cat-real-life-baby-dolls","15":"first","16":"instock","17":"sale","18":"shipping-taxable","19":"purchasable","20":"product-type-simple"},"_links":{"self":[{"href":"https:\/\/www.mkreborns.com\/fi\/wp-json\/wp\/v2\/product\/4594","targetHints":{"allow":["GET"]}}],"collection":[{"href":"https:\/\/www.mkreborns.com\/fi\/wp-json\/wp\/v2\/product"}],"about":[{"href":"https:\/\/www.mkreborns.com\/fi\/wp-json\/wp\/v2\/types\/product"}],"replies":[{"embeddable":true,"href":"https:\/\/www.mkreborns.com\/fi\/wp-json\/wp\/v2\/comments?post=4594"}],"wp:featuredmedia":[{"embeddable":true,"href":"https:\/\/www.mkreborns.com\/fi\/wp-json\/wp\/v2\/media\/4595"}],"wp:attachment":[{"href":"https:\/\/www.mkreborns.com\/fi\/wp-json\/wp\/v2\/media?parent=4594"}],"wp:term":[{"taxonomy":"product_brand","embeddable":true,"href":"https:\/\/www.mkreborns.com\/fi\/wp-json\/wp\/v2\/product_brand?post=4594"},{"taxonomy":"product_cat","embeddable":true,"href":"https:\/\/www.mkreborns.com\/fi\/wp-json\/wp\/v2\/product_cat?post=4594"},{"taxonomy":"product_tag","embeddable":true,"href":"https:\/\/www.mkreborns.com\/fi\/wp-json\/wp\/v2\/product_tag?post=4594"}],"curies":[{"name":"wp","href":"https:\/\/api.w.org\/{rel}","templated":true}]}}