{"id":4536,"date":"2026-04-29T14:41:57","date_gmt":"2026-04-29T14:41:57","guid":{"rendered":"https:\/\/www.mkreborns.com\/product\/%e6%b5%b7%e5%a4%96%e4%bb%93%e5%8f%af%e4%bb%a3%e5%8f%91%e5%b7%a5%e5%8e%82%e7%9b%b4%e9%94%8033cm%e7%a1%85%e8%83%b6%e9%87%8d%e7%94%9f%e5%a8%83%e5%a8%83%e4%bb%bf%e7%9c%9f%e5%a9%b4%e5%84%bf%e5%8f%af\/"},"modified":"2026-05-16T03:25:58","modified_gmt":"2026-05-16T03:25:58","slug":"33cm-portable-silicone-reborn-doll-toy","status":"publish","type":"product","link":"https:\/\/www.mkreborns.com\/fi\/product\/33cm-portable-silicone-reborn-doll-toy\/","title":{"rendered":"33 cm kannettava silikoninen uudestisyntynyt nukke"},"content":{"rendered":"<p>Luova lelu voi tuoda iloisen yll\u00e4tyksen tunteen. T\u00e4ss\u00e4 33-senttisess\u00e4 uudestisyntyneess\u00e4 nukessa on joustava ja notkea iho; pienell\u00e4 pukeutumisella se saa huomattavan aidon n\u00e4k\u00f6isen ulkon\u00e4\u00f6n. Kompaktin kokonsa ansiosta sit\u00e4 on helppo liikutella ja kuljettaa \u2013 jopa pieni lapsi voi vaivattomasti nostaa sen k\u00e4teens\u00e4 ja kantaa sit\u00e4 mukanaan.<\/p>\n<p>Materiaali: Silikoni<br \/>\nSukupuoli: Tytt\u00f6<br \/>\nKorkeus: 13 tuumaa<br \/>\nPaino: 1,4 kg<br \/>\nPakkauksen paino: 1,8 kg<\/p>\n<p>T\u00e4ydellinen paketti sis\u00e4lt\u00e4\u00e4: vaatteet ja pullon.<\/p>\n<p>Salli 0,5\u20131 tuuman manuaalinen toleranssi, koska tuote mitattiin manuaalisesti.<\/p>\n<p>&nbsp;<\/p>\n<p><img decoding=\"async\" src=\"https:\/\/www.mkreborns.com\/wp-content\/uploads\/2026\/04\/O1CN01rK6OAL1jfP7Qjj75E_2220331144575-0-cib.jpg\" alt=\"\" title=\"\"><\/p>\n<p><img decoding=\"async\" src=\"https:\/\/www.mkreborns.com\/wp-content\/uploads\/2026\/04\/O1CN015L1xRt1jfP7PcSVWO_2220331144575-0-cib.jpg\" alt=\"\" title=\"\"><\/p>\n<p><img decoding=\"async\" src=\"https:\/\/www.mkreborns.com\/wp-content\/uploads\/2026\/04\/O1CN01jzEZ1w1jfP7QeiqhF_2220331144575-0-cib.jpg\" alt=\"\" title=\"\"><\/p>\n<p><img decoding=\"async\" src=\"https:\/\/www.mkreborns.com\/wp-content\/uploads\/2026\/04\/O1CN01fTR5SE1jfP7R3hmhO_2220331144575-0-cib.jpg\" alt=\"\" title=\"\"><\/p>\n<p><img decoding=\"async\" src=\"https:\/\/www.mkreborns.com\/wp-content\/uploads\/2026\/04\/O1CN01r9No6E1jfP7R3kKgP_2220331144575-0-cib.jpg\" alt=\"\" title=\"\"><\/p>\n<p><img decoding=\"async\" src=\"https:\/\/www.mkreborns.com\/wp-content\/uploads\/2026\/04\/O1CN01ehxfZi1jfP7QxSLXJ_2220331144575-0-cib.jpg\" alt=\"Uudestisyntynyt silikonista valmistettu vauvanukke, jolla on realistiset piirteet. H\u00e4n on pukeutunut kirkkaan keltaisiin vaatteisiin ja pitelee violettia.\" title=\"\"><\/p>\n<p><img decoding=\"async\" src=\"https:\/\/www.mkreborns.com\/wp-content\/uploads\/2026\/04\/O1CN01qjIvNl1jfP7RcdYle_2220331144575-0-cib.jpg\" alt=\"\" title=\"\"><\/p>\n<p><img decoding=\"async\" src=\"https:\/\/www.mkreborns.com\/wp-content\/uploads\/2026\/04\/O1CN01nuNaaS1jfP7QTQ0dW_2220331144575-0-cib.jpg\" alt=\"Realistinen silikonista valmistettu uudestisyntynyt vauvanukke, jossa on keltaiset vaatteet ja hattu sek\u00e4 el\u00e4v\u00e4n n\u00e4k\u00f6iset ominaisuudet.\" title=\"\"><\/p>\n<p><img decoding=\"async\" src=\"https:\/\/www.mkreborns.com\/wp-content\/uploads\/2026\/04\/O1CN01vgMwM61jfP7QSNqXV_2220331144575-0-cib.jpg\" alt=\"\" title=\"\"><\/p>\n<p><img decoding=\"async\" src=\"https:\/\/www.mkreborns.com\/wp-content\/uploads\/2026\/04\/O1CN01A5x5TL1jfP7Psk5LM_2220331144575-0-cib.jpg\" alt=\"Realistisilla piirteill\u00e4 varustettu uudestisyntynyt vauvanukke, jolla on keltainen neulottu myssy ja yhteensopiva villapaita, t\u00e4ydellinen valinta.\" title=\"\"><\/p>\n<p><img decoding=\"async\" src=\"https:\/\/www.mkreborns.com\/wp-content\/uploads\/2026\/04\/O1CN01CIPvGu1jfP7Qei2sF_2220331144575-0-cib.jpg\" alt=\"Uudestisyntynyt silikonista valmistettu vauvanukke, jolla on realistiset piirteet ja joka on puettu keltaiseen neuleeseen, t\u00e4ydellinen ker\u00e4ilij\u00e4lle.\" title=\"\"><\/p>\n<p><img decoding=\"async\" src=\"https:\/\/www.mkreborns.com\/wp-content\/uploads\/2026\/04\/O1CN01r6RAcu1jfP7QALRMk_2220331144575-0-cib.jpg\" alt=\"Uudelleensyntynyt silikoninen vauvanukke, jossa on el\u00e4v\u00e4n n\u00e4k\u00f6isi\u00e4 ominaisuuksia ja pehme\u00e4 pinta, t\u00e4ydellinen ker\u00e4ilij\u00f6ille ja lapsille.\" title=\"\"><\/p>\n<p><img decoding=\"async\" src=\"https:\/\/www.mkreborns.com\/wp-content\/uploads\/2026\/04\/O1CN01WDXtoK1jfP7QK3xqa_2220331144575-0-cib.jpg\" alt=\"\" title=\"\"><\/p>\n<p><img decoding=\"async\" src=\"https:\/\/www.mkreborns.com\/wp-content\/uploads\/2026\/04\/O1CN01NAz7Bu1jfP7QSOicW_2220331144575-0-cib.jpg\" alt=\"\" title=\"\"><\/p>","protected":false},"excerpt":{"rendered":"<p>Kannettava uudestisyntynyt nukke voi tarjota hiljaista seuraa, pysy\u00e4 hiljaa rinnallasi ja saada sinut tuntemaan, ett\u00e4 el\u00e4m\u00e4 on mielenkiintoisempaa.<\/p>","protected":false},"featured_media":4555,"comment_status":"open","ping_status":"closed","template":"","meta":[],"product_brand":[],"product_cat":[156],"product_tag":[],"class_list":{"0":"post-4536","1":"product","2":"type-product","3":"status-publish","4":"has-post-thumbnail","6":"product_cat-life-sized-dolls","8":"first","9":"instock","10":"sale","11":"shipping-taxable","12":"purchasable","13":"product-type-simple"},"_links":{"self":[{"href":"https:\/\/www.mkreborns.com\/fi\/wp-json\/wp\/v2\/product\/4536","targetHints":{"allow":["GET"]}}],"collection":[{"href":"https:\/\/www.mkreborns.com\/fi\/wp-json\/wp\/v2\/product"}],"about":[{"href":"https:\/\/www.mkreborns.com\/fi\/wp-json\/wp\/v2\/types\/product"}],"replies":[{"embeddable":true,"href":"https:\/\/www.mkreborns.com\/fi\/wp-json\/wp\/v2\/comments?post=4536"}],"wp:featuredmedia":[{"embeddable":true,"href":"https:\/\/www.mkreborns.com\/fi\/wp-json\/wp\/v2\/media\/4555"}],"wp:attachment":[{"href":"https:\/\/www.mkreborns.com\/fi\/wp-json\/wp\/v2\/media?parent=4536"}],"wp:term":[{"taxonomy":"product_brand","embeddable":true,"href":"https:\/\/www.mkreborns.com\/fi\/wp-json\/wp\/v2\/product_brand?post=4536"},{"taxonomy":"product_cat","embeddable":true,"href":"https:\/\/www.mkreborns.com\/fi\/wp-json\/wp\/v2\/product_cat?post=4536"},{"taxonomy":"product_tag","embeddable":true,"href":"https:\/\/www.mkreborns.com\/fi\/wp-json\/wp\/v2\/product_tag?post=4536"}],"curies":[{"name":"wp","href":"https:\/\/api.w.org\/{rel}","templated":true}]}}