{"id":4430,"date":"2026-04-12T14:16:20","date_gmt":"2026-04-12T14:16:20","guid":{"rendered":"https:\/\/www.mkreborns.com\/?post_type=product&#038;p=4430"},"modified":"2026-04-12T15:16:32","modified_gmt":"2026-04-12T15:16:32","slug":"13-inch-crying-silicone-reborn-doll","status":"publish","type":"product","link":"https:\/\/www.mkreborns.com\/fi\/product\/13-inch-crying-silicone-reborn-doll\/","title":{"rendered":"13 tuuman itkev\u00e4 silikoninen uudestisyntynyt nukke"},"content":{"rendered":"<p>33 cm korkean itkev\u00e4n uudestisyntymisnuken raajat, p\u00e4\u00e4 ja vartalo on valmistettu kiinte\u00e4st\u00e4 silikonista, joka on pehme\u00e4\u00e4, joustavaa ja voidaan pest\u00e4 37-asteisessa vedess\u00e4. Silikonin erityisluonteen vuoksi sit\u00e4 ei tule vet\u00e4\u00e4 tai nyki\u00e4 voimakkaasti leikin aikana, ja sit\u00e4 on hoidettava huolellisesti, jotta se kest\u00e4\u00e4 pidemp\u00e4\u00e4n.<\/p>\n<p>Materiaali: Silikoni<br \/>\nSukupuoli: Tytt\u00f6<br \/>\nKorkeus: 13 tuumaa<br \/>\nPaino: 1,4 kg<br \/>\nPakkauksen paino: 1,8 kg<\/p>\n<p>T\u00e4ydellinen paketti sis\u00e4lt\u00e4\u00e4: vaatteet ja pullon.<\/p>\n<p>Salli 0,5\u20131 tuuman manuaalinen toleranssi, koska tuote mitattiin manuaalisesti.<\/p>\n<p><img decoding=\"async\" src=\"https:\/\/www.mkreborns.com\/wp-content\/uploads\/2026\/04\/O1CN01ON65FG1jfP7Pj2VhP_2220331144575-0-cib.jpg\" alt=\"\" title=\"\"><\/p>\n<p><img decoding=\"async\" src=\"https:\/\/www.mkreborns.com\/wp-content\/uploads\/2026\/04\/O1CN01Vmhokj1jfP7PuZuwV_2220331144575-0-cib.jpg\" alt=\"\" title=\"\"><\/p>\n<p><img decoding=\"async\" src=\"https:\/\/www.mkreborns.com\/wp-content\/uploads\/2026\/04\/O1CN01qKbtvK1jfP7PZjkwL_2220331144575-0-cib.jpg\" alt=\"\" title=\"\"><\/p>\n<p><img decoding=\"async\" src=\"https:\/\/www.mkreborns.com\/wp-content\/uploads\/2026\/04\/O1CN01UBS4M51jfP7QJPr5Y_2220331144575-0-cib.jpg\" alt=\"Uudestisyntynyt itkev\u00e4 silikoninukke, realistinen vauvanukke tuttipullolla, t\u00e4ydellinen ker\u00e4ilij\u00f6ille ja lapsille.\" title=\"\"><\/p>\n<p><img decoding=\"async\" src=\"https:\/\/www.mkreborns.com\/wp-content\/uploads\/2026\/04\/O1CN01NWHI1G1jfP7OsCKVe_2220331144575-0-cib.jpg\" alt=\"Realistinen 33 cm pitk\u00e4 itkev\u00e4 silikonista valmistettu uudestisyntynyt nukke, jolla on tuttipullo, pehme\u00e4t vaatteet ja vaaleanpunainen hattu.\" title=\"\"><\/p>\n<p><img decoding=\"async\" src=\"https:\/\/www.mkreborns.com\/wp-content\/uploads\/2026\/04\/O1CN01WrErxo1jfP7QDMEjp_2220331144575-0-cib.jpg\" alt=\"Uudestisyntynyt itkev\u00e4 silikoninukke pitelee tuttipulloa, realistiset ominaisuudet, t\u00e4ydellinen ker\u00e4ilij\u00f6ille ja lastenleikkiin.\" title=\"\"><\/p>\n<p>&nbsp;<\/p>","protected":false},"excerpt":{"rendered":"<p>Itkev\u00e4 uudestisyntynyt vauvanukke n\u00e4ytt\u00e4\u00e4 aivan vastasyntyneelt\u00e4 vauvalta, joka itkee maitoa, ja siin\u00e4 on s\u00f6p\u00f6t ja el\u00e4v\u00e4t piirteet.<\/p>","protected":false},"featured_media":4461,"comment_status":"open","ping_status":"closed","template":"","meta":[],"product_brand":[],"product_cat":[238,242,144,146,156,154,153],"product_tag":[],"class_list":{"0":"post-4430","1":"product","2":"type-product","3":"status-publish","4":"has-post-thumbnail","6":"product_cat-13-inch-reborn-dolls","7":"product_cat-african-american-reborn-dolls","8":"product_cat-baby-girl-reborn-dolls","9":"product_cat-full-silicone-reborn-dolls","10":"product_cat-life-sized-dolls","11":"product_cat-lifelike-reborn-dolls","12":"product_cat-newborn-reborn-dolls","14":"first","15":"instock","16":"sale","17":"shipping-taxable","18":"purchasable","19":"product-type-simple"},"_links":{"self":[{"href":"https:\/\/www.mkreborns.com\/fi\/wp-json\/wp\/v2\/product\/4430","targetHints":{"allow":["GET"]}}],"collection":[{"href":"https:\/\/www.mkreborns.com\/fi\/wp-json\/wp\/v2\/product"}],"about":[{"href":"https:\/\/www.mkreborns.com\/fi\/wp-json\/wp\/v2\/types\/product"}],"replies":[{"embeddable":true,"href":"https:\/\/www.mkreborns.com\/fi\/wp-json\/wp\/v2\/comments?post=4430"}],"wp:featuredmedia":[{"embeddable":true,"href":"https:\/\/www.mkreborns.com\/fi\/wp-json\/wp\/v2\/media\/4461"}],"wp:attachment":[{"href":"https:\/\/www.mkreborns.com\/fi\/wp-json\/wp\/v2\/media?parent=4430"}],"wp:term":[{"taxonomy":"product_brand","embeddable":true,"href":"https:\/\/www.mkreborns.com\/fi\/wp-json\/wp\/v2\/product_brand?post=4430"},{"taxonomy":"product_cat","embeddable":true,"href":"https:\/\/www.mkreborns.com\/fi\/wp-json\/wp\/v2\/product_cat?post=4430"},{"taxonomy":"product_tag","embeddable":true,"href":"https:\/\/www.mkreborns.com\/fi\/wp-json\/wp\/v2\/product_tag?post=4430"}],"curies":[{"name":"wp","href":"https:\/\/api.w.org\/{rel}","templated":true}]}}