{"id":4369,"date":"2026-03-26T14:51:00","date_gmt":"2026-03-26T14:51:00","guid":{"rendered":"https:\/\/www.mkreborns.com\/?post_type=product&#038;p=4369"},"modified":"2026-03-30T14:07:22","modified_gmt":"2026-03-30T14:07:22","slug":"miaio-13-inch-companion-gift-reborn-doll","status":"publish","type":"product","link":"https:\/\/www.mkreborns.com\/fi\/product\/miaio-13-inch-companion-gift-reborn-doll\/","title":{"rendered":"Miaio 13 tuuman seuralaislahja Reborn-nukke"},"content":{"rendered":"<p>Uudestisyntynyt nukke voi olla kumppani. Kun el\u00e4m\u00e4 tuntuu tyls\u00e4lt\u00e4, silikonista valmistettu uudestisyntynyt vauva voi tuoda sinulle iloa ja antaa sinun olla t\u00e4ysill\u00e4 omaishoitaja. Tai jos tarvitset hiljaisen kumppanin kuuntelemaan sisimpi\u00e4 ajatuksiasi, uudestisyntynyt nukke voi my\u00f6s t\u00e4ytt\u00e4\u00e4 t\u00e4m\u00e4n tarpeen pysym\u00e4ll\u00e4 hiljaa rinnallasi ja kuuntelemalla kaikkea, mit\u00e4 sinulla on sanottavaa.<\/p>\n<p>Materiaali: Silikoni<br \/>\nSukupuoli: Tytt\u00f6<br \/>\nKorkeus: 13 tuumaa<br \/>\nPaino: 1,3 kg<br \/>\nRipset: Liimaripset<br \/>\nPakkauksen paino: 2 kg<br \/>\nT\u00e4ydellinen paketti sis\u00e4lt\u00e4\u00e4: vaatteet, vaipan ja tuttipullon.<\/p>\n<p>&nbsp;<\/p>\n<div style=\"width: 720px;\" class=\"wp-video\"><video class=\"wp-video-shortcode\" id=\"video-4369-1\" width=\"720\" height=\"960\" preload=\"metadata\" controls=\"controls\"><source type=\"video\/mp4\" src=\"https:\/\/www.mkreborns.com\/wp-content\/uploads\/2026\/03\/reborn-doll.mp4?_=1\" \/><a href=\"https:\/\/www.mkreborns.com\/wp-content\/uploads\/2026\/03\/reborn-doll.mp4\">https:\/\/www.mkreborns.com\/wp-content\/uploads\/2026\/03\/reborn-doll.mp4<\/a><\/video><\/div>\n<p><img decoding=\"async\" src=\"https:\/\/www.mkreborns.com\/wp-content\/uploads\/2026\/03\/O1CN01tpXSNz1jfP5uMinr4_2220331144575-0-cib.jpg\" alt=\"\" title=\"\"><\/p>\n<p><img decoding=\"async\" src=\"https:\/\/www.mkreborns.com\/wp-content\/uploads\/2026\/03\/O1CN01AVPBuk1jfP5t1YSja_2220331144575-0-cib.jpg\" alt=\"\" title=\"\"><\/p>","protected":false},"excerpt":{"rendered":"<p>L\u00e4het\u00e4 uudestisyntynyt nukke sinulle t\u00e4rke\u00e4n ihmisen seuraksi ja tuo h\u00e4nelle enemm\u00e4n iloa.<\/p>","protected":false},"featured_media":4373,"comment_status":"open","ping_status":"closed","template":"","meta":[],"product_brand":[],"product_cat":[238,242,144,146,156,154,153,157],"product_tag":[],"class_list":{"0":"post-4369","1":"product","2":"type-product","3":"status-publish","4":"has-post-thumbnail","6":"product_cat-13-inch-reborn-dolls","7":"product_cat-african-american-reborn-dolls","8":"product_cat-baby-girl-reborn-dolls","9":"product_cat-full-silicone-reborn-dolls","10":"product_cat-life-sized-dolls","11":"product_cat-lifelike-reborn-dolls","12":"product_cat-newborn-reborn-dolls","13":"product_cat-real-life-baby-dolls","15":"first","16":"instock","17":"sale","18":"shipping-taxable","19":"purchasable","20":"product-type-simple"},"_links":{"self":[{"href":"https:\/\/www.mkreborns.com\/fi\/wp-json\/wp\/v2\/product\/4369","targetHints":{"allow":["GET"]}}],"collection":[{"href":"https:\/\/www.mkreborns.com\/fi\/wp-json\/wp\/v2\/product"}],"about":[{"href":"https:\/\/www.mkreborns.com\/fi\/wp-json\/wp\/v2\/types\/product"}],"replies":[{"embeddable":true,"href":"https:\/\/www.mkreborns.com\/fi\/wp-json\/wp\/v2\/comments?post=4369"}],"wp:featuredmedia":[{"embeddable":true,"href":"https:\/\/www.mkreborns.com\/fi\/wp-json\/wp\/v2\/media\/4373"}],"wp:attachment":[{"href":"https:\/\/www.mkreborns.com\/fi\/wp-json\/wp\/v2\/media?parent=4369"}],"wp:term":[{"taxonomy":"product_brand","embeddable":true,"href":"https:\/\/www.mkreborns.com\/fi\/wp-json\/wp\/v2\/product_brand?post=4369"},{"taxonomy":"product_cat","embeddable":true,"href":"https:\/\/www.mkreborns.com\/fi\/wp-json\/wp\/v2\/product_cat?post=4369"},{"taxonomy":"product_tag","embeddable":true,"href":"https:\/\/www.mkreborns.com\/fi\/wp-json\/wp\/v2\/product_tag?post=4369"}],"curies":[{"name":"wp","href":"https:\/\/api.w.org\/{rel}","templated":true}]}}