{"id":4295,"date":"2026-03-25T13:09:05","date_gmt":"2026-03-25T13:09:05","guid":{"rendered":"https:\/\/www.mkreborns.com\/?post_type=product&#038;p=4295"},"modified":"2026-03-25T15:42:20","modified_gmt":"2026-03-25T15:42:20","slug":"shyann-18-inch-african-american-reborn-baby-doll-girl","status":"publish","type":"product","link":"https:\/\/www.mkreborns.com\/fi\/product\/shyann-18-inch-african-american-reborn-baby-doll-girl\/","title":{"rendered":"Shyann 18 tuuman afroamerikkalainen uudestisyntynyt vauvanukke tytt\u00f6"},"content":{"rendered":"<h2>Shyann \u2013 Rauhallinen afroamerikkalainen Shyann-uudestisyntynyt vauvanukke<\/h2>\n<div>Shyann on lempe\u00e4 esimerkki afroamerikkalaisesta Shyann-vauvanuken taiteesta, joka on luotu suljetuin silmin ja rauhallisesti nukkuvalla ilmeell\u00e4. H\u00e4nen pehme\u00e4 vinyylivartalonsa ja k\u00e4sinjuurrutetut hiuksensa luovat el\u00e4v\u00e4n olemuksen, joka resonoi afroamerikkalaisten uudestisyntyneiden nukkien ker\u00e4ilij\u00f6iden keskuudessa. Tasapainoisen painonsa ja luonnollisten mittasuhteidensa ansiosta nukke tuntuu mukavalta pit\u00e4\u00e4 k\u00e4dess\u00e4 ja esill\u00e4.<\/div>\n<h3>Realistiset yksityiskohdat uudestisyntyneille afroamerikkalaisille nukeille<\/h3>\n<div>Jokainen Shyannin yksityiskohta heijastaa tarkkuutta, h\u00e4nen hienoista silm\u00e4ripsist\u00e4\u00e4n hienovaraiseen ihons\u00e4vyyn. H\u00e4n on suunniteltu yhdeksi helpoimmista afroamerikkalaisista uudestisyntyneiden nukkien edullisista vaihtoehdoista, ja se tarjoaa laatua ilman kompromisseja. H\u00e4nen rauhallinen ulkon\u00e4k\u00f6ns\u00e4 ja joustava ruumiinrakenteensa tekev\u00e4t h\u00e4nest\u00e4 sopivan lis\u00e4n mustien afroamerikkalaisten uudestisyntyneiden nukkejen kokoelmiin.<\/div>\n<div>Tuotteen ominaisuudet ja edut<\/div>\n<ol>\n<li>K\u00e4sinjuurrutetut hiukset luonnollisen realismin saavuttamiseksi<\/li>\n<li>Suljetut silm\u00e4t ja hienovaraiset ripsien yksityiskohdat<\/li>\n<li>Pehme\u00e4 vinyylirunko, jolla on hell\u00e4varainen joustavuus<\/li>\n<li>Ihanteellinen koko esillepanoon tai lastenhuoneen sisustukseen<\/li>\n<\/ol>\n<hr \/>\n<h3>Tuotteen tekniset tiedot<\/h3>\n<ul>\n<li>Huolenaihe: Ei mit\u00e4\u00e4n<\/li>\n<li>Koko: Noin 18 tuumaa \/ 45 cm p\u00e4\u00e4st\u00e4 varpaisiin<\/li>\n<li>Paino: Noin 1,1 kg<\/li>\n<li>Materiaali: P\u00e4\u00e4, k\u00e4det, jalat ja vartalo ovat vinyyli\u00e4<\/li>\n<li>Nuken sukupuoli: Tytt\u00f6<\/li>\n<li>Silm\u00e4t: Suljetut, k\u00e4sin juurtuneet ripset<\/li>\n<li>Hiukset: K\u00e4sinjuurrutetut hiukset<\/li>\n<li>Vaatteet: Sopii 0\u20133 kuukauden ik\u00e4isille vauvanvaatteille (1 setti sis\u00e4ltyy hintaan)<\/li>\n<\/ul>\n<div>Paketti sis\u00e4lt\u00e4\u00e4<\/div>\n<ul>\n<li>1 x Uudestisyntynyt vauvanukke<\/li>\n<li>1 x Vaatesarja<\/li>\n<li>1 x magneettitutti<\/li>\n<li>1 x imetyspullo<\/li>\n<li>1 x Vaippa<\/li>\n<li>1 x Syntym\u00e4todistus<\/li>\n<\/ul>\n<div>Shyann tarjoaa rauhoittavan l\u00e4sn\u00e4olon hienostuneella k\u00e4sity\u00f6taidolla, mik\u00e4 tekee h\u00e4nest\u00e4 merkityksellisen valinnan ker\u00e4ilij\u00f6ille, jotka arvostavat afroamerikkalaista Shyann-reborn-vauvanukkea.<\/div>\n<p><img decoding=\"async\" class=\"detail-desc-decorate-image\" src=\"https:\/\/www.mkreborns.com\/wp-content\/uploads\/2026\/03\/kf-Sd6ba1d42f8404419a91182edf0b66b3fk.webp\" alt=\"\" title=\"\"><img decoding=\"async\" class=\"detail-desc-decorate-image\" src=\"https:\/\/www.mkreborns.com\/wp-content\/uploads\/2026\/03\/kf-S88d5262bfa234b1ebaa4b92ab3b9f7f3m.webp\" alt=\"\" title=\"\"><img decoding=\"async\" class=\"detail-desc-decorate-image\" src=\"https:\/\/www.mkreborns.com\/wp-content\/uploads\/2026\/03\/kf-Saf2022f3fada484d81cedfaf5eb79192v.webp\" alt=\"\" title=\"\"><img decoding=\"async\" class=\"detail-desc-decorate-image\" src=\"https:\/\/www.mkreborns.com\/wp-content\/uploads\/2026\/03\/kf-Saa9554c74c8e441396ebdecdf32e3f7a7.webp\" alt=\"\" title=\"\"><img decoding=\"async\" class=\"detail-desc-decorate-image\" src=\"https:\/\/www.mkreborns.com\/wp-content\/uploads\/2026\/03\/kf-S663e7c12050045f385018c20eb450a6dQ.webp\" alt=\"\" title=\"\"><img decoding=\"async\" class=\"detail-desc-decorate-image\" src=\"https:\/\/www.mkreborns.com\/wp-content\/uploads\/2026\/03\/kf-S01587d6a9f8142bab36a73df4ddbdb35Y.webp\" alt=\"\" title=\"\"><img decoding=\"async\" class=\"detail-desc-decorate-image\" src=\"https:\/\/www.mkreborns.com\/wp-content\/uploads\/2026\/03\/kf-S4c0dd0bcb0ac49779c6218306d13ce69k.webp\" alt=\"\" title=\"\"><img decoding=\"async\" class=\"detail-desc-decorate-image\" src=\"https:\/\/www.mkreborns.com\/wp-content\/uploads\/2026\/03\/kf-Se651a7a160954ab6adc2b5e3a53b2bc8q.webp\" alt=\"\" title=\"\"><\/p>","protected":false},"excerpt":{"rendered":"<p>Rauhallinen nukkuva kaunotar herkill\u00e4 yksityiskohdilla, suunniteltu tuomaan l\u00e4mp\u00f6\u00e4 ja realismia jokaiseen uudelleensyntyneeseen kokoelmaan.<\/p>","protected":false},"featured_media":4296,"comment_status":"open","ping_status":"closed","template":"","meta":[],"product_brand":[],"product_cat":[242,151,144,243,155,156,152],"product_tag":[],"class_list":{"0":"post-4295","1":"product","2":"type-product","3":"status-publish","4":"has-post-thumbnail","6":"product_cat-african-american-reborn-dolls","7":"product_cat-18-inch-reborn-dolls","8":"product_cat-baby-girl-reborn-dolls","9":"product_cat-black-reborn-dolls","10":"product_cat-cute-reborn-dolls","11":"product_cat-life-sized-dolls","12":"product_cat-vinyl-reborn-dolls","14":"first","15":"instock","16":"sale","17":"shipping-taxable","18":"purchasable","19":"product-type-simple"},"_links":{"self":[{"href":"https:\/\/www.mkreborns.com\/fi\/wp-json\/wp\/v2\/product\/4295","targetHints":{"allow":["GET"]}}],"collection":[{"href":"https:\/\/www.mkreborns.com\/fi\/wp-json\/wp\/v2\/product"}],"about":[{"href":"https:\/\/www.mkreborns.com\/fi\/wp-json\/wp\/v2\/types\/product"}],"replies":[{"embeddable":true,"href":"https:\/\/www.mkreborns.com\/fi\/wp-json\/wp\/v2\/comments?post=4295"}],"wp:featuredmedia":[{"embeddable":true,"href":"https:\/\/www.mkreborns.com\/fi\/wp-json\/wp\/v2\/media\/4296"}],"wp:attachment":[{"href":"https:\/\/www.mkreborns.com\/fi\/wp-json\/wp\/v2\/media?parent=4295"}],"wp:term":[{"taxonomy":"product_brand","embeddable":true,"href":"https:\/\/www.mkreborns.com\/fi\/wp-json\/wp\/v2\/product_brand?post=4295"},{"taxonomy":"product_cat","embeddable":true,"href":"https:\/\/www.mkreborns.com\/fi\/wp-json\/wp\/v2\/product_cat?post=4295"},{"taxonomy":"product_tag","embeddable":true,"href":"https:\/\/www.mkreborns.com\/fi\/wp-json\/wp\/v2\/product_tag?post=4295"}],"curies":[{"name":"wp","href":"https:\/\/api.w.org\/{rel}","templated":true}]}}