{"id":4220,"date":"2026-03-25T02:36:20","date_gmt":"2026-03-25T02:36:20","guid":{"rendered":"https:\/\/www.mkreborns.com\/?post_type=product&#038;p=4220"},"modified":"2026-03-25T02:47:14","modified_gmt":"2026-03-25T02:47:14","slug":"ronal-avatar-silicone-newborn-baby-reborn-doll","status":"publish","type":"product","link":"https:\/\/www.mkreborns.com\/fi\/product\/ronal-avatar-silicone-newborn-baby-reborn-doll\/","title":{"rendered":"Ronal Avatar silikoninen vastasyntynyt vauvanukke"},"content":{"rendered":"<p><strong>Parametrit:<\/strong><\/p>\n<ul>\n<li>Huolenaihe: Ei mit\u00e4\u00e4n<\/li>\n<li>Sukupuoli: Unisex<\/li>\n<li>Mitat: 12 tuumaa, 30 cm<\/li>\n<li>Materiaali: silikoni<\/li>\n<li>Paino: Nuken nettopaino on noin 1,15 kg<\/li>\n<\/ul>\n<h2>Vauvan uudestisyntyneet avatar-nuket pehme\u00e4ll\u00e4 silikonirealismin tekniikalla<\/h2>\n<div>T\u00e4m\u00e4 uudestisyntynyt avatar-nukke on huolellisesti muotoiltu heijastamaan vastasyntyneen mittasuhteita ja samalla luomaan hienovaraisen fantasiaestetiikan. Valmistettu kiinte\u00e4st\u00e4 silikonista, koko runko tarjoaa sile\u00e4n ja joustavan tuntuman, joka ylitt\u00e4\u00e4 perinteisen vinyylin. T\u00e4ysin silikonista valmistettujen uudestisyntyneiden avatar-nukkien kaupoissa t\u00e4m\u00e4 malli erottuu kompaktilla 30 cm:n koostaan ja tasapainoisesta viimeistelyst\u00e4\u00e4n.<\/div>\n<h3>Kest\u00e4v\u00e4 rakenne ja hienostuneet visuaaliset yksityiskohdat<\/h3>\n<div>Saumaton silikonirunko takaa kest\u00e4vyyden ja s\u00e4ilytt\u00e4\u00e4 samalla aidontuntuisen tuntoherkkyyden. Kirkkaiden akryylisilmien ja kevyen 1,15 kg:n painon ansiosta se tarjoaa luonnollisen pidon. Realistisena uudestisyntyneen\u00e4 avatar-nukkena edulliseen hintaan se tarjoaa luotettavaa laatua ilman korkeita kustannuksia, joten se sopii sek\u00e4 ker\u00e4ilij\u00f6ille ett\u00e4 lahjaksi ostajille.<\/div>\n<h3>Tuotteen ominaisuudet ja edut<\/h3>\n<ol>\n<li>T\u00e4ysin silikoninen runko pehme\u00e4ll\u00e4 ja joustavalla rakenteella<\/li>\n<li>12 tuuman koko on ihanteellinen n\u00e4ytt\u00f6\u00f6n ja k\u00e4sittelyyn<\/li>\n<li>Kevyt rakenne, noin 1,15 kg<\/li>\n<li>Yksityiskohtaiset akryylisilm\u00e4t kirkkaalla viimeistelyll\u00e4<\/li>\n<li>Unisex-muotoilu monipuoliseen vetovoimaan<\/li>\n<\/ol>","protected":false},"excerpt":{"rendered":"<p>Pehme\u00e4, kompakti ja visuaalisesti upea, t\u00e4m\u00e4 uudestisyntynyt avatar-nukke yhdist\u00e4\u00e4 herk\u00e4t vastasyntyneen mittasuhteet sile\u00e4\u00e4n silikonipintaan kiehtovan kokonaisuuden luoden.<\/p>","protected":false},"featured_media":4221,"comment_status":"open","ping_status":"closed","template":"","meta":[],"product_brand":[],"product_cat":[239,240,145,144,146,156,153],"product_tag":[],"class_list":{"0":"post-4220","1":"product","2":"type-product","3":"status-publish","4":"has-post-thumbnail","6":"product_cat-avatar-reborn-dolls","7":"product_cat-12-inch-reborn-dolls","8":"product_cat-baby-boy-reborn-dolls","9":"product_cat-baby-girl-reborn-dolls","10":"product_cat-full-silicone-reborn-dolls","11":"product_cat-life-sized-dolls","12":"product_cat-newborn-reborn-dolls","14":"first","15":"instock","16":"sale","17":"shipping-taxable","18":"purchasable","19":"product-type-simple"},"_links":{"self":[{"href":"https:\/\/www.mkreborns.com\/fi\/wp-json\/wp\/v2\/product\/4220","targetHints":{"allow":["GET"]}}],"collection":[{"href":"https:\/\/www.mkreborns.com\/fi\/wp-json\/wp\/v2\/product"}],"about":[{"href":"https:\/\/www.mkreborns.com\/fi\/wp-json\/wp\/v2\/types\/product"}],"replies":[{"embeddable":true,"href":"https:\/\/www.mkreborns.com\/fi\/wp-json\/wp\/v2\/comments?post=4220"}],"wp:featuredmedia":[{"embeddable":true,"href":"https:\/\/www.mkreborns.com\/fi\/wp-json\/wp\/v2\/media\/4221"}],"wp:attachment":[{"href":"https:\/\/www.mkreborns.com\/fi\/wp-json\/wp\/v2\/media?parent=4220"}],"wp:term":[{"taxonomy":"product_brand","embeddable":true,"href":"https:\/\/www.mkreborns.com\/fi\/wp-json\/wp\/v2\/product_brand?post=4220"},{"taxonomy":"product_cat","embeddable":true,"href":"https:\/\/www.mkreborns.com\/fi\/wp-json\/wp\/v2\/product_cat?post=4220"},{"taxonomy":"product_tag","embeddable":true,"href":"https:\/\/www.mkreborns.com\/fi\/wp-json\/wp\/v2\/product_tag?post=4220"}],"curies":[{"name":"wp","href":"https:\/\/api.w.org\/{rel}","templated":true}]}}