{"id":4213,"date":"2026-03-25T02:10:39","date_gmt":"2026-03-25T02:10:39","guid":{"rendered":"https:\/\/www.mkreborns.com\/?post_type=product&#038;p=4213"},"modified":"2026-03-25T02:18:24","modified_gmt":"2026-03-25T02:18:24","slug":"kiri-avatar-baby-doll-reborn-girl-20-inch-vinyl-baby","status":"publish","type":"product","link":"https:\/\/www.mkreborns.com\/fi\/product\/kiri-avatar-baby-doll-reborn-girl-20-inch-vinyl-baby\/","title":{"rendered":"Kiri Avatar -vauvanukke, uudestisyntynyt tytt\u00f6, 20 tuuman vinyylivauva"},"content":{"rendered":"<h3>Tuotteen tekniset tiedot<\/h3>\n<ul>\n<li>Huolenaihe: Ei mit\u00e4\u00e4n<\/li>\n<li>Sukupuoli: Tyt\u00f6t<\/li>\n<li>Mitat: 20 tuumaa<\/li>\n<li>Materiaali: Vinyyli<\/li>\n<\/ul>\n<h2>Avatar-vauvanukke syntyi uudelleen vastasyntyneen tarkkuudella<\/h2>\n<div>T\u00e4m\u00e4 uudestisyntynyt avatar-vauvanukke heijastaa huolellista taiteellisuutta pehmeiden muotoilujen, hillittyjen ihons\u00e4vyjen ja rauhallisen nukkumisasennon ansiosta. Uudelleensyntynyt avatar-vauvatytt\u00f6 on lempe\u00e4 ja sopii ker\u00e4ilij\u00f6ille ja lahjaksi. Niille, jotka etsiv\u00e4t uudestisyntyneit\u00e4 avatar-vauvamalleja, t\u00e4m\u00e4 nukke yhdist\u00e4\u00e4 kest\u00e4vyyden ja hienot yksityiskohdat, mik\u00e4 tekee siit\u00e4 erinomaisen myynniss\u00e4 olevan avatar-vauvanuken.<\/div>\n<h3>Realistinen vinyylirakenne ja hienot yksityiskohdat<\/h3>\n<div>20 tuuman paksuinen t\u00e4ysvinyylirakenne tarjoaa sile\u00e4n, tuntuisen pinnan s\u00e4ilytt\u00e4en samalla hienovaraisen anatomisen realismin. K\u00e4sinmaalatuista hiuksista luonnollisesti v\u00e4rj\u00e4ttyihin huuliin ja kynsiin, jokainen elementti korostaa aitoutta. Asetettava runko mahdollistaa joustavan sijoittelun muodosta tinkim\u00e4tt\u00e4.<\/div>\n<h3>T\u00e4rkeimm\u00e4t ominaisuudet ja edut<\/h3>\n<ol>\n<li>20 tuuman koko, tasapainoiset vastasyntyneen mittasuhteet<\/li>\n<li>Ensiluokkainen vinyylimateriaali pehme\u00e4ll\u00e4 mattapinnalla<\/li>\n<li>Monimutkaiset k\u00e4sinmaalatut yksityiskohdat realismin aikaansaamiseksi<\/li>\n<li>Joustavat raajat helpottavat asettelua ja esillepanoa<\/li>\n<\/ol>\n<div>T\u00e4m\u00e4 ker\u00e4ilyesine on luotu ilman merkitt\u00e4vi\u00e4 kemikaaleja ja muotoiltu pitk\u00e4aikaiseen esillepanoon tai lahjaksi, ja se on edelleen hienostunut valinta kaikille uudestisyntyneiden avatar-nukkien yst\u00e4ville.<\/div>","protected":false},"excerpt":{"rendered":"<p>Seesteinen avatar-vauvanukke, joka on uudestisyntynyt herk\u00e4ll\u00e4 kasvojenmuokkauksella, pehme\u00e4ll\u00e4 vinyylitekstuurilla ja hienostuneella vastasyntyneen realismilla, joka her\u00e4tt\u00e4\u00e4 huomion v\u00e4litt\u00f6m\u00e4sti.<\/p>","protected":false},"featured_media":4214,"comment_status":"open","ping_status":"closed","template":"","meta":[],"product_brand":[],"product_cat":[237,239,144,156,153,152],"product_tag":[],"class_list":{"0":"post-4213","1":"product","2":"type-product","3":"status-publish","4":"has-post-thumbnail","6":"product_cat-20-inch-reborn-dolls","7":"product_cat-avatar-reborn-dolls","8":"product_cat-baby-girl-reborn-dolls","9":"product_cat-life-sized-dolls","10":"product_cat-newborn-reborn-dolls","11":"product_cat-vinyl-reborn-dolls","13":"first","14":"instock","15":"sale","16":"shipping-taxable","17":"purchasable","18":"product-type-simple"},"_links":{"self":[{"href":"https:\/\/www.mkreborns.com\/fi\/wp-json\/wp\/v2\/product\/4213","targetHints":{"allow":["GET"]}}],"collection":[{"href":"https:\/\/www.mkreborns.com\/fi\/wp-json\/wp\/v2\/product"}],"about":[{"href":"https:\/\/www.mkreborns.com\/fi\/wp-json\/wp\/v2\/types\/product"}],"replies":[{"embeddable":true,"href":"https:\/\/www.mkreborns.com\/fi\/wp-json\/wp\/v2\/comments?post=4213"}],"wp:featuredmedia":[{"embeddable":true,"href":"https:\/\/www.mkreborns.com\/fi\/wp-json\/wp\/v2\/media\/4214"}],"wp:attachment":[{"href":"https:\/\/www.mkreborns.com\/fi\/wp-json\/wp\/v2\/media?parent=4213"}],"wp:term":[{"taxonomy":"product_brand","embeddable":true,"href":"https:\/\/www.mkreborns.com\/fi\/wp-json\/wp\/v2\/product_brand?post=4213"},{"taxonomy":"product_cat","embeddable":true,"href":"https:\/\/www.mkreborns.com\/fi\/wp-json\/wp\/v2\/product_cat?post=4213"},{"taxonomy":"product_tag","embeddable":true,"href":"https:\/\/www.mkreborns.com\/fi\/wp-json\/wp\/v2\/product_tag?post=4213"}],"curies":[{"name":"wp","href":"https:\/\/api.w.org\/{rel}","templated":true}]}}