{"id":4202,"date":"2026-03-24T16:06:44","date_gmt":"2026-03-24T16:06:44","guid":{"rendered":"https:\/\/www.mkreborns.com\/?post_type=product&#038;p=4202"},"modified":"2026-03-25T00:45:53","modified_gmt":"2026-03-25T00:45:53","slug":"full-body-silicone-twins-mini-reborn-baby-girl-dolls","status":"publish","type":"product","link":"https:\/\/www.mkreborns.com\/fi\/product\/full-body-silicone-twins-mini-reborn-baby-girl-dolls\/","title":{"rendered":"Tracy ja Tasha - T\u00e4ysvartaloiset Silikoniset Kaksosten Reborn-nuket"},"content":{"rendered":"<h2>Tracy ja Tasha, koko kehon silikonikaksoset<\/h2>\n<div>Tracy ja Tasha ovat hienostuneet, kokovartaloiset silikonikaksosnuket, jotka on muotoiltu tarkasti heijastamaan vastasyntyneen pehmeytt\u00e4 ja symmetriaa. N\u00e4it\u00e4 myynniss\u00e4 olevia kokovartaloisia silikonikaksosnukkeja ihaillaan pienest\u00e4 33 cm:n koostaan ja tasapainoisista mittasuhteistaan, mik\u00e4 tekee niist\u00e4 erinomaisen valinnan ker\u00e4ilij\u00f6ille, jotka etsiv\u00e4t s\u00f6p\u00f6j\u00e4, identiteetilt\u00e4\u00e4n erottuvia, uudelleensyntyneit\u00e4 kaksosnukkeja.<\/div>\n<h3>Vauvan tytt\u00f6kaksoset uudestisyntyneet mini-yksityiskohdilla<\/h3>\n<div>Uudestisyntynein\u00e4 tytt\u00f6kaksosina Tracylla ja Tashalla on pehme\u00e4t silikonirunko ja herk\u00e4t kasvonilmeet, jotka heijastavat oikeita vauvoja. N\u00e4m\u00e4 uudestisyntyneet kaksosvauvanuket ovat kevyit\u00e4 ja niill\u00e4 on taipuisa rakenne, joka lis\u00e4\u00e4 realismia samalla, kun ne ovat helppoja k\u00e4sitell\u00e4 ja esitell\u00e4.<\/div>\n<h3>Ominaisuudet ja edut<\/h3>\n<ol>\n<li>Kompakti 13-tuumainen minikoko yksityiskohtaisella muotoilulla<\/li>\n<li>Kokovartalon silikonirakenne pehme\u00e4ll\u00e4 ja tuntuisella pinnalla<\/li>\n<li>Kevyt muotoilu vaivattomaan poseeraukseen<\/li>\n<li>Valmistettu ilman vaarallisia kemikaaleja<\/li>\n<\/ol>\n<div>Tekniset tiedot<\/div>\n<ul>\n<li>Materiaali: Silikoni<\/li>\n<li>Koko: 13 tuumaa<\/li>\n<li>Ominaisuudet: Pieni, pehme\u00e4<\/li>\n<li>Sukupuoli: Tyt\u00f6t<\/li>\n<li>Huolenaihe: Ei mit\u00e4\u00e4n<\/li>\n<\/ul>\n<div>Tracy ja Tasha luovat harmonisen kaksosten esittelyn, mik\u00e4 tekee heist\u00e4 poikkeuksellisen lis\u00e4n mihin tahansa kokovartaloisten silikonikaksosten kokoelmaan.<\/div>","protected":false},"excerpt":{"rendered":"<p>Tracy ja Tasha tuovat hell\u00e4varaisen kaksosolennon pehme\u00e4ll\u00e4 silikonirakenteella ja luonnollisilla vastasyntyneen n\u00e4k\u00f6isill\u00e4 ominaisuuksilla, jotka on suunniteltu her\u00e4tt\u00e4m\u00e4\u00e4n huomion v\u00e4litt\u00f6m\u00e4sti.<\/p>","protected":false},"featured_media":4203,"comment_status":"open","ping_status":"closed","template":"","meta":[],"product_brand":[],"product_cat":[236,238,146,156,153],"product_tag":[],"class_list":{"0":"post-4202","1":"product","2":"type-product","3":"status-publish","4":"has-post-thumbnail","6":"product_cat-twin-reborn-dolls","7":"product_cat-13-inch-reborn-dolls","8":"product_cat-full-silicone-reborn-dolls","9":"product_cat-life-sized-dolls","10":"product_cat-newborn-reborn-dolls","12":"first","13":"instock","14":"sale","15":"shipping-taxable","16":"purchasable","17":"product-type-simple"},"_links":{"self":[{"href":"https:\/\/www.mkreborns.com\/fi\/wp-json\/wp\/v2\/product\/4202","targetHints":{"allow":["GET"]}}],"collection":[{"href":"https:\/\/www.mkreborns.com\/fi\/wp-json\/wp\/v2\/product"}],"about":[{"href":"https:\/\/www.mkreborns.com\/fi\/wp-json\/wp\/v2\/types\/product"}],"replies":[{"embeddable":true,"href":"https:\/\/www.mkreborns.com\/fi\/wp-json\/wp\/v2\/comments?post=4202"}],"wp:featuredmedia":[{"embeddable":true,"href":"https:\/\/www.mkreborns.com\/fi\/wp-json\/wp\/v2\/media\/4203"}],"wp:attachment":[{"href":"https:\/\/www.mkreborns.com\/fi\/wp-json\/wp\/v2\/media?parent=4202"}],"wp:term":[{"taxonomy":"product_brand","embeddable":true,"href":"https:\/\/www.mkreborns.com\/fi\/wp-json\/wp\/v2\/product_brand?post=4202"},{"taxonomy":"product_cat","embeddable":true,"href":"https:\/\/www.mkreborns.com\/fi\/wp-json\/wp\/v2\/product_cat?post=4202"},{"taxonomy":"product_tag","embeddable":true,"href":"https:\/\/www.mkreborns.com\/fi\/wp-json\/wp\/v2\/product_tag?post=4202"}],"curies":[{"name":"wp","href":"https:\/\/api.w.org\/{rel}","templated":true}]}}