{"id":4195,"date":"2026-03-24T08:06:41","date_gmt":"2026-03-24T08:06:41","guid":{"rendered":"https:\/\/www.mkreborns.com\/?post_type=product&#038;p=4195"},"modified":"2026-03-24T08:33:50","modified_gmt":"2026-03-24T08:33:50","slug":"realistic-bonnie-brown-20-inch-vinyl-boy-twin-reborn-doll","status":"publish","type":"product","link":"https:\/\/www.mkreborns.com\/fi\/product\/realistic-bonnie-brown-20-inch-vinyl-boy-twin-reborn-doll\/","title":{"rendered":"Realistinen Bonnie Brown 20 tuuman vinyylipoikakaksosten uudestisyntynyt nukke"},"content":{"rendered":"<h2>Bonnie Brownin kaksoisolento A:n mestarillinen taiteellisuus<\/h2>\n<div>Mk Reborns esittelee upean version ikonisesta Bonnie Brown -kaksosveistoksesta, joka vangitsee vauvai\u00e4n eteerisen viattomuuden. Jokaisessa 20-tuumaisessa vinyyliluomuksessa on k\u00e4sinmaalattuja iholaikkuja ja pehme\u00e4t raajat, jotka j\u00e4ljittelev\u00e4t oikean ihon joustavuutta. Vaikka n\u00e4m\u00e4 uudestisyntyneet kaksosnuket ovat edullisia, niiden hienostunut k\u00e4sity\u00f6taito varmistaa, ett\u00e4 ne saavuttavat arvostetun paikan kuratoidussa kokoelmassasi.<\/div>\n<h3>Reborn Twins -vauvanukkejen aidot ominaisuudet<\/h3>\n<div>N\u00e4m\u00e4 uudestisyntyneet kaksosvauvanuket toimitetaan r\u00e4\u00e4t\u00e4l\u00f6idyill\u00e4 vaatteilla ja niiden kosketeltava olemus vaatii hell\u00e4varaista k\u00e4sittely\u00e4. Niiden anatominen tarkkuus ja seesteiset kasvonilmeet tarjoavat terapeuttisen keskipisteen niille, jotka etsiv\u00e4t realistista hoivasimulaatiota.<\/div>\n<ul>\n<li>Valmistettu ensiluokkaisesta, myrkytt\u00f6m\u00e4st\u00e4 vinyylist\u00e4 kest\u00e4v\u00e4\u00e4 rakenteellista eheytt\u00e4 varten.<\/li>\n<li>Mitattu 50 cm:ksi, jotta se on t\u00e4ytettyn\u00e4 huomattavan ja realistisen painoinen.<\/li>\n<li>Yksityiskohtainen mikrojuonteilla ja l\u00e4pikuultavilla kynsipedeill\u00e4 visuaalisen syvyyden aikaansaamiseksi.<\/li>\n<\/ul>\n<div>Omistajat vaalivat n\u00e4iden suloisten kaksoisreborn-nukkien tarjoamaa kaksoisseuraa, sill\u00e4 ne vangitsevat t\u00e4ydellisesti sisarusten synkronoidun vieh\u00e4tysvoiman. Jokainen esteettinen valinta vahvistaa t\u00e4m\u00e4n korkealaatuisen Bonnie Brown -kaksosreborn-nuken kiistatonta vieh\u00e4tysvoimaa.<\/div>","protected":false},"excerpt":{"rendered":"<div>N\u00e4iden herkkien lastenhuoneasukkaiden adoptointi tuo syv\u00e4n rauhan tunteen mink\u00e4 tahansa ker\u00e4ilij\u00e4n pyh\u00e4kk\u00f6\u00f6n. N\u00e4m\u00e4 huolellisesti painotetut seuralaiset peilaavat vastasyntyneiden anatomian hienovaraisia vivahteita ja edist\u00e4v\u00e4t v\u00e4lit\u00f6nt\u00e4 emotionaalista sidett\u00e4, joka ylitt\u00e4\u00e4 pelk\u00e4n harrastuksen rajat.<\/div>","protected":false},"featured_media":4196,"comment_status":"open","ping_status":"closed","template":"","meta":[],"product_brand":[],"product_cat":[237,145,236,152],"product_tag":[],"class_list":{"0":"post-4195","1":"product","2":"type-product","3":"status-publish","4":"has-post-thumbnail","6":"product_cat-20-inch-reborn-dolls","7":"product_cat-baby-boy-reborn-dolls","8":"product_cat-twin-reborn-dolls","9":"product_cat-vinyl-reborn-dolls","11":"first","12":"instock","13":"sale","14":"shipping-taxable","15":"purchasable","16":"product-type-simple"},"_links":{"self":[{"href":"https:\/\/www.mkreborns.com\/fi\/wp-json\/wp\/v2\/product\/4195","targetHints":{"allow":["GET"]}}],"collection":[{"href":"https:\/\/www.mkreborns.com\/fi\/wp-json\/wp\/v2\/product"}],"about":[{"href":"https:\/\/www.mkreborns.com\/fi\/wp-json\/wp\/v2\/types\/product"}],"replies":[{"embeddable":true,"href":"https:\/\/www.mkreborns.com\/fi\/wp-json\/wp\/v2\/comments?post=4195"}],"wp:featuredmedia":[{"embeddable":true,"href":"https:\/\/www.mkreborns.com\/fi\/wp-json\/wp\/v2\/media\/4196"}],"wp:attachment":[{"href":"https:\/\/www.mkreborns.com\/fi\/wp-json\/wp\/v2\/media?parent=4195"}],"wp:term":[{"taxonomy":"product_brand","embeddable":true,"href":"https:\/\/www.mkreborns.com\/fi\/wp-json\/wp\/v2\/product_brand?post=4195"},{"taxonomy":"product_cat","embeddable":true,"href":"https:\/\/www.mkreborns.com\/fi\/wp-json\/wp\/v2\/product_cat?post=4195"},{"taxonomy":"product_tag","embeddable":true,"href":"https:\/\/www.mkreborns.com\/fi\/wp-json\/wp\/v2\/product_tag?post=4195"}],"curies":[{"name":"wp","href":"https:\/\/api.w.org\/{rel}","templated":true}]}}