{"id":4184,"date":"2026-03-22T15:16:30","date_gmt":"2026-03-22T15:16:30","guid":{"rendered":"https:\/\/www.mkreborns.com\/product\/22-inch-baby-soft-vinyl-toy-reborn-doll\/"},"modified":"2026-03-22T15:46:25","modified_gmt":"2026-03-22T15:46:25","slug":"22-inch-baby-soft-vinyl-toy-reborn-doll","status":"publish","type":"product","link":"https:\/\/www.mkreborns.com\/fi\/product\/22-inch-baby-soft-vinyl-toy-reborn-doll\/","title":{"rendered":"22 tuuman pehme\u00e4 vinyylivauvanukke Reborn"},"content":{"rendered":"<p>55 cm korkea Reborn-nukke on loistava luova lelu. T\u00e4m\u00e4 Reborn-nukke on tytt\u00f6, joten jos pid\u00e4t tyt\u00f6ist\u00e4 tai lapsesi tarvitsee leikkikaveria, t\u00e4m\u00e4 olisi hyv\u00e4 valinta. Rebirth-nukessa ei ole monimutkaisia elektronisia komponentteja, joten siit\u00e4 on helppo huolehtia.<\/p>\n<p>Materiaali: Kokovartalon PVC<br \/>\nSukupuoli: Tytt\u00f6<br \/>\nKorkeus: 22 tuumaa<br \/>\nPaino: 1,6 kg<br \/>\nRipset: Liimaripset<br \/>\nPakkauksen paino: 2,8 kg<br \/>\nPakkauksen mitat: 55 * 20 * 14 cm<br \/>\nT\u00e4ydellinen pakkaus sis\u00e4lt\u00e4\u00e4: vaatteet, vaipan, magneettitutin ja tuttipullon.<\/p>\n<p><img decoding=\"async\" class=\"aligncenter wp-image-4188 size-full\" src=\"https:\/\/www.mkreborns.com\/wp-content\/themes\/woodmart\/images\/lazy.svg\" data-src=\"https:\/\/www.mkreborns.com\/wp-content\/uploads\/2026\/03\/O1CN01PpFvNU1Q2wt0qnoX3_2214704711919-0-cib.jpg\" alt=\"Reborn-nukke, jossa on realistinen vauvanpehme\u00e4 vinyyli, kiharat hiukset ja siniset silm\u00e4t, t\u00e4ydellinen ker\u00e4ilij\u00f6ille.\" width=\"1200\" height=\"1200\" title=\"\" srcset=\"\" data-srcset=\"https:\/\/www.mkreborns.com\/wp-content\/uploads\/2026\/03\/O1CN01PpFvNU1Q2wt0qnoX3_2214704711919-0-cib.jpg 1200w, https:\/\/www.mkreborns.com\/wp-content\/uploads\/2026\/03\/O1CN01PpFvNU1Q2wt0qnoX3_2214704711919-0-cib-300x300.jpg 300w, https:\/\/www.mkreborns.com\/wp-content\/uploads\/2026\/03\/O1CN01PpFvNU1Q2wt0qnoX3_2214704711919-0-cib-800x800.jpg 800w, https:\/\/www.mkreborns.com\/wp-content\/uploads\/2026\/03\/O1CN01PpFvNU1Q2wt0qnoX3_2214704711919-0-cib-150x150.jpg 150w, https:\/\/www.mkreborns.com\/wp-content\/uploads\/2026\/03\/O1CN01PpFvNU1Q2wt0qnoX3_2214704711919-0-cib-768x768.jpg 768w, https:\/\/www.mkreborns.com\/wp-content\/uploads\/2026\/03\/O1CN01PpFvNU1Q2wt0qnoX3_2214704711919-0-cib-12x12.jpg 12w, https:\/\/www.mkreborns.com\/wp-content\/uploads\/2026\/03\/O1CN01PpFvNU1Q2wt0qnoX3_2214704711919-0-cib-700x700.jpg 700w\" sizes=\"(max-width: 1200px) 100vw, 1200px\" \/><\/p>\n<p><img decoding=\"async\" class=\"aligncenter wp-image-4185 size-full\" src=\"https:\/\/www.mkreborns.com\/wp-content\/themes\/woodmart\/images\/lazy.svg\" data-src=\"https:\/\/www.mkreborns.com\/wp-content\/uploads\/2026\/03\/O1CN01xiOrQd1Q2wt261hyq_2214704711919-0-cib.jpg\" alt=\"Eritt\u00e4in yksityiskohtainen 22-tuumainen uudestisyntynyt vauvanukke pehme\u00e4ll\u00e4 vinyylirungolla ja aitojen n\u00e4k\u00f6isill\u00e4 ominaisuuksilla ker\u00e4ilij\u00f6ille.\" width=\"1200\" height=\"1200\" title=\"\" srcset=\"\" data-srcset=\"https:\/\/www.mkreborns.com\/wp-content\/uploads\/2026\/03\/O1CN01xiOrQd1Q2wt261hyq_2214704711919-0-cib.jpg 1200w, https:\/\/www.mkreborns.com\/wp-content\/uploads\/2026\/03\/O1CN01xiOrQd1Q2wt261hyq_2214704711919-0-cib-300x300.jpg 300w, https:\/\/www.mkreborns.com\/wp-content\/uploads\/2026\/03\/O1CN01xiOrQd1Q2wt261hyq_2214704711919-0-cib-800x800.jpg 800w, https:\/\/www.mkreborns.com\/wp-content\/uploads\/2026\/03\/O1CN01xiOrQd1Q2wt261hyq_2214704711919-0-cib-150x150.jpg 150w, https:\/\/www.mkreborns.com\/wp-content\/uploads\/2026\/03\/O1CN01xiOrQd1Q2wt261hyq_2214704711919-0-cib-768x768.jpg 768w, https:\/\/www.mkreborns.com\/wp-content\/uploads\/2026\/03\/O1CN01xiOrQd1Q2wt261hyq_2214704711919-0-cib-12x12.jpg 12w, https:\/\/www.mkreborns.com\/wp-content\/uploads\/2026\/03\/O1CN01xiOrQd1Q2wt261hyq_2214704711919-0-cib-700x700.jpg 700w\" sizes=\"(max-width: 1200px) 100vw, 1200px\" \/><\/p>\n<p>Salli 0,5\u20131 tuuman manuaalinen toleranssi, koska tuote mitattiin manuaalisesti.<\/p>","protected":false},"excerpt":{"rendered":"<p>Uudestisyntynyt nukke on valmistettu PVC:st\u00e4, ja se on pest\u00e4v\u00e4 ja helppo kantaa.<\/p>","protected":false},"featured_media":4185,"comment_status":"open","ping_status":"closed","template":"","meta":[],"product_brand":[],"product_cat":[235,144,155,156,154,157,152],"product_tag":[],"class_list":{"0":"post-4184","1":"product","2":"type-product","3":"status-publish","4":"has-post-thumbnail","6":"product_cat-22-inch-reborn-dolls","7":"product_cat-baby-girl-reborn-dolls","8":"product_cat-cute-reborn-dolls","9":"product_cat-life-sized-dolls","10":"product_cat-lifelike-reborn-dolls","11":"product_cat-real-life-baby-dolls","12":"product_cat-vinyl-reborn-dolls","14":"first","15":"instock","16":"sale","17":"shipping-taxable","18":"purchasable","19":"product-type-simple"},"_links":{"self":[{"href":"https:\/\/www.mkreborns.com\/fi\/wp-json\/wp\/v2\/product\/4184","targetHints":{"allow":["GET"]}}],"collection":[{"href":"https:\/\/www.mkreborns.com\/fi\/wp-json\/wp\/v2\/product"}],"about":[{"href":"https:\/\/www.mkreborns.com\/fi\/wp-json\/wp\/v2\/types\/product"}],"replies":[{"embeddable":true,"href":"https:\/\/www.mkreborns.com\/fi\/wp-json\/wp\/v2\/comments?post=4184"}],"wp:featuredmedia":[{"embeddable":true,"href":"https:\/\/www.mkreborns.com\/fi\/wp-json\/wp\/v2\/media\/4185"}],"wp:attachment":[{"href":"https:\/\/www.mkreborns.com\/fi\/wp-json\/wp\/v2\/media?parent=4184"}],"wp:term":[{"taxonomy":"product_brand","embeddable":true,"href":"https:\/\/www.mkreborns.com\/fi\/wp-json\/wp\/v2\/product_brand?post=4184"},{"taxonomy":"product_cat","embeddable":true,"href":"https:\/\/www.mkreborns.com\/fi\/wp-json\/wp\/v2\/product_cat?post=4184"},{"taxonomy":"product_tag","embeddable":true,"href":"https:\/\/www.mkreborns.com\/fi\/wp-json\/wp\/v2\/product_tag?post=4184"}],"curies":[{"name":"wp","href":"https:\/\/api.w.org\/{rel}","templated":true}]}}