{"id":4165,"date":"2026-03-22T14:35:28","date_gmt":"2026-03-22T14:35:28","guid":{"rendered":"https:\/\/www.mkreborns.com\/product\/18-inch-soft-vinyl-open-eye-reborn-baby-doll\/"},"modified":"2026-03-22T15:34:35","modified_gmt":"2026-03-22T15:34:35","slug":"18-inch-soft-vinyl-open-eye-reborn-baby-doll","status":"publish","type":"product","link":"https:\/\/www.mkreborns.com\/fi\/product\/18-inch-soft-vinyl-open-eye-reborn-baby-doll\/","title":{"rendered":"18 tuuman pehme\u00e4st\u00e4 vinyylist\u00e4 valmistettu avoimen silm\u00e4n uudestisyntynyt vauvanukke"},"content":{"rendered":"<p>T\u00e4ss\u00e4 uudestisyntyneess\u00e4 nukessa on selv\u00e4sti n\u00e4kyv\u00e4t suonet ja se on eritt\u00e4in realistinen. Se voi istua tai maata, se ei puhu tai r\u00e4pyttele silmi\u00e4\u00e4n, eik\u00e4 siin\u00e4 ole monimutkaisia elektronisia osia, mink\u00e4 ansiosta se on helppohoitoinen ja t\u00e4ydellinen ker\u00e4ilykohteeksi. K\u00e4sittele nukkea varoen puhdistaessasi sit\u00e4; v\u00e4lt\u00e4 kulmakarvojen voimakasta raapimista v\u00e4rin haalistumisen est\u00e4miseksi.<\/p>\n<p>&nbsp;<\/p>\n<p>Materiaali: Kokovartalon PVC<br \/>\nSukupuoli: Valitse poika tai tytt\u00f6<br \/>\nKorkeus: 18 tuumaa<br \/>\nPaino: 1,1 kg<br \/>\nRipset: Liimaripset<br \/>\nPakkauksen paino: 1,6 kg<br \/>\nPakkauksen mitat: 46 * 20 * 13 cm<br \/>\nT\u00e4ydellinen pakkaus sis\u00e4lt\u00e4\u00e4: vaatteet, vaipan, magneettitutin, tuttipullon ja syntym\u00e4todistuksen.<\/p>\n<p>&nbsp;<\/p>\n<p><img decoding=\"async\" src=\"https:\/\/www.mkreborns.com\/wp-content\/uploads\/2026\/03\/O1CN01PhbSDV1lsnmHX7b7l_2831564875-0-cib.jpg\" alt=\"\" title=\"\"><\/p>\n<p><img decoding=\"async\" src=\"https:\/\/www.mkreborns.com\/wp-content\/uploads\/2026\/03\/O1CN01Fqa8AT1lsnmKDSTq1_2831564875-0-cib.jpg\" alt=\"\" title=\"\"><\/p>\n<p>Salli 0,5\u20131 tuuman manuaalinen toleranssi, koska tuote mitattiin manuaalisesti.<\/p>","protected":false},"excerpt":{"rendered":"<p>Uudestisyntyneen nuken hoitajana voit ostaa nukelle eri tyylisi\u00e4 vaatteita eri tilaisuuksiin.<\/p>","protected":false},"featured_media":4167,"comment_status":"open","ping_status":"closed","template":"","meta":[],"product_brand":[],"product_cat":[151,145,144,155,156,154,157,152],"product_tag":[],"class_list":{"0":"post-4165","1":"product","2":"type-product","3":"status-publish","4":"has-post-thumbnail","6":"product_cat-18-inch-reborn-dolls","7":"product_cat-baby-boy-reborn-dolls","8":"product_cat-baby-girl-reborn-dolls","9":"product_cat-cute-reborn-dolls","10":"product_cat-life-sized-dolls","11":"product_cat-lifelike-reborn-dolls","12":"product_cat-real-life-baby-dolls","13":"product_cat-vinyl-reborn-dolls","15":"first","16":"instock","17":"sale","18":"shipping-taxable","19":"purchasable","20":"product-type-variable","21":"has-default-attributes"},"_links":{"self":[{"href":"https:\/\/www.mkreborns.com\/fi\/wp-json\/wp\/v2\/product\/4165","targetHints":{"allow":["GET"]}}],"collection":[{"href":"https:\/\/www.mkreborns.com\/fi\/wp-json\/wp\/v2\/product"}],"about":[{"href":"https:\/\/www.mkreborns.com\/fi\/wp-json\/wp\/v2\/types\/product"}],"replies":[{"embeddable":true,"href":"https:\/\/www.mkreborns.com\/fi\/wp-json\/wp\/v2\/comments?post=4165"}],"wp:featuredmedia":[{"embeddable":true,"href":"https:\/\/www.mkreborns.com\/fi\/wp-json\/wp\/v2\/media\/4167"}],"wp:attachment":[{"href":"https:\/\/www.mkreborns.com\/fi\/wp-json\/wp\/v2\/media?parent=4165"}],"wp:term":[{"taxonomy":"product_brand","embeddable":true,"href":"https:\/\/www.mkreborns.com\/fi\/wp-json\/wp\/v2\/product_brand?post=4165"},{"taxonomy":"product_cat","embeddable":true,"href":"https:\/\/www.mkreborns.com\/fi\/wp-json\/wp\/v2\/product_cat?post=4165"},{"taxonomy":"product_tag","embeddable":true,"href":"https:\/\/www.mkreborns.com\/fi\/wp-json\/wp\/v2\/product_tag?post=4165"}],"curies":[{"name":"wp","href":"https:\/\/api.w.org\/{rel}","templated":true}]}}