{"id":4123,"date":"2026-03-19T03:34:52","date_gmt":"2026-03-19T03:34:52","guid":{"rendered":"https:\/\/www.mkreborns.com\/?post_type=product&#038;p=4123"},"modified":"2026-04-03T16:00:43","modified_gmt":"2026-04-03T16:00:43","slug":"magnetic-pacifiers-for-reborn-dolls-cute-dummy-set","status":"publish","type":"product","link":"https:\/\/www.mkreborns.com\/fi\/product\/magnetic-pacifiers-for-reborn-dolls-cute-dummy-set\/","title":{"rendered":"Magneettiset tutit Reborn-nukeille, s\u00f6p\u00f6 tuttisarja"},"content":{"rendered":"<div class=\"product-specs-list-container\"><\/div>\n<div class=\"detailmodule_text\">\n<h2>Magneettiset tutit Reborn-nukeille, joissa on el\u00e4v\u00e4n n\u00e4k\u00f6iset yksityiskohdat<\/h2>\n<div>Reborn-nukeille tarkoitetut magneettitutit on valmistettu j&auml;ljittelem&auml;&auml;n aitoja vauvan asusteita ja tarjoavat hienostuneen estetiikan ker&auml;ilij&ouml;ille ja nukketaiteilijoille. Kest&auml;v&auml;st&auml; ABS-muovista valmistetut tutit s&auml;ilytt&auml;v&auml;t kevyen profiilinsa ja varmistavat samalla tukevan magneettisen pidon. N&auml;m&auml; Reborn-nukeille tarkoitetut magneettitutit integroituvat saumattomasti Reborn-nukkepulloihin ja sopivat vaivattomasti Reborn-nukkepulloihin ja -tutteihin luoden yhten&auml;isen ja realismia lis&auml;&auml;v&auml;n esillepanon.&lt;\/p&gt;<\/div>\n<h3>Tarkka istuvuus ja hienovarainen ammattitaito<\/h3>\n<div>20\u201322 tuuman nukeille suunniteltu kompakti 4 \u00d7 2,8 cm:n rakenne varmistaa mittasuhteiden tarkkuuden. Dummy Nipples -yksityiskohdat tarjoavat vakuuttavan visuaalisen elementin, jolloin jokainen asuste tuntuu huolella valitulta eik\u00e4 massatuotetulta.<\/div>\n<div>Tuotteen edut ja ominaisuudet<\/div>\n<ol>\n<li>Vakaa sis\u00e4inen magneetti johdonmukaiseen sijoitteluun<\/li>\n<li>Sile\u00e4 ABS-pinta, jossa on pehme\u00e4t muodot<\/li>\n<li>Skaalatut mitat realististen mittasuhteiden saavuttamiseksi<\/li>\n<li>Sopii yhteen uudelleensyntyneiden nukkejen pullojen ja settien kanssa<\/li>\n<li>Hienostuneet Dummy Nipples -n\u00e4nnit autenttisen ulkon\u00e4\u00f6n takaamiseksi<\/li>\n<\/ol>\n<div>Ker\u00e4ilij\u00f6ille, jotka arvostavat vivahteikkaita yksityiskohtia ja yhten\u00e4ist\u00e4 tyyli\u00e4, n\u00e4m\u00e4 asusteet t\u00e4ydent\u00e4v\u00e4t mink\u00e4 tahansa esillepanon tasapainolla ja hienostuneisuudella, mik\u00e4 tekee magneettisista tuteista korvaamattomia uudestisyntyneille nukeille.<\/div>\n<\/div>\n<div><\/div>\n<div>\n<div>Materiaali: ABS-muovi<br \/>\nMitat: noin 4 * 2,8 cm \/ 1,57 * 1,10\u201d<br \/>\nSukupuoli: Unisex<br \/>\nOminaisuus 1: Nuken magneettitutti<br \/>\nOminaisuus 2: N\u00e4nnitunnit<br \/>\nOminaisuus 3: Imetyspullo<br \/>\nK\u00e4ytt\u00f6: Magneettitutti sopii simuloidulle vauvanukelle.<br \/>\nPuku 20-22 tuuman vauvanukelle<\/div>\n<div><\/div>\n<\/div>\n<div class=\"detailmodule_image\"><img decoding=\"async\" class=\"detail-desc-decorate-image\" src=\"https:\/\/www.mkreborns.com\/wp-content\/uploads\/2026\/03\/kf-S248844369ace4c1aa7ecadd1fb1d0d77o.webp\" alt=\"S\u00f6p\u00f6 v\u00e4rikk\u00e4iden kuvioiden nukkesetti uudestisyntyneille nukeille.\" title=\"\"> <img decoding=\"async\" class=\"detail-desc-decorate-image\" src=\"https:\/\/www.mkreborns.com\/wp-content\/uploads\/2026\/03\/kf-S6c63382f84a445439fd1199024f840611.webp\" alt=\"S\u00f6p\u00f6 vaaleanpunainen syd\u00e4menmuotoinen tutti uudestisyntyneille nukeille, t\u00e4ydellinen realistisille nuken lis\u00e4varusteille.\" title=\"\"> <img decoding=\"async\" class=\"detail-desc-decorate-image\" src=\"https:\/\/www.mkreborns.com\/wp-content\/uploads\/2026\/03\/kf-S488c94b7729a465194d2961210c54cf4W.webp\" alt=\"Vaaleanpunainen magneettinen tuttisarja uudestisyntyneille nukeille, t\u00e4ydellinen realistisiin nukketarvikkeisiin ja leikkeihin.\" title=\"\"> <img decoding=\"async\" class=\"detail-desc-decorate-image\" src=\"https:\/\/www.mkreborns.com\/wp-content\/uploads\/2026\/03\/kf-S6d9fe9cd873645dab6046f8da360a0a8b.webp\" alt=\"S\u00f6p\u00f6 Reborn-nukke tutti leopardikuviolla, pinkki ja vihre\u00e4.\" title=\"\"> <img decoding=\"async\" class=\"detail-desc-decorate-image\" src=\"https:\/\/www.mkreborns.com\/wp-content\/uploads\/2026\/03\/kf-S36de425f031d44459e8cd61cbd96964e7.webp\" alt=\"Reborn-nuken tutit magneettiklipsuilla, pinkki ja sininen, t\u00e4ydelliset realistisille nuken lis\u00e4varusteille.\" title=\"\"> <img decoding=\"async\" class=\"detail-desc-decorate-image\" src=\"https:\/\/www.mkreborns.com\/wp-content\/uploads\/2026\/03\/kf-S8f01849a5e554d6f9882dc6eb12f4d74Q.webp\" alt=\"Reborn-nukke-tutti, jossa on &quot;Rakastan is\u00e4\u00e4ni&quot; -viesti ja vaaleanpunainen syd\u00e4n.\" title=\"\"> <img decoding=\"async\" class=\"detail-desc-decorate-image\" src=\"https:\/\/www.mkreborns.com\/wp-content\/uploads\/2026\/03\/kf-S360412167aed492087b732d2883baf0dO.webp\" alt=\"\" title=\"\"><img decoding=\"async\" class=\"detail-desc-decorate-image\" src=\"https:\/\/www.mkreborns.com\/wp-content\/uploads\/2026\/03\/kf-Sf7b9cb29f2514cbaa1e852f7cbcb87d3y.webp\" alt=\"S\u00f6p\u00f6 nukkesetti Reborn-nuken tarvikkeille.\" title=\"\"> <img decoding=\"async\" class=\"detail-desc-decorate-image\" src=\"https:\/\/www.mkreborns.com\/wp-content\/uploads\/2026\/03\/kf-S764e1e37d2424828804a097b43bc71c2k.webp\" alt=\"Realistiset magneettitutit uudestisyntyneille nukeille, t\u00e4ydellinen lis\u00e4 s\u00f6p\u00f6\u00f6n tuttikokoelmaasi.\" title=\"\"> <img decoding=\"async\" class=\"detail-desc-decorate-image\" src=\"https:\/\/www.mkreborns.com\/wp-content\/uploads\/2026\/03\/kf-Sf1b85ed7bf994100bf9924d9ab1847392.webp\" alt=\"\" title=\"\"><\/div>\n<div class=\"detailmodule_image\"><img decoding=\"async\" class=\"detail-desc-decorate-image\" src=\"https:\/\/www.mkreborns.com\/wp-content\/uploads\/2026\/03\/kf-S5a111b8135df4b96aa04929da0abd73b6.webp\" alt=\"Reborn-nukketutti, jossa on keltainen ankkakuvio ja punainen kahva. T\u00e4ydellinen realistisiin nukkeasusteisiin.\" title=\"\"><\/div>","protected":false},"excerpt":{"rendered":"<p>Magneettiset tutit Reborn-nukeille, joissa on tukeva istuvuus ja aidontuntuinen muotoilu. T\u00e4ydellinen lis\u00e4varuste Reborn-nukkepullojen ja tuttipakkausten kanssa.<\/p>","protected":false},"featured_media":4124,"comment_status":"open","ping_status":"closed","template":"","meta":[],"product_brand":[],"product_cat":[148,162],"product_tag":[],"class_list":{"0":"post-4123","1":"product","2":"type-product","3":"status-publish","4":"has-post-thumbnail","6":"product_cat-reborn-doll-accessories","7":"product_cat-reborn-pacifier","9":"first","10":"instock","11":"sale","12":"shipping-taxable","13":"purchasable","14":"product-type-variable"},"_links":{"self":[{"href":"https:\/\/www.mkreborns.com\/fi\/wp-json\/wp\/v2\/product\/4123","targetHints":{"allow":["GET"]}}],"collection":[{"href":"https:\/\/www.mkreborns.com\/fi\/wp-json\/wp\/v2\/product"}],"about":[{"href":"https:\/\/www.mkreborns.com\/fi\/wp-json\/wp\/v2\/types\/product"}],"replies":[{"embeddable":true,"href":"https:\/\/www.mkreborns.com\/fi\/wp-json\/wp\/v2\/comments?post=4123"}],"wp:featuredmedia":[{"embeddable":true,"href":"https:\/\/www.mkreborns.com\/fi\/wp-json\/wp\/v2\/media\/4124"}],"wp:attachment":[{"href":"https:\/\/www.mkreborns.com\/fi\/wp-json\/wp\/v2\/media?parent=4123"}],"wp:term":[{"taxonomy":"product_brand","embeddable":true,"href":"https:\/\/www.mkreborns.com\/fi\/wp-json\/wp\/v2\/product_brand?post=4123"},{"taxonomy":"product_cat","embeddable":true,"href":"https:\/\/www.mkreborns.com\/fi\/wp-json\/wp\/v2\/product_cat?post=4123"},{"taxonomy":"product_tag","embeddable":true,"href":"https:\/\/www.mkreborns.com\/fi\/wp-json\/wp\/v2\/product_tag?post=4123"}],"curies":[{"name":"wp","href":"https:\/\/api.w.org\/{rel}","templated":true}]}}