{"id":4094,"date":"2026-03-19T02:43:43","date_gmt":"2026-03-19T02:43:43","guid":{"rendered":"https:\/\/www.mkreborns.com\/?post_type=product&#038;p=4094"},"modified":"2026-03-19T15:52:52","modified_gmt":"2026-03-19T15:52:52","slug":"reborn-baby-doll-magnetic-pacifier-realistic-fit","status":"publish","type":"product","link":"https:\/\/www.mkreborns.com\/fi\/product\/reborn-baby-doll-magnetic-pacifier-realistic-fit\/","title":{"rendered":"Reborn-vauvahahmon magneettinen tutti \u2013 realistinen istuvuus"},"content":{"rendered":"<h2>Reborn-vauvahahmon magneettinen tutti<\/h2>\n<div>Reborn-nuken magneettinen tutti on suunniteltu luomaan vakuuttavan ja luonnollisen vuorovaikutuksen nuken ja sen tarvikkeiden v\u00e4lille. T\u00e4m\u00e4 tutti on suunniteltu yhteensopivaksi vastasyntyneiden Reborn-nukkien kanssa, ja se kiinnittyy saumattomasti nukkeihin, joissa on sis\u00e4iset magneetit. Sen tasapainoinen rakenne varmistaa oikean kohdistuksen ilman siirtymist\u00e4 ja s\u00e4ilytt\u00e4\u00e4 luonnollisen ulkon\u00e4\u00f6n.<\/div>\n<h3>Turvallinen kiinnitys ja realistiset yksityiskohdat<\/h3>\n<div>T\u00e4ss\u00e4 tuttiosassa on magneettinen ydin, joka mahdollistaa vaivattoman asettamisen ja poistamisen s\u00e4ilytt\u00e4en samalla vakauden. Se sopii erityisesti el\u00e4v\u00e4n n\u00e4k\u00f6isille uudestisyntyneille nukeille, jotka voivat k\u00e4ytt\u00e4\u00e4 oikeita tutteja, ja tarjoaa visuaalisesti tarkan ruokailu- tai rauhoitteluasennon. Sile\u00e4 ulkopinta takaa turvallisen k\u00e4sittelyn ja viimeistellyn viimeistelyn.<\/div>\n<h3>T\u00e4rkeimm\u00e4t ominaisuudet ja edut<\/h3>\n<ul>\n<li>Vahva sis\u00e4inen magneetti vakaaseen sijoitteluun<\/li>\n<li>Suunniteltu vastasyntyneelle, uudestisyntyneelle nukelle, jossa on magneettinen tutti<\/li>\n<li>Yhteensopiva el\u00e4v\u00e4n n\u00e4k\u00f6isten uudestisyntyneiden nukkien kanssa, jotka voivat k\u00e4ytt\u00e4\u00e4 oikeita tuttia<\/li>\n<li>Kevyt rakenne luonnolliseen sijoitteluun<\/li>\n<li>Kest\u00e4v\u00e4 materiaali toistuvaan k\u00e4ytt\u00f6\u00f6n<\/li>\n<\/ul>\n<div>T\u00e4m\u00e4 lis\u00e4varuste parantaa kokoelmasi yleist\u00e4 realismia ja on v\u00e4ltt\u00e4m\u00e4t\u00f6n lis\u00e4 ker\u00e4ilij\u00f6ille, jotka etsiv\u00e4t korkealaatuista magneettista tuttia uudestisyntyneelle nukelle.<\/div>\n<div>Magneettinen tutti, uudestisyntynyt vauva v\u00e4ltt\u00e4m\u00e4t\u00f6n! Sen avulla nukke voi (suu kiinni) ime\u00e4 tuttia! Mutta ennen kaikkea sen pit\u00e4isi olla magneetti nuken suussa.<\/div>\n<div>Koko: kuten kuvissa n\u00e4kyy<\/div>\n<div>Paketti sis\u00e4lt\u00e4\u00e4: 1 kpl<\/div>\n<div class=\"detailmodule_image\"><img decoding=\"async\" class=\"detail-desc-decorate-image\" src=\"https:\/\/www.mkreborns.com\/wp-content\/uploads\/2026\/03\/kf-S57fdc27edc6e45fd90840739bcbc10bdK.webp\" alt=\"\" title=\"\"><img decoding=\"async\" class=\"detail-desc-decorate-image\" src=\"https:\/\/www.mkreborns.com\/wp-content\/uploads\/2026\/03\/kf-Scd0b0263191840aca2c6d9d9092853bb8.webp\" alt=\"\" title=\"\"><img decoding=\"async\" class=\"detail-desc-decorate-image\" src=\"https:\/\/www.mkreborns.com\/wp-content\/uploads\/2026\/03\/kf-Sad85ad6e0e2e4333b9ffe757ec183004e.webp\" alt=\"\" title=\"\"><img decoding=\"async\" class=\"detail-desc-decorate-image\" src=\"https:\/\/www.mkreborns.com\/wp-content\/uploads\/2026\/03\/kf-Sca74611577a2480781484c8c07bd4ff2F.webp\" alt=\"\" title=\"\"><img decoding=\"async\" class=\"detail-desc-decorate-image\" src=\"https:\/\/www.mkreborns.com\/wp-content\/uploads\/2026\/03\/kf-Sa13d45d1c7c54ba29181db819686fb23X.webp\" alt=\"\" title=\"\"><img decoding=\"async\" class=\"detail-desc-decorate-image\" src=\"https:\/\/www.mkreborns.com\/wp-content\/uploads\/2026\/03\/kf-S5499cdc26d4a40e9903777a859be4f1eP.webp\" alt=\"\" title=\"\"><img decoding=\"async\" class=\"detail-desc-decorate-image\" src=\"https:\/\/www.mkreborns.com\/wp-content\/uploads\/2026\/03\/kf-S11408845c0cb4f4193474b5608f40c9fI.webp\" alt=\"\" title=\"\"><img decoding=\"async\" class=\"detail-desc-decorate-image\" src=\"https:\/\/www.mkreborns.com\/wp-content\/uploads\/2026\/03\/kf-S0113e3dd80594293b07c453364e8fb07i.webp\" alt=\"\" title=\"\"><\/div>","protected":false},"excerpt":{"rendered":"<p>Tarkasti valmistettu magneettinen tutti, joka on suunniteltu lis\u00e4\u00e4m\u00e4\u00e4n realismia ja tarjoaa turvallisen ja luonnollisen istuvuuden yhteensopiville uudestisyntyneille nukeille.<\/p>","protected":false},"featured_media":4095,"comment_status":"open","ping_status":"closed","template":"","meta":[],"product_brand":[],"product_cat":[162,148],"product_tag":[],"class_list":{"0":"post-4094","1":"product","2":"type-product","3":"status-publish","4":"has-post-thumbnail","6":"product_cat-reborn-pacifier","7":"product_cat-reborn-doll-accessories","9":"first","10":"instock","11":"sale","12":"shipping-taxable","13":"purchasable","14":"product-type-variable"},"_links":{"self":[{"href":"https:\/\/www.mkreborns.com\/fi\/wp-json\/wp\/v2\/product\/4094","targetHints":{"allow":["GET"]}}],"collection":[{"href":"https:\/\/www.mkreborns.com\/fi\/wp-json\/wp\/v2\/product"}],"about":[{"href":"https:\/\/www.mkreborns.com\/fi\/wp-json\/wp\/v2\/types\/product"}],"replies":[{"embeddable":true,"href":"https:\/\/www.mkreborns.com\/fi\/wp-json\/wp\/v2\/comments?post=4094"}],"wp:featuredmedia":[{"embeddable":true,"href":"https:\/\/www.mkreborns.com\/fi\/wp-json\/wp\/v2\/media\/4095"}],"wp:attachment":[{"href":"https:\/\/www.mkreborns.com\/fi\/wp-json\/wp\/v2\/media?parent=4094"}],"wp:term":[{"taxonomy":"product_brand","embeddable":true,"href":"https:\/\/www.mkreborns.com\/fi\/wp-json\/wp\/v2\/product_brand?post=4094"},{"taxonomy":"product_cat","embeddable":true,"href":"https:\/\/www.mkreborns.com\/fi\/wp-json\/wp\/v2\/product_cat?post=4094"},{"taxonomy":"product_tag","embeddable":true,"href":"https:\/\/www.mkreborns.com\/fi\/wp-json\/wp\/v2\/product_tag?post=4094"}],"curies":[{"name":"wp","href":"https:\/\/api.w.org\/{rel}","templated":true}]}}