{"id":4029,"date":"2026-03-18T15:28:55","date_gmt":"2026-03-18T15:28:55","guid":{"rendered":"https:\/\/www.mkreborns.com\/?post_type=product&#038;p=4029"},"modified":"2026-03-19T15:51:56","modified_gmt":"2026-03-19T15:51:56","slug":"17-18-inch-reborn-doll-feeding-pacifier-accessories","status":"publish","type":"product","link":"https:\/\/www.mkreborns.com\/fi\/product\/17-18-inch-reborn-doll-feeding-pacifier-accessories\/","title":{"rendered":"17-18 tuuman Reborn-nuken ruokinta-tuttitarvikkeet"},"content":{"rendered":"<div class=\"product-specs-list-container\"><\/div>\n<div class=\"detailmodule_html\">\n<div class=\"detail-desc-decorate-richtext\">\n<h2>Reborn-nuken lis\u00e4varusteet, rei\u00e4tt\u00f6mi\u00e4 pullon tuttipulloja<\/h2>\n<div>Reborn-nuken lis\u00e4varusteisiin kuuluvat rei\u00e4tt\u00f6mi\u00e4 tuttipulloja sis\u00e4lt\u00e4v\u00e4t tuttiosat on valmistettu j\u00e4ljittelem\u00e4\u00e4n aitoja vauvan ruokintarutiineja s\u00e4ilytt\u00e4en samalla nuken eheyden. T\u00e4m\u00e4 setti sis\u00e4lt\u00e4\u00e4 huolellisesti muovattuja pulloja, pehmeit\u00e4 silikonisia tuttiosia ja yhteensopivia osia, jotka t\u00e4ydent\u00e4v\u00e4t Reborn-nuken tuttisetin tyyli\u00e4. Realismia arvostaville ker\u00e4ilij\u00f6ille suunnitellut lis\u00e4varusteet luovat aidontuntuisen hoivavaikutelmaa ilman, ett\u00e4 nukkea tarvitsee muokata rakenteellisesti.<\/div>\n<h3>Turvallinen silikonimuotoilu ja realistiset yksityiskohdat<\/h3>\n<div>Mukana tulevat preemie-koon silikoniset n\u00e4nnit ilman reik\u00e4\u00e4 Reborn-vauvahahmoille on suunniteltu suljetulla k\u00e4rjell\u00e4, mik\u00e4 est\u00e4\u00e4 nesteen virtauksen samalla kun visuaalinen aitous s\u00e4ilyy. Jokainen osa on mitoitetu 17\u201318 tuuman nukkeihin sopivaksi, varmistaen luonnollisen istuvuuden niin ruokailukohtauksissa kuin esillepanoissa.<\/div>\n<h3>T\u00e4rkeimm\u00e4t ominaisuudet ja edut<\/h3>\n<ul>\n<li>Sis\u00e4lt\u00e4\u00e4 tuttipullot ja Reborn-nuken tutit<\/li>\n<li>Suljetun k\u00e4rjen muotoilu turvalliseen, ei-toiminnalliseen ruokinnan simulointiin<\/li>\n<li>Valmistettu pehme\u00e4st\u00e4 silikonista realistisen tekstuurin saavuttamiseksi<\/li>\n<li>Yhteensopiva 17-18 tuuman Reborn-nukkien kanssa<\/li>\n<li>Ihanteellinen k\u00e4ytett\u00e4v\u00e4ksi keskosten reik\u00e4isten silikonituttien kanssa uudestisyntyneille nukeille<\/li>\n<\/ul>\n<div>T\u00e4m\u00e4 huolellisesti koottu setti parantaa visuaalista tarinankerrontaa ja kokoelman arvoa, mik\u00e4 tekee siit\u00e4 luotettavan valinnan kaikille, jotka etsiv\u00e4t Reborn-nuken lis\u00e4varusteita, kuten rei\u00e4tt\u00f6mi\u00e4 pullontutteja.<\/div>\n<p><img decoding=\"async\" src=\"https:\/\/www.mkreborns.com\/wp-content\/uploads\/2026\/03\/kf-S821bc0c09e4b42a393cbbc2780b410d4P.webp\" alt=\"\" title=\"\"><img decoding=\"async\" src=\"https:\/\/www.mkreborns.com\/wp-content\/uploads\/2026\/03\/kf-S3ddca035184249b39a97908487b4d497n.webp\" alt=\"\" title=\"\"><img decoding=\"async\" src=\"https:\/\/www.mkreborns.com\/wp-content\/uploads\/2026\/03\/kf-Se4f5ae05ae6f4ec4a8ef9889288959d4L.webp\" alt=\"\" title=\"\"><img decoding=\"async\" src=\"https:\/\/www.mkreborns.com\/wp-content\/uploads\/2026\/03\/kf-S63a5bb887a674b8ab8ce2a3c3e8dc6den.webp\" alt=\"\" title=\"\"><span style=\"font-size: 18px;\"><strong>Pieni koko Pinkki:<\/strong><\/span><img decoding=\"async\" src=\"https:\/\/www.mkreborns.com\/wp-content\/uploads\/2026\/03\/kf-S5937a950d18c457d9632bc051f5569f9r.webp\" alt=\"\" title=\"\"><\/p>\n<p><span style=\"font-size: 18px;\"><strong>Pieni koko sininen:<\/strong><\/span><img decoding=\"async\" src=\"https:\/\/www.mkreborns.com\/wp-content\/uploads\/2026\/03\/kf-Scbcae8c5f5a14ec8ac5007fdc863b93cg.webp\" alt=\"\" title=\"\"><img decoding=\"async\" src=\"https:\/\/www.mkreborns.com\/wp-content\/uploads\/2026\/03\/kf-S5e160258b8954f42a85e81b8690efd27l.webp\" alt=\"\" title=\"\"><img decoding=\"async\" src=\"https:\/\/www.mkreborns.com\/wp-content\/uploads\/2026\/03\/kf-Sb8e5eb1c653f4d77bd66c73376d647894.webp\" alt=\"\" title=\"\"><img decoding=\"async\" src=\"https:\/\/www.mkreborns.com\/wp-content\/uploads\/2026\/03\/kf-S42bdf04560824f58a60c86c965c4d3f5Q.webp\" alt=\"\" title=\"\"><img decoding=\"async\" src=\"https:\/\/www.mkreborns.com\/wp-content\/uploads\/2026\/03\/kf-Sf8bed42865e04064a00206620943d9dfR.webp\" alt=\"\" title=\"\"><img decoding=\"async\" src=\"https:\/\/www.mkreborns.com\/wp-content\/uploads\/2026\/03\/kf-S419dce937a6049f997aa62428da2071dR.webp\" alt=\"Reborn-nuken ruokintatarvikkeet, kuten tuttipullo, tutti ja ruokintav\u00e4lineet.\" title=\"\"><\/p>\n<\/div>\n<\/div>","protected":false},"excerpt":{"rendered":"<div>T\u00e4ydellinen ruokintatarvikesarja 17\u201318-tuumaisille uudestisyntyneille nukeille. Se yhdist\u00e4\u00e4 realismin, turvallisuuden ja hienot yksityiskohdat yhdess\u00e4 kompaktissa pakkauksessa.<\/div>","protected":false},"featured_media":4030,"comment_status":"open","ping_status":"closed","template":"","meta":[],"product_brand":[],"product_cat":[148,162],"product_tag":[],"class_list":{"0":"post-4029","1":"product","2":"type-product","3":"status-publish","4":"has-post-thumbnail","6":"product_cat-reborn-doll-accessories","7":"product_cat-reborn-pacifier","9":"first","10":"instock","11":"sale","12":"shipping-taxable","13":"purchasable","14":"product-type-variable","15":"has-default-attributes"},"_links":{"self":[{"href":"https:\/\/www.mkreborns.com\/fi\/wp-json\/wp\/v2\/product\/4029","targetHints":{"allow":["GET"]}}],"collection":[{"href":"https:\/\/www.mkreborns.com\/fi\/wp-json\/wp\/v2\/product"}],"about":[{"href":"https:\/\/www.mkreborns.com\/fi\/wp-json\/wp\/v2\/types\/product"}],"replies":[{"embeddable":true,"href":"https:\/\/www.mkreborns.com\/fi\/wp-json\/wp\/v2\/comments?post=4029"}],"wp:featuredmedia":[{"embeddable":true,"href":"https:\/\/www.mkreborns.com\/fi\/wp-json\/wp\/v2\/media\/4030"}],"wp:attachment":[{"href":"https:\/\/www.mkreborns.com\/fi\/wp-json\/wp\/v2\/media?parent=4029"}],"wp:term":[{"taxonomy":"product_brand","embeddable":true,"href":"https:\/\/www.mkreborns.com\/fi\/wp-json\/wp\/v2\/product_brand?post=4029"},{"taxonomy":"product_cat","embeddable":true,"href":"https:\/\/www.mkreborns.com\/fi\/wp-json\/wp\/v2\/product_cat?post=4029"},{"taxonomy":"product_tag","embeddable":true,"href":"https:\/\/www.mkreborns.com\/fi\/wp-json\/wp\/v2\/product_tag?post=4029"}],"curies":[{"name":"wp","href":"https:\/\/api.w.org\/{rel}","templated":true}]}}