{"id":4022,"date":"2026-03-18T14:54:54","date_gmt":"2026-03-18T14:54:54","guid":{"rendered":"https:\/\/www.mkreborns.com\/?post_type=product&#038;p=4022"},"modified":"2026-03-18T14:58:05","modified_gmt":"2026-03-18T14:58:05","slug":"beret-hat-accessories-for-18-inch-reborn-dolls","status":"publish","type":"product","link":"https:\/\/www.mkreborns.com\/fi\/product\/beret-hat-accessories-for-18-inch-reborn-dolls\/","title":{"rendered":"Barettihattutarvikkeet 18 tuuman Reborn-nukeille"},"content":{"rendered":"<div class=\"product-specs-list-container\">\n<h2>Barettihattutarvikkeet 18 tuuman Reborn-nukeille<\/h2>\n<div>18-tuumaisille uudestisyntyneille suunnitellut barettihattuasusteet tuovat hienovaraisen vintage-henkisen aksentin mihin tahansa kokoelmaan. T\u00e4m\u00e4 asuste integroituu luonnollisesti 18-tuumaisille uudestisyntyneille vaatteille ja asusteille luoden tasapainoisen ja aidon n\u00e4k\u00f6isen ulkon\u00e4\u00f6n. Sen kevyt rakenne takaa hell\u00e4varaisen istuvuuden, joka ei h\u00e4iritse nuken muotoiltua p\u00e4\u00e4n muotoa tai juurituttuja hiuksia.<\/div>\n<h3>Pehme\u00e4 rakenne ja monipuolinen muotoilu<\/h3>\n<div>Joustavasta kankaasta valmistettu baretti mukautuu saumattomasti erilaisiin nuken p\u00e4\u00e4n muotoihin. Se sopii saumattomasti yhteen mekkojen, rentojen asujen tai sesongin tyylien kanssa, joten se on k\u00e4yt\u00e4nn\u00f6llinen lis\u00e4 ker\u00e4ilij\u00f6ille, jotka etsiv\u00e4t edullisesti uudestisyntyneiden nukkejen asusteita tinkim\u00e4tt\u00e4 visuaalisesta vetovoimasta.<\/div>\n<h3>T\u00e4rkeimm\u00e4t ominaisuudet ja edut<\/h3>\n<ul>\n<li>Suunniteltu 43 cm \/ 18 tuuman uudestisyntyneille nukeille<\/li>\n<li>Pehme\u00e4 ja hengitt\u00e4v\u00e4 kangas luonnolliseen asentoon<\/li>\n<li>Helppo asettaa ja poistaa ilman kitkaa<\/li>\n<li>Sopii 18-tuumaiselle nukelle uudestisyntyneen vaatteita ja asusteita<\/li>\n<li>Edullinen vaihtoehto Reborn-nuken tarvikkeiden joukosta<\/li>\n<\/ul>\n<div>T\u00e4m\u00e4 huolellisesti valmistettu asuste lis\u00e4\u00e4 hienostuneen viimeistelyn mihin tahansa asuun, joten se on v\u00e4ltt\u00e4m\u00e4t\u00f6n valinta ker\u00e4ilij\u00f6ille, jotka etsiv\u00e4t korkealaatuisia barettihattuasusteita.<\/div>\n<\/div>\n<p style=\"text-align: center;\" align=\"center\"><img decoding=\"async\" src=\"https:\/\/www.mkreborns.com\/wp-content\/uploads\/2026\/03\/kf-S6afc882157754df2a7cdf6e03c49de1dD.webp\" alt=\"Vaaleanpunainen baskerihattu syd\u00e4nkoristeella, ihanteellinen 18-tuumaisen Reborn-nuken asusteille.\" title=\"\"> <img decoding=\"async\" src=\"https:\/\/www.mkreborns.com\/wp-content\/uploads\/2026\/03\/kf-S1e6e65c4b7ed47649fa13a93bda092d6j.webp\" alt=\"Barettihattu-lis\u00e4varuste 18-senttisille uudestisyntyneille nukeille, t\u00e4ydellinen lis\u00e4\u00e4m\u00e4\u00e4n vieh\u00e4tyst\u00e4 ja tyyli\u00e4.\" title=\"\"> <img decoding=\"async\" src=\"https:\/\/www.mkreborns.com\/wp-content\/uploads\/2026\/03\/kf-Sd73259d6bac34199ad5afcf29fe5670eG.webp\" alt=\"Vaaleanpunainen barettihattu-asuste 18-tuumaisille uudestisyntyneille nukeille, t\u00e4ydellinen tuomaan s\u00f6p\u00f6\u00e4 silausta nuken asuihin.\" title=\"\"><\/p>","protected":false},"excerpt":{"rendered":"<div>Pehme\u00e4 barettihattu, joka on suunniteltu t\u00e4ydent\u00e4m\u00e4\u00e4n 45-senttist\u00e4 uudestisyntynytt\u00e4 nukkea ja lis\u00e4\u00e4m\u00e4\u00e4n hienostunutta vieh\u00e4tyst\u00e4 ja luonnetta mihin tahansa nuken tyyliin.<\/div>","protected":false},"featured_media":4023,"comment_status":"open","ping_status":"closed","template":"","meta":[],"product_brand":[],"product_cat":[159,148],"product_tag":[],"class_list":{"0":"post-4022","1":"product","2":"type-product","3":"status-publish","4":"has-post-thumbnail","6":"product_cat-clothes-for-reborn-dolls","7":"product_cat-reborn-doll-accessories","9":"first","10":"instock","11":"sale","12":"shipping-taxable","13":"purchasable","14":"product-type-variable"},"_links":{"self":[{"href":"https:\/\/www.mkreborns.com\/fi\/wp-json\/wp\/v2\/product\/4022","targetHints":{"allow":["GET"]}}],"collection":[{"href":"https:\/\/www.mkreborns.com\/fi\/wp-json\/wp\/v2\/product"}],"about":[{"href":"https:\/\/www.mkreborns.com\/fi\/wp-json\/wp\/v2\/types\/product"}],"replies":[{"embeddable":true,"href":"https:\/\/www.mkreborns.com\/fi\/wp-json\/wp\/v2\/comments?post=4022"}],"wp:featuredmedia":[{"embeddable":true,"href":"https:\/\/www.mkreborns.com\/fi\/wp-json\/wp\/v2\/media\/4023"}],"wp:attachment":[{"href":"https:\/\/www.mkreborns.com\/fi\/wp-json\/wp\/v2\/media?parent=4022"}],"wp:term":[{"taxonomy":"product_brand","embeddable":true,"href":"https:\/\/www.mkreborns.com\/fi\/wp-json\/wp\/v2\/product_brand?post=4022"},{"taxonomy":"product_cat","embeddable":true,"href":"https:\/\/www.mkreborns.com\/fi\/wp-json\/wp\/v2\/product_cat?post=4022"},{"taxonomy":"product_tag","embeddable":true,"href":"https:\/\/www.mkreborns.com\/fi\/wp-json\/wp\/v2\/product_tag?post=4022"}],"curies":[{"name":"wp","href":"https:\/\/api.w.org\/{rel}","templated":true}]}}