{"id":4000,"date":"2026-03-18T14:46:48","date_gmt":"2026-03-18T14:46:48","guid":{"rendered":"https:\/\/www.mkreborns.com\/?post_type=product&#038;p=4000"},"modified":"2026-03-19T15:52:09","modified_gmt":"2026-03-19T15:52:09","slug":"american-girl-doll-clothes-fit-18-inch-reborns-set","status":"publish","type":"product","link":"https:\/\/www.mkreborns.com\/fi\/product\/american-girl-doll-clothes-fit-18-inch-reborns-set\/","title":{"rendered":"Amerikkalainen tytt\u00f6 -nukkejen vaatteet sopivat 18 tuuman Reborn-nukeille \u2013 setti"},"content":{"rendered":"<div class=\"product-specs-list-container\">\n<h2>Amerikkalainen tytt\u00f6 -nukkejen vaatteet sopivat Reborn-nukeille<\/h2>\n<div>Amerikkalaisten tytt\u00f6nukkien vaatteet sopivat uudestisyntyneille huomattavan tarkasti, varmistaen yhteensopivuuden 18-tuumaisten nukkien kanssa, jotka noudattavat realistisia mittasuhteita. N\u00e4m\u00e4 asut on suunniteltu sopimaan yhteen uuden tyylin uudestisyntyneiden kangasnukkien vartaloiden kanssa, ja niiden tasapainoinen siluetti korostaa aitoutta. Olipa kyseess\u00e4 sitten esillepano tai hell\u00e4varainen k\u00e4sittely, jokainen vaatekappale heijastaa harkittua k\u00e4sity\u00f6taitoa.<\/div>\n<h3>R\u00e4\u00e4t\u00e4l\u00f6ity suunnittelu ja materiaalien eheys<\/h3>\n<div>N\u00e4m\u00e4 k\u00e4sintehdyt, pehme\u00e4st\u00e4 mutta kest\u00e4v\u00e4st\u00e4 kankaasta valmistetut uudelleensyntyneiden nukkejen vaatesetit s\u00e4ilytt\u00e4v\u00e4t rakenteensa j\u00e4ykkyytt\u00e4 v\u00e4ltt\u00e4en. Tikkaukset seuraavat anatomisia muotoja, jolloin vaate istuu luonnollisesti nuken rungolla. T\u00e4m\u00e4 varmistaa sek\u00e4 visuaalisen tarkkuuden ett\u00e4 pitk\u00e4aikaisen k\u00e4ytett\u00e4vyyden.<\/div>\n<h3>T\u00e4rkeimm\u00e4t ominaisuudet ja edut<\/h3>\n<ul>\n<li>Suunniteltu sopimaan tarkasti 43 cm \/ 18 tuuman Reborn-sukkahousuille<\/li>\n<li>Sopii sek\u00e4 poikavauvan uudestisyntyneen nuken vaatteille ett\u00e4 neutraaleille tyyleille<\/li>\n<li>Vahvistetut saumat pidemp\u00e4\u00e4 kest\u00e4vyytt\u00e4 varten<\/li>\n<li>Kevyt tekstiili mukavaan k\u00e4sittelyyn<\/li>\n<li>Yhteensopiva uusien tyylien kanssa, joissa on uudestisyntyneet kangasnukkevartalot<\/li>\n<\/ul>\n<div>Rakenteen ja pehmeyden tasapainoinen kokonaisuus lis\u00e4\u00e4 syvyytt\u00e4 ja realismia mihin tahansa kokoelmaan, tehden siit\u00e4 luotettavan valinnan ker\u00e4ilij\u00f6ille, jotka etsiv\u00e4t uudelleensyntyneit\u00e4 Amerikkalainen tytt\u00f6 -nukkevaatteita.<\/div>\n<div><\/div>\n<\/div>\n<div class=\"detailmodule_html\">\n<div class=\"detail-desc-decorate-richtext\">\n<p style=\"text-align: center; margin: 0px;\" align=\"center\"><img decoding=\"async\" src=\"https:\/\/www.mkreborns.com\/wp-content\/uploads\/2026\/03\/kf-Sbb815d83d55a42c6b75a953932f9eec9r.webp\" alt=\"\" title=\"\"><img decoding=\"async\" src=\"https:\/\/www.mkreborns.com\/wp-content\/uploads\/2026\/03\/kf-Sc2b352c412684bd7acc6bb9bcdf0c927X.webp\" alt=\"\" title=\"\"><img decoding=\"async\" src=\"https:\/\/www.mkreborns.com\/wp-content\/uploads\/2026\/03\/kf-S359e5961003a4ef683ca7929699e081fB.webp\" alt=\"\" title=\"\"><img decoding=\"async\" src=\"https:\/\/www.mkreborns.com\/wp-content\/uploads\/2026\/03\/kf-Scc518a1bba6e434daac8f2dece7ee61fs.webp\" alt=\"\" title=\"\"><img decoding=\"async\" src=\"https:\/\/www.mkreborns.com\/wp-content\/uploads\/2026\/03\/kf-S5c9fd673d94b407495c1b13241048299B.webp\" alt=\"\" title=\"\"><img decoding=\"async\" src=\"https:\/\/www.mkreborns.com\/wp-content\/uploads\/2026\/03\/kf-S4b118a05358c496d84bb2426874d92c8u.webp\" alt=\"\" title=\"\"><img decoding=\"async\" src=\"https:\/\/www.mkreborns.com\/wp-content\/uploads\/2026\/03\/kf-S41958fdfe8b14b4481003fedf9275197D.webp\" alt=\"\" title=\"\"><img decoding=\"async\" src=\"https:\/\/www.mkreborns.com\/wp-content\/uploads\/2026\/03\/kf-Sb7de3410d1f5466194271c86cc3b11047.webp\" alt=\"\" title=\"\"><img decoding=\"async\" src=\"https:\/\/www.mkreborns.com\/wp-content\/uploads\/2026\/03\/kf-Sf2d8e29dcfbb4426a9b5e0f048bc41bbl.webp\" alt=\"\" title=\"\"><img decoding=\"async\" src=\"https:\/\/www.mkreborns.com\/wp-content\/uploads\/2026\/03\/kf-S87f2002a343949f78d65c595eb6297c7W.webp\" alt=\"\" title=\"\"><img decoding=\"async\" src=\"https:\/\/www.mkreborns.com\/wp-content\/uploads\/2026\/03\/kf-Se889b72926b445a58aea59fc7b6b49b5L.webp\" alt=\"\" title=\"\"><\/p>\n<\/div>\n<\/div>","protected":false},"excerpt":{"rendered":"<div>Huolellisesti r\u00e4\u00e4t\u00e4l\u00f6idyt asut on suunniteltu sopimaan 46-senttisille uudestisyntyneille. Ne yhdist\u00e4v\u00e4t klassisen tyylin pehmeisiin materiaaleihin hienostuneen ja aidontuntuisen ulkon\u00e4\u00f6n saavuttamiseksi.<\/div>","protected":false},"featured_media":4001,"comment_status":"open","ping_status":"closed","template":"","meta":[],"product_brand":[],"product_cat":[159,148],"product_tag":[],"class_list":{"0":"post-4000","1":"product","2":"type-product","3":"status-publish","4":"has-post-thumbnail","6":"product_cat-clothes-for-reborn-dolls","7":"product_cat-reborn-doll-accessories","9":"first","10":"instock","11":"sale","12":"shipping-taxable","13":"purchasable","14":"product-type-variable","15":"has-default-attributes"},"_links":{"self":[{"href":"https:\/\/www.mkreborns.com\/fi\/wp-json\/wp\/v2\/product\/4000","targetHints":{"allow":["GET"]}}],"collection":[{"href":"https:\/\/www.mkreborns.com\/fi\/wp-json\/wp\/v2\/product"}],"about":[{"href":"https:\/\/www.mkreborns.com\/fi\/wp-json\/wp\/v2\/types\/product"}],"replies":[{"embeddable":true,"href":"https:\/\/www.mkreborns.com\/fi\/wp-json\/wp\/v2\/comments?post=4000"}],"wp:featuredmedia":[{"embeddable":true,"href":"https:\/\/www.mkreborns.com\/fi\/wp-json\/wp\/v2\/media\/4001"}],"wp:attachment":[{"href":"https:\/\/www.mkreborns.com\/fi\/wp-json\/wp\/v2\/media?parent=4000"}],"wp:term":[{"taxonomy":"product_brand","embeddable":true,"href":"https:\/\/www.mkreborns.com\/fi\/wp-json\/wp\/v2\/product_brand?post=4000"},{"taxonomy":"product_cat","embeddable":true,"href":"https:\/\/www.mkreborns.com\/fi\/wp-json\/wp\/v2\/product_cat?post=4000"},{"taxonomy":"product_tag","embeddable":true,"href":"https:\/\/www.mkreborns.com\/fi\/wp-json\/wp\/v2\/product_tag?post=4000"}],"curies":[{"name":"wp","href":"https:\/\/api.w.org\/{rel}","templated":true}]}}